{"id":57485,"date":"2020-01-07T14:46:07","date_gmt":"2020-02-07T12:19:24","guid":{"rendered":"https:\/\/www.my-netti.com\/netti-5-seating-steps-guide\/"},"modified":"2020-08-27T13:23:43","modified_gmt":"2020-08-27T11:23:43","slug":"netti-5-seating-steps-mal","status":"publish","type":"page","link":"https:\/\/www.my-netti.com\/no\/netti-5-seating-steps-mal\/","title":{"rendered":"Netti 5 Seating Steps mal"},"content":{"rendered":"","protected":false},"excerpt":{"rendered":"","protected":false},"author":4,"featured_media":102,"parent":0,"menu_order":7,"comment_status":"closed","ping_status":"closed","template":"views\/template-modules.blade.php","meta":{"_seopress_robots_primary_cat":"","_seopress_titles_title":"","_seopress_titles_desc":"","_seopress_robots_index":"","_relevanssi_hide_post":"","_relevanssi_hide_content":"","_relevanssi_pin_for_all":"","_relevanssi_pin_keywords":"","_relevanssi_unpin_keywords":"","_relevanssi_related_keywords":"","_relevanssi_related_include_ids":"","_relevanssi_related_exclude_ids":"","_relevanssi_related_no_append":"","_relevanssi_related_not_related":"","_relevanssi_related_posts":"","_relevanssi_noindex_reason":"","footnotes":""},"class_list":["post-57485","page","type-page","status-publish","has-post-thumbnail","hentry"],"app_templates_compare_top_banner_title":"","app_templates_compare_top_banner_body":"","app_templates_compare_top_banner_image":"","app_templates_compare_top_banner_color":"white","app_templates_compare_top_banner_overlay":true,"app_templates_compare_top_banner_hide":false,"app_templates_cookie_policy_top_banner_title":"","app_templates_cookie_policy_top_banner_body":"","app_templates_cookie_policy_top_banner_image":"","app_templates_cookie_policy_top_banner_color":"white","app_templates_cookie_policy_top_banner_overlay":true,"app_templates_cookie_policy_top_banner_hide":false,"app_templates_home_page_home_banner_slides":[],"app_templates_home_page_home_banner_html":"","app_templates_home_page_link_boxes_boxes":[],"app_templates_home_page_link_boxes_cta_box_show_cta":true,"app_templates_home_page_link_boxes_cta_box_title":"","app_templates_home_page_link_boxes_cta_box_body":"","app_templates_home_page_link_boxes_cta_box_icon":"","app_templates_home_page_link_boxes_cta_box_link":{"value":"","url":"","anchor":"","blank":0},"app_templates_home_page_link_boxes_cta_box_html":"","app_templates_home_page_media_text_box_image":"","app_templates_home_page_media_text_box_full_width":false,"app_templates_home_page_media_text_box_pretitle":"","app_templates_home_page_media_text_box_title":"","app_templates_home_page_media_text_box_body":"","app_templates_home_page_media_text_box_link":{"value":"","url":"","anchor":"","blank":0},"app_templates_home_page_media_text_box_hide":false,"app_templates_home_page_article_slider_title":"Relaterte artikler","app_templates_home_page_article_slider_show_latest":false,"app_templates_home_page_article_slider_articles":[],"app_templates_home_page_product_slider_title":"Relaterte produkter","app_templates_home_page_product_slider_product_kind":"wheelchairs","app_templates_home_page_product_slider_wheelchairs":[],"app_templates_home_page_product_slider_spare_parts":[],"app_templates_home_page_product_slider_all":[],"app_templates_home_page_product_slider_hide_info":false,"app_templates_modules_top_banner_title":" ","app_templates_modules_top_banner_body":"","app_templates_modules_top_banner_image":"31798","app_templates_modules_top_banner_color":"white","app_templates_modules_top_banner_overlay":false,"app_templates_modules_top_banner_hide":false,"app_templates_modules_modules_modules":[{"_type":"media_text","title":"Netti 5 Seating Steps mal","body":"For \u00e5 bidra til \u00e5 transformere kunnskapen fra The Netti Campus til praksis, har vi utviklet Netti 5 Seating Steps. Dette verkt\u00f8yet veileder deg gjennom prosessen og \u00f8ker kvaliteten p\u00e5 sitteplasser. Last ned skjemaet og bruk det i ditt daglige arbeid.","image":"43613","image_link":{"value":"","url":"\/app\/uploads\/2021\/05\/5-Seating-steps-guide_editable2.pdf","anchor":"","blank":"0"},"link":{"value":"","url":"\/app\/uploads\/2021\/05\/5-Seating-steps-guide_editable2.pdf","anchor":"Download Netti 5 Seating Steps mal","blank":"0"},"circle":false,"direction":"flex-row"},{"_type":"content","title":"","content":"<h4>Trinnene for \u00e5 skape en optimal sittel\u00f8sning er<\/h4>\r\n<ol>\r\n \t<li>Avklare forventninger og utfordringer<\/li>\r\n \t<li>Observer og vurder brukerens situasjon<\/li>\r\n \t<li>Definere sittestrategi og sette SMART-m\u00e5l<\/li>\r\n \t<li>Lag sittel\u00f8sning<\/li>\r\n \t<li>Evaluere<\/li>\r\n<\/ol>","text_align":"text-left","columns":1}],"app_templates_modules_product_items_product":[],"_links":{"self":[{"href":"https:\/\/www.my-netti.com\/no\/wp-json\/wp\/v2\/pages\/57485","targetHints":{"allow":["GET"]}}],"collection":[{"href":"https:\/\/www.my-netti.com\/no\/wp-json\/wp\/v2\/pages"}],"about":[{"href":"https:\/\/www.my-netti.com\/no\/wp-json\/wp\/v2\/types\/page"}],"author":[{"embeddable":true,"href":"https:\/\/www.my-netti.com\/no\/wp-json\/wp\/v2\/users\/4"}],"replies":[{"embeddable":true,"href":"https:\/\/www.my-netti.com\/no\/wp-json\/wp\/v2\/comments?post=57485"}],"version-history":[{"count":3,"href":"https:\/\/www.my-netti.com\/no\/wp-json\/wp\/v2\/pages\/57485\/revisions"}],"predecessor-version":[{"id":57541,"href":"https:\/\/www.my-netti.com\/no\/wp-json\/wp\/v2\/pages\/57485\/revisions\/57541"}],"wp:featuredmedia":[{"embeddable":true,"href":"https:\/\/www.my-netti.com\/no\/wp-json\/wp\/v2\/media\/102"}],"wp:attachment":[{"href":"https:\/\/www.my-netti.com\/no\/wp-json\/wp\/v2\/media?parent=57485"}],"curies":[{"name":"wp","href":"https:\/\/api.w.org\/{rel}","templated":true}]}}