{"id":57482,"date":"2020-05-29T15:32:24","date_gmt":"2020-05-29T13:32:24","guid":{"rendered":"https:\/\/www.my-netti.com\/what-is-netti-5-seating-steps\/"},"modified":"2020-10-22T11:34:44","modified_gmt":"2020-10-22T09:34:44","slug":"what-is-netti-5-seating-steps","status":"publish","type":"page","link":"https:\/\/www.my-netti.com\/no\/what-is-netti-5-seating-steps\/","title":{"rendered":"Hva er Netti 5 Seating Steps?"},"content":{"rendered":"","protected":false},"excerpt":{"rendered":"","protected":false},"author":4,"featured_media":0,"parent":0,"menu_order":5,"comment_status":"closed","ping_status":"closed","template":"views\/template-modules.blade.php","meta":{"_seopress_robots_primary_cat":"","_seopress_titles_title":"","_seopress_titles_desc":"","_seopress_robots_index":"","_relevanssi_hide_post":"","_relevanssi_hide_content":"","_relevanssi_pin_for_all":"","_relevanssi_pin_keywords":"","_relevanssi_unpin_keywords":"","_relevanssi_related_keywords":"","_relevanssi_related_include_ids":"","_relevanssi_related_exclude_ids":"","_relevanssi_related_no_append":"","_relevanssi_related_not_related":"","_relevanssi_related_posts":"","_relevanssi_noindex_reason":"","footnotes":""},"class_list":["post-57482","page","type-page","status-publish","hentry"],"app_templates_compare_top_banner_title":"","app_templates_compare_top_banner_body":"","app_templates_compare_top_banner_image":"","app_templates_compare_top_banner_color":"white","app_templates_compare_top_banner_overlay":true,"app_templates_compare_top_banner_hide":false,"app_templates_cookie_policy_top_banner_title":"","app_templates_cookie_policy_top_banner_body":"","app_templates_cookie_policy_top_banner_image":"","app_templates_cookie_policy_top_banner_color":"white","app_templates_cookie_policy_top_banner_overlay":true,"app_templates_cookie_policy_top_banner_hide":false,"app_templates_home_page_home_banner_slides":[],"app_templates_home_page_home_banner_html":"","app_templates_home_page_link_boxes_boxes":[],"app_templates_home_page_link_boxes_cta_box_show_cta":true,"app_templates_home_page_link_boxes_cta_box_title":"","app_templates_home_page_link_boxes_cta_box_body":"","app_templates_home_page_link_boxes_cta_box_icon":"","app_templates_home_page_link_boxes_cta_box_link":{"value":"","url":"","anchor":"","blank":0},"app_templates_home_page_link_boxes_cta_box_html":"","app_templates_home_page_media_text_box_image":"","app_templates_home_page_media_text_box_full_width":false,"app_templates_home_page_media_text_box_pretitle":"","app_templates_home_page_media_text_box_title":"","app_templates_home_page_media_text_box_body":"","app_templates_home_page_media_text_box_link":{"value":"","url":"","anchor":"","blank":0},"app_templates_home_page_media_text_box_hide":false,"app_templates_home_page_article_slider_title":"Relaterte artikler","app_templates_home_page_article_slider_show_latest":false,"app_templates_home_page_article_slider_articles":[],"app_templates_home_page_product_slider_title":"Relaterte produkter","app_templates_home_page_product_slider_product_kind":"wheelchairs","app_templates_home_page_product_slider_wheelchairs":[],"app_templates_home_page_product_slider_spare_parts":[],"app_templates_home_page_product_slider_all":[],"app_templates_home_page_product_slider_hide_info":false,"app_templates_modules_top_banner_title":" ","app_templates_modules_top_banner_body":"","app_templates_modules_top_banner_image":"31777","app_templates_modules_top_banner_color":"darkest","app_templates_modules_top_banner_overlay":false,"app_templates_modules_top_banner_hide":false,"app_templates_modules_modules_modules":[{"_type":"content","title":"Hva er Netti 5 Seating Steps?","content":"Netti 5 Seating Steps er et verkt\u00f8y som hjelper deg med \u00e5 lage en optimal sittel\u00f8sning. Det vil hjelpe deg med \u00e5 transformere kunnskapen fra Netti Campus til praksis.","text_align":"text-center","columns":1},{"_type":"media_text","title":"Netti 5 Seating Steps","body":"Trinnene for \u00e5 skape en optimal sittel\u00f8sning er\r\n<ol>\r\n \t<li>Avklare forventninger og utfordringer<\/li>\r\n \t<li>Observer og vurder brukerens situasjon<\/li>\r\n \t<li>Definere sittestrategi og sette SMART-m\u00e5l<\/li>\r\n \t<li>Lag sittel\u00f8sning<\/li>\r\n \t<li>Evaluere<\/li>\r\n<\/ol>","image":"43613","image_link":{"value":"","url":"","anchor":"","blank":"0"},"link":{"value":"","url":"\/app\/uploads\/2021\/05\/5-Seating-steps-guide_editable2.pdf","anchor":"Netti 5 Seating Steps Form","blank":"0"},"circle":false,"direction":"flex-row"},{"_type":"media_text","title":"Avklare forventninger og utfordringer","body":"Beskriv brukerens \/ pleierens forventninger og utfordringer til:\r\n<ul>\r\n \t<li>Hvile<\/li>\r\n \t<li>Finmotorisk bevegelse<\/li>\r\n \t<li>Grovmotorisk<\/li>\r\n \t<li>Hudbehandling<\/li>\r\n<\/ul>","image":"43629","image_link":{"value":"","url":"","anchor":"","blank":"0"},"link":{"value":"","url":"","anchor":"","blank":"0"},"circle":false,"direction":"flex-row"},{"_type":"media_text","title":"Observer og vurder brukerens situasjon","body":"<ul>\r\n \t<li>Beskriv gjeldende sittel\u00f8sning og posisjon<\/li>\r\n \t<li>Beskriv kvaliteten p\u00e5 fin- og grovmotorfunksjoner<\/li>\r\n \t<li>Ta m\u00e5linger<\/li>\r\n \t<li>Beskriv kvaliteten p\u00e5 huden og milj\u00f8et<\/li>\r\n \t<li>Vurdere mobilitet og stabilitet<\/li>\r\n<\/ul>","image":"43660","image_link":{"value":"","url":"","anchor":"","blank":"0"},"link":{"value":"","url":"","anchor":"","blank":"0"},"circle":false,"direction":"flex-row"},{"_type":"media_text","title":"Definere sittestrategi og sette SMART-m\u00e5l","body":"Beskriv brukerens stillingskrav til:\r\n<ul>\r\n \t<li>Hvile<\/li>\r\n \t<li>Finmotorisk bevegelse<\/li>\r\n \t<li>Grov motorbevegelse<\/li>\r\n \t<li>Hudbehandling<\/li>\r\n<\/ul>\r\nOg sett m\u00e5l som er\r\n<ul>\r\n \t<li>Spesifikk<\/li>\r\n \t<li>M\u00e5lbar<\/li>\r\n \t<li>Akseptert<\/li>\r\n \t<li>Realistisk<\/li>\r\n \t<li>Tidsbundet<\/li>\r\n<\/ul>","image":"43653","image_link":{"value":"","url":"","anchor":"","blank":"0"},"link":{"value":"","url":"","anchor":"","blank":"0"},"circle":false,"direction":"flex-row"},{"_type":"media_text","title":"Lag sittel\u00f8sning","body":"<ul>\r\n \t<li>Hvordan n\u00e5 m\u00e5lene<\/li>\r\n \t<li>Hvilken rullestol du skal velge<\/li>\r\n \t<li>Hvilket tilbeh\u00f8r du skal bruke<\/li>\r\n<\/ul>","image":"43646","image_link":{"value":"","url":"","anchor":"","blank":"0"},"link":{"value":"","url":"","anchor":"","blank":"0"},"circle":false,"direction":"flex-row"},{"_type":"media_text","title":"Evaluere","body":"<ul>\r\n \t<li>Er forventningene og m\u00e5lene n\u00e5dd? Se p\u00e5 trinn 1 og 3<\/li>\r\n \t<li>Videre plan<\/li>\r\n<\/ul>","image":"43639","image_link":{"value":"","url":"","anchor":"","blank":"0"},"link":{"value":"","url":"","anchor":"","blank":"0"},"circle":false,"direction":"flex-row"}],"app_templates_modules_product_items_product":[],"_links":{"self":[{"href":"https:\/\/www.my-netti.com\/no\/wp-json\/wp\/v2\/pages\/57482","targetHints":{"allow":["GET"]}}],"collection":[{"href":"https:\/\/www.my-netti.com\/no\/wp-json\/wp\/v2\/pages"}],"about":[{"href":"https:\/\/www.my-netti.com\/no\/wp-json\/wp\/v2\/types\/page"}],"author":[{"embeddable":true,"href":"https:\/\/www.my-netti.com\/no\/wp-json\/wp\/v2\/users\/4"}],"replies":[{"embeddable":true,"href":"https:\/\/www.my-netti.com\/no\/wp-json\/wp\/v2\/comments?post=57482"}],"version-history":[{"count":4,"href":"https:\/\/www.my-netti.com\/no\/wp-json\/wp\/v2\/pages\/57482\/revisions"}],"predecessor-version":[{"id":61256,"href":"https:\/\/www.my-netti.com\/no\/wp-json\/wp\/v2\/pages\/57482\/revisions\/61256"}],"wp:attachment":[{"href":"https:\/\/www.my-netti.com\/no\/wp-json\/wp\/v2\/media?parent=57482"}],"curies":[{"name":"wp","href":"https:\/\/api.w.org\/{rel}","templated":true}]}}