{"id":55897,"date":"2020-02-06T09:37:18","date_gmt":"2020-02-06T08:37:18","guid":{"rendered":"https:\/\/www.my-netti.com\/netti-campus-seminars\/"},"modified":"2020-07-08T11:04:23","modified_gmt":"2020-07-08T09:04:23","slug":"netti-campus-seminarer","status":"publish","type":"page","link":"https:\/\/www.my-netti.com\/no\/netti-campus-seminarer\/","title":{"rendered":"Netti Campus seminarer"},"content":{"rendered":"","protected":false},"excerpt":{"rendered":"","protected":false},"author":4,"featured_media":0,"parent":0,"menu_order":9,"comment_status":"closed","ping_status":"closed","template":"views\/template-modules.blade.php","meta":{"_seopress_robots_primary_cat":"","_seopress_titles_title":"","_seopress_titles_desc":"","_seopress_robots_index":"","_relevanssi_hide_post":"","_relevanssi_hide_content":"","_relevanssi_pin_for_all":"","_relevanssi_pin_keywords":"","_relevanssi_unpin_keywords":"","_relevanssi_related_keywords":"","_relevanssi_related_include_ids":"","_relevanssi_related_exclude_ids":"","_relevanssi_related_no_append":"","_relevanssi_related_not_related":"","_relevanssi_related_posts":"","_relevanssi_noindex_reason":"","footnotes":""},"class_list":["post-55897","page","type-page","status-publish","hentry"],"app_templates_compare_top_banner_title":"","app_templates_compare_top_banner_body":"","app_templates_compare_top_banner_image":"","app_templates_compare_top_banner_color":"white","app_templates_compare_top_banner_overlay":true,"app_templates_compare_top_banner_hide":false,"app_templates_cookie_policy_top_banner_title":"","app_templates_cookie_policy_top_banner_body":"","app_templates_cookie_policy_top_banner_image":"","app_templates_cookie_policy_top_banner_color":"white","app_templates_cookie_policy_top_banner_overlay":true,"app_templates_cookie_policy_top_banner_hide":false,"app_templates_home_page_home_banner_slides":[],"app_templates_home_page_home_banner_html":"","app_templates_home_page_link_boxes_boxes":[],"app_templates_home_page_link_boxes_cta_box_show_cta":true,"app_templates_home_page_link_boxes_cta_box_title":"","app_templates_home_page_link_boxes_cta_box_body":"","app_templates_home_page_link_boxes_cta_box_icon":"","app_templates_home_page_link_boxes_cta_box_link":{"value":"","url":"","anchor":"","blank":0},"app_templates_home_page_link_boxes_cta_box_html":"","app_templates_home_page_media_text_box_image":"","app_templates_home_page_media_text_box_full_width":false,"app_templates_home_page_media_text_box_pretitle":"","app_templates_home_page_media_text_box_title":"","app_templates_home_page_media_text_box_body":"","app_templates_home_page_media_text_box_link":{"value":"","url":"","anchor":"","blank":0},"app_templates_home_page_media_text_box_hide":false,"app_templates_home_page_article_slider_title":"Relaterte artikler","app_templates_home_page_article_slider_show_latest":false,"app_templates_home_page_article_slider_articles":[],"app_templates_home_page_product_slider_title":"Relaterte produkter","app_templates_home_page_product_slider_product_kind":"wheelchairs","app_templates_home_page_product_slider_wheelchairs":[],"app_templates_home_page_product_slider_spare_parts":[],"app_templates_home_page_product_slider_all":[],"app_templates_home_page_product_slider_hide_info":false,"app_templates_modules_top_banner_title":"  ","app_templates_modules_top_banner_body":"","app_templates_modules_top_banner_image":"4335","app_templates_modules_top_banner_color":"white","app_templates_modules_top_banner_overlay":false,"app_templates_modules_top_banner_hide":false,"app_templates_modules_modules_modules":[{"_type":"content","title":"P\u00e5 Netti Campus deler vi kunnskapen v\u00e5r","content":"","text_align":"text-center","columns":1},{"_type":"content","title":"","content":"Vi tilbyr et bredt spekter av seminarer med fokus p\u00e5 kunnskap om optimale sittestilling , l\u00f8sninger og andre temaer rundt rullestolen. Seminarene kan v\u00e6re interne seminarer p\u00e5 foresp\u00f8rsel, eller du kan delta p\u00e5 et av de \u00e5pne seminarene vi tilbyr hele \u00e5ret.\r\n<h6>Eksempler p\u00e5 seminarer:<\/h6>\r\n<ul>\r\n \t<li>Hvordan optimalisere sittestillingen i rullestolen<\/li>\r\n \t<li>Kunnskap om spesifikke sykdommer eller utfordringer som f.eks. geriatriske brukere eller Spastiske brukere<\/li>\r\n \t<li>Netti produktoppl\u00e6ring med konfigurasjonseksempler for forskjellige brukergrupper<\/li>\r\n \t<li>Tekniske ferdigheter for teknisk personell<\/li>\r\n \t<li>Dypg\u00e5ende utdanning for terapeuter og saksbehandlere<\/li>\r\n<\/ul>","text_align":"text-left","columns":1},{"_type":"media_text","title":"","body":"","image":"","image_link":{"value":"","url":"","anchor":"","blank":"0"},"link":{"value":"","url":"\/no\/kontakt-oss\/","anchor":"Vennligst avtal oss for en dialog om dine spesifikke krav.","blank":"0"},"circle":false,"direction":"flex-row"}],"app_templates_modules_product_items_product":[],"_links":{"self":[{"href":"https:\/\/www.my-netti.com\/no\/wp-json\/wp\/v2\/pages\/55897","targetHints":{"allow":["GET"]}}],"collection":[{"href":"https:\/\/www.my-netti.com\/no\/wp-json\/wp\/v2\/pages"}],"about":[{"href":"https:\/\/www.my-netti.com\/no\/wp-json\/wp\/v2\/types\/page"}],"author":[{"embeddable":true,"href":"https:\/\/www.my-netti.com\/no\/wp-json\/wp\/v2\/users\/4"}],"replies":[{"embeddable":true,"href":"https:\/\/www.my-netti.com\/no\/wp-json\/wp\/v2\/comments?post=55897"}],"version-history":[{"count":4,"href":"https:\/\/www.my-netti.com\/no\/wp-json\/wp\/v2\/pages\/55897\/revisions"}],"predecessor-version":[{"id":55901,"href":"https:\/\/www.my-netti.com\/no\/wp-json\/wp\/v2\/pages\/55897\/revisions\/55901"}],"wp:attachment":[{"href":"https:\/\/www.my-netti.com\/no\/wp-json\/wp\/v2\/media?parent=55897"}],"curies":[{"name":"wp","href":"https:\/\/api.w.org\/{rel}","templated":true}]}}