{"id":55893,"date":"2020-01-30T19:17:30","date_gmt":"2020-01-30T18:17:30","guid":{"rendered":"https:\/\/www.my-netti.com\/about-netti-campus\/"},"modified":"2020-08-27T13:15:08","modified_gmt":"2020-08-27T11:15:08","slug":"netti-campus","status":"publish","type":"page","link":"https:\/\/www.my-netti.com\/no\/netti-campus\/","title":{"rendered":"Netti Campus"},"content":{"rendered":"","protected":false},"excerpt":{"rendered":"","protected":false},"author":4,"featured_media":0,"parent":0,"menu_order":8,"comment_status":"closed","ping_status":"closed","template":"views\/template-modules.blade.php","meta":{"_seopress_robots_primary_cat":"","_seopress_titles_title":"","_seopress_titles_desc":"We offer a wide range of seminars focusing on knowledge about optimum seating solutions and other topics around the wheelchair. The seminars can be inhouse seminars on demand or you can attend one of the open seminars we offer throughout the year.","_seopress_robots_index":"","_relevanssi_hide_post":"","_relevanssi_hide_content":"","_relevanssi_pin_for_all":"","_relevanssi_pin_keywords":"","_relevanssi_unpin_keywords":"","_relevanssi_related_keywords":"","_relevanssi_related_include_ids":"","_relevanssi_related_exclude_ids":"","_relevanssi_related_no_append":"","_relevanssi_related_not_related":"","_relevanssi_related_posts":"","_relevanssi_noindex_reason":"","footnotes":""},"class_list":["post-55893","page","type-page","status-publish","hentry"],"app_templates_compare_top_banner_title":"","app_templates_compare_top_banner_body":"","app_templates_compare_top_banner_image":"","app_templates_compare_top_banner_color":"white","app_templates_compare_top_banner_overlay":true,"app_templates_compare_top_banner_hide":false,"app_templates_cookie_policy_top_banner_title":"","app_templates_cookie_policy_top_banner_body":"","app_templates_cookie_policy_top_banner_image":"","app_templates_cookie_policy_top_banner_color":"white","app_templates_cookie_policy_top_banner_overlay":true,"app_templates_cookie_policy_top_banner_hide":false,"app_templates_home_page_home_banner_slides":[],"app_templates_home_page_home_banner_html":"","app_templates_home_page_link_boxes_boxes":[],"app_templates_home_page_link_boxes_cta_box_show_cta":true,"app_templates_home_page_link_boxes_cta_box_title":"","app_templates_home_page_link_boxes_cta_box_body":"","app_templates_home_page_link_boxes_cta_box_icon":"","app_templates_home_page_link_boxes_cta_box_link":{"value":"","url":"","anchor":"","blank":0},"app_templates_home_page_link_boxes_cta_box_html":"","app_templates_home_page_media_text_box_image":"","app_templates_home_page_media_text_box_full_width":false,"app_templates_home_page_media_text_box_pretitle":"","app_templates_home_page_media_text_box_title":"","app_templates_home_page_media_text_box_body":"","app_templates_home_page_media_text_box_link":{"value":"","url":"","anchor":"","blank":0},"app_templates_home_page_media_text_box_hide":false,"app_templates_home_page_article_slider_title":"Relaterte artikler","app_templates_home_page_article_slider_show_latest":false,"app_templates_home_page_article_slider_articles":[],"app_templates_home_page_product_slider_title":"Relaterte produkter","app_templates_home_page_product_slider_product_kind":"wheelchairs","app_templates_home_page_product_slider_wheelchairs":[],"app_templates_home_page_product_slider_spare_parts":[],"app_templates_home_page_product_slider_all":[],"app_templates_home_page_product_slider_hide_info":false,"app_templates_modules_top_banner_title":"  ","app_templates_modules_top_banner_body":"","app_templates_modules_top_banner_image":"2397","app_templates_modules_top_banner_color":"white","app_templates_modules_top_banner_overlay":false,"app_templates_modules_top_banner_hide":false,"app_templates_modules_modules_modules":[{"_type":"content","title":"P\u00e5 Netti Campus deler vi kunnskapen v\u00e5r","content":"Netti bruker \u00abbeste praksis\u00bb og forskningen og anbefalingen fra Verdens helseorganisasjon (WHO) for \u00e5 lage best mulig l\u00f8sninger. Vi er glade for \u00e5 dele denne kunnskapen med deg som en del av Netti Campus gjennom seminarer, webinarer og artikler. Vi har delt inn kunnskapen v\u00e5r i f\u00f8lgende hovedomr\u00e5der:","text_align":"text-center","columns":1},{"_type":"content","title":"","content":"<ul>\r\n \t<li><strong>Rammeverk:<\/strong> Forst\u00e5 anbuds- og \/ eller refusjonssystem, lover og forskrifter i markedet ditt<\/li>\r\n \t<li><strong>Rullestolbruker:<\/strong> L\u00e6r hvordan du vurderer brukerens kliniske bilde, symptomer og muligheter<\/li>\r\n \t<li><strong>Sittestilling:<\/strong> Forst\u00e5 biomekanikken og hvordan \u00e5 skape en optimal sittestilling<\/li>\r\n \t<li><strong>Produkter:<\/strong> L\u00e6r om produktene, funksjonene deres og hvordan du konfigurerer disse for \u00e5 skape den optimale sittel\u00f8sningen<\/li>\r\n<\/ul>\r\n<a href=\"https:\/\/www.my-netti.com\/no\/netti-campus-seminarer\/\"><img class=\"alignnone wp-image-44190 size-full\" src=\"\/app\/uploads\/2020\/06\/Netti-Campus-Seminars-CTA.jpg\" alt=\"\" width=\"767\" height=\"76\" \/><\/a>","text_align":"text-left","columns":1},{"_type":"content","title":" HVORFOR BRUKE NETTI-METODEN?","content":"Alle mennesker er unike. Derfor trenger du velbegrunnet kunnskap om alle faktorer som p\u00e5virker posisjonen til hver bruker og samtidig kunnskap om riktig vurderingsteknikk for \u00e5 kunne oppn\u00e5 en optimal sittel\u00f8sning.\r\n\r\nFor \u00e5 hjelpe deg har vi laget \"The Netti Method\" som er grunnlaget for alle seminarene v\u00e5re.","text_align":"text-left","columns":1},{"_type":"media_text","title":"For \u00e5 skape optimal sittestilling","body":"N\u00e5r vi lykkes med den beste sittel\u00f8sningen, vil du som forhandler levere produkter til forn\u00f8yde kunder. Du vil sannsynligvis kunne redusere kostnadene for slitasje p\u00e5 stolen og sikre en mer trygg, enkel og intuitiv bruk av stolen.","image":"1711","image_link":{"value":"","url":"","anchor":"","blank":"0"},"link":{"value":"","url":"","anchor":"","blank":"0"},"circle":false,"direction":"flex-row"},{"_type":"media_text","title":"For \u00e5 forbedre livskvaliteten","body":"M\u00e5let med \u00e5 skape en perfekt sittestillingen er \u00e5 forbedre brukerens livskvalitet n\u00e5r vi fokuserer p\u00e5 uavhengighet, sikkerhet, mobilitet og sosialt samspill. Riktig stol med riktig tilbeh\u00f8r kan gj\u00f8re det mulig for brukere \u00e5 sitte oppreist i en lengre periode.\r\n\r\nDette kan gj\u00f8re det mulig for brukeren \u00e5 v\u00e6re en del av dagliglivet og f.eks. bety at brukeren vil oppleve forbedrede vitale funksjoner som ford\u00f8yelse, spise og drikke evne og v\u00e6re i stand til \u00e5 kommunisere bedre.","image":"1849","image_link":{"value":"","url":"","anchor":"","blank":"0"},"link":{"value":"","url":"","anchor":"","blank":"0"},"circle":false,"direction":"flex-row"},{"_type":"media_text","title":"","body":"","image":"","image_link":{"value":"","url":"","anchor":"","blank":"0"},"link":{"value":"","url":"\/no\/the-netti-method\/","anchor":"L\u00e6r mere om The Netti Method","blank":"0"},"circle":false,"direction":"flex-row"}],"app_templates_modules_product_items_product":[],"_links":{"self":[{"href":"https:\/\/www.my-netti.com\/no\/wp-json\/wp\/v2\/pages\/55893","targetHints":{"allow":["GET"]}}],"collection":[{"href":"https:\/\/www.my-netti.com\/no\/wp-json\/wp\/v2\/pages"}],"about":[{"href":"https:\/\/www.my-netti.com\/no\/wp-json\/wp\/v2\/types\/page"}],"author":[{"embeddable":true,"href":"https:\/\/www.my-netti.com\/no\/wp-json\/wp\/v2\/users\/4"}],"replies":[{"embeddable":true,"href":"https:\/\/www.my-netti.com\/no\/wp-json\/wp\/v2\/comments?post=55893"}],"version-history":[{"count":5,"href":"https:\/\/www.my-netti.com\/no\/wp-json\/wp\/v2\/pages\/55893\/revisions"}],"predecessor-version":[{"id":57537,"href":"https:\/\/www.my-netti.com\/no\/wp-json\/wp\/v2\/pages\/55893\/revisions\/57537"}],"wp:attachment":[{"href":"https:\/\/www.my-netti.com\/no\/wp-json\/wp\/v2\/media?parent=55893"}],"curies":[{"name":"wp","href":"https:\/\/api.w.org\/{rel}","templated":true}]}}