{"id":55891,"date":"2020-01-17T08:31:43","date_gmt":"2020-01-17T07:31:43","guid":{"rendered":"https:\/\/www.my-netti.com\/the-netti-method\/"},"modified":"2020-08-27T13:14:13","modified_gmt":"2020-08-27T11:14:13","slug":"the-netti-method","status":"publish","type":"page","link":"https:\/\/www.my-netti.com\/no\/the-netti-method\/","title":{"rendered":"The Netti Method"},"content":{"rendered":"","protected":false},"excerpt":{"rendered":"","protected":false},"author":2,"featured_media":0,"parent":0,"menu_order":5,"comment_status":"closed","ping_status":"closed","template":"views\/template-modules.blade.php","meta":{"_seopress_robots_primary_cat":"","_seopress_titles_title":"","_seopress_titles_desc":"","_seopress_robots_index":"","_relevanssi_hide_post":"","_relevanssi_hide_content":"","_relevanssi_pin_for_all":"","_relevanssi_pin_keywords":"","_relevanssi_unpin_keywords":"","_relevanssi_related_keywords":"","_relevanssi_related_include_ids":"","_relevanssi_related_exclude_ids":"","_relevanssi_related_no_append":"","_relevanssi_related_not_related":"","_relevanssi_related_posts":"","_relevanssi_noindex_reason":"","footnotes":""},"class_list":["post-55891","page","type-page","status-publish","hentry"],"app_templates_compare_top_banner_title":"","app_templates_compare_top_banner_body":"","app_templates_compare_top_banner_image":"","app_templates_compare_top_banner_color":"white","app_templates_compare_top_banner_overlay":true,"app_templates_compare_top_banner_hide":false,"app_templates_cookie_policy_top_banner_title":"","app_templates_cookie_policy_top_banner_body":"","app_templates_cookie_policy_top_banner_image":"","app_templates_cookie_policy_top_banner_color":"white","app_templates_cookie_policy_top_banner_overlay":true,"app_templates_cookie_policy_top_banner_hide":false,"app_templates_home_page_home_banner_slides":[],"app_templates_home_page_home_banner_html":"","app_templates_home_page_link_boxes_boxes":[],"app_templates_home_page_link_boxes_cta_box_show_cta":true,"app_templates_home_page_link_boxes_cta_box_title":"","app_templates_home_page_link_boxes_cta_box_body":"","app_templates_home_page_link_boxes_cta_box_icon":"","app_templates_home_page_link_boxes_cta_box_link":{"value":"","url":"","anchor":"","blank":0},"app_templates_home_page_link_boxes_cta_box_html":"","app_templates_home_page_media_text_box_image":"","app_templates_home_page_media_text_box_full_width":false,"app_templates_home_page_media_text_box_pretitle":"","app_templates_home_page_media_text_box_title":"","app_templates_home_page_media_text_box_body":"","app_templates_home_page_media_text_box_link":{"value":"","url":"","anchor":"","blank":0},"app_templates_home_page_media_text_box_hide":false,"app_templates_home_page_article_slider_title":"Relaterte artikler","app_templates_home_page_article_slider_show_latest":false,"app_templates_home_page_article_slider_articles":[],"app_templates_home_page_product_slider_title":"Relaterte produkter","app_templates_home_page_product_slider_product_kind":"wheelchairs","app_templates_home_page_product_slider_wheelchairs":[],"app_templates_home_page_product_slider_spare_parts":[],"app_templates_home_page_product_slider_all":[],"app_templates_home_page_product_slider_hide_info":false,"app_templates_modules_top_banner_title":" ","app_templates_modules_top_banner_body":"","app_templates_modules_top_banner_image":"31777","app_templates_modules_top_banner_color":"darkest","app_templates_modules_top_banner_overlay":false,"app_templates_modules_top_banner_hide":false,"app_templates_modules_modules_modules":[{"_type":"content","title":" The Netti Method","content":"Netti-metoden beskriver hvordan vi i Netti tenker og handler n\u00e5r vi lager en sittel\u00f8sning for rullestolbrukeren. Ideen bak er at gjennom kunnskap og med de riktige verkt\u00f8yene, kan du lage en l\u00f8sning som gj\u00f8r det mulig for brukeren \u00e5 v\u00e6re aktiv og delta i det sosiale livet - for \u00e5 muliggj\u00f8re livsglede.\r\n\r\nMed The Netti Method kombinerer du kunnskapen fra Netti Campus med de utfordringsl\u00f8sende Netti 5 Seating Steps. P\u00e5 den m\u00e5ten har du grunnleggende kunnskaper og verkt\u00f8y for \u00e5 skape den optimale sittel\u00f8sningen.","text_align":"text-center","columns":1},{"_type":"image","image":"43580"},{"_type":"media_text","title":"Netti Campus","body":"P\u00e5 Netti Campus deler vi v\u00e5r kunnskap som seminarer, webinar og online ressurser. Vi har delt v\u00e5r kunnskap i f\u00f8lgende hovedomr\u00e5der:\r\n<ul>\r\n \t<li>Rammeverk<\/li>\r\n \t<li>Rullestolbruker<\/li>\r\n \t<li>Sittestilling<\/li>\r\n \t<li>Produkter<\/li>\r\n<\/ul>","image":"44383","image_link":{"value":"","url":"","anchor":"","blank":"0"},"link":{"value":"","url":"\/no\/netti-campus\/","anchor":"Netti Campus","blank":"0"},"circle":false,"direction":"flex-row"},{"_type":"media_text","title":"Netti 5 Seating Steps","body":"Trinnene for \u00e5 skape en optimal sittel\u00f8sning er\r\n<ul>\r\n \t<li>Avklare forventninger og utfordringer<\/li>\r\n \t<li>Observer og vurder brukerens situasjon<\/li>\r\n \t<li>Definere sittestrategi og sette SMART-m\u00e5l<\/li>\r\n \t<li>Lag sittel\u00f8sning<\/li>\r\n \t<li>Evaluere<\/li>\r\n<\/ul>","image":"43613","image_link":{"value":"","url":"","anchor":"","blank":"0"},"link":{"value":"","url":"\/app\/uploads\/2021\/05\/5-Seating-steps-guide_editable2.pdf","anchor":"Download Netti 5 Seating Steps mal","blank":"0"},"circle":false,"direction":"flex-row"}],"app_templates_modules_product_items_product":[],"_links":{"self":[{"href":"https:\/\/www.my-netti.com\/no\/wp-json\/wp\/v2\/pages\/55891","targetHints":{"allow":["GET"]}}],"collection":[{"href":"https:\/\/www.my-netti.com\/no\/wp-json\/wp\/v2\/pages"}],"about":[{"href":"https:\/\/www.my-netti.com\/no\/wp-json\/wp\/v2\/types\/page"}],"author":[{"embeddable":true,"href":"https:\/\/www.my-netti.com\/no\/wp-json\/wp\/v2\/users\/2"}],"replies":[{"embeddable":true,"href":"https:\/\/www.my-netti.com\/no\/wp-json\/wp\/v2\/comments?post=55891"}],"version-history":[{"count":4,"href":"https:\/\/www.my-netti.com\/no\/wp-json\/wp\/v2\/pages\/55891\/revisions"}],"predecessor-version":[{"id":57536,"href":"https:\/\/www.my-netti.com\/no\/wp-json\/wp\/v2\/pages\/55891\/revisions\/57536"}],"wp:attachment":[{"href":"https:\/\/www.my-netti.com\/no\/wp-json\/wp\/v2\/media?parent=55891"}],"curies":[{"name":"wp","href":"https:\/\/api.w.org\/{rel}","templated":true}]}}