{"id":54702,"date":"2020-01-17T08:35:35","date_gmt":"2020-01-17T07:35:35","guid":{"rendered":"https:\/\/www.my-netti.com\/employees\/"},"modified":"2020-06-18T14:13:40","modified_gmt":"2020-06-18T12:13:40","slug":"kontakt-oss","status":"publish","type":"page","link":"https:\/\/www.my-netti.com\/no\/kontakt-oss\/","title":{"rendered":"Kontakt oss"},"content":{"rendered":"","protected":false},"excerpt":{"rendered":"","protected":false},"author":2,"featured_media":0,"parent":0,"menu_order":23,"comment_status":"closed","ping_status":"closed","template":"views\/template-modules.blade.php","meta":{"_seopress_robots_primary_cat":"","_seopress_titles_title":"Find your local Netti dealer %%sep%% %%sitetitle%%","_seopress_titles_desc":"Find your local Netti Comfort Wheelchair dealer ","_seopress_robots_index":"","_relevanssi_hide_post":"","_relevanssi_hide_content":"","_relevanssi_pin_for_all":"","_relevanssi_pin_keywords":"","_relevanssi_unpin_keywords":"","_relevanssi_related_keywords":"","_relevanssi_related_include_ids":"","_relevanssi_related_exclude_ids":"","_relevanssi_related_no_append":"","_relevanssi_related_not_related":"","_relevanssi_related_posts":"","_relevanssi_noindex_reason":"","footnotes":""},"class_list":["post-54702","page","type-page","status-publish","hentry"],"app_templates_compare_top_banner_title":"","app_templates_compare_top_banner_body":"","app_templates_compare_top_banner_image":"","app_templates_compare_top_banner_color":"white","app_templates_compare_top_banner_overlay":true,"app_templates_compare_top_banner_hide":false,"app_templates_cookie_policy_top_banner_title":"","app_templates_cookie_policy_top_banner_body":"","app_templates_cookie_policy_top_banner_image":"","app_templates_cookie_policy_top_banner_color":"white","app_templates_cookie_policy_top_banner_overlay":true,"app_templates_cookie_policy_top_banner_hide":false,"app_templates_home_page_home_banner_slides":[],"app_templates_home_page_home_banner_html":"","app_templates_home_page_link_boxes_boxes":[],"app_templates_home_page_link_boxes_cta_box_show_cta":true,"app_templates_home_page_link_boxes_cta_box_title":"","app_templates_home_page_link_boxes_cta_box_body":"","app_templates_home_page_link_boxes_cta_box_icon":"","app_templates_home_page_link_boxes_cta_box_link":{"value":"","url":"","anchor":"","blank":0},"app_templates_home_page_link_boxes_cta_box_html":"","app_templates_home_page_media_text_box_image":"","app_templates_home_page_media_text_box_full_width":false,"app_templates_home_page_media_text_box_pretitle":"","app_templates_home_page_media_text_box_title":"","app_templates_home_page_media_text_box_body":"","app_templates_home_page_media_text_box_link":{"value":"","url":"","anchor":"","blank":0},"app_templates_home_page_media_text_box_hide":false,"app_templates_home_page_article_slider_title":"Relaterte artikler","app_templates_home_page_article_slider_show_latest":false,"app_templates_home_page_article_slider_articles":[],"app_templates_home_page_product_slider_title":"Relaterte produkter","app_templates_home_page_product_slider_product_kind":"wheelchairs","app_templates_home_page_product_slider_wheelchairs":[],"app_templates_home_page_product_slider_spare_parts":[],"app_templates_home_page_product_slider_all":[],"app_templates_home_page_product_slider_hide_info":false,"app_templates_modules_top_banner_title":" ","app_templates_modules_top_banner_body":"","app_templates_modules_top_banner_image":"2202","app_templates_modules_top_banner_color":"white","app_templates_modules_top_banner_overlay":false,"app_templates_modules_top_banner_hide":false,"app_templates_modules_modules_modules":[{"_type":"content","title":"Vi er her for \u00e5 hjelpe deg!","content":"Netti vil gjerne st\u00f8tte deg i hele prosessen - fra f\u00f8rste kontakt til evaluering av den tilbudte l\u00f8sningen basert p\u00e5 Netti-metoden. Vi er representert med eget salgspersonell i Danmark, Sverige, Frankrike, Tyskland, \u00d8sterrike og Sveits, samt av import\u00f8rer i mer enn 30 land.","text_align":"text-center","columns":1},{"_type":"content","title":"","content":"<!-- Image Map Generated by http:\/\/www.image-map.net\/ -->\r\n<img src=\"https:\/\/www.my-netti.com\/app\/uploads\/2020\/02\/Word-map.png\" usemap=\"#image-map\" \/>\r\n\r\n<map name=\"image-map\"> <area title=\"Norway\" alt=\"Norway\" coords=\"1,1,267,3,230,46,255,99,284,132,293,172,223,225,176,219,123,199,1,195\" shape=\"poly\" href=\"https:\/\/www.my-netti.com\/employees\/contact-netti-in-norway\/\" target=\"_parent\" \/> <area title=\"Norway\" alt=\"Norway\" coords=\"250,195,596,461\" shape=\"rect\" href=\"https:\/\/www.my-netti.com\/employees\/contact-netti-in-norway\/\" target=\"_parent\" \/> <area title=\"Norway\" alt=\"Norway\" coords=\"190,249,251,246,246,338,42,394\" shape=\"poly\" href=\"https:\/\/www.my-netti.com\/employees\/contact-netti-in-norway\/\" target=\"_parent\" \/> <area title=\"China\" alt=\"China\" coords=\"599,130,898,313\" shape=\"rect\" href=\"https:\/\/www.my-netti.com\/employees\/contact-netti-in-china\/\" target=\"_parent\" \/> <area title=\"Denmark\" alt=\"Denmark\" coords=\"605,319,893,464\" shape=\"rect\" href=\"https:\/\/www.my-netti.com\/employees\/contact-netti-in-denmark\/\" target=\"_parent\" \/> <area title=\"Denmark\" alt=\"Denmark\" coords=\"274,3,237,46,299,169,315,191,594,190,432,136,384,1\" shape=\"poly\" href=\"https:\/\/www.my-netti.com\/employees\/contact-netti-in-denmark\/\" target=\"_parent\" \/> <area title=\"Denmark\" alt=\"Denmark\" coords=\"436,140,455,123,465,91,479,83,491,77,486,0,895,1,895,124,591,128,592,183,563,185,441,141,521,3\" shape=\"poly\" href=\"https:\/\/www.my-netti.com\/employees\/contact-netti-in-denmark\/\" target=\"_blank\" \/> <area title=\"Norway\" alt=\"Norway\" coords=\"389,1,481,0,490,58,437,138\" shape=\"poly\" href=\"https:\/\/www.my-netti.com\/employees\/contact-netti-in-norway\/\" target=\"_blank\" \/> <area title=\"Denmark\" alt=\"Denmark\" coords=\"71,394,245,341,249,449,148,441\" shape=\"poly\" href=\"https:\/\/www.my-netti.com\/employees\/contact-netti-in-denmark\/\" target=\"_blank\" \/> <area title=\"Denmark\" alt=\"Denmark\" coords=\"10,198,89,201,133,200,222,232,136,280\" shape=\"poly\" href=\"https:\/\/www.my-netti.com\/employees\/contact-netti-in-denmark\/\" target=\"_blank\" \/> <\/map>","text_align":"text-left","columns":1},{"_type":"media_text","title":"Norge","body":"<h6>Inkludert afrikanske og Midt\u00f8sten markeder.<\/h6>\r\n&nbsp;\r\n\r\nAlu Rehab AS\r\nBedriftsveien 23\r\nNO-4353 Klepp stasjon\r\n\r\nTel: +47 51 78 62 20","image":"1813","image_link":{"value":"","url":"","anchor":"","blank":"0"},"link":{"value":"","url":"mailto:post@my-netti.com","anchor":"Email oss: Post@My-Netti.com","blank":"0"},"circle":true,"direction":"flex-row"},{"_type":"media_text","title":"Denmark","body":"<h6>Inkludert europeiske og s\u00f8ramerikanske markeder.<\/h6>\r\n&nbsp;\r\n\r\nAlu Rehab ApS<strong>\r\n<\/strong>Kl\u00f8fteh\u00f8j 8\r\nDK-8680 Ry\r\n\r\nTel: +45 87 88 73 00\r\nFax: +45 87 88 73\u00a019","image":"1826","image_link":{"value":"","url":"","anchor":"","blank":"0"},"link":{"value":"","url":"mailto:info@my-netti.com","anchor":"Email oss: Info@My-Netti.com","blank":"0"},"circle":true,"direction":"flex-row"},{"_type":"media_text","title":"China","body":"<h6>Inkludert asiatiske markeder.<\/h6>\r\n&nbsp;\r\n\r\nAlu Rehab (Xiamen) Co., Ltd.\r\nXiamen City,\r\nHaicang Industrial District\r\nWeng Jiao Road 289\r\nHaitou Kechuang Center Building 3\r\nFloor 1-2 361022\r\nChina\r\n\r\nTel: +86 592 651 7680 808","image":"1820","image_link":{"value":"","url":"","anchor":"","blank":"0"},"link":{"value":"","url":"","anchor":"","blank":"0"},"circle":true,"direction":"flex-row"},{"_type":"content","title":"Finn ditt Netti-team","content":"Netti er ogs\u00e5 representert med eget salgspersonell i Danmark, Sverige, Frankrike, Tyskland, \u00d8sterrike og Sveits\r\n\r\nFinn ditt Netti-team p\u00e5 den respektive nettsiden:","text_align":"text-left","columns":1},{"_type":"content","title":"","content":"<ul>\r\n \t<li><a href=\"http:\/\/www.my-netti.no\">Norway<\/a><\/li>\r\n \t<li><a href=\"http:\/\/www.my-netti.dk\">Denmark<\/a><\/li>\r\n \t<li><a href=\"http:\/\/www.my-netti.se\">Sweden<\/a><\/li>\r\n \t<li><a href=\"http:\/\/www.my-netti.de\">Germany<\/a><\/li>\r\n \t<li><a href=\"http:\/\/www.my-netti.at\">Austria<\/a><\/li>\r\n \t<li><a href=\"http:\/\/www.my-netti.ch\">Switzerland<\/a><\/li>\r\n \t<li><a href=\"http:\/\/www.my-netti.fr\">France<\/a><\/li>\r\n \t<li><a href=\"https:\/\/my-netti.com.cn\/\">China<\/a><\/li>\r\n<\/ul>","text_align":"text-left","columns":2},{"_type":"content","title":"","content":"En kontakt utenfor disse landene? Du er velkommen til \u00e5 kontakte v\u00e5re kontorer i Norge, Danmark eller Kina. Vi har import\u00f8rer i mer enn 30 land.","text_align":"text-left","columns":1},{"_type":"quote","quote":"In dialogue we create simple solutions \r\n\r\nand enable joy of life","source":"Netti by Alu Rehab"}],"app_templates_modules_product_items_product":[],"_links":{"self":[{"href":"https:\/\/www.my-netti.com\/no\/wp-json\/wp\/v2\/pages\/54702","targetHints":{"allow":["GET"]}}],"collection":[{"href":"https:\/\/www.my-netti.com\/no\/wp-json\/wp\/v2\/pages"}],"about":[{"href":"https:\/\/www.my-netti.com\/no\/wp-json\/wp\/v2\/types\/page"}],"author":[{"embeddable":true,"href":"https:\/\/www.my-netti.com\/no\/wp-json\/wp\/v2\/users\/2"}],"replies":[{"embeddable":true,"href":"https:\/\/www.my-netti.com\/no\/wp-json\/wp\/v2\/comments?post=54702"}],"version-history":[{"count":3,"href":"https:\/\/www.my-netti.com\/no\/wp-json\/wp\/v2\/pages\/54702\/revisions"}],"predecessor-version":[{"id":54705,"href":"https:\/\/www.my-netti.com\/no\/wp-json\/wp\/v2\/pages\/54702\/revisions\/54705"}],"wp:attachment":[{"href":"https:\/\/www.my-netti.com\/no\/wp-json\/wp\/v2\/media?parent=54702"}],"curies":[{"name":"wp","href":"https:\/\/api.w.org\/{rel}","templated":true}]}}