{"id":54697,"date":"2020-01-17T08:35:03","date_gmt":"2020-01-17T07:35:03","guid":{"rendered":"https:\/\/www.my-netti.com\/quality-system\/"},"modified":"2025-08-18T10:27:54","modified_gmt":"2025-08-18T08:27:54","slug":"kvalitet-system","status":"publish","type":"page","link":"https:\/\/www.my-netti.com\/no\/kvalitet-system\/","title":{"rendered":"Kvalitet system"},"content":{"rendered":"","protected":false},"excerpt":{"rendered":"","protected":false},"author":2,"featured_media":0,"parent":0,"menu_order":13,"comment_status":"closed","ping_status":"closed","template":"views\/template-modules.blade.php","meta":{"_seopress_robots_primary_cat":"","_seopress_titles_title":"Quality System - Netti by Alu Rehab","_seopress_titles_desc":"We at Netti are committed to high standards of quality of our products as well as in all our services. We are certified according to ISO 9001 as well as ISO 13845 for medical devices.","_seopress_robots_index":"","_relevanssi_hide_post":"","_relevanssi_hide_content":"","_relevanssi_pin_for_all":"","_relevanssi_pin_keywords":"","_relevanssi_unpin_keywords":"","_relevanssi_related_keywords":"","_relevanssi_related_include_ids":"","_relevanssi_related_exclude_ids":"","_relevanssi_related_no_append":"","_relevanssi_related_not_related":"","_relevanssi_related_posts":"","_relevanssi_noindex_reason":"","footnotes":""},"class_list":["post-54697","page","type-page","status-publish","hentry"],"app_templates_compare_top_banner_title":"","app_templates_compare_top_banner_body":"","app_templates_compare_top_banner_image":"","app_templates_compare_top_banner_color":"white","app_templates_compare_top_banner_overlay":true,"app_templates_compare_top_banner_hide":false,"app_templates_cookie_policy_top_banner_title":"","app_templates_cookie_policy_top_banner_body":"","app_templates_cookie_policy_top_banner_image":"","app_templates_cookie_policy_top_banner_color":"white","app_templates_cookie_policy_top_banner_overlay":true,"app_templates_cookie_policy_top_banner_hide":false,"app_templates_home_page_home_banner_slides":[],"app_templates_home_page_home_banner_html":"","app_templates_home_page_link_boxes_boxes":[],"app_templates_home_page_link_boxes_cta_box_show_cta":true,"app_templates_home_page_link_boxes_cta_box_title":"","app_templates_home_page_link_boxes_cta_box_body":"","app_templates_home_page_link_boxes_cta_box_icon":"","app_templates_home_page_link_boxes_cta_box_link":{"value":"","url":"","anchor":"","blank":0},"app_templates_home_page_link_boxes_cta_box_html":"","app_templates_home_page_media_text_box_image":"","app_templates_home_page_media_text_box_full_width":false,"app_templates_home_page_media_text_box_pretitle":"","app_templates_home_page_media_text_box_title":"","app_templates_home_page_media_text_box_body":"","app_templates_home_page_media_text_box_link":{"value":"","url":"","anchor":"","blank":0},"app_templates_home_page_media_text_box_hide":false,"app_templates_home_page_article_slider_title":"Relaterte artikler","app_templates_home_page_article_slider_show_latest":false,"app_templates_home_page_article_slider_articles":[],"app_templates_home_page_product_slider_title":"Relaterte produkter","app_templates_home_page_product_slider_product_kind":"wheelchairs","app_templates_home_page_product_slider_wheelchairs":[],"app_templates_home_page_product_slider_spare_parts":[],"app_templates_home_page_product_slider_all":[],"app_templates_home_page_product_slider_hide_info":false,"app_templates_modules_top_banner_title":" Kvalitet ligger i detaljene","app_templates_modules_top_banner_body":"","app_templates_modules_top_banner_image":"2834","app_templates_modules_top_banner_color":"white","app_templates_modules_top_banner_overlay":false,"app_templates_modules_top_banner_hide":false,"app_templates_modules_modules_modules":[{"_type":"content","title":"H\u00f8y kvalitet er en del av v\u00e5rt DNA","content":"V\u00e5re stikkord er kvalitet og service. Alle Netti-avdelinger og divisjoner opptrer alltid i samsvar med prinsippene bak disse stikkordene - fra produksjon til v\u00e5re konsulenter og fra ansatte innen kundeservice, regnskap og lager. Av denne grunn er v\u00e5r leveringsp\u00e5litelighet av h\u00f8yeste standard.","text_align":"text-center","columns":1},{"_type":"image","image":"959"},{"_type":"media_text","title":"ISO-sertifisert","body":"Vi er opptatt av h\u00f8ye standarder for kvalitet p\u00e5 v\u00e5re produkter s\u00e5 vel som i alle v\u00e5re tjenester, og Alu Rehab Group er sertifisert i henhold til ISO 13485 for medisinsk utstyr. Sertifiseringen gjennomf\u00f8res p\u00e5 \u00e5rsbasis.","image":"94376","image_link":{"value":"","url":"\/app\/uploads\/2023\/01\/ISO13485.pdf","anchor":"","blank":"0"},"link":{"value":"","url":"\/app\/uploads\/2023\/01\/ISO13485.pdf","anchor":"Last ned ISO-sertifikatet v\u00e5r","blank":"0"},"circle":false,"direction":"flex-row-reverse"},{"_type":"media_text","title":"I samsvar med MDR","body":"<span class=\"TextRun SCXW191129231 BCX7\" lang=\"EN-GB\" xml:lang=\"EN-GB\" data-contrast=\"auto\"><span class=\"NormalTextRun SCXW191129231 BCX7\">Den europeiske medisinsk utstyrs forordningen, MDR, l\u00f8fter sikkerheten og sporbarheten til medisinsk utstyr i hele markedet. Netti jobber i henhold til forskriften og har implementert den n\u00f8dvendige dokumentasjonen.\r\n<\/span><\/span>","image":"4941","image_link":{"value":"","url":"","anchor":"","blank":""},"link":{"value":"","url":"","anchor":"","blank":""},"circle":false,"direction":"flex-row"},{"_type":"media_text","title":"Standardisering og testing av rullestoler","body":"Netti deltar med v\u00e5r produktsikkerhetsansvarlige i revisjonen av disse standardene som skjer foran MDR-implementeringen. Vi holder i forkant av utviklingen ved \u00e5 engasjere oss i dette avgj\u00f8rende arbeidet og bidrar til \u00e5 l\u00f8fte brukersikkerheten for alle rullestoler - ogs\u00e5 sikrer at Netti rullestoler oppfyller \u00abstate of the art\u00bb l\u00f8sninger og kvalitet.","image":"1904","image_link":{"value":"","url":"","anchor":"","blank":"0"},"link":{"value":"","url":"","anchor":"","blank":"0"},"circle":false,"direction":"flex-row-reverse"},{"_type":"video","video":"https:\/\/youtu.be\/EDOp0y5xuAQ"},{"_type":"media_text","title":"Garanti","body":"Vi garanterer Netti-kvaliteten og evaluerer produkttestene til lik 5-6 \u00e5rs normal bruk. Vi gir derfor 5 \u00e5rs garanti p\u00e5 alle rullestolrammer. P\u00e5 alle andre Netti komponenter gir vi 2-\u00e5rs garanti unntatt batterier. I tilfelle av et produktkrav, vil vi gj\u00f8re v\u00e5rt beste for \u00e5 hjelpe deg p\u00e5 en smidig m\u00e5te, slik at prosessen g\u00e5r s\u00e5 smidig som mulig. Alle avvik blir registrert for \u00e5 sikre at n\u00f8dvendige produkt- eller tjenesteforbedringer blir utf\u00f8rt s\u00e5 raskt som mulig.","image":"1000","image_link":{"value":"","url":"","anchor":"","blank":"0"},"link":{"value":"","url":"","anchor":"","blank":"0"},"circle":false,"direction":"flex-row"},{"_type":"media_text","title":"ERKL\u00c6RING OM OVERENSSTEMMELSE - KJEMISKE STOFFER","body":"<span lang=\"no\">Alle rullestolene v\u00e5re med tilbeh\u00f8r er i samsvar med alle kravene i det europeiske RoHS 2.0-direktivet 2011 \/ 65EU og det europeiske delegatdirektivet (EU) 2015\/863 - farlige stoffer i elektriske og elektroniske deler. Videre oppfyller v\u00e5re produkter de relaterte kravene i EUs forordning (EF) 1907\/2006 om registrering, evaluering, godkjenning og begrensning av kjemikalier (REACH).<\/span>","image":"61285","image_link":{"value":"","url":"","anchor":"","blank":"0"},"link":{"value":"","url":"\/app\/uploads\/2024\/09\/DoC-RoHS-REACH-and-Azo-substances-Netti-2025-08-signed-v5.pdf","anchor":" Se Nettis samsvarserkl\u00e6ring","blank":"0"},"circle":false,"direction":"flex-row-reverse"},{"_type":"media_text_box","image":"1208","full_width":false,"pretitle":"","title":"Kontinuerlig jakt p\u00e5 bedre l\u00f8sninger","body":"Hvis du har sp\u00f8rsm\u00e5l eller trenger r\u00e5d ang\u00e5ende v\u00e5re produkter, er vi her for \u00e5 hjelpe deg. V\u00e5re erfarne medarbeidere med inng\u00e5ende kunnskap om v\u00e5re produkter s\u00e5 vel som brukerutfordringer er alltid her for \u00e5 hjelpe deg. Hvis du har en god ide eller \u00f8nsker en spesifikk l\u00f8sning, er du ogs\u00e5 velkommen til \u00e5 kontakte v\u00e5rt produktutviklingsteam. V\u00e5rt team av terapeuter, produktspesialister og ingeni\u00f8rer jobber kontinuerlig med nye l\u00f8sninger og produktforbedringer. ","link":{"value":"","url":"mailto:Productdevelopment@my-netti.com","anchor":"Send en e-post til produktutvikling","blank":"0"},"hide":false},{"_type":"article_slider","title":"Relaterte artikler","show_latest":false,"articles":[]}],"app_templates_modules_product_items_product":[],"_links":{"self":[{"href":"https:\/\/www.my-netti.com\/no\/wp-json\/wp\/v2\/pages\/54697","targetHints":{"allow":["GET"]}}],"collection":[{"href":"https:\/\/www.my-netti.com\/no\/wp-json\/wp\/v2\/pages"}],"about":[{"href":"https:\/\/www.my-netti.com\/no\/wp-json\/wp\/v2\/types\/page"}],"author":[{"embeddable":true,"href":"https:\/\/www.my-netti.com\/no\/wp-json\/wp\/v2\/users\/2"}],"replies":[{"embeddable":true,"href":"https:\/\/www.my-netti.com\/no\/wp-json\/wp\/v2\/comments?post=54697"}],"version-history":[{"count":13,"href":"https:\/\/www.my-netti.com\/no\/wp-json\/wp\/v2\/pages\/54697\/revisions"}],"predecessor-version":[{"id":114725,"href":"https:\/\/www.my-netti.com\/no\/wp-json\/wp\/v2\/pages\/54697\/revisions\/114725"}],"wp:attachment":[{"href":"https:\/\/www.my-netti.com\/no\/wp-json\/wp\/v2\/media?parent=54697"}],"curies":[{"name":"wp","href":"https:\/\/api.w.org\/{rel}","templated":true}]}}