{"id":54688,"date":"2020-01-17T08:31:00","date_gmt":"2020-01-17T07:31:00","guid":{"rendered":"https:\/\/www.my-netti.com\/fitting-experts\/"},"modified":"2024-02-28T15:53:04","modified_gmt":"2024-02-28T14:53:04","slug":"kundeservice","status":"publish","type":"page","link":"https:\/\/www.my-netti.com\/no\/kundeservice\/","title":{"rendered":"Kundeservice"},"content":{"rendered":"","protected":false},"excerpt":{"rendered":"","protected":false},"author":2,"featured_media":0,"parent":0,"menu_order":14,"comment_status":"closed","ping_status":"closed","template":"views\/template-modules.blade.php","meta":{"_seopress_robots_primary_cat":"","_seopress_titles_title":"","_seopress_titles_desc":"","_seopress_robots_index":"","_relevanssi_hide_post":"","_relevanssi_hide_content":"","_relevanssi_pin_for_all":"","_relevanssi_pin_keywords":"","_relevanssi_unpin_keywords":"","_relevanssi_related_keywords":"","_relevanssi_related_include_ids":"","_relevanssi_related_exclude_ids":"","_relevanssi_related_no_append":"","_relevanssi_related_not_related":"","_relevanssi_related_posts":"","_relevanssi_noindex_reason":"","footnotes":""},"class_list":["post-54688","page","type-page","status-publish","hentry"],"app_templates_compare_top_banner_title":"","app_templates_compare_top_banner_body":"","app_templates_compare_top_banner_image":"","app_templates_compare_top_banner_color":"white","app_templates_compare_top_banner_overlay":true,"app_templates_compare_top_banner_hide":false,"app_templates_cookie_policy_top_banner_title":"","app_templates_cookie_policy_top_banner_body":"","app_templates_cookie_policy_top_banner_image":"","app_templates_cookie_policy_top_banner_color":"white","app_templates_cookie_policy_top_banner_overlay":true,"app_templates_cookie_policy_top_banner_hide":false,"app_templates_home_page_home_banner_slides":[],"app_templates_home_page_home_banner_html":"","app_templates_home_page_link_boxes_boxes":[],"app_templates_home_page_link_boxes_cta_box_show_cta":true,"app_templates_home_page_link_boxes_cta_box_title":"","app_templates_home_page_link_boxes_cta_box_body":"","app_templates_home_page_link_boxes_cta_box_icon":"","app_templates_home_page_link_boxes_cta_box_link":{"value":"","url":"","anchor":"","blank":0},"app_templates_home_page_link_boxes_cta_box_html":"","app_templates_home_page_media_text_box_image":"","app_templates_home_page_media_text_box_full_width":false,"app_templates_home_page_media_text_box_pretitle":"","app_templates_home_page_media_text_box_title":"","app_templates_home_page_media_text_box_body":"","app_templates_home_page_media_text_box_link":{"value":"","url":"","anchor":"","blank":0},"app_templates_home_page_media_text_box_hide":false,"app_templates_home_page_article_slider_title":"Relaterte artikler","app_templates_home_page_article_slider_show_latest":false,"app_templates_home_page_article_slider_articles":[],"app_templates_home_page_product_slider_title":"Relaterte produkter","app_templates_home_page_product_slider_product_kind":"wheelchairs","app_templates_home_page_product_slider_wheelchairs":[],"app_templates_home_page_product_slider_spare_parts":[],"app_templates_home_page_product_slider_all":[],"app_templates_home_page_product_slider_hide_info":false,"app_templates_modules_top_banner_title":"  ","app_templates_modules_top_banner_body":"","app_templates_modules_top_banner_image":"2556","app_templates_modules_top_banner_color":"white","app_templates_modules_top_banner_overlay":false,"app_templates_modules_top_banner_hide":false,"app_templates_modules_modules_modules":[{"_type":"content","title":"Vi er her for \u00e5 hjelpe deg!","content":"Hos kundeservice finner du personene som kjenner flere hundre varenummer utenat og som vet hvilke produkter som kan kombineres for best mulig l\u00f8sning. Du vil ogs\u00e5 finne tilpassningseksperter med mange \u00e5rs erfaring, som vet hvilke l\u00f8sninger som er best for spesifikke brukergrupper og utfordringer.\r\n\r\nFelles for alle hos kundeservice er ekte vilje og \u00f8nske om \u00e5 hjelpe deg p\u00e5 best mulig m\u00e5te. S\u00e5 ikke n\u00f8l med \u00e5 kontakte oss via telefon eller e-post.","text_align":"text-center","columns":1},{"_type":"content","title":"","content":"\u00c5pningstider mandag til fredag fra 9:00 til 15:00","text_align":"text-center","columns":1},{"_type":"content","title":"","content":"Phone: +47 <span class=\"add_font\">51 78 62 20<\/span>\r\n\r\nEmail: <a href=\"mailto:post.klepp@meyragroup.com\">post.klepp@meyragroup.com<\/a>","text_align":"text-center","columns":2},{"_type":"content","title":"","content":"","text_align":"text-center","columns":1},{"_type":"quote","quote":"In dialogue we create simple solutions \r\n\r\nand enable joy of life","source":"Netti by Alu Rehab"}],"app_templates_modules_product_items_product":[],"_links":{"self":[{"href":"https:\/\/www.my-netti.com\/no\/wp-json\/wp\/v2\/pages\/54688","targetHints":{"allow":["GET"]}}],"collection":[{"href":"https:\/\/www.my-netti.com\/no\/wp-json\/wp\/v2\/pages"}],"about":[{"href":"https:\/\/www.my-netti.com\/no\/wp-json\/wp\/v2\/types\/page"}],"author":[{"embeddable":true,"href":"https:\/\/www.my-netti.com\/no\/wp-json\/wp\/v2\/users\/2"}],"replies":[{"embeddable":true,"href":"https:\/\/www.my-netti.com\/no\/wp-json\/wp\/v2\/comments?post=54688"}],"version-history":[{"count":8,"href":"https:\/\/www.my-netti.com\/no\/wp-json\/wp\/v2\/pages\/54688\/revisions"}],"predecessor-version":[{"id":105666,"href":"https:\/\/www.my-netti.com\/no\/wp-json\/wp\/v2\/pages\/54688\/revisions\/105666"}],"wp:attachment":[{"href":"https:\/\/www.my-netti.com\/no\/wp-json\/wp\/v2\/media?parent=54688"}],"curies":[{"name":"wp","href":"https:\/\/api.w.org\/{rel}","templated":true}]}}