{"id":54683,"date":"2020-01-17T08:32:51","date_gmt":"2020-01-17T07:32:51","guid":{"rendered":"https:\/\/www.my-netti.com\/the-netti-group\/"},"modified":"2023-02-07T09:46:11","modified_gmt":"2023-02-07T08:46:11","slug":"netti-gruppen","status":"publish","type":"page","link":"https:\/\/www.my-netti.com\/no\/netti-gruppen\/","title":{"rendered":"Netti-gruppen"},"content":{"rendered":"","protected":false},"excerpt":{"rendered":"","protected":false},"author":2,"featured_media":0,"parent":0,"menu_order":12,"comment_status":"closed","ping_status":"closed","template":"views\/template-modules.blade.php","meta":{"_seopress_robots_primary_cat":"","_seopress_titles_title":"","_seopress_titles_desc":"","_seopress_robots_index":"","_relevanssi_hide_post":"","_relevanssi_hide_content":"","_relevanssi_pin_for_all":"","_relevanssi_pin_keywords":"","_relevanssi_unpin_keywords":"","_relevanssi_related_keywords":"","_relevanssi_related_include_ids":"","_relevanssi_related_exclude_ids":"","_relevanssi_related_no_append":"","_relevanssi_related_not_related":"","_relevanssi_related_posts":"","_relevanssi_noindex_reason":"","footnotes":""},"class_list":["post-54683","page","type-page","status-publish","hentry"],"app_templates_compare_top_banner_title":"","app_templates_compare_top_banner_body":"","app_templates_compare_top_banner_image":"","app_templates_compare_top_banner_color":"white","app_templates_compare_top_banner_overlay":true,"app_templates_compare_top_banner_hide":false,"app_templates_cookie_policy_top_banner_title":"","app_templates_cookie_policy_top_banner_body":"","app_templates_cookie_policy_top_banner_image":"","app_templates_cookie_policy_top_banner_color":"white","app_templates_cookie_policy_top_banner_overlay":true,"app_templates_cookie_policy_top_banner_hide":false,"app_templates_home_page_home_banner_slides":[],"app_templates_home_page_home_banner_html":"","app_templates_home_page_link_boxes_boxes":[],"app_templates_home_page_link_boxes_cta_box_show_cta":true,"app_templates_home_page_link_boxes_cta_box_title":"","app_templates_home_page_link_boxes_cta_box_body":"","app_templates_home_page_link_boxes_cta_box_icon":"","app_templates_home_page_link_boxes_cta_box_link":{"value":"","url":"","anchor":"","blank":0},"app_templates_home_page_link_boxes_cta_box_html":"","app_templates_home_page_media_text_box_image":"","app_templates_home_page_media_text_box_full_width":false,"app_templates_home_page_media_text_box_pretitle":"","app_templates_home_page_media_text_box_title":"","app_templates_home_page_media_text_box_body":"","app_templates_home_page_media_text_box_link":{"value":"","url":"","anchor":"","blank":0},"app_templates_home_page_media_text_box_hide":false,"app_templates_home_page_article_slider_title":"Relaterte artikler","app_templates_home_page_article_slider_show_latest":false,"app_templates_home_page_article_slider_articles":[],"app_templates_home_page_product_slider_title":"Relaterte produkter","app_templates_home_page_product_slider_product_kind":"wheelchairs","app_templates_home_page_product_slider_wheelchairs":[],"app_templates_home_page_product_slider_spare_parts":[],"app_templates_home_page_product_slider_all":[],"app_templates_home_page_product_slider_hide_info":false,"app_templates_modules_top_banner_title":" ","app_templates_modules_top_banner_body":"","app_templates_modules_top_banner_image":"4968","app_templates_modules_top_banner_color":"white","app_templates_modules_top_banner_overlay":false,"app_templates_modules_top_banner_hide":false,"app_templates_modules_modules_modules":[{"_type":"content","title":"Netti-gruppen","content":"Morselskapet Alu Rehab AS har base i Norge med datterselskaper i Danmark og Kina. Alu Rehab er ogs\u00e5 representert med eget salgspersonell i Danmark, Sverige, Frankrike, Tyskland, \u00d8sterrike og Sveits, samt av import\u00f8rer i mer enn 30 land.","text_align":"text-center","columns":1},{"_type":"media_text","title":"Morselskap i Norge","body":"V\u00e5rt morselskap i Norge er blant annet hjemmet for produktutvikling og alle v\u00e5re Netti Customized produkter. I n\u00e6rt samarbeid med v\u00e5re egne terapeuter og sitteeksperter s\u00f8ker den tekniske avdelingen \u00e5 forbedre og utvikle l\u00f8sninger for \u00e5 muliggj\u00f8re livsglede.","image":"1813","image_link":{"value":"","url":"","anchor":"","blank":"0"},"link":{"value":"","url":"\/employees\/contact-netti-in-norway\/","anchor":"Kontakt oss","blank":"0"},"circle":true,"direction":"flex-row-reverse"},{"_type":"media_text","title":"Logistisk senter i Danmark","body":"Fra det logistiske senteret i Danmark sender vi varer til alle land i Europa og S\u00f8r-Amerika. Ringer du kundeservice fra de fleste europeiske land, blir du koblet til Danmark.","image":"1826","image_link":{"value":"","url":"","anchor":"","blank":"0"},"link":{"value":"","url":"\/employees\/contact-netti-in-denmark\/","anchor":"Kontakt oss","blank":"0"},"circle":true,"direction":"flex-row-reverse"},{"_type":"media_text","title":"Produksjon i Kina","body":"I Kina har vi v\u00e5r egen produksjon med ukentlige forsendelser til v\u00e5rt logistikksenter i Danmark. Mange av v\u00e5re kinesiske kolleger har s\u00e5 vel som de europeiske kollegene v\u00e6rt hos Netti i mer enn 15 \u00e5r og har h\u00f8y produktkunnskap. Siden vi produserer produktene v\u00e5re selv, kan vi sikre det h\u00f8ye kvalitetsniv\u00e5et som Netti er kjent for. Bes\u00f8k kollegaene v\u00e5re for \u00e5 se hvordan Netti ble laget og testet f\u00f8r den ble sendt til deg.","image":"1820","image_link":{"value":"","url":"","anchor":"","blank":"0"},"link":{"value":"","url":"\/employees\/contact-netti-in-china\/","anchor":"Kontakt Netti i Kina","blank":"0"},"circle":true,"direction":"flex-row-reverse"},{"_type":"video","video":"https:\/\/youtu.be\/5YnrROZZOIg"},{"_type":"image","image":"1257"}],"app_templates_modules_product_items_product":[],"_links":{"self":[{"href":"https:\/\/www.my-netti.com\/no\/wp-json\/wp\/v2\/pages\/54683","targetHints":{"allow":["GET"]}}],"collection":[{"href":"https:\/\/www.my-netti.com\/no\/wp-json\/wp\/v2\/pages"}],"about":[{"href":"https:\/\/www.my-netti.com\/no\/wp-json\/wp\/v2\/types\/page"}],"author":[{"embeddable":true,"href":"https:\/\/www.my-netti.com\/no\/wp-json\/wp\/v2\/users\/2"}],"replies":[{"embeddable":true,"href":"https:\/\/www.my-netti.com\/no\/wp-json\/wp\/v2\/comments?post=54683"}],"version-history":[{"count":5,"href":"https:\/\/www.my-netti.com\/no\/wp-json\/wp\/v2\/pages\/54683\/revisions"}],"predecessor-version":[{"id":95280,"href":"https:\/\/www.my-netti.com\/no\/wp-json\/wp\/v2\/pages\/54683\/revisions\/95280"}],"wp:attachment":[{"href":"https:\/\/www.my-netti.com\/no\/wp-json\/wp\/v2\/media?parent=54683"}],"curies":[{"name":"wp","href":"https:\/\/api.w.org\/{rel}","templated":true}]}}