{"id":54677,"date":"2020-01-17T08:32:35","date_gmt":"2020-01-17T07:32:35","guid":{"rendered":"https:\/\/www.my-netti.com\/30-years-of-joy\/"},"modified":"2023-02-07T09:39:05","modified_gmt":"2023-02-07T08:39:05","slug":"om-meyra-group","status":"publish","type":"page","link":"https:\/\/www.my-netti.com\/no\/om-meyra-group\/","title":{"rendered":"Litt om os: Meyra Group"},"content":{"rendered":"","protected":false},"excerpt":{"rendered":"","protected":false},"author":2,"featured_media":0,"parent":0,"menu_order":11,"comment_status":"closed","ping_status":"closed","template":"views\/template-modules.blade.php","meta":{"_seopress_robots_primary_cat":"","_seopress_titles_title":"","_seopress_titles_desc":"","_seopress_robots_index":"","_relevanssi_hide_post":"","_relevanssi_hide_content":"","_relevanssi_pin_for_all":"","_relevanssi_pin_keywords":"","_relevanssi_unpin_keywords":"","_relevanssi_related_keywords":"","_relevanssi_related_include_ids":"","_relevanssi_related_exclude_ids":"","_relevanssi_related_no_append":"","_relevanssi_related_not_related":"","_relevanssi_related_posts":"","_relevanssi_noindex_reason":"","footnotes":""},"class_list":["post-54677","page","type-page","status-publish","hentry"],"app_templates_compare_top_banner_title":"","app_templates_compare_top_banner_body":"","app_templates_compare_top_banner_image":"","app_templates_compare_top_banner_color":"white","app_templates_compare_top_banner_overlay":true,"app_templates_compare_top_banner_hide":false,"app_templates_cookie_policy_top_banner_title":"","app_templates_cookie_policy_top_banner_body":"","app_templates_cookie_policy_top_banner_image":"","app_templates_cookie_policy_top_banner_color":"white","app_templates_cookie_policy_top_banner_overlay":true,"app_templates_cookie_policy_top_banner_hide":false,"app_templates_home_page_home_banner_slides":[],"app_templates_home_page_home_banner_html":"","app_templates_home_page_link_boxes_boxes":[],"app_templates_home_page_link_boxes_cta_box_show_cta":true,"app_templates_home_page_link_boxes_cta_box_title":"","app_templates_home_page_link_boxes_cta_box_body":"","app_templates_home_page_link_boxes_cta_box_icon":"","app_templates_home_page_link_boxes_cta_box_link":{"value":"","url":"","anchor":"","blank":0},"app_templates_home_page_link_boxes_cta_box_html":"","app_templates_home_page_media_text_box_image":"","app_templates_home_page_media_text_box_full_width":false,"app_templates_home_page_media_text_box_pretitle":"","app_templates_home_page_media_text_box_title":"","app_templates_home_page_media_text_box_body":"","app_templates_home_page_media_text_box_link":{"value":"","url":"","anchor":"","blank":0},"app_templates_home_page_media_text_box_hide":false,"app_templates_home_page_article_slider_title":"Relaterte artikler","app_templates_home_page_article_slider_show_latest":false,"app_templates_home_page_article_slider_articles":[],"app_templates_home_page_product_slider_title":"Relaterte produkter","app_templates_home_page_product_slider_product_kind":"wheelchairs","app_templates_home_page_product_slider_wheelchairs":[],"app_templates_home_page_product_slider_spare_parts":[],"app_templates_home_page_product_slider_all":[],"app_templates_home_page_product_slider_hide_info":false,"app_templates_modules_top_banner_title":" ","app_templates_modules_top_banner_body":"","app_templates_modules_top_banner_image":"77726","app_templates_modules_top_banner_color":"white","app_templates_modules_top_banner_overlay":false,"app_templates_modules_top_banner_hide":false,"app_templates_modules_modules_modules":[{"_type":"content","title":"Litt om os: Meyra Group","content":"Med sammensl\u00e5ingen av TA Service, Netti by Alu Rehab og Meyra til \u00e9n samlet Meyra Group, tilbyr vi rullestoler for praktisk talt alle behov.\u00a0Vi har rullestoler for den aktive brukeren, for han eller henne som trenger en elektrisk drevet stol og de som ikke selv kan endre sittestilling. V\u00e5rt fokus er \u00e5 tilby rullestoler hvor brukeren kan sitte komfortabelt \u2013 mange timer hver dag \u2013 etter behov.\r\n\r\nMed rullestoler fra TA, Netti og Meyra tilbyr vi innovative og p\u00e5litelige produkter som optimerer hverdagen for brukeren, slik at de kan v\u00e6re mobile og delta i hverdagens aktiviteter \u2013 og ha de beste forutsetninger for \u00e5 opprettholde god helse.\r\n\r\n&nbsp;\r\n\r\n<img class=\"alignnone wp-image-95265 aligncenter\" src=\"\/app\/uploads\/2023\/02\/Inspire-joy-of-life-WHITE.png\" alt=\"\" width=\"331\" height=\"255\" \/>","text_align":"text-center","columns":1},{"_type":"content","title":"","content":"V\u00e5rt fokus er \u00e5 \u00f8ke livsglede for rullestolbrukere. Alle produktene v\u00e5re er designet for \u00e5 forbedre mobiliteten og for \u00e5 tillate mestring av daglige aktiviteter. Hvis du f\u00e5r en god, komfortabel sittestilling, kan du forbedre, spising, pusting og drikking, samt kommunikasjon og v\u00e6re mer selvstendig. Jo bedre og lengre du kan sitte i rullestolen, jo mer tid kan du tilbringe med venner og familie - og det er det som gj\u00f8r livet stort.\r\n\r\nMeyra Group tilbyr l\u00f8sninger av h\u00f8y kvalitet for langtids sitting og er en av f\u00e5 tilbydere innen dynamisk sittel\u00f8sninger og innen brukere med sammensatte krav.","text_align":"text-center","columns":1},{"_type":"content","title":"Et bredt spekter av l\u00f8sninger","content":"Meyra Group tilbyr et bredt spekter av l\u00f8sninger for \u00e5 im\u00f8tekomme behovene til den enkelte bruker. Vi tilpasser rullestolen til brukeren - ikke omvendt.","text_align":"text-center","columns":1},{"_type":"image","image":"1350"}],"app_templates_modules_product_items_product":[],"_links":{"self":[{"href":"https:\/\/www.my-netti.com\/no\/wp-json\/wp\/v2\/pages\/54677","targetHints":{"allow":["GET"]}}],"collection":[{"href":"https:\/\/www.my-netti.com\/no\/wp-json\/wp\/v2\/pages"}],"about":[{"href":"https:\/\/www.my-netti.com\/no\/wp-json\/wp\/v2\/types\/page"}],"author":[{"embeddable":true,"href":"https:\/\/www.my-netti.com\/no\/wp-json\/wp\/v2\/users\/2"}],"replies":[{"embeddable":true,"href":"https:\/\/www.my-netti.com\/no\/wp-json\/wp\/v2\/comments?post=54677"}],"version-history":[{"count":10,"href":"https:\/\/www.my-netti.com\/no\/wp-json\/wp\/v2\/pages\/54677\/revisions"}],"predecessor-version":[{"id":95275,"href":"https:\/\/www.my-netti.com\/no\/wp-json\/wp\/v2\/pages\/54677\/revisions\/95275"}],"wp:attachment":[{"href":"https:\/\/www.my-netti.com\/no\/wp-json\/wp\/v2\/media?parent=54677"}],"curies":[{"name":"wp","href":"https:\/\/api.w.org\/{rel}","templated":true}]}}