{"id":54670,"date":"2020-01-17T08:32:19","date_gmt":"2020-01-17T07:32:19","guid":{"rendered":"https:\/\/www.my-netti.com\/our-vision\/"},"modified":"2023-02-07T09:45:44","modified_gmt":"2023-02-07T08:45:44","slug":"netti-visjonen","status":"publish","type":"page","link":"https:\/\/www.my-netti.com\/no\/netti-visjonen\/","title":{"rendered":"V\u00e5r visjon"},"content":{"rendered":"","protected":false},"excerpt":{"rendered":"","protected":false},"author":2,"featured_media":0,"parent":0,"menu_order":10,"comment_status":"closed","ping_status":"closed","template":"views\/template-modules.blade.php","meta":{"_seopress_robots_primary_cat":"","_seopress_titles_title":"","_seopress_titles_desc":"","_seopress_robots_index":"","_relevanssi_hide_post":"","_relevanssi_hide_content":"","_relevanssi_pin_for_all":"","_relevanssi_pin_keywords":"","_relevanssi_unpin_keywords":"","_relevanssi_related_keywords":"","_relevanssi_related_include_ids":"","_relevanssi_related_exclude_ids":"","_relevanssi_related_no_append":"","_relevanssi_related_not_related":"","_relevanssi_related_posts":"","_relevanssi_noindex_reason":"","footnotes":""},"class_list":["post-54670","page","type-page","status-publish","hentry"],"app_templates_compare_top_banner_title":"","app_templates_compare_top_banner_body":"","app_templates_compare_top_banner_image":"","app_templates_compare_top_banner_color":"white","app_templates_compare_top_banner_overlay":true,"app_templates_compare_top_banner_hide":false,"app_templates_cookie_policy_top_banner_title":"","app_templates_cookie_policy_top_banner_body":"","app_templates_cookie_policy_top_banner_image":"","app_templates_cookie_policy_top_banner_color":"white","app_templates_cookie_policy_top_banner_overlay":true,"app_templates_cookie_policy_top_banner_hide":false,"app_templates_home_page_home_banner_slides":[],"app_templates_home_page_home_banner_html":"","app_templates_home_page_link_boxes_boxes":[],"app_templates_home_page_link_boxes_cta_box_show_cta":true,"app_templates_home_page_link_boxes_cta_box_title":"","app_templates_home_page_link_boxes_cta_box_body":"","app_templates_home_page_link_boxes_cta_box_icon":"","app_templates_home_page_link_boxes_cta_box_link":{"value":"","url":"","anchor":"","blank":0},"app_templates_home_page_link_boxes_cta_box_html":"","app_templates_home_page_media_text_box_image":"","app_templates_home_page_media_text_box_full_width":false,"app_templates_home_page_media_text_box_pretitle":"","app_templates_home_page_media_text_box_title":"","app_templates_home_page_media_text_box_body":"","app_templates_home_page_media_text_box_link":{"value":"","url":"","anchor":"","blank":0},"app_templates_home_page_media_text_box_hide":false,"app_templates_home_page_article_slider_title":"Relaterte artikler","app_templates_home_page_article_slider_show_latest":false,"app_templates_home_page_article_slider_articles":[],"app_templates_home_page_product_slider_title":"Relaterte produkter","app_templates_home_page_product_slider_product_kind":"wheelchairs","app_templates_home_page_product_slider_wheelchairs":[],"app_templates_home_page_product_slider_spare_parts":[],"app_templates_home_page_product_slider_all":[],"app_templates_home_page_product_slider_hide_info":false,"app_templates_modules_top_banner_title":" ","app_templates_modules_top_banner_body":"","app_templates_modules_top_banner_image":"59088","app_templates_modules_top_banner_color":"white","app_templates_modules_top_banner_overlay":false,"app_templates_modules_top_banner_hide":false,"app_templates_modules_modules_modules":[{"_type":"content","title":"V\u00e5r vision","content":"For brukeren som er avhengig av rullestolen sin n\u00e5r han er aktiv eller deltar i sosiale sammenhenger, utgj\u00f8r sm\u00e5 designdetaljer en stor forskjell. V\u00e5re terapeuter og produktspesialister fokuserer p\u00e5 biomekanikk for \u00e5 sikre en l\u00f8sning slik at brukeren skal f\u00f8le seg komfortabel. L\u00f8sningen skal ogs\u00e5 gj\u00f8re det mulig for ham eller henne \u00e5 v\u00e6re aktiv, v\u00e6re sosial - og aktivere livsglede\r\n\r\nNetti, TA og Meyra rullestoler gj\u00f8r det mulig for rullestolbrukere \u00e5 f\u00e5 h\u00f8yere komfort og \u00e5 v\u00e6re en del av det sosiale livet, dvs. ved \u00e5 redusere muskeltonus og smerter, ved \u00e5 oppn\u00e5 en stabil sittestilling eller gj\u00f8re det mulig \u00e5 kommunisere og utf\u00f8re aktiviteter i hverdagen. Netti, TA og Meyra produktene gir brukerne komfort, stabilitet, avlastning og variasjon.","text_align":"text-center","columns":1},{"_type":"features","features":[{"_type":"_","icon":"1730","title":"\u00d8ke mulighet for sosialisering","body":""},{"_type":"_","icon":"1719","title":"Bedre funksjonalitet","body":""},{"_type":"_","icon":"1753","title":"Forbre helse og mindre smerter","body":""}]},{"_type":"media_text","title":"Muliggj\u00f8r livsglede","body":"\u00d8nsket om \u00e5 muliggj\u00f8re livsglede er dypt forankret i Netti sitt DNA. Vi \u00f8nsker \u00e5 utgj\u00f8re en forskjell b\u00e5de for brukerne og for v\u00e5re kunder. Det starter med \u00f8nsket om \u00e5 l\u00f8se en utfordring for en spesifikk brukergruppe - vi s\u00f8ker hele tiden \u00e5 minimere gapet mellom det mulige og det umulige.","image":"1769","image_link":{"value":"","url":"","anchor":"","blank":"0"},"link":{"value":"","url":"","anchor":"","blank":"0"},"circle":false,"direction":"flex-row"},{"_type":"media_text","title":"Produkter","body":"N\u00e5r vi utvikler et produkt, bruker vi v\u00e5re egne kompetente terapeuter og spesialister for \u00e5 sikre at hele rammene som forskrifter, refusjonssystem og brukersituasjon blir husket.","image":"1781","image_link":{"value":"","url":"","anchor":"","blank":"0"},"link":{"value":"","url":"","anchor":"","blank":"0"},"circle":false,"direction":"flex-row"},{"_type":"media_text","title":"Kunnskap","body":"V\u00e5re ansatte har spesialisert kunnskap innen brukerutfordringer og rullestoler, og vi har derfor utviklet Netti-metoden for \u00e5 hjelpe v\u00e5re kunder med \u00e5 finne best mulig sittel\u00f8sninger for rullestolbrukere.","image":"1776","image_link":{"value":"","url":"","anchor":"","blank":"0"},"link":{"value":"","url":"","anchor":"","blank":"0"},"circle":false,"direction":"flex-row"},{"_type":"media_text","title":"Kvalitet","body":"Vi utvikler og produserer v\u00e5re produkter selv, noe som gj\u00f8r oss i stand til \u00e5 holde en h\u00f8y standard og sikre et h\u00f8yt kvalitetsniv\u00e5 gjennom hele produksjonen. Kvalitet er ikke bare viktig n\u00e5r man ser p\u00e5 selve produktet. Netti mener at alle tjenester b\u00f8r ha h\u00f8yest mulig standard - \u00e5 ha mange ansatte med over 25 \u00e5rs erfaring gj\u00f8r dette mulig.","image":"1786","image_link":{"value":"","url":"","anchor":"","blank":"0"},"link":{"value":"","url":"","anchor":"","blank":"0"},"circle":false,"direction":"flex-row"},{"_type":"media_text","title":"B\u00e6rekraft","body":"\u00c5 muliggj\u00f8re livsglede for oss betyr ogs\u00e5 \u00e5 st\u00f8tte b\u00e6rekraft. Vi \u00f8nsker \u00e5 produsere produkter med h\u00f8y standard som vil vare lenger og i mange tilfeller til og med muliggj\u00f8re livsglede for flere brukere.","image":"1791","image_link":{"value":"","url":"","anchor":"","blank":"0"},"link":{"value":"","url":"","anchor":"","blank":"0"},"circle":false,"direction":"flex-row"},{"_type":"media_text_box","image":"1328","full_width":false,"pretitle":"","title":"Vi hyller individualitet","body":"Vi vet at to personer ikke er like, og vi tilbyr det bredeste utvalget av rullestoler og tilbeh\u00f8r i markedet. Vi tilpasser rullestolen til brukeren - og ikke omvendt. Med Netti er det alltid en rullestol som passer dine behov.","link":{"value":"","url":"","anchor":"","blank":"0"},"hide":false}],"app_templates_modules_product_items_product":[],"_links":{"self":[{"href":"https:\/\/www.my-netti.com\/no\/wp-json\/wp\/v2\/pages\/54670","targetHints":{"allow":["GET"]}}],"collection":[{"href":"https:\/\/www.my-netti.com\/no\/wp-json\/wp\/v2\/pages"}],"about":[{"href":"https:\/\/www.my-netti.com\/no\/wp-json\/wp\/v2\/types\/page"}],"author":[{"embeddable":true,"href":"https:\/\/www.my-netti.com\/no\/wp-json\/wp\/v2\/users\/2"}],"replies":[{"embeddable":true,"href":"https:\/\/www.my-netti.com\/no\/wp-json\/wp\/v2\/comments?post=54670"}],"version-history":[{"count":5,"href":"https:\/\/www.my-netti.com\/no\/wp-json\/wp\/v2\/pages\/54670\/revisions"}],"predecessor-version":[{"id":95279,"href":"https:\/\/www.my-netti.com\/no\/wp-json\/wp\/v2\/pages\/54670\/revisions\/95279"}],"wp:attachment":[{"href":"https:\/\/www.my-netti.com\/no\/wp-json\/wp\/v2\/media?parent=54670"}],"curies":[{"name":"wp","href":"https:\/\/api.w.org\/{rel}","templated":true}]}}