{"id":54668,"date":"2020-02-03T14:04:36","date_gmt":"2020-02-03T13:04:36","guid":{"rendered":"https:\/\/www.my-netti.com\/netti-customized\/"},"modified":"2021-09-13T12:38:50","modified_gmt":"2021-09-13T10:38:50","slug":"netti-customized","status":"publish","type":"page","link":"https:\/\/www.my-netti.com\/no\/netti-customized\/","title":{"rendered":"Netti Customized"},"content":{"rendered":"","protected":false},"excerpt":{"rendered":"","protected":false},"author":4,"featured_media":0,"parent":0,"menu_order":4,"comment_status":"closed","ping_status":"closed","template":"views\/template-modules.blade.php","meta":{"_seopress_robots_primary_cat":"","_seopress_titles_title":"","_seopress_titles_desc":"","_seopress_robots_index":"","_relevanssi_hide_post":"","_relevanssi_hide_content":"","_relevanssi_pin_for_all":"","_relevanssi_pin_keywords":"","_relevanssi_unpin_keywords":"","_relevanssi_related_keywords":"","_relevanssi_related_include_ids":"","_relevanssi_related_exclude_ids":"","_relevanssi_related_no_append":"","_relevanssi_related_not_related":"","_relevanssi_related_posts":"","_relevanssi_noindex_reason":"","footnotes":""},"class_list":["post-54668","page","type-page","status-publish","hentry"],"app_templates_compare_top_banner_title":"","app_templates_compare_top_banner_body":"","app_templates_compare_top_banner_image":"","app_templates_compare_top_banner_color":"white","app_templates_compare_top_banner_overlay":true,"app_templates_compare_top_banner_hide":false,"app_templates_cookie_policy_top_banner_title":"","app_templates_cookie_policy_top_banner_body":"","app_templates_cookie_policy_top_banner_image":"","app_templates_cookie_policy_top_banner_color":"white","app_templates_cookie_policy_top_banner_overlay":true,"app_templates_cookie_policy_top_banner_hide":false,"app_templates_home_page_home_banner_slides":[],"app_templates_home_page_home_banner_html":"","app_templates_home_page_link_boxes_boxes":[],"app_templates_home_page_link_boxes_cta_box_show_cta":true,"app_templates_home_page_link_boxes_cta_box_title":"","app_templates_home_page_link_boxes_cta_box_body":"","app_templates_home_page_link_boxes_cta_box_icon":"","app_templates_home_page_link_boxes_cta_box_link":{"value":"","url":"","anchor":"","blank":0},"app_templates_home_page_link_boxes_cta_box_html":"","app_templates_home_page_media_text_box_image":"","app_templates_home_page_media_text_box_full_width":false,"app_templates_home_page_media_text_box_pretitle":"","app_templates_home_page_media_text_box_title":"","app_templates_home_page_media_text_box_body":"","app_templates_home_page_media_text_box_link":{"value":"","url":"","anchor":"","blank":0},"app_templates_home_page_media_text_box_hide":false,"app_templates_home_page_article_slider_title":"Relaterte artikler","app_templates_home_page_article_slider_show_latest":false,"app_templates_home_page_article_slider_articles":[],"app_templates_home_page_product_slider_title":"Relaterte produkter","app_templates_home_page_product_slider_product_kind":"wheelchairs","app_templates_home_page_product_slider_wheelchairs":[],"app_templates_home_page_product_slider_spare_parts":[],"app_templates_home_page_product_slider_all":[],"app_templates_home_page_product_slider_hide_info":false,"app_templates_modules_top_banner_title":" ","app_templates_modules_top_banner_body":"","app_templates_modules_top_banner_image":"2403","app_templates_modules_top_banner_color":"white","app_templates_modules_top_banner_overlay":true,"app_templates_modules_top_banner_hide":false,"app_templates_modules_modules_modules":[{"_type":"content","title":"Individuelle l\u00f8sninger - fordi vi alle er unike","content":"'To enable joy of life' (\u2018\u00c5 muliggj\u00f8re livsglede\u2019) betyr \u00e5 tilpasse stolen til brukeren - og ikke omvendt. Vi i Netti mener at alt er mulig - s\u00e5 hvis du har en bruker med utfordringer som ikke \u00abpasser\u00bb v\u00e5rt standardutvalg, kan du gjerne kontakte oss. V\u00e5rt team av erfarne teknikere, salgsrepresentanter og kundeservice vil i n\u00e6rt samarbeid med v\u00e5r tilpasningsavdeling for spesielle l\u00f8sninger tilpasse stolen eller tilbeh\u00f8ret etter behov.","text_align":"text-center","columns":1},{"_type":"product_slider","title":"Netti Customized rullestole","product_kind":"wheelchairs","wheelchairs":[{"value":"post:wheelchair:12091","type":"post","subtype":"wheelchair","id":"12091"},{"value":"post:wheelchair:12089","type":"post","subtype":"wheelchair","id":"12089"},{"value":"post:wheelchair:14769","type":"post","subtype":"wheelchair","id":"14769"}],"spare_parts":[],"all":[],"hide_info":false},{"_type":"article_slider","title":"Netti Customized tilbeh\u00f8r","show_latest":false,"articles":[{"value":"post:knowledge-article:2784","type":"post","subtype":"knowledge-article","id":"2784"},{"value":"post:knowledge-article:2783","type":"post","subtype":"knowledge-article","id":"2783"},{"value":"post:knowledge-article:2785","type":"post","subtype":"knowledge-article","id":"2785"},{"value":"post:knowledge-article:2782","type":"post","subtype":"knowledge-article","id":"2782"},{"value":"post:knowledge-article:2786","type":"post","subtype":"knowledge-article","id":"2786"}]},{"_type":"media_text","title":"The Netti Method","body":"Ved \u00e5 bruke 'Netti Method', vil du kunne vurdere brukerens behov til en komplett rullestol eller for et spesifikt tilbeh\u00f8r. V\u00e5re salgsrepresentanter og tilpassningseksperter p\u00e5 kundeservice kan hjelpe deg med \u00e5 vurdere behovene og vurdere om det spesifikke behovet kan oppfylles med v\u00e5rt standardprodukt.\r\n\r\nHvis ikke behovet kan l\u00f8ses med standard Netti-produkter, vil vi komme med et spesifikt tilbud for l\u00f8sningen som trengs.","image":"1704","image_link":{"value":"","url":"","anchor":"","blank":"0"},"link":{"value":"","url":"\/the-netti-method\/","anchor":"Les mer om Netti Method","blank":"0"},"circle":false,"direction":"flex-row"}],"app_templates_modules_product_items_product":[],"_links":{"self":[{"href":"https:\/\/www.my-netti.com\/no\/wp-json\/wp\/v2\/pages\/54668","targetHints":{"allow":["GET"]}}],"collection":[{"href":"https:\/\/www.my-netti.com\/no\/wp-json\/wp\/v2\/pages"}],"about":[{"href":"https:\/\/www.my-netti.com\/no\/wp-json\/wp\/v2\/types\/page"}],"author":[{"embeddable":true,"href":"https:\/\/www.my-netti.com\/no\/wp-json\/wp\/v2\/users\/4"}],"replies":[{"embeddable":true,"href":"https:\/\/www.my-netti.com\/no\/wp-json\/wp\/v2\/comments?post=54668"}],"version-history":[{"count":2,"href":"https:\/\/www.my-netti.com\/no\/wp-json\/wp\/v2\/pages\/54668\/revisions"}],"predecessor-version":[{"id":73317,"href":"https:\/\/www.my-netti.com\/no\/wp-json\/wp\/v2\/pages\/54668\/revisions\/73317"}],"wp:attachment":[{"href":"https:\/\/www.my-netti.com\/no\/wp-json\/wp\/v2\/media?parent=54668"}],"curies":[{"name":"wp","href":"https:\/\/api.w.org\/{rel}","templated":true}]}}