{"id":14303,"date":"2020-01-17T08:31:25","date_gmt":"2020-01-17T07:31:25","guid":{"rendered":"https:\/\/www.my-netti.com\/dynamic-seating\/"},"modified":"2020-08-27T13:33:23","modified_gmt":"2020-08-27T11:33:23","slug":"dynamisk-sittelosning","status":"publish","type":"page","link":"https:\/\/www.my-netti.com\/no\/dynamisk-sittelosning\/","title":{"rendered":"Dynamisk sittel\u00f8sning"},"content":{"rendered":"","protected":false},"excerpt":{"rendered":"","protected":false},"author":2,"featured_media":0,"parent":0,"menu_order":3,"comment_status":"closed","ping_status":"closed","template":"views\/template-modules.blade.php","meta":{"_seopress_robots_primary_cat":"","_seopress_titles_title":"","_seopress_titles_desc":"","_seopress_robots_index":"","_relevanssi_hide_post":"","_relevanssi_hide_content":"","_relevanssi_pin_for_all":"","_relevanssi_pin_keywords":"","_relevanssi_unpin_keywords":"","_relevanssi_related_keywords":"","_relevanssi_related_include_ids":"","_relevanssi_related_exclude_ids":"","_relevanssi_related_no_append":"","_relevanssi_related_not_related":"","_relevanssi_related_posts":"","_relevanssi_noindex_reason":"","footnotes":""},"class_list":["post-14303","page","type-page","status-publish","hentry"],"app_templates_compare_top_banner_title":"","app_templates_compare_top_banner_body":"","app_templates_compare_top_banner_image":"","app_templates_compare_top_banner_color":"white","app_templates_compare_top_banner_overlay":true,"app_templates_compare_top_banner_hide":false,"app_templates_cookie_policy_top_banner_title":"","app_templates_cookie_policy_top_banner_body":"","app_templates_cookie_policy_top_banner_image":"","app_templates_cookie_policy_top_banner_color":"white","app_templates_cookie_policy_top_banner_overlay":true,"app_templates_cookie_policy_top_banner_hide":false,"app_templates_home_page_home_banner_slides":[],"app_templates_home_page_home_banner_html":"","app_templates_home_page_link_boxes_boxes":[],"app_templates_home_page_link_boxes_cta_box_show_cta":true,"app_templates_home_page_link_boxes_cta_box_title":"","app_templates_home_page_link_boxes_cta_box_body":"","app_templates_home_page_link_boxes_cta_box_icon":"","app_templates_home_page_link_boxes_cta_box_link":{"value":"","url":"","anchor":"","blank":0},"app_templates_home_page_link_boxes_cta_box_html":"","app_templates_home_page_media_text_box_image":"","app_templates_home_page_media_text_box_full_width":false,"app_templates_home_page_media_text_box_pretitle":"","app_templates_home_page_media_text_box_title":"","app_templates_home_page_media_text_box_body":"","app_templates_home_page_media_text_box_link":{"value":"","url":"","anchor":"","blank":0},"app_templates_home_page_media_text_box_hide":false,"app_templates_home_page_article_slider_title":"Relaterte artikler","app_templates_home_page_article_slider_show_latest":false,"app_templates_home_page_article_slider_articles":[],"app_templates_home_page_product_slider_title":"Relaterte produkter","app_templates_home_page_product_slider_product_kind":"wheelchairs","app_templates_home_page_product_slider_wheelchairs":[],"app_templates_home_page_product_slider_spare_parts":[],"app_templates_home_page_product_slider_all":[],"app_templates_home_page_product_slider_hide_info":false,"app_templates_modules_top_banner_title":" ","app_templates_modules_top_banner_body":"","app_templates_modules_top_banner_image":"2365","app_templates_modules_top_banner_color":"white","app_templates_modules_top_banner_overlay":true,"app_templates_modules_top_banner_hide":false,"app_templates_modules_modules_modules":[{"_type":"content","title":"Hva er en dynamisk sittel\u00f8sning?","content":"En dynamisk sittel\u00f8sning vil im\u00f8tekomme brukerens forlengelsesbevegelser slik at rullestolen fungerer i synergi med bevegelsene. Med Netti Dynamic System kan du opprettholde en god sitteposisjon for brukeren hele dagen - og dermed sikre optimal trykkfordeling ettersom brukeren vil g\u00e5 tilbake til den opprinnelige posisjonen etter en krampe. St\u00f8tteegenskapene under spasmer s\u00f8rger for h\u00f8y brukerniv\u00e5 og forlenger rullestolens levetid.\r\n\r\nNetti Dynamic System er modul\u00e6rt og kan v\u00e6re en komplett dynamisk rullestol eller en tradisjonell rullestol med en eller flere dynamiske komponenter.","text_align":"text-center","columns":1},{"_type":"media_text","title":"Hvorfor velge en dynamisk l\u00f8sning?","body":"<ul>\r\n \t<li>Tillat bevegelse<\/li>\r\n \t<li>Distribuerer krefter<\/li>\r\n \t<li>\u00d8k den totale sittetiden per dag<\/li>\r\n \t<li>\u00d8kt postural kontroll<\/li>\r\n \t<li>Minimer spastisiteten<\/li>\r\n \t<li>\u00d8kt ADL for brukeren<\/li>\r\n \t<li>Lengre levetid for rullestolen<\/li>\r\n<\/ul>","image":"2332","image_link":{"value":"","url":"","anchor":"","blank":"0"},"link":{"value":"","url":"\/no\/kc-no\/malene-med-dynamisk-sittelosning\/\/knowledge-center\/goals-of-dynamic-seating\/","anchor":"M\u00e5lene med dynamisk sittel\u00f8sning","blank":"0"},"circle":false,"direction":"flex-row"},{"_type":"media_text","title":"N\u00e5r du velger en total dynamisk rullestol","body":"En total dynamisk rullestol indikeres n\u00e5r symptomene til brukeren resulterer i ekstensjonsspasmer eller i ufrivillige bevegelser av hele kroppen som ben, hofte \/ rygg og hode.","image":"12502","image_link":{"value":"","url":"","anchor":"","blank":"0"},"link":{"value":"","url":"","anchor":"","blank":"0"},"circle":false,"direction":"flex-row-reverse"},{"_type":"media_text","title":"N\u00e5r du velger en eller to dynamiske komponenter festet til en tradisjonell rullestol","body":"N\u00e5r du velger en eller to dynamiske komponenter festet til en tradisjonell rullestol:\r\n<ul>\r\n \t<li>Hode - Dynamisk hodest\u00f8tte<\/li>\r\n \t<li>Hofte og rygg - Dynamisk rygg<\/li>\r\n \t<li>F\u00f8tter \/ ben - Dynamiske benst\u00f8tter<\/li>\r\n<\/ul>","image":"12494","image_link":{"value":"","url":"","anchor":"","blank":"0"},"link":{"value":"","url":"","anchor":"","blank":"0"},"circle":false,"direction":"flex-row"},{"_type":"image","image":"1257"},{"_type":"media_text","title":"Brukerfordelene med dynamiske sittel\u00f8sninger","body":"Vi i Netti s\u00f8ker alltid \u00e5 forbedre brukerens generelle velv\u00e6re og evne til \u00e5 delta i hverdagen. Sittefordelene med dynamiske l\u00f8sninger er blant andre:\r\n<ul>\r\n \t<li>\u00c5 kunne sitte lengre tid i rullestolen<\/li>\r\n \t<li>Hudbeskyttelse ved \u00e5 minimere utgliding og shear<\/li>\r\n \t<li>Optimal postural holdning som muliggj\u00f8r bedre spise, drikke og respirasjonsfunksjoner<\/li>\r\n \t<li>Mindre smerter<\/li>\r\n<\/ul>","image":"1849","image_link":{"value":"","url":"","anchor":"","blank":"0"},"link":{"value":"","url":"\/no\/kc-no\/fordelene-med-netti-dynamic-system\/","anchor":"Fordelene med dynamiske sittel\u00f8sninger","blank":"0"},"circle":false,"direction":"flex-row-reverse"},{"_type":"media_text","title":"Brukergrupper","body":"Personer som kan dra nytte av dynamiske l\u00f8sninger inkluderer f.eks.\r\n<ul>\r\n \t<li>Dyskinetic CP<\/li>\r\n \t<li>Dystonia<\/li>\r\n \t<li>Chorea Huntington<\/li>\r\n \t<li>Parkinson's disease<\/li>\r\n \t<li>Demential Syndromes<\/li>\r\n \t<li>Traumatic brain injuries (TBI)<\/li>\r\n \t<li>Spinal cord injuries<\/li>\r\n<\/ul>","image":"1841","image_link":{"value":"","url":"","anchor":"","blank":"0"},"link":{"value":"","url":"","anchor":"","blank":"0"},"circle":false,"direction":"flex-row"},{"_type":"media_text","title":"Dokumenterte effekter","body":"Samlet konklusjon fra litteraturs\u00f8ket gjort i 2019, reduserer den dynamiske rullestolen ubehag og smerte, forbedrer sittetoleransen og livskvaliteten for den dynamiske rullestolbrukeren.","image":"1856","image_link":{"value":"","url":"","anchor":"","blank":"0"},"link":{"value":"","url":"\/no\/kc-no\/dokumentert-effekt-av-netti-dynamic-system\/","anchor":"Dokumentert effekt av dynamisk sitteplass","blank":"0"},"circle":false,"direction":"flex-row-reverse"},{"_type":"article_slider","title":"Dynamiske deler","show_latest":false,"articles":[{"value":"post:knowledge-article:232","type":"post","subtype":"knowledge-article","id":"232"},{"value":"post:knowledge-article:2262","type":"post","subtype":"knowledge-article","id":"2262"},{"value":"post:knowledge-article:2268","type":"post","subtype":"knowledge-article","id":"2268"},{"value":"post:knowledge-article:2218","type":"post","subtype":"knowledge-article","id":"2218"}]}],"app_templates_modules_product_items_product":[],"_links":{"self":[{"href":"https:\/\/www.my-netti.com\/no\/wp-json\/wp\/v2\/pages\/14303","targetHints":{"allow":["GET"]}}],"collection":[{"href":"https:\/\/www.my-netti.com\/no\/wp-json\/wp\/v2\/pages"}],"about":[{"href":"https:\/\/www.my-netti.com\/no\/wp-json\/wp\/v2\/types\/page"}],"author":[{"embeddable":true,"href":"https:\/\/www.my-netti.com\/no\/wp-json\/wp\/v2\/users\/2"}],"replies":[{"embeddable":true,"href":"https:\/\/www.my-netti.com\/no\/wp-json\/wp\/v2\/comments?post=14303"}],"version-history":[{"count":9,"href":"https:\/\/www.my-netti.com\/no\/wp-json\/wp\/v2\/pages\/14303\/revisions"}],"predecessor-version":[{"id":57548,"href":"https:\/\/www.my-netti.com\/no\/wp-json\/wp\/v2\/pages\/14303\/revisions\/57548"}],"wp:attachment":[{"href":"https:\/\/www.my-netti.com\/no\/wp-json\/wp\/v2\/media?parent=14303"}],"curies":[{"name":"wp","href":"https:\/\/api.w.org\/{rel}","templated":true}]}}