{"id":44491,"date":"2020-05-29T15:32:24","date_gmt":"2020-05-29T13:32:24","guid":{"rendered":"https:\/\/www.my-netti.com\/what-is-netti-5-seating-steps\/"},"modified":"2020-10-22T11:34:06","modified_gmt":"2020-10-22T09:34:06","slug":"les-5-etapes-du-positionnement","status":"publish","type":"page","link":"https:\/\/www.my-netti.com\/fr\/les-5-etapes-du-positionnement\/","title":{"rendered":"Les 5 \u00e9tapes du positionnement"},"content":{"rendered":"","protected":false},"excerpt":{"rendered":"","protected":false},"author":4,"featured_media":0,"parent":0,"menu_order":5,"comment_status":"closed","ping_status":"closed","template":"views\/template-modules.blade.php","meta":{"_seopress_robots_primary_cat":"","_seopress_titles_title":"","_seopress_titles_desc":"","_seopress_robots_index":"","_relevanssi_hide_post":"","_relevanssi_hide_content":"","_relevanssi_pin_for_all":"","_relevanssi_pin_keywords":"","_relevanssi_unpin_keywords":"","_relevanssi_related_keywords":"","_relevanssi_related_include_ids":"","_relevanssi_related_exclude_ids":"","_relevanssi_related_no_append":"","_relevanssi_related_not_related":"","_relevanssi_related_posts":"","_relevanssi_noindex_reason":"","footnotes":""},"class_list":["post-44491","page","type-page","status-publish","hentry"],"app_templates_compare_top_banner_title":"","app_templates_compare_top_banner_body":"","app_templates_compare_top_banner_image":"","app_templates_compare_top_banner_color":"white","app_templates_compare_top_banner_overlay":true,"app_templates_compare_top_banner_hide":false,"app_templates_cookie_policy_top_banner_title":"","app_templates_cookie_policy_top_banner_body":"","app_templates_cookie_policy_top_banner_image":"","app_templates_cookie_policy_top_banner_color":"white","app_templates_cookie_policy_top_banner_overlay":true,"app_templates_cookie_policy_top_banner_hide":false,"app_templates_home_page_home_banner_slides":[],"app_templates_home_page_home_banner_html":"","app_templates_home_page_link_boxes_boxes":[],"app_templates_home_page_link_boxes_cta_box_show_cta":true,"app_templates_home_page_link_boxes_cta_box_title":"","app_templates_home_page_link_boxes_cta_box_body":"","app_templates_home_page_link_boxes_cta_box_icon":"","app_templates_home_page_link_boxes_cta_box_link":{"value":"","url":"","anchor":"","blank":0},"app_templates_home_page_link_boxes_cta_box_html":"","app_templates_home_page_media_text_box_image":"","app_templates_home_page_media_text_box_full_width":false,"app_templates_home_page_media_text_box_pretitle":"","app_templates_home_page_media_text_box_title":"","app_templates_home_page_media_text_box_body":"","app_templates_home_page_media_text_box_link":{"value":"","url":"","anchor":"","blank":0},"app_templates_home_page_media_text_box_hide":false,"app_templates_home_page_article_slider_title":"Articles connexes","app_templates_home_page_article_slider_show_latest":false,"app_templates_home_page_article_slider_articles":[],"app_templates_home_page_product_slider_title":"Produits apparent\u00e9s","app_templates_home_page_product_slider_product_kind":"wheelchairs","app_templates_home_page_product_slider_wheelchairs":[],"app_templates_home_page_product_slider_spare_parts":[],"app_templates_home_page_product_slider_all":[],"app_templates_home_page_product_slider_hide_info":false,"app_templates_modules_top_banner_title":" ","app_templates_modules_top_banner_body":"","app_templates_modules_top_banner_image":"31777","app_templates_modules_top_banner_color":"darkest","app_templates_modules_top_banner_overlay":false,"app_templates_modules_top_banner_hide":false,"app_templates_modules_modules_modules":[{"_type":"content","title":"Quelles sont les 5 \u00e9tapes du positionnement?","content":"La m\u00e9thode des 5 \u00e9tapes du positionnement Netti\u00a0 est un outil qui vous aide \u00e0 cr\u00e9er une solution optimale en mati\u00e8re d'assise. Il vous aidera \u00e0 mettre les connaissances du Netti Campus en pratique.","text_align":"text-center","columns":1},{"_type":"media_text","title":"Les 5 \u00e9tapes du positionnement Netti","body":"Les \u00e9tapes \u00e0 suivre pour cr\u00e9er une solution optimale en mati\u00e8re d'assise sont les suivantes :\r\n<ol>\r\n \t<li>Clarifier les attentes et les d\u00e9fis<\/li>\r\n \t<li>Observer et \u00e9valuer la situation de l'utilisateur<\/li>\r\n \t<li>D\u00e9finir une strat\u00e9gie de positionnement et fixer des objectifs SMART<\/li>\r\n \t<li>Configurer une solution d'assise<\/li>\r\n \t<li>Evaluer<\/li>\r\n<\/ol>","image":"43613","image_link":{"value":"","url":"","anchor":"","blank":"0"},"link":{"value":"","url":"\/app\/uploads\/2020\/04\/Questionnaire-5-\u00e9tapes-Positionnement-long-FR_Mars-2020-003.pdf","anchor":"Questionnaire 5 \u00e9tapes Positionnement Netti","blank":"0"},"circle":false,"direction":"flex-row"},{"_type":"media_text","title":"Clarifier les attentes et les d\u00e9fis","body":"D\u00e9crivez les attentes et les d\u00e9fis de l'utilisateur\/du soignant concernant :\r\n<ul>\r\n \t<li>Situations de repos \/ \u00e9tente<\/li>\r\n \t<li>Mouvements de la motricit\u00e9 fine<\/li>\r\n \t<li>Motricit\u00e9 brute<\/li>\r\n \t<li>Protection de la peau<\/li>\r\n<\/ul>","image":"43629","image_link":{"value":"","url":"","anchor":"","blank":"0"},"link":{"value":"","url":"","anchor":"","blank":"0"},"circle":false,"direction":"flex-row"},{"_type":"media_text","title":"Observer et \u00e9valuer la situation de l'utilisateur","body":"<ul>\r\n \t<li>D\u00e9crivez la solution d'assise et la position actuelles<\/li>\r\n \t<li>D\u00e9crire la qualit\u00e9 des fonctions de motricit\u00e9 fine et de motricit\u00e9 globale<\/li>\r\n \t<li>Prendre les mesures<\/li>\r\n \t<li>D\u00e9crire l'\u00e9tat de la peau et l'environnement<\/li>\r\n \t<li>Evaluer la mobilit\u00e9 et la stabilit\u00e9<\/li>\r\n<\/ul>","image":"43660","image_link":{"value":"","url":"","anchor":"","blank":"0"},"link":{"value":"","url":"","anchor":"","blank":"0"},"circle":false,"direction":"flex-row"},{"_type":"media_text","title":"D\u00e9finir une strat\u00e9gie de positionnement et fixer des objectifs SMART","body":"D\u00e9crivez les exigences posturales de l'utilisateur pour :\r\n<ul>\r\n \t<li>Situations de repos \/ d\u00e9tente<\/li>\r\n \t<li>Mouvements de la motricit\u00e9 fine<\/li>\r\n \t<li>Mouvements moteurs bruts<\/li>\r\n \t<li>Protection de la peau<\/li>\r\n<\/ul>\r\nEt d\u00e9finir des objectifs qui soient\r\n<ul>\r\n \t<li>Sp\u00e9cifiques<\/li>\r\n \t<li>Mesurables<\/li>\r\n \t<li>Accept\u00e9s<\/li>\r\n \t<li>R\u00e9alistes<\/li>\r\n \t<li>Mesurables dans le temps<\/li>\r\n<\/ul>","image":"43653","image_link":{"value":"","url":"","anchor":"","blank":"0"},"link":{"value":"","url":"","anchor":"","blank":"0"},"circle":false,"direction":"flex-row"},{"_type":"media_text","title":"Configurer une solution d'assise","body":"<ul>\r\n \t<li>Comment atteindre les objectifs<\/li>\r\n \t<li>Quel fauteuil choisir<\/li>\r\n \t<li>Quels accessoires utiliser<\/li>\r\n<\/ul>","image":"43646","image_link":{"value":"","url":"","anchor":"","blank":"0"},"link":{"value":"","url":"","anchor":"","blank":"0"},"circle":false,"direction":"flex-row"},{"_type":"media_text","title":"Evaluer","body":"<ul>\r\n \t<li>Les attentes et objectifs ont-ils \u00e9t\u00e9 atteints ? Revoir les \u00e9tapes 1 et 3<\/li>\r\n \t<li>Envisager une autre approche<\/li>\r\n<\/ul>","image":"43639","image_link":{"value":"","url":"","anchor":"","blank":"0"},"link":{"value":"","url":"","anchor":"","blank":"0"},"circle":false,"direction":"flex-row"}],"app_templates_modules_product_items_product":[],"_links":{"self":[{"href":"https:\/\/www.my-netti.com\/fr\/wp-json\/wp\/v2\/pages\/44491","targetHints":{"allow":["GET"]}}],"collection":[{"href":"https:\/\/www.my-netti.com\/fr\/wp-json\/wp\/v2\/pages"}],"about":[{"href":"https:\/\/www.my-netti.com\/fr\/wp-json\/wp\/v2\/types\/page"}],"author":[{"embeddable":true,"href":"https:\/\/www.my-netti.com\/fr\/wp-json\/wp\/v2\/users\/4"}],"replies":[{"embeddable":true,"href":"https:\/\/www.my-netti.com\/fr\/wp-json\/wp\/v2\/comments?post=44491"}],"version-history":[{"count":5,"href":"https:\/\/www.my-netti.com\/fr\/wp-json\/wp\/v2\/pages\/44491\/revisions"}],"predecessor-version":[{"id":61255,"href":"https:\/\/www.my-netti.com\/fr\/wp-json\/wp\/v2\/pages\/44491\/revisions\/61255"}],"wp:attachment":[{"href":"https:\/\/www.my-netti.com\/fr\/wp-json\/wp\/v2\/media?parent=44491"}],"curies":[{"name":"wp","href":"https:\/\/api.w.org\/{rel}","templated":true}]}}