{"id":35424,"date":"2020-01-17T08:31:25","date_gmt":"2020-01-17T07:31:25","guid":{"rendered":"https:\/\/www.my-netti.com\/dynamic-seating\/"},"modified":"2020-06-23T09:32:34","modified_gmt":"2020-06-23T07:32:34","slug":"lassise-dynamic","status":"publish","type":"page","link":"https:\/\/www.my-netti.com\/fr\/lassise-dynamic\/","title":{"rendered":"L&#8217;assise Dynamic"},"content":{"rendered":"","protected":false},"excerpt":{"rendered":"","protected":false},"author":2,"featured_media":0,"parent":0,"menu_order":3,"comment_status":"closed","ping_status":"closed","template":"views\/template-modules.blade.php","meta":{"_seopress_robots_primary_cat":"","_seopress_titles_title":"","_seopress_titles_desc":"","_seopress_robots_index":"","_relevanssi_hide_post":"","_relevanssi_hide_content":"","_relevanssi_pin_for_all":"","_relevanssi_pin_keywords":"","_relevanssi_unpin_keywords":"","_relevanssi_related_keywords":"","_relevanssi_related_include_ids":"","_relevanssi_related_exclude_ids":"","_relevanssi_related_no_append":"","_relevanssi_related_not_related":"","_relevanssi_related_posts":"","_relevanssi_noindex_reason":"","footnotes":""},"class_list":["post-35424","page","type-page","status-publish","hentry"],"app_templates_compare_top_banner_title":"","app_templates_compare_top_banner_body":"","app_templates_compare_top_banner_image":"","app_templates_compare_top_banner_color":"white","app_templates_compare_top_banner_overlay":true,"app_templates_compare_top_banner_hide":false,"app_templates_cookie_policy_top_banner_title":"","app_templates_cookie_policy_top_banner_body":"","app_templates_cookie_policy_top_banner_image":"","app_templates_cookie_policy_top_banner_color":"white","app_templates_cookie_policy_top_banner_overlay":true,"app_templates_cookie_policy_top_banner_hide":false,"app_templates_home_page_home_banner_slides":[],"app_templates_home_page_home_banner_html":"","app_templates_home_page_link_boxes_boxes":[],"app_templates_home_page_link_boxes_cta_box_show_cta":true,"app_templates_home_page_link_boxes_cta_box_title":"","app_templates_home_page_link_boxes_cta_box_body":"","app_templates_home_page_link_boxes_cta_box_icon":"","app_templates_home_page_link_boxes_cta_box_link":{"value":"","url":"","anchor":"","blank":0},"app_templates_home_page_link_boxes_cta_box_html":"","app_templates_home_page_media_text_box_image":"","app_templates_home_page_media_text_box_full_width":false,"app_templates_home_page_media_text_box_pretitle":"","app_templates_home_page_media_text_box_title":"","app_templates_home_page_media_text_box_body":"","app_templates_home_page_media_text_box_link":{"value":"","url":"","anchor":"","blank":0},"app_templates_home_page_media_text_box_hide":false,"app_templates_home_page_article_slider_title":"Articles connexes","app_templates_home_page_article_slider_show_latest":false,"app_templates_home_page_article_slider_articles":[],"app_templates_home_page_product_slider_title":"Produits apparent\u00e9s","app_templates_home_page_product_slider_product_kind":"wheelchairs","app_templates_home_page_product_slider_wheelchairs":[],"app_templates_home_page_product_slider_spare_parts":[],"app_templates_home_page_product_slider_all":[],"app_templates_home_page_product_slider_hide_info":false,"app_templates_modules_top_banner_title":" ","app_templates_modules_top_banner_body":"","app_templates_modules_top_banner_image":"2365","app_templates_modules_top_banner_color":"white","app_templates_modules_top_banner_overlay":false,"app_templates_modules_top_banner_hide":false,"app_templates_modules_modules_modules":[{"_type":"content","title":"Que signifie l\u2019assise Dynamic","content":"La plaque d\u2019assise Dynamic va permettre au fauteuil d\u2019accompagner, par un effet de synergie, les sch\u00e9mas d\u2019extension de l\u2019utilisateur. Gr\u00e2ce au fauteuil Dynamic, il est possible d\u2019assurer un bon positionnement et une bonne assise de l\u2019utilisateur tout au long de la journ\u00e9e. Cela induit une meilleure r\u00e9partition des pressions puisque l\u2019utilisateur revient \u00e0 sa position initiale apr\u00e8s une crise spastique. Le support garanti durant les spasmes permet une meilleure acceptation par l\u2019utilisateur. Par ailleurs, le risque d\u2019endommager le fauteuil est bien moindre ce qui accro\u00eet la durabilit\u00e9 du fauteuil.\r\n\r\nLe fauteuil Dynamic System est modulable et offre plusieurs solutions \u00e0 l\u2019utilisateur en fonction de ses besoins :\r\n-le fauteuil peut \u00eatre enti\u00e8rement \u00e9quip\u00e9 et former un syst\u00e8me Dynamic complet,\r\n-il est aussi possible d'\u00e9quiper un fauteuil traditionnel\u00a0 d\u2019un seul ou plusieurs \u00e9l\u00e9ments Dynamic.","text_align":"text-center","columns":1},{"_type":"product_slider","title":"Les fauteuils Dynamic complets","product_kind":"wheelchairs","wheelchairs":[{"value":"post:wheelchair:370","type":"post","subtype":"wheelchair","id":"370"},{"value":"post:wheelchair:380","type":"post","subtype":"wheelchair","id":"380"},{"value":"post:wheelchair:381","type":"post","subtype":"wheelchair","id":"381"},{"value":"post:wheelchair:383","type":"post","subtype":"wheelchair","id":"383"}],"spare_parts":[],"all":[],"hide_info":false},{"_type":"media_text","title":"Pourquoi choisir un fauteuil Dynamic","body":"<ul>\r\n \t<li>Permettre davantage de mouvements<\/li>\r\n \t<li>Mieux r\u00e9partir les forces<\/li>\r\n \t<li>Accro\u00eetre le temps d\u2019assise par jour<\/li>\r\n \t<li>Am\u00e9liorer le contr\u00f4le postural<\/li>\r\n \t<li>Limiter la spasticit\u00e9<\/li>\r\n \t<li>Am\u00e9liorer la qualit\u00e9 de vie au quotidien<\/li>\r\n \t<li>Assurer une durabilit\u00e9 plus longue du fauteuil<\/li>\r\n<\/ul>","image":"2332","image_link":{"value":"","url":"","anchor":"","blank":"0"},"link":{"value":"","url":"\/fr\/knowledge-center\/les-objectifs-de-lassise-dynamique\/","anchor":"Les objectifs de l\u2019assise dynamique","blank":"0"},"circle":false,"direction":"flex-row"},{"_type":"media_text","title":"Dans quels cas utiliser un fauteuil Dynamic complet","body":"Un fauteuil Dynamic <strong>complet<\/strong> est indiqu\u00e9 lorsque les sympt\u00f4mes de l\u2019utilisateur provoquent un sch\u00e9ma d\u2019extension total ou des mouvements involontaires du bassin\/dos et \u00e9ventuellement des jambes et de la t\u00eate.","image":"12502","image_link":{"value":"","url":"","anchor":"","blank":"0"},"link":{"value":"","url":"","anchor":"","blank":"0"},"circle":false,"direction":"flex-row-reverse"},{"_type":"media_text","title":"Dans quels cas choisir des composants Dynamic sur un fauteuil traditionnel","body":"Si les sympt\u00f4mes de l\u2019utilisateur sont des mouvements involontaires d\u2019une ou deux zones :\r\n<ul>\r\n \t<li>T\u00eate\u00a0: appui-t\u00eate Dynamic<\/li>\r\n \t<li>Dos\u00a0: dossier Dynamic<\/li>\r\n \t<li>Pieds\/jambes\u00a0: rel\u00e8ve-jambes Dynamic<\/li>\r\n<\/ul>","image":"12494","image_link":{"value":"","url":"","anchor":"","blank":"0"},"link":{"value":"","url":"","anchor":"","blank":"0"},"circle":false,"direction":"flex-row"},{"_type":"image","image":"1257"},{"_type":"media_text","title":"Les avantages de la plaque d\u2019assise Dynamic pour l\u2019utilisateur","body":"Notre but, chez Netti, est de toujours chercher \u00e0 am\u00e9liorer le bien-\u00eatre de l\u2019utilisateur et sa capacit\u00e9 \u00e0 participer aux activit\u00e9s de la vie de tous les jours. Un fauteuil \u00e9quip\u00e9 d\u2019une plaque d\u2019assise Dynamic permettra \u00e0 l\u2019utilisateur de :\r\n<ul>\r\n \t<li>Rester assis plus longtemps<\/li>\r\n \t<li>Prot\u00e9ger sa peau en limitant le glissement et le cisaillement<\/li>\r\n \t<li>Favoriser la position optimale qui facilitera les capacit\u00e9s \u00e0 manger, boire et respirer<\/li>\r\n \t<li>Diminuer la douleur<\/li>\r\n<\/ul>","image":"1849","image_link":{"value":"","url":"","anchor":"","blank":"0"},"link":{"value":"","url":"\/fr\/knowledge-center\/les-avantages-du-netti-dynamic-system\/","anchor":"Les avantages du Netti Dynamic System","blank":"0"},"circle":false,"direction":"flex-row-reverse"},{"_type":"media_text","title":"Qui sont les utilisateurs","body":"Les personnes pouvant b\u00e9n\u00e9ficier des fauteuils Dynamic sont les utilisateurs souffrant de:\r\n<ul>\r\n \t<li>Paralysie C\u00e9r\u00e9brale Dyskin\u00e9tique<\/li>\r\n \t<li>Dystonie<\/li>\r\n \t<li>Chor\u00e9e de Huntington<\/li>\r\n \t<li>Maladie de Parkinson<\/li>\r\n \t<li>Syndromes d\u00e9mentiels<\/li>\r\n \t<li>L\u00e9sions c\u00e9r\u00e9brales traumatiques<\/li>\r\n \t<li>L\u00e9sions m\u00e9dullaires<\/li>\r\n<\/ul>","image":"1841","image_link":{"value":"","url":"","anchor":"","blank":"0"},"link":{"value":"","url":"","anchor":"","blank":"0"},"circle":false,"direction":"flex-row"},{"_type":"media_text","title":"Effets document\u00e9s","body":"Les conclusions des publications men\u00e9es en 2019 d\u00e9montrent que le fauteuil Dynamic r\u00e9duit les niveaux de douleur et de g\u00eane, am\u00e9liore l\u2019assise et la qualit\u00e9 de vie de ses utilisateurs.","image":"1856","image_link":{"value":"","url":"","anchor":"","blank":"0"},"link":{"value":"","url":"\/fr\/knowledge-center\/effets-documentes\/","anchor":"Effets document\u00e9s dynamic","blank":"0"},"circle":false,"direction":"flex-row-reverse"},{"_type":"article_slider","title":"Les \u00e9l\u00e9ments \"Dynamic\"","show_latest":false,"articles":[{"value":"post:knowledge-article:232","type":"post","subtype":"knowledge-article","id":"232"},{"value":"post:knowledge-article:2262","type":"post","subtype":"knowledge-article","id":"2262"},{"value":"post:knowledge-article:2268","type":"post","subtype":"knowledge-article","id":"2268"},{"value":"post:knowledge-article:2218","type":"post","subtype":"knowledge-article","id":"2218"}]}],"app_templates_modules_product_items_product":[],"_links":{"self":[{"href":"https:\/\/www.my-netti.com\/fr\/wp-json\/wp\/v2\/pages\/35424","targetHints":{"allow":["GET"]}}],"collection":[{"href":"https:\/\/www.my-netti.com\/fr\/wp-json\/wp\/v2\/pages"}],"about":[{"href":"https:\/\/www.my-netti.com\/fr\/wp-json\/wp\/v2\/types\/page"}],"author":[{"embeddable":true,"href":"https:\/\/www.my-netti.com\/fr\/wp-json\/wp\/v2\/users\/2"}],"replies":[{"embeddable":true,"href":"https:\/\/www.my-netti.com\/fr\/wp-json\/wp\/v2\/comments?post=35424"}],"version-history":[{"count":7,"href":"https:\/\/www.my-netti.com\/fr\/wp-json\/wp\/v2\/pages\/35424\/revisions"}],"predecessor-version":[{"id":54945,"href":"https:\/\/www.my-netti.com\/fr\/wp-json\/wp\/v2\/pages\/35424\/revisions\/54945"}],"wp:attachment":[{"href":"https:\/\/www.my-netti.com\/fr\/wp-json\/wp\/v2\/media?parent=35424"}],"curies":[{"name":"wp","href":"https:\/\/api.w.org\/{rel}","templated":true}]}}