{"id":32768,"date":"2020-01-07T14:46:07","date_gmt":"2020-02-07T12:19:24","guid":{"rendered":"https:\/\/www.my-netti.com\/netti-5-seating-steps-guide\/"},"modified":"2020-06-23T09:25:00","modified_gmt":"2020-06-23T07:25:00","slug":"guide-des-5-etapes-du-positionnement-netti","status":"publish","type":"page","link":"https:\/\/www.my-netti.com\/fr\/guide-des-5-etapes-du-positionnement-netti\/","title":{"rendered":"Guide des 5 \u00e9tapes du positionnement Netti"},"content":{"rendered":"","protected":false},"excerpt":{"rendered":"","protected":false},"author":4,"featured_media":15157,"parent":0,"menu_order":7,"comment_status":"closed","ping_status":"closed","template":"views\/template-modules.blade.php","meta":{"_seopress_robots_primary_cat":"","_seopress_titles_title":"","_seopress_titles_desc":"","_seopress_robots_index":"","_relevanssi_hide_post":"","_relevanssi_hide_content":"","_relevanssi_pin_for_all":"","_relevanssi_pin_keywords":"","_relevanssi_unpin_keywords":"","_relevanssi_related_keywords":"","_relevanssi_related_include_ids":"","_relevanssi_related_exclude_ids":"","_relevanssi_related_no_append":"","_relevanssi_related_not_related":"","_relevanssi_related_posts":"","_relevanssi_noindex_reason":"","footnotes":""},"class_list":["post-32768","page","type-page","status-publish","has-post-thumbnail","hentry"],"app_templates_compare_top_banner_title":"","app_templates_compare_top_banner_body":"","app_templates_compare_top_banner_image":"","app_templates_compare_top_banner_color":"white","app_templates_compare_top_banner_overlay":true,"app_templates_compare_top_banner_hide":false,"app_templates_cookie_policy_top_banner_title":"","app_templates_cookie_policy_top_banner_body":"","app_templates_cookie_policy_top_banner_image":"","app_templates_cookie_policy_top_banner_color":"white","app_templates_cookie_policy_top_banner_overlay":true,"app_templates_cookie_policy_top_banner_hide":false,"app_templates_home_page_home_banner_slides":[],"app_templates_home_page_home_banner_html":"","app_templates_home_page_link_boxes_boxes":[],"app_templates_home_page_link_boxes_cta_box_show_cta":true,"app_templates_home_page_link_boxes_cta_box_title":"","app_templates_home_page_link_boxes_cta_box_body":"","app_templates_home_page_link_boxes_cta_box_icon":"","app_templates_home_page_link_boxes_cta_box_link":{"value":"","url":"","anchor":"","blank":0},"app_templates_home_page_link_boxes_cta_box_html":"","app_templates_home_page_media_text_box_image":"","app_templates_home_page_media_text_box_full_width":false,"app_templates_home_page_media_text_box_pretitle":"","app_templates_home_page_media_text_box_title":"","app_templates_home_page_media_text_box_body":"","app_templates_home_page_media_text_box_link":{"value":"","url":"","anchor":"","blank":0},"app_templates_home_page_media_text_box_hide":false,"app_templates_home_page_article_slider_title":"Articles connexes","app_templates_home_page_article_slider_show_latest":false,"app_templates_home_page_article_slider_articles":[],"app_templates_home_page_product_slider_title":"Produits apparent\u00e9s","app_templates_home_page_product_slider_product_kind":"wheelchairs","app_templates_home_page_product_slider_wheelchairs":[],"app_templates_home_page_product_slider_spare_parts":[],"app_templates_home_page_product_slider_all":[],"app_templates_home_page_product_slider_hide_info":false,"app_templates_modules_top_banner_title":" ","app_templates_modules_top_banner_body":"","app_templates_modules_top_banner_image":"31798","app_templates_modules_top_banner_color":"white","app_templates_modules_top_banner_overlay":false,"app_templates_modules_top_banner_hide":false,"app_templates_modules_modules_modules":[{"_type":"media_text","title":"Guide des 5 Etapes du Positionnement Netti ","body":"Netti est l\u2019expert du confort et du positionnement. Gr\u00e2ce \u00e0 cette expertise et \u00e0 la m\u00e9thode Netti, nous avons d\u00e9velopp\u00e9 des comp\u00e9tences et fix\u00e9 des standards dont nous souhaitons faire b\u00e9n\u00e9ficier nos diff\u00e9rents interlocuteurs, internes et externes. Nous avons cr\u00e9\u00e9 pour cela le Campus Netti qui intervient comme une plateforme de partage et de mise en pratique du concept Netti des 5 \u00e9tapes du positionnement. Nous mettons, par ailleurs, \u00e0 disposition un questionnaire qui permet une meilleure prise en charge globale de l\u2019utilisateur. Ce concept et cette approche sont int\u00e9gr\u00e9s \u00e0 nos programmes de formation pour vous accompagner efficacement dans leur mise en application.","image":"43616","image_link":{"value":"","url":"\/app\/uploads\/2020\/04\/Questionnaire-5-\u00e9tapes-Positionnement-long-FR_Mars-2020-003.pdf","anchor":"","blank":"0"},"link":{"value":"","url":"\/app\/uploads\/2020\/04\/Questionnaire-5-\u00e9tapes-Positionnement-long-FR_Mars-2020-003.pdf","anchor":"Questionnaire 5 \u00e9tapes Positionnement Netti","blank":"0"},"circle":false,"direction":"flex-row"},{"_type":"content","title":"","content":"<h4>Les 5 \u00e9tapes du positionnement Netti<\/h4>\r\nLes \u00e9tapes \u00e0 suivre pour cr\u00e9er une solution optimale en mati\u00e8re d'assise sont les suivantes :\r\n<ol>\r\n \t<li>Clarifier les attentes et les d\u00e9fis<\/li>\r\n \t<li>Observer et \u00e9valuer la situation de l'utilisateur<\/li>\r\n \t<li>D\u00e9finir une strat\u00e9gie de positionnement et fixer des objectifs SMART<\/li>\r\n \t<li>Configurer une solution d'assise<\/li>\r\n \t<li>Evaluer<\/li>\r\n<\/ol>","text_align":"text-left","columns":1}],"app_templates_modules_product_items_product":[],"_links":{"self":[{"href":"https:\/\/www.my-netti.com\/fr\/wp-json\/wp\/v2\/pages\/32768","targetHints":{"allow":["GET"]}}],"collection":[{"href":"https:\/\/www.my-netti.com\/fr\/wp-json\/wp\/v2\/pages"}],"about":[{"href":"https:\/\/www.my-netti.com\/fr\/wp-json\/wp\/v2\/types\/page"}],"author":[{"embeddable":true,"href":"https:\/\/www.my-netti.com\/fr\/wp-json\/wp\/v2\/users\/4"}],"replies":[{"embeddable":true,"href":"https:\/\/www.my-netti.com\/fr\/wp-json\/wp\/v2\/comments?post=32768"}],"version-history":[{"count":12,"href":"https:\/\/www.my-netti.com\/fr\/wp-json\/wp\/v2\/pages\/32768\/revisions"}],"predecessor-version":[{"id":54941,"href":"https:\/\/www.my-netti.com\/fr\/wp-json\/wp\/v2\/pages\/32768\/revisions\/54941"}],"wp:featuredmedia":[{"embeddable":true,"href":"https:\/\/www.my-netti.com\/fr\/wp-json\/wp\/v2\/media\/15157"}],"wp:attachment":[{"href":"https:\/\/www.my-netti.com\/fr\/wp-json\/wp\/v2\/media?parent=32768"}],"curies":[{"name":"wp","href":"https:\/\/api.w.org\/{rel}","templated":true}]}}