{"id":32758,"date":"2020-01-17T08:31:43","date_gmt":"2020-01-17T07:31:43","guid":{"rendered":"https:\/\/www.my-netti.com\/the-netti-method\/"},"modified":"2020-06-23T09:29:16","modified_gmt":"2020-06-23T07:29:16","slug":"la-methode-netti","status":"publish","type":"page","link":"https:\/\/www.my-netti.com\/fr\/la-methode-netti\/","title":{"rendered":"La M\u00e9thode Netti"},"content":{"rendered":"","protected":false},"excerpt":{"rendered":"","protected":false},"author":2,"featured_media":0,"parent":0,"menu_order":5,"comment_status":"closed","ping_status":"closed","template":"views\/template-modules.blade.php","meta":{"_seopress_robots_primary_cat":"","_seopress_titles_title":"","_seopress_titles_desc":"","_seopress_robots_index":"","_relevanssi_hide_post":"","_relevanssi_hide_content":"","_relevanssi_pin_for_all":"","_relevanssi_pin_keywords":"","_relevanssi_unpin_keywords":"","_relevanssi_related_keywords":"","_relevanssi_related_include_ids":"","_relevanssi_related_exclude_ids":"","_relevanssi_related_no_append":"","_relevanssi_related_not_related":"","_relevanssi_related_posts":"","_relevanssi_noindex_reason":"","footnotes":""},"class_list":["post-32758","page","type-page","status-publish","hentry"],"app_templates_compare_top_banner_title":"","app_templates_compare_top_banner_body":"","app_templates_compare_top_banner_image":"","app_templates_compare_top_banner_color":"white","app_templates_compare_top_banner_overlay":true,"app_templates_compare_top_banner_hide":false,"app_templates_cookie_policy_top_banner_title":"","app_templates_cookie_policy_top_banner_body":"","app_templates_cookie_policy_top_banner_image":"","app_templates_cookie_policy_top_banner_color":"white","app_templates_cookie_policy_top_banner_overlay":true,"app_templates_cookie_policy_top_banner_hide":false,"app_templates_home_page_home_banner_slides":[],"app_templates_home_page_home_banner_html":"","app_templates_home_page_link_boxes_boxes":[],"app_templates_home_page_link_boxes_cta_box_show_cta":true,"app_templates_home_page_link_boxes_cta_box_title":"","app_templates_home_page_link_boxes_cta_box_body":"","app_templates_home_page_link_boxes_cta_box_icon":"","app_templates_home_page_link_boxes_cta_box_link":{"value":"","url":"","anchor":"","blank":0},"app_templates_home_page_link_boxes_cta_box_html":"","app_templates_home_page_media_text_box_image":"","app_templates_home_page_media_text_box_full_width":false,"app_templates_home_page_media_text_box_pretitle":"","app_templates_home_page_media_text_box_title":"","app_templates_home_page_media_text_box_body":"","app_templates_home_page_media_text_box_link":{"value":"","url":"","anchor":"","blank":0},"app_templates_home_page_media_text_box_hide":false,"app_templates_home_page_article_slider_title":"Articles connexes","app_templates_home_page_article_slider_show_latest":false,"app_templates_home_page_article_slider_articles":[],"app_templates_home_page_product_slider_title":"Produits apparent\u00e9s","app_templates_home_page_product_slider_product_kind":"wheelchairs","app_templates_home_page_product_slider_wheelchairs":[],"app_templates_home_page_product_slider_spare_parts":[],"app_templates_home_page_product_slider_all":[],"app_templates_home_page_product_slider_hide_info":false,"app_templates_modules_top_banner_title":" ","app_templates_modules_top_banner_body":"","app_templates_modules_top_banner_image":"31777","app_templates_modules_top_banner_color":"white","app_templates_modules_top_banner_overlay":false,"app_templates_modules_top_banner_hide":false,"app_templates_modules_modules_modules":[{"_type":"content","title":"La M\u00e9thode Netti ","content":"<div class=\"\">\r\n\r\nLa m\u00e9thode Netti a \u00e9t\u00e9 cr\u00e9\u00e9e pour garantir les meilleures positions d\u2019assise \u00e0 chaque utilisateur. Le choix d\u2019un bon fauteuil et de bons accessoires va impacter consid\u00e9rablement la personne qui d\u00e9pend de son fauteuil pour rester active ou participer aux activit\u00e9s sociales. En effet, une bonne position d\u2019assise permettra \u00e0 l\u2019utilisateur de rester actif, de socialiser davantage et contribuera ainsi \u00e0 une meilleure qualit\u00e9 de vie au quotidien.\r\n\r\nLa m\u00e9thode Netti est compos\u00e9e d\u2019un \u00ab\u00a0centre des connaissances\u00a0\u00bb et des \u00ab\u00a05 \u00e9tapes du positionnement\u00a0\u00bb.\r\n\r\n<\/div>","text_align":"text-center","columns":1},{"_type":"image","image":"43583"},{"_type":"media_text","title":"Le Centre des Connaissances","body":"Le \u201ccentre des connaissances\u201d est la base de la M\u00e9thode Netti\u00a0; il se d\u00e9cline en 4 param\u00e8tres importants\u00a0:\r\n<ul>\r\n \t<li>L\u2019environnement<\/li>\r\n \t<li>La situation de l\u2019utilisateur<\/li>\r\n \t<li>Le positionnement<\/li>\r\n \t<li>La solution d\u2019assise<\/li>\r\n<\/ul>\r\nIl est important que tous les acteurs\u00a0: fabricant, dealers et th\u00e9rapeutes, puissent disposer d\u2019une bonne connaissance des ces param\u00e8tres pour pouvoir proposer la meilleure solution d\u2019assise possible.","image":"39039","image_link":{"value":"","url":"","anchor":"","blank":"0"},"link":{"value":"","url":"","anchor":"","blank":"0"},"circle":false,"direction":"flex-row"},{"_type":"media_text","title":"5 Etapes du Positionnement Netti","body":"Lorsque la base est solide, il devient alors possible de cr\u00e9er et proposer la solution d\u2019assise optimale en suivant les \u00ab\u00a05 \u00e9tapes du positionnement\u00a0\u00bb de Netti. Il s\u2019agit alors de suivre une \u00e9tape apr\u00e8s l\u2019autre afin de tendre vers la meilleure solution pour l\u2019utilisateur.\r\n<ol>\r\n \t<li>D\u00e9finir les attentes<\/li>\r\n \t<li>Observer et \u00e9valuer<\/li>\r\n \t<li>\u00c9tablir la strat\u00e9gie et les objectifs<\/li>\r\n \t<li>Configurer<\/li>\r\n \t<li>Evaluer les solutions<\/li>\r\n<\/ol>","image":"43616","image_link":{"value":"","url":"","anchor":"","blank":"0"},"link":{"value":"","url":"\/app\/uploads\/2020\/04\/Questionnaire-5-%C3%A9tapes-Positionnement-long-FR_Mars-2020-003.pdf","anchor":"Guide des 5 Etapes du Positionnement Netti ","blank":"0"},"circle":false,"direction":"flex-row"},{"_type":"media_text","title":"Netti Campus","body":"Avec Netti Campus nous partageons nos connaissances sous formes de s\u00e9minaires, webinaires et de ressources en ligne.\u00a0 Nous avons s\u00e9par\u00e9s nos connaissances dans les principaux domaines suivants :\r\n<ul>\r\n \t<li>L'environnement<\/li>\r\n \t<li>La situation de l\u2019utilisateur<\/li>\r\n \t<li>Le positionnement<\/li>\r\n \t<li>Les produits<\/li>\r\n<\/ul>","image":"44386","image_link":{"value":"","url":"","anchor":"","blank":"0"},"link":{"value":"","url":"\/fr\/sur-netti-campus\/","anchor":"Sur Netti Campus","blank":"0"},"circle":false,"direction":"flex-row"}],"app_templates_modules_product_items_product":[],"_links":{"self":[{"href":"https:\/\/www.my-netti.com\/fr\/wp-json\/wp\/v2\/pages\/32758","targetHints":{"allow":["GET"]}}],"collection":[{"href":"https:\/\/www.my-netti.com\/fr\/wp-json\/wp\/v2\/pages"}],"about":[{"href":"https:\/\/www.my-netti.com\/fr\/wp-json\/wp\/v2\/types\/page"}],"author":[{"embeddable":true,"href":"https:\/\/www.my-netti.com\/fr\/wp-json\/wp\/v2\/users\/2"}],"replies":[{"embeddable":true,"href":"https:\/\/www.my-netti.com\/fr\/wp-json\/wp\/v2\/comments?post=32758"}],"version-history":[{"count":15,"href":"https:\/\/www.my-netti.com\/fr\/wp-json\/wp\/v2\/pages\/32758\/revisions"}],"predecessor-version":[{"id":54942,"href":"https:\/\/www.my-netti.com\/fr\/wp-json\/wp\/v2\/pages\/32758\/revisions\/54942"}],"wp:attachment":[{"href":"https:\/\/www.my-netti.com\/fr\/wp-json\/wp\/v2\/media?parent=32758"}],"curies":[{"name":"wp","href":"https:\/\/api.w.org\/{rel}","templated":true}]}}