{"id":32666,"date":"2020-04-03T09:06:45","date_gmt":"2020-04-03T07:06:45","guid":{"rendered":"https:\/\/www.my-netti.com\/sales-fr\/"},"modified":"2025-05-28T15:44:34","modified_gmt":"2025-05-28T13:44:34","slug":"responsable-secteur","status":"publish","type":"page","link":"https:\/\/www.my-netti.com\/fr\/responsable-secteur\/","title":{"rendered":"Responsable secteur"},"content":{"rendered":"","protected":false},"excerpt":{"rendered":"","protected":false},"author":4,"featured_media":0,"parent":0,"menu_order":0,"comment_status":"closed","ping_status":"closed","template":"views\/template-modules.blade.php","meta":{"_seopress_robots_primary_cat":"","_seopress_titles_title":"","_seopress_titles_desc":"","_seopress_robots_index":"","_relevanssi_hide_post":"","_relevanssi_hide_content":"","_relevanssi_pin_for_all":"","_relevanssi_pin_keywords":"","_relevanssi_unpin_keywords":"","_relevanssi_related_keywords":"","_relevanssi_related_include_ids":"","_relevanssi_related_exclude_ids":"","_relevanssi_related_no_append":"","_relevanssi_related_not_related":"","_relevanssi_related_posts":"","_relevanssi_noindex_reason":"","footnotes":""},"class_list":["post-32666","page","type-page","status-publish","hentry"],"app_templates_compare_top_banner_title":"","app_templates_compare_top_banner_body":"","app_templates_compare_top_banner_image":"","app_templates_compare_top_banner_color":"white","app_templates_compare_top_banner_overlay":true,"app_templates_compare_top_banner_hide":false,"app_templates_cookie_policy_top_banner_title":"","app_templates_cookie_policy_top_banner_body":"","app_templates_cookie_policy_top_banner_image":"","app_templates_cookie_policy_top_banner_color":"white","app_templates_cookie_policy_top_banner_overlay":true,"app_templates_cookie_policy_top_banner_hide":false,"app_templates_home_page_home_banner_slides":[],"app_templates_home_page_home_banner_html":"","app_templates_home_page_link_boxes_boxes":[],"app_templates_home_page_link_boxes_cta_box_show_cta":true,"app_templates_home_page_link_boxes_cta_box_title":"","app_templates_home_page_link_boxes_cta_box_body":"","app_templates_home_page_link_boxes_cta_box_icon":"","app_templates_home_page_link_boxes_cta_box_link":{"value":"","url":"","anchor":"","blank":0},"app_templates_home_page_link_boxes_cta_box_html":"","app_templates_home_page_media_text_box_image":"","app_templates_home_page_media_text_box_full_width":false,"app_templates_home_page_media_text_box_pretitle":"","app_templates_home_page_media_text_box_title":"","app_templates_home_page_media_text_box_body":"","app_templates_home_page_media_text_box_link":{"value":"","url":"","anchor":"","blank":0},"app_templates_home_page_media_text_box_hide":false,"app_templates_home_page_article_slider_title":"Articles connexes","app_templates_home_page_article_slider_show_latest":false,"app_templates_home_page_article_slider_articles":[],"app_templates_home_page_product_slider_title":"Produits apparent\u00e9s","app_templates_home_page_product_slider_product_kind":"wheelchairs","app_templates_home_page_product_slider_wheelchairs":[],"app_templates_home_page_product_slider_spare_parts":[],"app_templates_home_page_product_slider_all":[],"app_templates_home_page_product_slider_hide_info":false,"app_templates_modules_top_banner_title":" ","app_templates_modules_top_banner_body":"","app_templates_modules_top_banner_image":"31763","app_templates_modules_top_banner_color":"white","app_templates_modules_top_banner_overlay":true,"app_templates_modules_top_banner_hide":false,"app_templates_modules_modules_modules":[{"_type":"content","title":"Nous sommes \u00e0 votre disposition","content":"N'h\u00e9sitez pas \u00e0 contacter notre <a href=\"https:\/\/www.my-netti.com\/about-netti\/fitting-experts\/\">service client<\/a> ou le Responsable secteur de votre r\u00e9gion pour toute demande d'information ou d'essai.\r\n\r\n&nbsp;","text_align":"text-center","columns":1},{"_type":"content","title":"","content":"<strong>Sidi Ounadjela<\/strong>\r\nDirecteur Commercial\r\nM : 06 11 03 80 51\r\n<a href=\"mailto:sidi@my-netti.com\">Sidi@My-Netti.com<\/a>\r\n\r\n&nbsp;\r\n\r\n<strong>Maxime Berthet<\/strong>\r\nResponsable produits et technique\r\nM: 06 08 15 46 11\r\n<a href=\"mailto:mberthet@meyragroup.com\">mberthet@meyragroup.com<\/a>","text_align":"text-center","columns":2},{"_type":"content","title":"","content":"&nbsp;\r\n<h4>Responsables secteur<\/h4>","text_align":"text-left","columns":1},{"_type":"hotspots","image":"https:\/\/www.my-netti.com\/app\/uploads\/2024\/09\/France_Zones-2025-legacy.png","html":"","hot_spots":[{"_type":"_","id":"_zkne8vqkz","x":"50.37593984962406","y":"12.25296442687747","title":"IDF et Nord","content":"Mohamed Zbidi\r\nDivision Meyra et TA\r\n\r\nMob: 07 86 04 01 28\r\n<a href=\"mailto:mzbidi@meyragroup.com\">mzbidi@meyragroup.com<\/a>\r\n\r\nH\u00e9l\u00e8ne Cathalifaud\r\nDivision Netti\r\n\r\nMob: 06 89 38 05 70\r\n<a href=\"mailto:hcathalifaud@meyragroup.com\">hcathalifaud@meyragroup.com<\/a>","link":{"value":"","url":"","anchor":"","blank":"0"}},{"_type":"_","id":"_7hn8fs1eq","x":"79.07268170426065","y":"28.069092602861833","title":"Nord-Est","content":"Fran\u00e7ois Magnin-Feysot\r\nDivision Netti, Meyra et TA\r\nM: 06 18 65 27 02\r\n<a href=\"mailto:ffeysot@meyragroup.com\">ffeysot@meyragroup.com<\/a>","link":{"value":"","url":"","anchor":"","blank":"0"}},{"_type":"_","id":"_9uoarc8jo","x":"78.19548872180451","y":"65.64503402382964","title":"Sud-Est","content":"Florian Marchand\r\nDivision Netti\r\nM : 06 32 65 32 19\r\n<a href=\"mailto:fmarchand@meyragroup.com\">fmarchand@meyragroup.com<\/a>\r\n\r\n&nbsp;\r\n\r\nMaxime Berthet\r\nDivision Meyra et TA\r\nM: 06 08 15 46 11\r\n<a href=\"mailto:mberthet@meyragroup.com\">mberthet@meyragroup.com<\/a>","link":{"value":"","url":"","anchor":"","blank":"0"}},{"_type":"_","id":"_zwh1mpeor","x":"36.59147869674185","y":"70.61305084657921","title":"Sud-ouest","content":"Jean-Roch Vidal\r\nDivisions Netti et Meyra \/ TA\r\n\r\nMob: 07 89 04 23 66\r\n<a href=\"mailto:jrvidal@meyragroup.com\">jrvidal@meyragroup.com<\/a>","link":{"value":"","url":"","anchor":"","blank":"0"}},{"_type":"_","id":"_85x1fw0hq","x":"17.167919799498748","y":"28.374785569542844","title":"Nord-Ouest","content":"Julien Maillet\r\nDivisions Netti et Meyra \/ TA\r\n\r\nMob: 06 84 68 47 33\r\n<a href=\"mailto:jmaillet@meyragroup.com\">jmaillet@meyragroup.com<\/a>","link":{"value":"","url":"","anchor":"","blank":"0"}},{"_type":"_","id":"_yj123yo0u","x":"73.80952380952381","y":"48.19826589894948","title":"EST","content":"Giovanni Soro\r\nDivision Netti, Meyra et TA\r\nM: 07 89 72 19 18\r\n\r\n<a href=\"mailto:gsoro@meyragroup.com\">gsoro@meyragroup.com<\/a>","link":{"value":"","url":"","anchor":"","blank":"0"}}]},{"_type":"content","title":"","content":"<h5 class=\"hotspot-popup__title mb-0\">IDF ET NORD<\/h5>\r\n<div class=\"hotspot-popup__content mt-2\">\r\n\r\nMohamed Zbidi\r\nDivision Meyra et TA\r\nMob: 07 86 04 01 28\r\n\r\n<\/div>\r\n<a href=\"mailto:mzbidi@meyragroup.com\">mzbidi@meyragroup.com<\/a>\r\n\r\nH\u00e9l\u00e8ne Cathalifaud\r\nDivision Netti\r\nMob: 06 89 38 05 70\r\n<a href=\"mailto:hcathalifaud@meyragroup.com\">hcathalifaud@meyragroup.com<\/a>\r\n<h5 class=\"hotspot-popup__title mb-0\">NORD-OUEST<\/h5>\r\n<div class=\"hotspot-popup__content mt-2\">\r\n\r\nJulien Maillet\r\nDivisions Netti et Meyra \/ TA\r\nMob: 06 84 68 47 33\r\n<a href=\"mailto:jmaillet@meyragroup.com\">jmaillet@meyragroup.com<\/a>\r\n\r\n<\/div>\r\n<h5><\/h5>\r\n<h5 class=\"hotspot-popup__title mb-0\">SUD-OUEST<\/h5>\r\n<div class=\"hotspot-popup__content mt-2\">\r\n\r\nJean-Roch Vidal\r\nDivisions Netti et Meyra \/ TA\r\nMob: 07 89 04 23 66\r\n<a href=\"mailto:jrvidal@meyragroup.com\">jrvidal@meyragroup.com<\/a>\r\n\r\n<\/div>\r\n&nbsp;\r\n<h5>NORD-EST<\/h5>\r\n<div class=\"hotspot-popup__content mt-2\">\r\n\r\nFran\u00e7ois Magnin-Feysot\r\nDivision Netti, Meyra et TA\r\nM: 06 18 65 27 02\r\n<a href=\"mailto:ffeysot@meyragroup.com\">ffeysot@meyragroup.com<\/a>\r\n\r\n&nbsp;\r\n\r\n<span style=\"color: #000000; font-size: 1.25rem; font-weight: bold; text-transform: uppercase;\">EST<\/span>\r\n\r\nGiovanni Soro\r\nDivision Netti, Meyra et TA\r\nM: 07 89 72 19 18\r\n\r\n<a href=\"mailto:gsoro@meyragroup.com\">gsoro@meyragroup.com<\/a>\r\n\r\n<\/div>\r\n<h5><\/h5>\r\n<div class=\"hotspot-popup__content mt-2\">\r\n\r\n<span style=\"color: #000000; font-size: 1.25rem; font-weight: bold; text-transform: uppercase;\">SUD-EST<\/span>\r\n\r\n<\/div>\r\n<div class=\"hotspot-popup__content mt-2\">Florian Marchand<strong>\r\n<\/strong>Division Netti, Meyra et TA\r\nM : 06 32 65 32 19\r\n<a href=\"mailto:fmarchand@meyragroup.com\">fmarchand@meyragroup.com<\/a><\/div>\r\n<div class=\"hotspot-popup__content mt-2\">\r\n<div class=\"hotspot-popup__content mt-2\"><\/div>\r\n<\/div>","text_align":"text-left","columns":2}],"app_templates_modules_product_items_product":[],"_links":{"self":[{"href":"https:\/\/www.my-netti.com\/fr\/wp-json\/wp\/v2\/pages\/32666","targetHints":{"allow":["GET"]}}],"collection":[{"href":"https:\/\/www.my-netti.com\/fr\/wp-json\/wp\/v2\/pages"}],"about":[{"href":"https:\/\/www.my-netti.com\/fr\/wp-json\/wp\/v2\/types\/page"}],"author":[{"embeddable":true,"href":"https:\/\/www.my-netti.com\/fr\/wp-json\/wp\/v2\/users\/4"}],"replies":[{"embeddable":true,"href":"https:\/\/www.my-netti.com\/fr\/wp-json\/wp\/v2\/comments?post=32666"}],"version-history":[{"count":47,"href":"https:\/\/www.my-netti.com\/fr\/wp-json\/wp\/v2\/pages\/32666\/revisions"}],"predecessor-version":[{"id":113787,"href":"https:\/\/www.my-netti.com\/fr\/wp-json\/wp\/v2\/pages\/32666\/revisions\/113787"}],"wp:attachment":[{"href":"https:\/\/www.my-netti.com\/fr\/wp-json\/wp\/v2\/media?parent=32666"}],"curies":[{"name":"wp","href":"https:\/\/api.w.org\/{rel}","templated":true}]}}