{"id":29721,"date":"2020-01-06T10:05:51","date_gmt":"2020-01-06T09:05:51","guid":{"rendered":"https:\/\/www.my-netti.com\/home\/"},"modified":"2024-05-01T10:22:42","modified_gmt":"2024-05-01T08:22:42","slug":"home","status":"publish","type":"page","link":"https:\/\/www.my-netti.com\/fr\/","title":{"rendered":"Home"},"content":{"rendered":"","protected":false},"excerpt":{"rendered":"","protected":false},"author":2,"featured_media":0,"parent":0,"menu_order":0,"comment_status":"closed","ping_status":"closed","template":"views\/template-home-page.blade.php","meta":{"_seopress_robots_primary_cat":"","_seopress_titles_title":"","_seopress_titles_desc":"","_seopress_robots_index":"","_relevanssi_hide_post":"","_relevanssi_hide_content":"","_relevanssi_pin_for_all":"","_relevanssi_pin_keywords":"","_relevanssi_unpin_keywords":"","_relevanssi_related_keywords":"","_relevanssi_related_include_ids":"","_relevanssi_related_exclude_ids":"","_relevanssi_related_no_append":"","_relevanssi_related_not_related":"","_relevanssi_related_posts":"","_relevanssi_noindex_reason":"","footnotes":""},"class_list":["post-29721","page","type-page","status-publish","hentry"],"app_templates_compare_top_banner_title":"","app_templates_compare_top_banner_body":"","app_templates_compare_top_banner_image":"","app_templates_compare_top_banner_color":"white","app_templates_compare_top_banner_overlay":true,"app_templates_compare_top_banner_hide":false,"app_templates_cookie_policy_top_banner_title":"","app_templates_cookie_policy_top_banner_body":"","app_templates_cookie_policy_top_banner_image":"","app_templates_cookie_policy_top_banner_color":"white","app_templates_cookie_policy_top_banner_overlay":true,"app_templates_cookie_policy_top_banner_hide":false,"app_templates_home_page_home_banner_slides":[{"_type":"_","body":"Pour l'utilisateur qui d\u00e9pend de son fauteuil roulant lorsqu'il est actif ou participe \u00e0 la vie sociale, les petits d\u00e9tails de conception font une grande diff\u00e9rence. C'est la raison pour laquelle nous proposons un grand nombre de fauteuils roulants, de possibilit\u00e9s de r\u00e9glage et d'accessoires diff\u00e9rents.","logo":"328","video":"","image":"51","color":"darkest","overlay":false,"link":{"value":"","url":"#","anchor":"Fauteuils roulants Netti","blank":"0"}},{"_type":"_","body":"Chez Netti, nous pensons que tout est possible - ainsi, si vous avez un utilisateur qui doit relever des d\u00e9fis que notre gamme standard ne permet pas de relever, notre \u00e9quipe de techniciens exp\u00e9riment\u00e9s, notre service commercial et notre service client\u00e8le adapteront, en \u00e9troite collaboration avec notre d\u00e9partement d'adaptation sp\u00e9ciale, le fauteuil ou les accessoires selon les besoins.","logo":"15171","video":"","image":"40359","color":"white","overlay":false,"link":{"value":"","url":"\/fr\/netti-customized\/","anchor":"Netti Customized","blank":"0"}},{"_type":"_","body":"","logo":"328","video":"","image":"15358","color":"white","overlay":false,"link":{"value":"","url":"\/netti-family\/netti-dynamic-family\/","anchor":"Netti Dynamic Family","blank":"0"}}],"app_templates_home_page_home_banner_html":"","app_templates_home_page_link_boxes_boxes":[{"value":"post:knowledge-article:46057","type":"post","subtype":"knowledge-article","id":"46057"},{"value":"post:knowledge-article:29102","type":"post","subtype":"knowledge-article","id":"29102"},{"value":"post:knowledge-article:54095","type":"post","subtype":"knowledge-article","id":"54095"},{"value":"post:knowledge-article:12078","type":"post","subtype":"knowledge-article","id":"12078"}],"app_templates_home_page_link_boxes_cta_box_show_cta":true,"app_templates_home_page_link_boxes_cta_box_title":"Vous recherchez un distributeur?","app_templates_home_page_link_boxes_cta_box_body":"Nous pouvons vous aider","app_templates_home_page_link_boxes_cta_box_icon":"1745","app_templates_home_page_link_boxes_cta_box_link":{"value":"","url":"\/fr\/service-clients\/","anchor":"Contactez notre service client","blank":"0"},"app_templates_home_page_link_boxes_cta_box_html":"","app_templates_home_page_media_text_box_image":"98","app_templates_home_page_media_text_box_full_width":true,"app_templates_home_page_media_text_box_pretitle":"A propos de Netti","app_templates_home_page_media_text_box_title":"Notre but: permettre une meilleure qualit\u00e9 de vie","app_templates_home_page_media_text_box_body":"Netti a install\u00e9 son si\u00e8ge sur la c\u00f4te ouest norv\u00e9gienne \u00e0 la fin des ann\u00e9es 1980. Netti n\u2019a eu de cesse, depuis, d\u2019\u00eatre \u00e0 l\u2019\u00e9coute de ses clients afin d\u2019apporter des solutions simples contribuant \u00e0 renforcer la qualit\u00e9 de vie des utilisateurs. En tant que sp\u00e9cialiste du confort et du positionnement, Netti offre des produits de qualit\u00e9 qui s\u2019inscrivent dans la dur\u00e9e. Nous sommes, par ailleurs, l\u2019un des rares fabricants \u00e0 proposer un syst\u00e8me dynamique et des solutions aux besoins complexes des utilisateurs, dans le domaine du positionnement. Parce que nous voulons contribuer \u00e0 renforcer la qualit\u00e9 de vie de nos utilisateurs, tous nos produits sont con\u00e7us pour am\u00e9liorer leur mobilit\u00e9 et faciliter leur participation aux activit\u00e9s du quotidien.","app_templates_home_page_media_text_box_link":{"value":"","url":"#","anchor":"","blank":"0"},"app_templates_home_page_media_text_box_hide":false,"app_templates_home_page_article_slider_title":"Articles r\u00e9cents","app_templates_home_page_article_slider_show_latest":true,"app_templates_home_page_article_slider_articles":[],"app_templates_home_page_product_slider_title":"Produits","app_templates_home_page_product_slider_product_kind":"wheelchairs","app_templates_home_page_product_slider_wheelchairs":[],"app_templates_home_page_product_slider_spare_parts":[],"app_templates_home_page_product_slider_all":[],"app_templates_home_page_product_slider_hide_info":false,"app_templates_modules_top_banner_title":"","app_templates_modules_top_banner_body":"","app_templates_modules_top_banner_image":"","app_templates_modules_top_banner_color":"white","app_templates_modules_top_banner_overlay":true,"app_templates_modules_top_banner_hide":false,"app_templates_modules_modules_modules":[],"app_templates_modules_product_items_product":[],"_links":{"self":[{"href":"https:\/\/www.my-netti.com\/fr\/wp-json\/wp\/v2\/pages\/29721","targetHints":{"allow":["GET"]}}],"collection":[{"href":"https:\/\/www.my-netti.com\/fr\/wp-json\/wp\/v2\/pages"}],"about":[{"href":"https:\/\/www.my-netti.com\/fr\/wp-json\/wp\/v2\/types\/page"}],"author":[{"embeddable":true,"href":"https:\/\/www.my-netti.com\/fr\/wp-json\/wp\/v2\/users\/2"}],"replies":[{"embeddable":true,"href":"https:\/\/www.my-netti.com\/fr\/wp-json\/wp\/v2\/comments?post=29721"}],"version-history":[{"count":59,"href":"https:\/\/www.my-netti.com\/fr\/wp-json\/wp\/v2\/pages\/29721\/revisions"}],"predecessor-version":[{"id":107201,"href":"https:\/\/www.my-netti.com\/fr\/wp-json\/wp\/v2\/pages\/29721\/revisions\/107201"}],"wp:attachment":[{"href":"https:\/\/www.my-netti.com\/fr\/wp-json\/wp\/v2\/media?parent=29721"}],"curies":[{"name":"wp","href":"https:\/\/api.w.org\/{rel}","templated":true}]}}