{"id":11920,"date":"2020-02-18T08:37:13","date_gmt":"2020-02-18T07:37:13","guid":{"rendered":"https:\/\/www.my-netti.com\/management\/"},"modified":"2020-09-29T17:04:50","modified_gmt":"2020-09-29T15:04:50","slug":"la-direction-de-netti","status":"publish","type":"page","link":"https:\/\/www.my-netti.com\/fr\/la-direction-de-netti\/","title":{"rendered":"La direction de Netti"},"content":{"rendered":"","protected":false},"excerpt":{"rendered":"","protected":false},"author":4,"featured_media":0,"parent":0,"menu_order":15,"comment_status":"closed","ping_status":"closed","template":"views\/template-modules.blade.php","meta":{"_seopress_robots_primary_cat":"","_seopress_titles_title":"Netti by Alu Rehab Management  %%sep%% %%sitetitle%%","_seopress_titles_desc":"Netti by Alu Rehab is a Norwegian based company with more than 30 years experience in the field of multifunctional wheelchairs. ","_seopress_robots_index":"","_relevanssi_hide_post":"","_relevanssi_hide_content":"","_relevanssi_pin_for_all":"","_relevanssi_pin_keywords":"","_relevanssi_unpin_keywords":"","_relevanssi_related_keywords":"","_relevanssi_related_include_ids":"","_relevanssi_related_exclude_ids":"","_relevanssi_related_no_append":"","_relevanssi_related_not_related":"","_relevanssi_related_posts":"","_relevanssi_noindex_reason":"","footnotes":""},"class_list":["post-11920","page","type-page","status-publish","hentry"],"app_templates_compare_top_banner_title":"","app_templates_compare_top_banner_body":"","app_templates_compare_top_banner_image":"","app_templates_compare_top_banner_color":"white","app_templates_compare_top_banner_overlay":true,"app_templates_compare_top_banner_hide":false,"app_templates_cookie_policy_top_banner_title":"","app_templates_cookie_policy_top_banner_body":"","app_templates_cookie_policy_top_banner_image":"","app_templates_cookie_policy_top_banner_color":"white","app_templates_cookie_policy_top_banner_overlay":true,"app_templates_cookie_policy_top_banner_hide":false,"app_templates_home_page_home_banner_slides":[],"app_templates_home_page_home_banner_html":"","app_templates_home_page_link_boxes_boxes":[],"app_templates_home_page_link_boxes_cta_box_show_cta":true,"app_templates_home_page_link_boxes_cta_box_title":"","app_templates_home_page_link_boxes_cta_box_body":"","app_templates_home_page_link_boxes_cta_box_icon":"","app_templates_home_page_link_boxes_cta_box_link":{"value":"","url":"","anchor":"","blank":0},"app_templates_home_page_link_boxes_cta_box_html":"","app_templates_home_page_media_text_box_image":"","app_templates_home_page_media_text_box_full_width":false,"app_templates_home_page_media_text_box_pretitle":"","app_templates_home_page_media_text_box_title":"","app_templates_home_page_media_text_box_body":"","app_templates_home_page_media_text_box_link":{"value":"","url":"","anchor":"","blank":0},"app_templates_home_page_media_text_box_hide":false,"app_templates_home_page_article_slider_title":"Articles connexes","app_templates_home_page_article_slider_show_latest":false,"app_templates_home_page_article_slider_articles":[],"app_templates_home_page_product_slider_title":"Produits apparent\u00e9s","app_templates_home_page_product_slider_product_kind":"wheelchairs","app_templates_home_page_product_slider_wheelchairs":[],"app_templates_home_page_product_slider_spare_parts":[],"app_templates_home_page_product_slider_all":[],"app_templates_home_page_product_slider_hide_info":false,"app_templates_modules_top_banner_title":"  ","app_templates_modules_top_banner_body":"","app_templates_modules_top_banner_image":"31787","app_templates_modules_top_banner_color":"white","app_templates_modules_top_banner_overlay":false,"app_templates_modules_top_banner_hide":false,"app_templates_modules_modules_modules":[{"_type":"content","title":"","content":"<img class=\"alignnone wp-image-1257\" src=\"\/app\/uploads\/2020\/02\/enable-joy-of-life-600x125.png\" alt=\"Netti - Enable Joy of Life\" width=\"492\" height=\"102\" \/>","text_align":"text-center","columns":1},{"_type":"content","title":"","content":"Netti est une soci\u00e9t\u00e9 bas\u00e9e en Norv\u00e8ge et sp\u00e9cialis\u00e9e dans le domaine des fauteuils multifonctionnels depuis plus de 30 ans. Notre objectif est de contribuer \u00e0 am\u00e9liorer la qualit\u00e9 de vie de nos utilisateurs et donc de concevoir des produits qui facilitent leur mobilit\u00e9 et leurs activit\u00e9s au quotidien. Parce que nous d\u00e9fendons l\u2019individualit\u00e9 et qu\u2019il n\u2019existe pas deux personnes identiques, nous mettons un point d\u2019honneur \u00e0 proposer le choix le plus large de fauteuils et accessoires sur le march\u00e9.\r\n\r\nNos valeurs sont bas\u00e9es sur la qualit\u00e9 et le service et toute la direction est engag\u00e9e \u00e0 les faire respecter, de la fabrication \u00e0 la distribution, de la R&amp;D \u00e0 la production et \u00e0 l\u2019administration des ventes.\r\n\r\nCeci est la fondation m\u00eame de notre soci\u00e9t\u00e9.","text_align":"text-left","columns":1},{"_type":"quote","quote":"Nous vous proposons des solutions simples et une meilleure qualit\u00e9 de vie","source":"Netti by Alu Rehab"},{"_type":"content","title":"","content":"<img class=\"alignnone size-medium wp-image-9944\" src=\"\/app\/uploads\/2020\/03\/Kjetil-Gausel-600x600.png\" alt=\"\" width=\"300\" height=\"300\" \/>\r\n<h6>Kjetil Gausel<\/h6>\r\nCEO\r\n\r\n<a href=\"mailto:Kjetil@My-Netti.com\">Kjetil@My-Netti.com<\/a>\r\n\r\n&nbsp;\r\n\r\n<a href=\"jan@my-netti.com\"><img class=\"alignnone size-medium wp-image-9953\" src=\"\/app\/uploads\/2020\/03\/Jan-Broni-600x600.png\" alt=\"\" width=\"300\" height=\"300\" \/><\/a>\r\n<h6>Jan Broni<\/h6>\r\nCOO\r\n\r\n<a href=\"mailto:Jan@my-netti.com\">Jan@My-Netti.com<\/a>\r\n\r\n<a href=\"anne-lise@my-netti.com\"><img class=\"alignnone size-medium wp-image-9961\" src=\"\/app\/uploads\/2020\/03\/Anne-Lise-Svandalsflona-600x600.png\" alt=\"\" width=\"300\" height=\"300\" \/><\/a>\r\n<h6>Anne-Lise Svandalsflona<\/h6>\r\nCFO, Vice President\r\n\r\n<a href=\"mailto:Anne-Lise@My-Netti.com\">Anne-Lise@My-Netti.com<\/a>\r\n\r\n&nbsp;\r\n\r\n<a href=\"lars@my-netti.com\"><img class=\"alignnone size-medium wp-image-9967\" src=\"\/app\/uploads\/2020\/03\/Lars-Nielsen-600x600.png\" alt=\"\" width=\"300\" height=\"300\" \/><\/a>\r\n<h6>Lars Nielsen<\/h6>\r\nLogistic Manager\r\n\r\n<a href=\"mailto:Lars@My-Netti.com\">Lars@My-Netti.com<\/a>","text_align":"text-left","columns":2}],"app_templates_modules_product_items_product":[],"_links":{"self":[{"href":"https:\/\/www.my-netti.com\/fr\/wp-json\/wp\/v2\/pages\/11920","targetHints":{"allow":["GET"]}}],"collection":[{"href":"https:\/\/www.my-netti.com\/fr\/wp-json\/wp\/v2\/pages"}],"about":[{"href":"https:\/\/www.my-netti.com\/fr\/wp-json\/wp\/v2\/types\/page"}],"author":[{"embeddable":true,"href":"https:\/\/www.my-netti.com\/fr\/wp-json\/wp\/v2\/users\/4"}],"replies":[{"embeddable":true,"href":"https:\/\/www.my-netti.com\/fr\/wp-json\/wp\/v2\/comments?post=11920"}],"version-history":[{"count":8,"href":"https:\/\/www.my-netti.com\/fr\/wp-json\/wp\/v2\/pages\/11920\/revisions"}],"predecessor-version":[{"id":59904,"href":"https:\/\/www.my-netti.com\/fr\/wp-json\/wp\/v2\/pages\/11920\/revisions\/59904"}],"wp:attachment":[{"href":"https:\/\/www.my-netti.com\/fr\/wp-json\/wp\/v2\/media?parent=11920"}],"curies":[{"name":"wp","href":"https:\/\/api.w.org\/{rel}","templated":true}]}}