{"id":11899,"date":"2020-01-17T08:31:00","date_gmt":"2020-01-17T07:31:00","guid":{"rendered":"https:\/\/www.my-netti.com\/fitting-experts\/"},"modified":"2024-05-01T14:07:15","modified_gmt":"2024-05-01T12:07:15","slug":"service-clients","status":"publish","type":"page","link":"https:\/\/www.my-netti.com\/fr\/service-clients\/","title":{"rendered":"Service Clients"},"content":{"rendered":"","protected":false},"excerpt":{"rendered":"","protected":false},"author":2,"featured_media":0,"parent":0,"menu_order":14,"comment_status":"closed","ping_status":"closed","template":"views\/template-modules.blade.php","meta":{"_seopress_robots_primary_cat":"","_seopress_titles_title":"","_seopress_titles_desc":"","_seopress_robots_index":"","_relevanssi_hide_post":"","_relevanssi_hide_content":"","_relevanssi_pin_for_all":"","_relevanssi_pin_keywords":"","_relevanssi_unpin_keywords":"","_relevanssi_related_keywords":"","_relevanssi_related_include_ids":"","_relevanssi_related_exclude_ids":"","_relevanssi_related_no_append":"","_relevanssi_related_not_related":"","_relevanssi_related_posts":"","_relevanssi_noindex_reason":"","footnotes":""},"class_list":["post-11899","page","type-page","status-publish","hentry"],"app_templates_compare_top_banner_title":"","app_templates_compare_top_banner_body":"","app_templates_compare_top_banner_image":"","app_templates_compare_top_banner_color":"white","app_templates_compare_top_banner_overlay":true,"app_templates_compare_top_banner_hide":false,"app_templates_cookie_policy_top_banner_title":"","app_templates_cookie_policy_top_banner_body":"","app_templates_cookie_policy_top_banner_image":"","app_templates_cookie_policy_top_banner_color":"white","app_templates_cookie_policy_top_banner_overlay":true,"app_templates_cookie_policy_top_banner_hide":false,"app_templates_home_page_home_banner_slides":[],"app_templates_home_page_home_banner_html":"","app_templates_home_page_link_boxes_boxes":[],"app_templates_home_page_link_boxes_cta_box_show_cta":true,"app_templates_home_page_link_boxes_cta_box_title":"","app_templates_home_page_link_boxes_cta_box_body":"","app_templates_home_page_link_boxes_cta_box_icon":"","app_templates_home_page_link_boxes_cta_box_link":{"value":"","url":"","anchor":"","blank":0},"app_templates_home_page_link_boxes_cta_box_html":"","app_templates_home_page_media_text_box_image":"","app_templates_home_page_media_text_box_full_width":false,"app_templates_home_page_media_text_box_pretitle":"","app_templates_home_page_media_text_box_title":"","app_templates_home_page_media_text_box_body":"","app_templates_home_page_media_text_box_link":{"value":"","url":"","anchor":"","blank":0},"app_templates_home_page_media_text_box_hide":false,"app_templates_home_page_article_slider_title":"Articles connexes","app_templates_home_page_article_slider_show_latest":false,"app_templates_home_page_article_slider_articles":[],"app_templates_home_page_product_slider_title":"Produits apparent\u00e9s","app_templates_home_page_product_slider_product_kind":"wheelchairs","app_templates_home_page_product_slider_wheelchairs":[],"app_templates_home_page_product_slider_spare_parts":[],"app_templates_home_page_product_slider_all":[],"app_templates_home_page_product_slider_hide_info":false,"app_templates_modules_top_banner_title":"  ","app_templates_modules_top_banner_body":"","app_templates_modules_top_banner_image":"2556","app_templates_modules_top_banner_color":"white","app_templates_modules_top_banner_overlay":false,"app_templates_modules_top_banner_hide":false,"app_templates_modules_modules_modules":[{"_type":"content","title":"Nous sommes \u00e0 votre service","content":"Au sein du service client, vous trouverez des personnes qui connaissent parfaitement nos produits et qui peuvent vous conseiller sur la meilleure solution possible. Vous trouverez \u00e9galement des experts avec de nombreuses ann\u00e9es d'exp\u00e9rience, qui savent quelles solutions sont les mieux adapt\u00e9es aux utilisateurs et \u00e0 certaines situations sp\u00e9cifiques.\r\n\r\nLe service client est \u00e0 votre disposition, n'h\u00e9sitez pas \u00e0 nous contacter par t\u00e9l\u00e9phone ou par mail.\r\n\r\n&nbsp;\r\n\r\n<img class=\"alignnone size-medium wp-image-11847 aligncenter\" src=\"\/app\/uploads\/2020\/02\/enable-joy-of-life-600x125.png\" alt=\"\" width=\"300\" height=\"63\" \/>","text_align":"text-center","columns":1},{"_type":"content","title":"","content":"<h5>FRANCE<\/h5>\r\nHeures d'ouverture du lundi au jeudi de 9h00 \u00e0 18h00.\r\n\r\nVendredi de 9h00 \u00e0 17h00.\r\n\r\nFermeture entre 12h00 et 14h00.\r\n\r\nT: <span class=\"add_font\">04 50 27 37 63\u00a0<\/span>\r\n\r\nEmail: <a href=\"mailto:info.ry@meyragroup.com\">info.ry@meyragroup.com<\/a>","text_align":"text-center","columns":1},{"_type":"content","title":"","content":"<img class=\"alignnone size-full wp-image-2628 aligncenter\" src=\"\/app\/uploads\/2020\/02\/Julie-Bourquin.png\" alt=\"\" width=\"300\" height=\"300\" \/>\r\n<h6 style=\"text-align: center;\">Julie Bourquin<\/h6>\r\n<p style=\"text-align: center;\"><a href=\"mailto:Jbourquin@meyragroup.com\">Jbourquin@meyragroup.com<\/a><\/p>","text_align":"text-center","columns":1},{"_type":"content","title":"","content":"","text_align":"text-center","columns":2},{"_type":"quote","quote":"Nous vous proposons des solutions simples\r\net une meilleure qualit\u00e9 de vie","source":"Netti by Alu Rehab"}],"app_templates_modules_product_items_product":[],"_links":{"self":[{"href":"https:\/\/www.my-netti.com\/fr\/wp-json\/wp\/v2\/pages\/11899","targetHints":{"allow":["GET"]}}],"collection":[{"href":"https:\/\/www.my-netti.com\/fr\/wp-json\/wp\/v2\/pages"}],"about":[{"href":"https:\/\/www.my-netti.com\/fr\/wp-json\/wp\/v2\/types\/page"}],"author":[{"embeddable":true,"href":"https:\/\/www.my-netti.com\/fr\/wp-json\/wp\/v2\/users\/2"}],"replies":[{"embeddable":true,"href":"https:\/\/www.my-netti.com\/fr\/wp-json\/wp\/v2\/comments?post=11899"}],"version-history":[{"count":15,"href":"https:\/\/www.my-netti.com\/fr\/wp-json\/wp\/v2\/pages\/11899\/revisions"}],"predecessor-version":[{"id":107237,"href":"https:\/\/www.my-netti.com\/fr\/wp-json\/wp\/v2\/pages\/11899\/revisions\/107237"}],"wp:attachment":[{"href":"https:\/\/www.my-netti.com\/fr\/wp-json\/wp\/v2\/media?parent=11899"}],"curies":[{"name":"wp","href":"https:\/\/api.w.org\/{rel}","templated":true}]}}