{"id":11877,"date":"2020-01-17T08:35:03","date_gmt":"2020-01-17T07:35:03","guid":{"rendered":"https:\/\/www.my-netti.com\/quality-system\/"},"modified":"2025-09-02T12:03:55","modified_gmt":"2025-09-02T10:03:55","slug":"systeme-qualite","status":"publish","type":"page","link":"https:\/\/www.my-netti.com\/fr\/systeme-qualite\/","title":{"rendered":"Syst\u00e8me Qualit\u00e9"},"content":{"rendered":"","protected":false},"excerpt":{"rendered":"","protected":false},"author":2,"featured_media":0,"parent":0,"menu_order":13,"comment_status":"closed","ping_status":"closed","template":"views\/template-modules.blade.php","meta":{"_seopress_robots_primary_cat":"","_seopress_titles_title":"Quality System - Netti by Alu Rehab","_seopress_titles_desc":"We at Netti are committed to high standards of quality of our products as well as in all our services. We are certified according to ISO 9001 as well as ISO 13845 for medical devices.","_seopress_robots_index":"","_relevanssi_hide_post":"","_relevanssi_hide_content":"","_relevanssi_pin_for_all":"","_relevanssi_pin_keywords":"","_relevanssi_unpin_keywords":"","_relevanssi_related_keywords":"","_relevanssi_related_include_ids":"","_relevanssi_related_exclude_ids":"","_relevanssi_related_no_append":"","_relevanssi_related_not_related":"","_relevanssi_related_posts":"","_relevanssi_noindex_reason":"","footnotes":""},"class_list":["post-11877","page","type-page","status-publish","hentry"],"app_templates_compare_top_banner_title":"","app_templates_compare_top_banner_body":"","app_templates_compare_top_banner_image":"","app_templates_compare_top_banner_color":"white","app_templates_compare_top_banner_overlay":true,"app_templates_compare_top_banner_hide":false,"app_templates_cookie_policy_top_banner_title":"","app_templates_cookie_policy_top_banner_body":"","app_templates_cookie_policy_top_banner_image":"","app_templates_cookie_policy_top_banner_color":"white","app_templates_cookie_policy_top_banner_overlay":true,"app_templates_cookie_policy_top_banner_hide":false,"app_templates_home_page_home_banner_slides":[],"app_templates_home_page_home_banner_html":"","app_templates_home_page_link_boxes_boxes":[],"app_templates_home_page_link_boxes_cta_box_show_cta":true,"app_templates_home_page_link_boxes_cta_box_title":"","app_templates_home_page_link_boxes_cta_box_body":"","app_templates_home_page_link_boxes_cta_box_icon":"","app_templates_home_page_link_boxes_cta_box_link":{"value":"","url":"","anchor":"","blank":0},"app_templates_home_page_link_boxes_cta_box_html":"","app_templates_home_page_media_text_box_image":"","app_templates_home_page_media_text_box_full_width":false,"app_templates_home_page_media_text_box_pretitle":"","app_templates_home_page_media_text_box_title":"","app_templates_home_page_media_text_box_body":"","app_templates_home_page_media_text_box_link":{"value":"","url":"","anchor":"","blank":0},"app_templates_home_page_media_text_box_hide":false,"app_templates_home_page_article_slider_title":"Articles connexes","app_templates_home_page_article_slider_show_latest":false,"app_templates_home_page_article_slider_articles":[],"app_templates_home_page_product_slider_title":"Produits apparent\u00e9s","app_templates_home_page_product_slider_product_kind":"wheelchairs","app_templates_home_page_product_slider_wheelchairs":[],"app_templates_home_page_product_slider_spare_parts":[],"app_templates_home_page_product_slider_all":[],"app_templates_home_page_product_slider_hide_info":false,"app_templates_modules_top_banner_title":" ","app_templates_modules_top_banner_body":"","app_templates_modules_top_banner_image":"2834","app_templates_modules_top_banner_color":"white","app_templates_modules_top_banner_overlay":false,"app_templates_modules_top_banner_hide":false,"app_templates_modules_modules_modules":[{"_type":"content","title":"L\u2019exigence de grande qualit\u00e9 fait partie de notre ADN","content":"Nous partageons avec tous les collaborateurs de Netti le m\u00eame objectif de qualit\u00e9 et la m\u00eame volont\u00e9 de fournir un niveau de service tr\u00e8s \u00e9lev\u00e9. Toutes nos \u00e9quipes, de la production au service-client mais aussi nos consultants, sont engag\u00e9s \u00e0 r\u00e9pondre au mieux aux besoins de nos clients avec la plus grande pr\u00e9cision.","text_align":"text-center","columns":1},{"_type":"image","image":"959"},{"_type":"media_text","title":"Certification ISO","body":"Nous nous effor\u00e7ons de satisfaire aux normes de qualit\u00e9 dans la fabrication de nos produits et dans la prestation de nos services, en respectant les normes ISO 13485 du r\u00e8glement relatif aux dispositifs m\u00e9dicaux. La certification est r\u00e9alis\u00e9e tous les ans.","image":"","image_link":{"value":"","url":"\/app\/uploads\/2023\/01\/ISO13485.pdf","anchor":"","blank":"0"},"link":{"value":"","url":"\/app\/uploads\/2023\/01\/ISO13485.pdf","anchor":"T\u00e9l\u00e9charger nos certificats ISO","blank":"0"},"circle":false,"direction":"flex-row-reverse"},{"_type":"media_text","title":"Conformit\u00e9 au r\u00e8glement relatif aux Dispositifs M\u00e9dicaux (MDR)","body":"Le r\u00e8glement europ\u00e9en sur les dispositifs m\u00e9dicaux, MDR, renforce la s\u00e9curit\u00e9 et la tra\u00e7abilit\u00e9 des dispositifs m\u00e9dicaux sur l'ensemble du march\u00e9. Netti by Alu Rehab travaille d\u00e9j\u00e0 \u00e0 l'\u00e9laboration de ce r\u00e8glement et a mis en place un syst\u00e8me de qualit\u00e9 pour la production d'\u00e9quipements m\u00e9dicaux selon la norme ISO 13485 et l'audit annuel du T\u00dcV S\u00fcd Product Service GmbH. Nous sommes \u00e9galement en train d'\u00e9tendre le syst\u00e8me de qualit\u00e9 pour y inclure les exigences suppl\u00e9mentaires du MDR.","image":"4941","image_link":{"value":"","url":"","anchor":"","blank":"0"},"link":{"value":"","url":"\/app\/uploads\/2021\/05\/AluRehab-MDR-compliance-report-2021-05.pdf","anchor":"Alu Rehab MDR Report","blank":"0"},"circle":false,"direction":"flex-row"},{"_type":"media_text","title":"La standardisation et le testing des fauteuils","body":"En Europe, tous les fauteuils doivent r\u00e9pondre aux exigences de grande qualit\u00e9 d\u00e9finies selon les standards EN 12183 et EN 12184. Nous sommes engag\u00e9s \u00e0 maintenir, gr\u00e2ce \u00e0 l\u2019exigence de notre R&amp;D, le niveau de s\u00e9curit\u00e9 et qualit\u00e9 de tous nos fauteuils.","image":"1904","image_link":{"value":"","url":"","anchor":"","blank":"0"},"link":{"value":"","url":"","anchor":"","blank":"0"},"circle":false,"direction":"flex-row-reverse"},{"_type":"video","video":"https:\/\/youtu.be\/EDOp0y5xuAQ"},{"_type":"media_text","title":"La garantie","body":"Nous proposons une garantie de 5 ans pour tous nos fauteuils et une garantie de 2 ans pour les composants Netti, except\u00e9 les batteries. En cas de r\u00e9clamations, nous nous engageons \u00e0 r\u00e9pondre au mieux aux besoins de nos utilisateurs. Toutes les situations de non-conformit\u00e9 seront prises en compte le plus rapidement possible afin d\u2019am\u00e9liorer la fabrication de nos produits et la prestation de nos services.","image":"11891","image_link":{"value":"","url":"","anchor":"","blank":"0"},"link":{"value":"","url":"","anchor":"","blank":"0"},"circle":false,"direction":"flex-row"},{"_type":"media_text","title":"D\u00c9CLARATION DE CONFORMIT\u00c9 - SUBSTANCES CHIMIQUES","body":"Tous nos fauteuils roulants avec accessoires sont conformes \u00e0 toutes les exigences fix\u00e9es par la directive europ\u00e9enne RoHS 2.0 2011\/65EU et la directive europ\u00e9enne d\u00e9l\u00e9gu\u00e9e (EU)2015\/863 - substances dangereuses dans les parties \u00e9lectriques et \u00e9lectroniques. En outre, nos produits sont enti\u00e8rement conformes aux exigences du r\u00e8glement (CE) n\u00b0 1907\/2006 de l'Union europ\u00e9enne concernant l'enregistrement, l'\u00e9valuation et l'autorisation des substances chimiques, ainsi que les restrictions applicables \u00e0 ces substances (REACH).","image":"61281","image_link":{"value":"","url":"","anchor":"","blank":"0"},"link":{"value":"","url":"\/app\/uploads\/2024\/09\/DoC-RoHS-REACH-and-Azo-substances-Netti-2025-08-signed-v5.pdf","anchor":"Voir la lettre de d\u00e9claration de conformit\u00e9 de Nettis","blank":"0"},"circle":false,"direction":"flex-row-reverse"},{"_type":"media_text_box","image":"1208","full_width":false,"pretitle":"","title":"Toujours \u00e0 la recherche de la meilleure solution","body":"Pour toute question et pour de plus amples informations et conseils, n\u2019h\u00e9sitez pas \u00e0 nous contacter. Nos collaborateurs sont exp\u00e9riment\u00e9s et seront ravis de pouvoir vous aider. Si vous avez une id\u00e9e pr\u00e9cise et des besoins particuliers, nous vous mettrons en contact avec notre \u00e9quipe R&D et nos sp\u00e9cialistes du d\u00e9veloppement qui travaillent activement \u00e0 trouver les meilleures solutions et \u00e0 am\u00e9liorer nos produits.","link":{"value":"","url":"mailto:Productdevelopment@my-netti.com","anchor":"Send an email to Product Development","blank":"0"},"hide":false},{"_type":"article_slider","title":"Autres articles","show_latest":false,"articles":[]}],"app_templates_modules_product_items_product":[],"_links":{"self":[{"href":"https:\/\/www.my-netti.com\/fr\/wp-json\/wp\/v2\/pages\/11877","targetHints":{"allow":["GET"]}}],"collection":[{"href":"https:\/\/www.my-netti.com\/fr\/wp-json\/wp\/v2\/pages"}],"about":[{"href":"https:\/\/www.my-netti.com\/fr\/wp-json\/wp\/v2\/types\/page"}],"author":[{"embeddable":true,"href":"https:\/\/www.my-netti.com\/fr\/wp-json\/wp\/v2\/users\/2"}],"replies":[{"embeddable":true,"href":"https:\/\/www.my-netti.com\/fr\/wp-json\/wp\/v2\/comments?post=11877"}],"version-history":[{"count":21,"href":"https:\/\/www.my-netti.com\/fr\/wp-json\/wp\/v2\/pages\/11877\/revisions"}],"predecessor-version":[{"id":115053,"href":"https:\/\/www.my-netti.com\/fr\/wp-json\/wp\/v2\/pages\/11877\/revisions\/115053"}],"wp:attachment":[{"href":"https:\/\/www.my-netti.com\/fr\/wp-json\/wp\/v2\/media?parent=11877"}],"curies":[{"name":"wp","href":"https:\/\/api.w.org\/{rel}","templated":true}]}}