{"id":11861,"date":"2020-01-17T08:32:35","date_gmt":"2020-01-17T07:32:35","guid":{"rendered":"https:\/\/www.my-netti.com\/30-years-of-joy\/"},"modified":"2020-06-23T09:39:45","modified_gmt":"2020-06-23T07:39:45","slug":"plus-de-30-ans-de-joie","status":"publish","type":"page","link":"https:\/\/www.my-netti.com\/fr\/plus-de-30-ans-de-joie\/","title":{"rendered":"Plus de 30 ans de joie"},"content":{"rendered":"","protected":false},"excerpt":{"rendered":"","protected":false},"author":2,"featured_media":0,"parent":0,"menu_order":11,"comment_status":"closed","ping_status":"closed","template":"views\/template-modules.blade.php","meta":{"_seopress_robots_primary_cat":"","_seopress_titles_title":"","_seopress_titles_desc":"","_seopress_robots_index":"","_relevanssi_hide_post":"","_relevanssi_hide_content":"","_relevanssi_pin_for_all":"","_relevanssi_pin_keywords":"","_relevanssi_unpin_keywords":"","_relevanssi_related_keywords":"","_relevanssi_related_include_ids":"","_relevanssi_related_exclude_ids":"","_relevanssi_related_no_append":"","_relevanssi_related_not_related":"","_relevanssi_related_posts":"","_relevanssi_noindex_reason":"","footnotes":""},"class_list":["post-11861","page","type-page","status-publish","hentry"],"app_templates_compare_top_banner_title":"","app_templates_compare_top_banner_body":"","app_templates_compare_top_banner_image":"","app_templates_compare_top_banner_color":"white","app_templates_compare_top_banner_overlay":true,"app_templates_compare_top_banner_hide":false,"app_templates_cookie_policy_top_banner_title":"","app_templates_cookie_policy_top_banner_body":"","app_templates_cookie_policy_top_banner_image":"","app_templates_cookie_policy_top_banner_color":"white","app_templates_cookie_policy_top_banner_overlay":true,"app_templates_cookie_policy_top_banner_hide":false,"app_templates_home_page_home_banner_slides":[],"app_templates_home_page_home_banner_html":"","app_templates_home_page_link_boxes_boxes":[],"app_templates_home_page_link_boxes_cta_box_show_cta":true,"app_templates_home_page_link_boxes_cta_box_title":"","app_templates_home_page_link_boxes_cta_box_body":"","app_templates_home_page_link_boxes_cta_box_icon":"","app_templates_home_page_link_boxes_cta_box_link":{"value":"","url":"","anchor":"","blank":0},"app_templates_home_page_link_boxes_cta_box_html":"","app_templates_home_page_media_text_box_image":"","app_templates_home_page_media_text_box_full_width":false,"app_templates_home_page_media_text_box_pretitle":"","app_templates_home_page_media_text_box_title":"","app_templates_home_page_media_text_box_body":"","app_templates_home_page_media_text_box_link":{"value":"","url":"","anchor":"","blank":0},"app_templates_home_page_media_text_box_hide":false,"app_templates_home_page_article_slider_title":"Articles connexes","app_templates_home_page_article_slider_show_latest":false,"app_templates_home_page_article_slider_articles":[],"app_templates_home_page_product_slider_title":"Produits apparent\u00e9s","app_templates_home_page_product_slider_product_kind":"wheelchairs","app_templates_home_page_product_slider_wheelchairs":[],"app_templates_home_page_product_slider_spare_parts":[],"app_templates_home_page_product_slider_all":[],"app_templates_home_page_product_slider_hide_info":false,"app_templates_modules_top_banner_title":" ","app_templates_modules_top_banner_body":"","app_templates_modules_top_banner_image":"1874","app_templates_modules_top_banner_color":"white","app_templates_modules_top_banner_overlay":false,"app_templates_modules_top_banner_hide":false,"app_templates_modules_modules_modules":[{"_type":"content","title":"Il \u00e9tait une fois en Norv\u00e8ge\u2026.","content":"L\u2019histoire de Netti commence \u00e0 la fin des ann\u00e9es 1980 lorsqu\u2019un groupe d'amis a pris conscience des challenges que rencontraient au quotidien l\u2019un des leurs en fauteuil ainsi que sa famille. Ils ont d\u00e9cid\u00e9 qu\u2019il fallait une autre solution, et qu\u2019une am\u00e9lioration \u00e9tait possible.\r\n\r\nIls ont alors commenc\u00e9 \u00e0 d\u00e9velopper un fauteuil compl\u00e8tement nouveau avec des possibilit\u00e9s d\u2019ajustement \u00e9labor\u00e9es. Le r\u00e9sultat a procur\u00e9 un tel soulagement \u00e0 l\u2019utilisateur et une r\u00e9elle joie de vie, qu\u2019ils ont d\u00e9cid\u00e9 de cr\u00e9er Alu Rehab afin de proposer les m\u00eames possibilit\u00e9s \u00e0 un plus grand nombre. C'est ainsi que Netti by Alu Rehab fut \u00e9tablie en 1989.","text_align":"text-center","columns":1},{"_type":"image","image":"1257"},{"_type":"content","title":"","content":"Notre objectif consiste, depuis, \u00e0 am\u00e9liorer la qualit\u00e9 de vie des utilisateurs de fauteuils.\r\n\r\nTous nos produits sont con\u00e7us pour accro\u00eetre la mobilit\u00e9 et faciliter les activit\u00e9s au quotidien. Le fait de garantir un positionnement confortable et adapt\u00e9 permet d\u2019am\u00e9liorer par exemple la capacit\u00e9 \u00e0 manger, respirer et boire, mais aussi \u00e0 communiquer et \u00e0 \u00eatre plus ind\u00e9pendant. La possibilit\u00e9 de rester plus longtemps et plus confortablement en fauteuil permet de passer plus de temps en famille et avec ses amis, et donc d\u2019appr\u00e9cier autrement la vie.\r\n\r\nNetti propose des solutions de qualit\u00e9 permettant un positionnement possible dans la dur\u00e9e et r\u00e9pondant aux demandes complexes et sp\u00e9cifiques de certains utilisateurs.","text_align":"text-center","columns":1},{"_type":"features","features":[{"_type":"_","icon":"1981","title":"1989","body":"La cr\u00e9ation du premier Netti"},{"_type":"_","icon":"2056","title":"Norway","body":"Notre si\u00e8ge"},{"_type":"_","icon":"1745","title":"4","body":"Notre implantation"},{"_type":"_","icon":"2125","title":"30","body":"Les pays"},{"_type":"_","icon":"2066","title":"117","body":"Les employ\u00e9s Netti"},{"_type":"_","icon":"2035","title":"+200.000","body":"Utilisateurs Netti"}]},{"_type":"content","title":"UN GRAND CHOIX DE SOLUTIONS","content":"Netti offre un large choix de solutions afin de r\u00e9pondre aux besoins de chaque utilisateur.\r\n\r\nGr\u00e2ce \u00e0 la M\u00e9thode Netti, vous d\u00e9finissez la solution de positionnement optimale, et adaptez le fauteuil \u00e0 l\u2019utilisateur et non le contraire.","text_align":"text-center","columns":1},{"_type":"image","image":"40088"},{"_type":"quote","quote":"Nous vous proposons des solutions simples\r\net une meilleure qualit\u00e9 de vie","source":"Netti by Alu Rehab"}],"app_templates_modules_product_items_product":[],"_links":{"self":[{"href":"https:\/\/www.my-netti.com\/fr\/wp-json\/wp\/v2\/pages\/11861","targetHints":{"allow":["GET"]}}],"collection":[{"href":"https:\/\/www.my-netti.com\/fr\/wp-json\/wp\/v2\/pages"}],"about":[{"href":"https:\/\/www.my-netti.com\/fr\/wp-json\/wp\/v2\/types\/page"}],"author":[{"embeddable":true,"href":"https:\/\/www.my-netti.com\/fr\/wp-json\/wp\/v2\/users\/2"}],"replies":[{"embeddable":true,"href":"https:\/\/www.my-netti.com\/fr\/wp-json\/wp\/v2\/comments?post=11861"}],"version-history":[{"count":8,"href":"https:\/\/www.my-netti.com\/fr\/wp-json\/wp\/v2\/pages\/11861\/revisions"}],"predecessor-version":[{"id":54950,"href":"https:\/\/www.my-netti.com\/fr\/wp-json\/wp\/v2\/pages\/11861\/revisions\/54950"}],"wp:attachment":[{"href":"https:\/\/www.my-netti.com\/fr\/wp-json\/wp\/v2\/media?parent=11861"}],"curies":[{"name":"wp","href":"https:\/\/api.w.org\/{rel}","templated":true}]}}