{"id":11840,"date":"2020-01-17T08:32:19","date_gmt":"2020-01-17T07:32:19","guid":{"rendered":"https:\/\/www.my-netti.com\/our-vision\/"},"modified":"2020-06-23T10:10:34","modified_gmt":"2020-06-23T08:10:34","slug":"notre-vision","status":"publish","type":"page","link":"https:\/\/www.my-netti.com\/fr\/notre-vision\/","title":{"rendered":"Notre vision"},"content":{"rendered":"","protected":false},"excerpt":{"rendered":"","protected":false},"author":2,"featured_media":0,"parent":0,"menu_order":10,"comment_status":"closed","ping_status":"closed","template":"views\/template-modules.blade.php","meta":{"_seopress_robots_primary_cat":"","_seopress_titles_title":"","_seopress_titles_desc":"","_seopress_robots_index":"","_relevanssi_hide_post":"","_relevanssi_hide_content":"","_relevanssi_pin_for_all":"","_relevanssi_pin_keywords":"","_relevanssi_unpin_keywords":"","_relevanssi_related_keywords":"","_relevanssi_related_include_ids":"","_relevanssi_related_exclude_ids":"","_relevanssi_related_no_append":"","_relevanssi_related_not_related":"","_relevanssi_related_posts":"","_relevanssi_noindex_reason":"","footnotes":""},"class_list":["post-11840","page","type-page","status-publish","hentry"],"app_templates_compare_top_banner_title":"","app_templates_compare_top_banner_body":"","app_templates_compare_top_banner_image":"","app_templates_compare_top_banner_color":"white","app_templates_compare_top_banner_overlay":true,"app_templates_compare_top_banner_hide":false,"app_templates_cookie_policy_top_banner_title":"","app_templates_cookie_policy_top_banner_body":"","app_templates_cookie_policy_top_banner_image":"","app_templates_cookie_policy_top_banner_color":"white","app_templates_cookie_policy_top_banner_overlay":true,"app_templates_cookie_policy_top_banner_hide":false,"app_templates_home_page_home_banner_slides":[],"app_templates_home_page_home_banner_html":"","app_templates_home_page_link_boxes_boxes":[],"app_templates_home_page_link_boxes_cta_box_show_cta":true,"app_templates_home_page_link_boxes_cta_box_title":"","app_templates_home_page_link_boxes_cta_box_body":"","app_templates_home_page_link_boxes_cta_box_icon":"","app_templates_home_page_link_boxes_cta_box_link":{"value":"","url":"","anchor":"","blank":0},"app_templates_home_page_link_boxes_cta_box_html":"","app_templates_home_page_media_text_box_image":"","app_templates_home_page_media_text_box_full_width":false,"app_templates_home_page_media_text_box_pretitle":"","app_templates_home_page_media_text_box_title":"","app_templates_home_page_media_text_box_body":"","app_templates_home_page_media_text_box_link":{"value":"","url":"","anchor":"","blank":0},"app_templates_home_page_media_text_box_hide":false,"app_templates_home_page_article_slider_title":"Articles connexes","app_templates_home_page_article_slider_show_latest":false,"app_templates_home_page_article_slider_articles":[],"app_templates_home_page_product_slider_title":"Produits apparent\u00e9s","app_templates_home_page_product_slider_product_kind":"wheelchairs","app_templates_home_page_product_slider_wheelchairs":[],"app_templates_home_page_product_slider_spare_parts":[],"app_templates_home_page_product_slider_all":[],"app_templates_home_page_product_slider_hide_info":false,"app_templates_modules_top_banner_title":" ","app_templates_modules_top_banner_body":"","app_templates_modules_top_banner_image":"1968","app_templates_modules_top_banner_color":"white","app_templates_modules_top_banner_overlay":false,"app_templates_modules_top_banner_hide":false,"app_templates_modules_modules_modules":[{"_type":"content","title":"Notre vision","content":"Netti a install\u00e9 son si\u00e8ge sur la c\u00f4te ouest de la Norv\u00e8ge \u00e0 la fin des ann\u00e9es 1980. Netti n\u2019a eu de cesse, depuis, d\u2019\u00eatre \u00e0 l\u2019\u00e9coute de ses clients afin d\u2019apporter des solutions simples contribuant \u00e0 am\u00e9liorer la qualit\u00e9 de vie des utilisateurs. En tant que sp\u00e9cialiste du confort et du positionnement, Netti offre des produits de qualit\u00e9 qui s\u2019inscrivent dans la dur\u00e9e. Nous sommes, par ailleurs, l\u2019un des rares fabricants \u00e0 proposer un syst\u00e8me dynamique et des solutions adapt\u00e9es aux besoins complexes des utilisateurs. Parce que nous voulons contribuer \u00e0 am\u00e9liorer la qualit\u00e9 de vie de nos utilisateurs, tous nos produits sont con\u00e7us pour faciliter leur mobilit\u00e9 et leur participation aux activit\u00e9s du quotidien.","text_align":"text-center","columns":1},{"_type":"features","features":[{"_type":"_","icon":"1730","title":"Am\u00e9liorer la socialisation","body":""},{"_type":"_","icon":"1719","title":"Meilleure fonctionnalit\u00e9","body":""},{"_type":"_","icon":"1753","title":"Meilleure sant\u00e9 et moins de douleur","body":""}]},{"_type":"content","title":"L\u2019ADN de Netti","content":"Les utilisateurs qui sont d\u00e9pendants de leurs fauteuils pour rester actifs ou participer aux activit\u00e9s sociales, savent que les sp\u00e9cificit\u00e9s dans le design de leurs fauteuils peuvent faire une grande diff\u00e9rence. Nos th\u00e9rapeutes et sp\u00e9cialistes produit se concentrent ainsi sur la biom\u00e9canique pour s\u00e9curiser non seulement nos produits mais permettre aussi un meilleur confort. Nos produits doivent aider nos utilisateurs \u00e0 rester actifs et favoriser une vie sociale ainsi qu'une meilleure qualit\u00e9 de vie.","text_align":"text-center","columns":1},{"_type":"image","image":"959"},{"_type":"media_text","title":"Qualit\u00e9 de vie","body":"Le d\u00e9sir de contribuer \u00e0 renforcer la qualit\u00e9 de vie des utilisateurs est profond\u00e9ment inscrit dans l\u2019ADN de Netti. Notre objectif est en effet de r\u00e9pondre \u00e0 tous les challenges et de faire la diff\u00e9rence aupr\u00e8s de nos utilisateurs et clients.","image":"1769","image_link":{"value":"","url":"","anchor":"","blank":"0"},"link":{"value":"","url":"","anchor":"","blank":"0"},"circle":false,"direction":"flex-row"},{"_type":"media_text","title":"Produits ","body":"Lorsque nous d\u00e9veloppons un produit, nous impliquons nos th\u00e9rapeutes et sp\u00e9cialistes afin de prendre en compte l\u2019environnement global et la situation sp\u00e9cifique de l'utilisateur.","image":"1781","image_link":{"value":"","url":"","anchor":"","blank":"0"},"link":{"value":"","url":"","anchor":"","blank":"0"},"circle":false,"direction":"flex-row"},{"_type":"media_text","title":"Connaissances","body":"Notre \u00e9quipe a d\u00e9velopp\u00e9 une connaissance toute particuli\u00e8re des fauteuils et des challenges concernant les utilisateurs qui permet de r\u00e9pondre au mieux \u00e0 leurs besoins. C\u2019est ainsi que nous avons cr\u00e9\u00e9 la M\u00e9thode Netti afin d\u2019aider nos clients \u00e0 proposer les solutions de positionnement les meilleures aux utilisateurs de fauteuils.","image":"1776","image_link":{"value":"","url":"","anchor":"","blank":"0"},"link":{"value":"","url":"","anchor":"","blank":"0"},"circle":false,"direction":"flex-row"},{"_type":"media_text","title":"Qualit\u00e9","body":"Nous d\u00e9veloppons et fabriquons nous-m\u00eames nos produits suivant des normes de tr\u00e8s grande qualit\u00e9 que nous appliquons \u00e0 toutes les \u00e9tapes. La qualit\u00e9 n\u2019est pas seulement une exigence dans la fabrication du produit, mais aussi dans notre offre de services. Cela est possible parce que nos collaborateurs sont exp\u00e9riment\u00e9s, et restent \u00e0 l'\u00e9coute des besoins tr\u00e8s pr\u00e9cis de nos utilisateurs.","image":"1786","image_link":{"value":"","url":"","anchor":"","blank":"0"},"link":{"value":"","url":"","anchor":"","blank":"0"},"circle":false,"direction":"flex-row"},{"_type":"media_text","title":"Durabilit\u00e9","body":"Notre objectif est de produire des fauteuils de grande qualit\u00e9 qui durent et permettent une meilleure qualit\u00e9 de vie \u00e0 nos utilisateurs.","image":"1791","image_link":{"value":"","url":"","anchor":"","blank":"0"},"link":{"value":"","url":"","anchor":"","blank":"0"},"circle":false,"direction":"flex-row"},{"_type":"media_text_box","image":"1328","full_width":false,"pretitle":"","title":"Nous d\u00e9fendons l\u2019individualit\u00e9","body":"Nous savons qu\u2019il n\u2019existe pas deux personnes identiques, c\u2019est pour cela que nous proposons le plus grand choix de fauteuils et d\u2019accessoires. Il s\u2019agit d\u2019adapter les fauteuils aux utilisateurs et non le contraire. Dans la gamme Netti, il y a toujours un fauteuil qui r\u00e9pondra \u00e0 vos besoins.","link":{"value":"","url":"","anchor":"","blank":"0"},"hide":false},{"_type":"image","image":"1257"}],"app_templates_modules_product_items_product":[],"_links":{"self":[{"href":"https:\/\/www.my-netti.com\/fr\/wp-json\/wp\/v2\/pages\/11840","targetHints":{"allow":["GET"]}}],"collection":[{"href":"https:\/\/www.my-netti.com\/fr\/wp-json\/wp\/v2\/pages"}],"about":[{"href":"https:\/\/www.my-netti.com\/fr\/wp-json\/wp\/v2\/types\/page"}],"author":[{"embeddable":true,"href":"https:\/\/www.my-netti.com\/fr\/wp-json\/wp\/v2\/users\/2"}],"replies":[{"embeddable":true,"href":"https:\/\/www.my-netti.com\/fr\/wp-json\/wp\/v2\/comments?post=11840"}],"version-history":[{"count":7,"href":"https:\/\/www.my-netti.com\/fr\/wp-json\/wp\/v2\/pages\/11840\/revisions"}],"predecessor-version":[{"id":54974,"href":"https:\/\/www.my-netti.com\/fr\/wp-json\/wp\/v2\/pages\/11840\/revisions\/54974"}],"wp:attachment":[{"href":"https:\/\/www.my-netti.com\/fr\/wp-json\/wp\/v2\/media?parent=11840"}],"curies":[{"name":"wp","href":"https:\/\/api.w.org\/{rel}","templated":true}]}}