{"id":11832,"date":"2020-01-17T08:32:51","date_gmt":"2020-01-17T07:32:51","guid":{"rendered":"https:\/\/www.my-netti.com\/the-netti-group\/"},"modified":"2020-06-23T09:39:07","modified_gmt":"2020-06-23T07:39:07","slug":"le-groupe-netti","status":"publish","type":"page","link":"https:\/\/www.my-netti.com\/fr\/le-groupe-netti\/","title":{"rendered":"Le groupe Netti"},"content":{"rendered":"","protected":false},"excerpt":{"rendered":"","protected":false},"author":2,"featured_media":0,"parent":0,"menu_order":12,"comment_status":"closed","ping_status":"closed","template":"views\/template-modules.blade.php","meta":{"_seopress_robots_primary_cat":"","_seopress_titles_title":"","_seopress_titles_desc":"","_seopress_robots_index":"","_relevanssi_hide_post":"","_relevanssi_hide_content":"","_relevanssi_pin_for_all":"","_relevanssi_pin_keywords":"","_relevanssi_unpin_keywords":"","_relevanssi_related_keywords":"","_relevanssi_related_include_ids":"","_relevanssi_related_exclude_ids":"","_relevanssi_related_no_append":"","_relevanssi_related_not_related":"","_relevanssi_related_posts":"","_relevanssi_noindex_reason":"","footnotes":""},"class_list":["post-11832","page","type-page","status-publish","hentry"],"app_templates_compare_top_banner_title":"","app_templates_compare_top_banner_body":"","app_templates_compare_top_banner_image":"","app_templates_compare_top_banner_color":"white","app_templates_compare_top_banner_overlay":true,"app_templates_compare_top_banner_hide":false,"app_templates_cookie_policy_top_banner_title":"","app_templates_cookie_policy_top_banner_body":"","app_templates_cookie_policy_top_banner_image":"","app_templates_cookie_policy_top_banner_color":"white","app_templates_cookie_policy_top_banner_overlay":true,"app_templates_cookie_policy_top_banner_hide":false,"app_templates_home_page_home_banner_slides":[],"app_templates_home_page_home_banner_html":"","app_templates_home_page_link_boxes_boxes":[],"app_templates_home_page_link_boxes_cta_box_show_cta":true,"app_templates_home_page_link_boxes_cta_box_title":"","app_templates_home_page_link_boxes_cta_box_body":"","app_templates_home_page_link_boxes_cta_box_icon":"","app_templates_home_page_link_boxes_cta_box_link":{"value":"","url":"","anchor":"","blank":0},"app_templates_home_page_link_boxes_cta_box_html":"","app_templates_home_page_media_text_box_image":"","app_templates_home_page_media_text_box_full_width":false,"app_templates_home_page_media_text_box_pretitle":"","app_templates_home_page_media_text_box_title":"","app_templates_home_page_media_text_box_body":"","app_templates_home_page_media_text_box_link":{"value":"","url":"","anchor":"","blank":0},"app_templates_home_page_media_text_box_hide":false,"app_templates_home_page_article_slider_title":"Articles connexes","app_templates_home_page_article_slider_show_latest":false,"app_templates_home_page_article_slider_articles":[],"app_templates_home_page_product_slider_title":"Produits apparent\u00e9s","app_templates_home_page_product_slider_product_kind":"wheelchairs","app_templates_home_page_product_slider_wheelchairs":[],"app_templates_home_page_product_slider_spare_parts":[],"app_templates_home_page_product_slider_all":[],"app_templates_home_page_product_slider_hide_info":false,"app_templates_modules_top_banner_title":" ","app_templates_modules_top_banner_body":"","app_templates_modules_top_banner_image":"4968","app_templates_modules_top_banner_color":"white","app_templates_modules_top_banner_overlay":false,"app_templates_modules_top_banner_hide":false,"app_templates_modules_modules_modules":[{"_type":"content","title":"Le groupe Netti","content":"La maison m\u00e8re Alu Rehab AS est situ\u00e9e en Norv\u00e8ge, avec des filiales au Danemark et en Chine. Nous avons par ailleurs des \u00e9quipes commerciales bas\u00e9es au Danemark, en Su\u00e8de, France, Allemagne, Autriche, Suisse et des distributeurs dans plus de 30 march\u00e9s.","text_align":"text-center","columns":1},{"_type":"media_text","title":"La maison m\u00e8re en Norv\u00e8ge","body":"C\u2019est dans la maison m\u00e8re en Norv\u00e8ge que nous d\u00e9veloppons nos produits et assurons la fabrication de nos produits customiz\u00e9s. Gr\u00e2ce \u00e0 l\u2019aide de nos th\u00e9rapeutes et experts en positionnement, le service technique est en mesure d\u2019am\u00e9liorer et concevoir des solutions qui contribuent \u00e0 la qualit\u00e9 de vie de nos utilisateurs.","image":"1813","image_link":{"value":"","url":"","anchor":"","blank":"0"},"link":{"value":"","url":"\/fr\/contact-netti-in-norway\/","anchor":"Contact Netti in Norway","blank":"0"},"circle":true,"direction":"flex-row-reverse"},{"_type":"media_text","title":"Le centre logistique au Danemark","body":"Nous livrons vers tous les pays d\u2019Europe et d\u2019Am\u00e9rique du Sud \u00e0 partir de notre centre logistique danois. Une partie de notre service client est aussi bas\u00e9 au Danemark.","image":"1826","image_link":{"value":"","url":"","anchor":"","blank":"0"},"link":{"value":"","url":"\/fr\/contact-netti-in-denmark\/","anchor":"Contact Netti in Denmark","blank":"0"},"circle":true,"direction":"flex-row-reverse"},{"_type":"media_text","title":"La production en Chine","body":"Nous assurons notre propre production et organisons nos livraisons hebdomadaires vers notre centre logistique au Danemark, \u00e0 partir de la Chine.\r\n\r\nCertains de nos collaborateurs chinois et europ\u00e9ens ont une exp\u00e9rience de plus de 15 ans et une tr\u00e8s grande connaissance des produits. Parce que nous assurons notre propre production, nous pouvons garantir la grande qualit\u00e9 des produits qui fait la r\u00e9putation de Netti.","image":"1820","image_link":{"value":"","url":"","anchor":"","blank":"0"},"link":{"value":"","url":"\/fr\/contact-netti-in-china\/","anchor":"Contact Netti in China","blank":"0"},"circle":true,"direction":"flex-row-reverse"},{"_type":"video","video":"https:\/\/youtu.be\/5YnrROZZOIg"},{"_type":"image","image":"1257"}],"app_templates_modules_product_items_product":[],"_links":{"self":[{"href":"https:\/\/www.my-netti.com\/fr\/wp-json\/wp\/v2\/pages\/11832","targetHints":{"allow":["GET"]}}],"collection":[{"href":"https:\/\/www.my-netti.com\/fr\/wp-json\/wp\/v2\/pages"}],"about":[{"href":"https:\/\/www.my-netti.com\/fr\/wp-json\/wp\/v2\/types\/page"}],"author":[{"embeddable":true,"href":"https:\/\/www.my-netti.com\/fr\/wp-json\/wp\/v2\/users\/2"}],"replies":[{"embeddable":true,"href":"https:\/\/www.my-netti.com\/fr\/wp-json\/wp\/v2\/comments?post=11832"}],"version-history":[{"count":11,"href":"https:\/\/www.my-netti.com\/fr\/wp-json\/wp\/v2\/pages\/11832\/revisions"}],"predecessor-version":[{"id":44774,"href":"https:\/\/www.my-netti.com\/fr\/wp-json\/wp\/v2\/pages\/11832\/revisions\/44774"}],"wp:attachment":[{"href":"https:\/\/www.my-netti.com\/fr\/wp-json\/wp\/v2\/media?parent=11832"}],"curies":[{"name":"wp","href":"https:\/\/api.w.org\/{rel}","templated":true}]}}