{"id":11816,"date":"2020-02-07T10:42:28","date_gmt":"2020-02-07T09:42:28","guid":{"rendered":"https:\/\/www.my-netti.com\/how-to-take-measurement-for-your-wheelchair\/"},"modified":"2020-06-23T09:33:54","modified_gmt":"2020-06-23T07:33:54","slug":"prise-de-mesure-des-fauteuils-netti","status":"publish","type":"page","link":"https:\/\/www.my-netti.com\/fr\/prise-de-mesure-des-fauteuils-netti\/","title":{"rendered":"Prise de mesure des fauteuils Netti"},"content":{"rendered":"","protected":false},"excerpt":{"rendered":"","protected":false},"author":4,"featured_media":0,"parent":0,"menu_order":6,"comment_status":"closed","ping_status":"closed","template":"views\/template-modules.blade.php","meta":{"_seopress_robots_primary_cat":"","_seopress_titles_title":"","_seopress_titles_desc":"","_seopress_robots_index":"","_relevanssi_hide_post":"","_relevanssi_hide_content":"","_relevanssi_pin_for_all":"","_relevanssi_pin_keywords":"","_relevanssi_unpin_keywords":"","_relevanssi_related_keywords":"","_relevanssi_related_include_ids":"","_relevanssi_related_exclude_ids":"","_relevanssi_related_no_append":"","_relevanssi_related_not_related":"","_relevanssi_related_posts":"","_relevanssi_noindex_reason":"","footnotes":""},"class_list":["post-11816","page","type-page","status-publish","hentry"],"app_templates_compare_top_banner_title":"","app_templates_compare_top_banner_body":"","app_templates_compare_top_banner_image":"","app_templates_compare_top_banner_color":"white","app_templates_compare_top_banner_overlay":true,"app_templates_compare_top_banner_hide":false,"app_templates_cookie_policy_top_banner_title":"","app_templates_cookie_policy_top_banner_body":"","app_templates_cookie_policy_top_banner_image":"","app_templates_cookie_policy_top_banner_color":"white","app_templates_cookie_policy_top_banner_overlay":true,"app_templates_cookie_policy_top_banner_hide":false,"app_templates_home_page_home_banner_slides":[],"app_templates_home_page_home_banner_html":"","app_templates_home_page_link_boxes_boxes":[],"app_templates_home_page_link_boxes_cta_box_show_cta":true,"app_templates_home_page_link_boxes_cta_box_title":"","app_templates_home_page_link_boxes_cta_box_body":"","app_templates_home_page_link_boxes_cta_box_icon":"","app_templates_home_page_link_boxes_cta_box_link":{"value":"","url":"","anchor":"","blank":0},"app_templates_home_page_link_boxes_cta_box_html":"","app_templates_home_page_media_text_box_image":"","app_templates_home_page_media_text_box_full_width":false,"app_templates_home_page_media_text_box_pretitle":"","app_templates_home_page_media_text_box_title":"","app_templates_home_page_media_text_box_body":"","app_templates_home_page_media_text_box_link":{"value":"","url":"","anchor":"","blank":0},"app_templates_home_page_media_text_box_hide":false,"app_templates_home_page_article_slider_title":"Articles connexes","app_templates_home_page_article_slider_show_latest":false,"app_templates_home_page_article_slider_articles":[],"app_templates_home_page_product_slider_title":"Produits apparent\u00e9s","app_templates_home_page_product_slider_product_kind":"wheelchairs","app_templates_home_page_product_slider_wheelchairs":[],"app_templates_home_page_product_slider_spare_parts":[],"app_templates_home_page_product_slider_all":[],"app_templates_home_page_product_slider_hide_info":false,"app_templates_modules_top_banner_title":"   ","app_templates_modules_top_banner_body":"","app_templates_modules_top_banner_image":"3359","app_templates_modules_top_banner_color":"white","app_templates_modules_top_banner_overlay":false,"app_templates_modules_top_banner_hide":false,"app_templates_modules_modules_modules":[{"_type":"content","title":"Prise de mesure des fauteuils ","content":"Un bon ajustement du fauteuil est primordial pour les utilisateurs qui sont en mesure de prendre part \u00e0 des activit\u00e9s du quotidien. Pour les personnes pour lesquelles cela n'est pas possible, cet ajustement devient essentiel afin d\u2019\u00e9viter les cons\u00e9quences d\u2019une posture inadapt\u00e9e (pr\u00e9vention de l\u2019escarre, respiration, repli sur soi, d\u00e9glutition, etc). Un fauteuil roulant est un dispositif m\u00e9dical qui permet de compenser une incapacit\u00e9 partielle ou totale de la fonction de marche. Pour les utilisateurs qui peuvent rester jusqu\u2019\u00e0 8-10 heures dans leur fauteuil roulant, il repr\u00e9sente un v\u00e9ritable lieu de vie. Il est important que celui-ci soit facilement maniable tout en offrant un niveau de confort \u00e9lev\u00e9. Voici les mesures de l\u2019utilisateur \u00e0 prendre pour d\u00e9finir la taille adapt\u00e9e du fauteuil.","text_align":"text-center","columns":1},{"_type":"media_text","title":"LARGEUR DE BASSIN\/LARGEUR D\u2019ASSISE","body":"<strong>A:<\/strong> Dans la position assise droite, mesurer entre les parties les plus larges des hanches et rajouter 20-25 mm. Prendre en consid\u00e9ration : bien distinguer l\u2019espace entre les accoudoirs et la largeur de la plaque d\u2019assise. Objectif :\r\n\r\n&nbsp;\r\n<ul>\r\n \t<li>Stabilit\u00e9 pour le bassin<\/li>\r\n \t<li>Garder le fauteuil le plus \u00e9troit possible pour une propulsion optimale et une maniabilit\u00e9 ais\u00e9e<\/li>\r\n<\/ul>\r\n&nbsp;","image":"3286","image_link":{"value":"","url":"","anchor":"","blank":"0"},"link":{"value":"","url":"","anchor":"","blank":"0"},"circle":false,"direction":"flex-row"},{"_type":"media_text","title":"PROFONDEUR D\u2019ASSISE\/SEGMENT FESSIER","body":"<strong>B:<\/strong> La profondeur d\u2019assise doit correspondre \u00e0 la longueur de cuisse de l\u2019utilisateur. Ce r\u00e9glage optimise la surface d\u2019appui dans le cadre de la pr\u00e9vention d\u2019escarres. Cette surface d\u2019appui adapt\u00e9e limitera le glisser avant de l\u2019utilisateur et \u00e9vitera la position r\u00e9tro vers\u00e9e du bassin, une fois celui-ci cal\u00e9 contre le dossier. Objectif :\r\n<ul>\r\n \t<li>Distribution optimale des pressions<\/li>\r\n \t<li>Eviter le glisser avant<\/li>\r\n<\/ul>\r\nMesure entre la partie la plus post\u00e9rieure du bassin et le creux poplit\u00e9, et retirer approximativement 30 mm.\r\n<ul>\r\n \t<li>Prendre en consid\u00e9ration : si une diff\u00e9rence existe entre les longueurs des deux cuisses, toujours ajuster en fonction de la cuisse la plus courte<\/li>\r\n<\/ul>\r\n&nbsp;\r\n\r\n&nbsp;","image":"3281","image_link":{"value":"","url":"","anchor":"","blank":"0"},"link":{"value":"","url":"","anchor":"","blank":"0"},"circle":false,"direction":"flex-row"},{"_type":"media_text","title":"La profondeur du si\u00e8ge pour les utilisateurs bariatriques","body":"<strong>X:\u00a0<\/strong>Lorsque l\u2019on \u00e9value la profondeur du si\u00e8ge pour une personne ob\u00e8se, il est important de noter que, en position assise, la zone des fesses d\u00e9passe l\u00e9g\u00e8rement vers l\u2019arri\u00e8re au-del\u00e0 de l\u2019axe des omoplates (voir sch\u00e9ma, zone X). Afin de r\u00e9pondre aux besoins de l\u2019utilisateur, il faut proposer un fauteuil disposant d\u2019un dossier qui corresponde \u00e0 sa forme corporelle, et s\u2019assurer que le dossier est positionn\u00e9 devant la zone X. Il est donc n\u00e9cessaire de pr\u00e9voir suffisamment d\u2019espace dans la zone X afin de garantir la profondeur d\u2019assise ad\u00e9quate et assurer un bon support postural. Nous recommandons des sangles ajustables pour cela.\r\n\r\n<strong>B:<\/strong> Bien mesurer la zone B du si\u00e8ge (voir sch\u00e9ma), c\u2019est la dimension qui sera retenue pour d\u00e9finir la profondeur du si\u00e8ge du fauteuil..","image":"3264","image_link":{"value":"","url":"","anchor":"","blank":"0"},"link":{"value":"","url":"","anchor":"","blank":"0"},"circle":false,"direction":"flex-row"},{"_type":"media_text","title":"HAUTEUR DES ACCOUDOIRS","body":"<strong>C:<\/strong> Une hauteur correcte des accoudoirs permet un appui stable des avant bras de l\u2019utilisateur. Cet appui permet de stabiliser la partie haute du corps et d\u2019\u00e9quilibrer les pressions entre les deux ischions. Mesure entre la partie inf\u00e9rieure du coude et la surface d\u2019assise. Objectif :\r\n<ul>\r\n \t<li>Eviter une fatigabilit\u00e9 ou des tensions dues \u00e0 une station assise prolong\u00e9e inadapt\u00e9e<\/li>\r\n \t<li>Maintien de la posture et de l\u2019\u00e9quilibre de l\u2019utilisateur<\/li>\r\n \t<li>Permettre \u00e0 l\u2019utilisateur de changer sa position<\/li>\r\n<\/ul>\r\nMesure entre la plaque d\u2019assise et l\u2019avant bras en position horizontale, \u00e9paules droites et stabilis\u00e9es\r\n\r\n&nbsp;","image":"3296","image_link":{"value":"","url":"","anchor":"","blank":"0"},"link":{"value":"","url":"","anchor":"","blank":"0"},"circle":false,"direction":"flex-row"},{"_type":"media_text","title":"LONGUEUR DES SEGMENTS JAMBIERS","body":"<strong>D:<\/strong> Le r\u00e9glage adapt\u00e9 du segment jambier \u00e9vite le glisser avant qui peut r\u00e9sulter d\u2019une absence d\u2019appui sous les pieds de l\u2019utilisateur. Ce r\u00e9glage d\u00e9finit \u00e9galement l\u2019uniformit\u00e9 des appuis sur la surface d\u2019assise. Un r\u00e9glage inadapt\u00e9 entra\u00eene soit une augmentation des pressions sur la zone ischiatique soit une position instable du bassin. Objectif :\r\n<ul>\r\n \t<li>Stabilisation du bassin<\/li>\r\n \t<li>Eviter le glisser avant<\/li>\r\n \t<li>Zone de contact \/ Distribution des pressions<\/li>\r\n \t<li>D\u00e9gagement entre les palettes repose pieds et le sol<\/li>\r\n<\/ul>\r\nMesure entre le creux poplit\u00e9 et la partie inf\u00e9rieure des talons. L\u2019utilisateur doit porter les v\u00eatements et chaussures qu\u2019il utilise au quotidien.\r\nConduite podale = hauteur diminu\u00e9e de 20 \u00e0 30 mm par rapport \u00e0 la longueur de la jambe\r\n\r\n&nbsp;","image":"3306","image_link":{"value":"","url":"","anchor":"","blank":"0"},"link":{"value":"","url":"","anchor":"","blank":"0"},"circle":false,"direction":"flex-row"},{"_type":"media_text","title":"La hauteur de si\u00e8ge","body":"La hauteur de si\u00e8ge est d\u00e9termin\u00e9e par le fait que l\u2019utilisateur va utiliser ses jambes pour man\u0153uvrer le fauteuil ou les rel\u00e8ve-jambes.\r\n\r\nEn cas de propulsion avec les pieds, la hauteur du si\u00e8ge du fauteuil devra \u00eatre de 20-30 mm inf\u00e9rieure \u00e0 la taille des jambes de l\u2019utilisateur. Si au contraire les rel\u00e8ve-jambes sont pr\u00e9conis\u00e9s, la hauteur du si\u00e8ge du fauteuil devra \u00eatre sup\u00e9rieure. L\u2019espace sous les repose-pieds doit \u00eatre de 20-30 mm en cas de mobilit\u00e9 \u00e0 l\u2019int\u00e9rieur et de 40-50 mm \u00e0 l\u2019ext\u00e9rieur.","image":"3311","image_link":{"value":"","url":"","anchor":"","blank":"0"},"link":{"value":"","url":"","anchor":"","blank":"0"},"circle":false,"direction":"flex-row"},{"_type":"media_text","title":"HAUTEUR DE DOSSIER","body":"<strong>E: <\/strong>La hauteur de dossier ainsi que sa surface d\u00e9finit le confort d\u2019appui de l\u2019utilisateur. Ce r\u00e9glage induit \u00e9galement l\u2019efficacit\u00e9 des maintiens lat\u00e9raux \u00e0 stabiliser l\u2019utilisateur. A prendre en consid\u00e9ration\u00a0:\r\n<ul>\r\n \t<li>L\u2019utilisateur se propulse-t-il\u00a0? Il est important dans ce cas que le coussin ne g\u00eane pas le mouvement des bras\/\u00e9paules n\u00e9cessaire \u00e0 la propulsion.<\/li>\r\n \t<li>L\u2019utilisateur a-t-il besoin d\u2019\u00eatre stabilis\u00e9 lat\u00e9ralement\u00a0? La surface et la hauteur des maintiens lat\u00e9raux adapt\u00e9s du dossier sont des \u00e9l\u00e9ments essentiels.<\/li>\r\n<\/ul>\r\nMesure \u00e0 prendre de l'assise jusqu'au dessous des omoplates. Position des maintiens lat\u00e9raux proche de la zone sous axillaire.\r\n\r\n&nbsp;","image":"3317","image_link":{"value":"","url":"","anchor":"","blank":"0"},"link":{"value":"","url":"","anchor":"","blank":"0"},"circle":false,"direction":"flex-row"},{"_type":"media_text","title":"Largeur du tronc","body":"<strong>F:<\/strong> La largeur du tronc se mesure horizontalement \u00e0 la pointe des omoplates. Cette mesure permet d\u2019\u00e9valuer les distances n\u00e9cessaires entre les cales troncs du coussin de dossier. Le but \u00e9tant d\u2019obtenir un support optimal du tronc.\r\n\r\nAttention : \u00e9viter une largeur de tronc trop \u00e9troite car cela pourrait causer des escarres. Si la distance entre le tronc et les maintiens lat\u00e9raux est sup\u00e9rieure \u00e0 30 mm par c\u00f4t\u00e9, vous pouvez utiliser un cale pour une meilleure stabilit\u00e9.","image":"3322","image_link":{"value":"","url":"","anchor":"","blank":"0"},"link":{"value":"","url":"","anchor":"","blank":"0"},"circle":false,"direction":"flex-row"}],"app_templates_modules_product_items_product":[],"_links":{"self":[{"href":"https:\/\/www.my-netti.com\/fr\/wp-json\/wp\/v2\/pages\/11816","targetHints":{"allow":["GET"]}}],"collection":[{"href":"https:\/\/www.my-netti.com\/fr\/wp-json\/wp\/v2\/pages"}],"about":[{"href":"https:\/\/www.my-netti.com\/fr\/wp-json\/wp\/v2\/types\/page"}],"author":[{"embeddable":true,"href":"https:\/\/www.my-netti.com\/fr\/wp-json\/wp\/v2\/users\/4"}],"replies":[{"embeddable":true,"href":"https:\/\/www.my-netti.com\/fr\/wp-json\/wp\/v2\/comments?post=11816"}],"version-history":[{"count":10,"href":"https:\/\/www.my-netti.com\/fr\/wp-json\/wp\/v2\/pages\/11816\/revisions"}],"predecessor-version":[{"id":54946,"href":"https:\/\/www.my-netti.com\/fr\/wp-json\/wp\/v2\/pages\/11816\/revisions\/54946"}],"wp:attachment":[{"href":"https:\/\/www.my-netti.com\/fr\/wp-json\/wp\/v2\/media?parent=11816"}],"curies":[{"name":"wp","href":"https:\/\/api.w.org\/{rel}","templated":true}]}}