{"id":11786,"date":"2020-02-03T14:04:36","date_gmt":"2020-02-03T13:04:36","guid":{"rendered":"https:\/\/www.my-netti.com\/netti-customized\/"},"modified":"2021-09-13T12:38:07","modified_gmt":"2021-09-13T10:38:07","slug":"netti-customized","status":"publish","type":"page","link":"https:\/\/www.my-netti.com\/fr\/netti-customized\/","title":{"rendered":"Netti Customized"},"content":{"rendered":"","protected":false},"excerpt":{"rendered":"","protected":false},"author":4,"featured_media":0,"parent":0,"menu_order":4,"comment_status":"closed","ping_status":"closed","template":"views\/template-modules.blade.php","meta":{"_seopress_robots_primary_cat":"","_seopress_titles_title":"","_seopress_titles_desc":"","_seopress_robots_index":"","_relevanssi_hide_post":"","_relevanssi_hide_content":"","_relevanssi_pin_for_all":"","_relevanssi_pin_keywords":"","_relevanssi_unpin_keywords":"","_relevanssi_related_keywords":"","_relevanssi_related_include_ids":"","_relevanssi_related_exclude_ids":"","_relevanssi_related_no_append":"","_relevanssi_related_not_related":"","_relevanssi_related_posts":"","_relevanssi_noindex_reason":"","footnotes":""},"class_list":["post-11786","page","type-page","status-publish","hentry"],"app_templates_compare_top_banner_title":"","app_templates_compare_top_banner_body":"","app_templates_compare_top_banner_image":"","app_templates_compare_top_banner_color":"white","app_templates_compare_top_banner_overlay":true,"app_templates_compare_top_banner_hide":false,"app_templates_cookie_policy_top_banner_title":"","app_templates_cookie_policy_top_banner_body":"","app_templates_cookie_policy_top_banner_image":"","app_templates_cookie_policy_top_banner_color":"white","app_templates_cookie_policy_top_banner_overlay":true,"app_templates_cookie_policy_top_banner_hide":false,"app_templates_home_page_home_banner_slides":[],"app_templates_home_page_home_banner_html":"","app_templates_home_page_link_boxes_boxes":[],"app_templates_home_page_link_boxes_cta_box_show_cta":true,"app_templates_home_page_link_boxes_cta_box_title":"","app_templates_home_page_link_boxes_cta_box_body":"","app_templates_home_page_link_boxes_cta_box_icon":"","app_templates_home_page_link_boxes_cta_box_link":{"value":"","url":"","anchor":"","blank":0},"app_templates_home_page_link_boxes_cta_box_html":"","app_templates_home_page_media_text_box_image":"","app_templates_home_page_media_text_box_full_width":false,"app_templates_home_page_media_text_box_pretitle":"","app_templates_home_page_media_text_box_title":"","app_templates_home_page_media_text_box_body":"","app_templates_home_page_media_text_box_link":{"value":"","url":"","anchor":"","blank":0},"app_templates_home_page_media_text_box_hide":false,"app_templates_home_page_article_slider_title":"Articles connexes","app_templates_home_page_article_slider_show_latest":false,"app_templates_home_page_article_slider_articles":[],"app_templates_home_page_product_slider_title":"Produits apparent\u00e9s","app_templates_home_page_product_slider_product_kind":"wheelchairs","app_templates_home_page_product_slider_wheelchairs":[],"app_templates_home_page_product_slider_spare_parts":[],"app_templates_home_page_product_slider_all":[],"app_templates_home_page_product_slider_hide_info":false,"app_templates_modules_top_banner_title":" ","app_templates_modules_top_banner_body":"","app_templates_modules_top_banner_image":"2403","app_templates_modules_top_banner_color":"white","app_templates_modules_top_banner_overlay":true,"app_templates_modules_top_banner_hide":false,"app_templates_modules_modules_modules":[{"_type":"content","title":"Des solutions personnalis\u00e9es, parce que nous sommes tous uniques","content":"Adapter le fauteuil \u00e0 son utilisateur, et non le contraire, c\u2019est contribuer \u00e0 renforcer la qualit\u00e9 de vie de nos utilisateurs.\r\n\r\nNous sommes convaincus \u00e0 Netti que tout est possible, et tentons de r\u00e9pondre aux challenges de nos utilisateurs avec les fauteuils d\u00e9j\u00e0 disponibles dans notre gamme, sinon avec des solutions sur mesure. N\u2019h\u00e9sitez pas \u00e0 nous contacter.\r\n\r\nNotre \u00e9quipe de techniciens, commerciaux et personnel d\u00e9di\u00e9 au Service Client travaillent en \u00e9troite collaboration avec la R&amp;D afin d\u2019adapter nos produits et accessoires si besoin.","text_align":"text-center","columns":1},{"_type":"product_slider","title":"Fauteuils Customiz\u00e9s Netti","product_kind":"wheelchairs","wheelchairs":[],"spare_parts":[],"all":[],"hide_info":false},{"_type":"article_slider","title":"Accessoires Customiz\u00e9s Netti","show_latest":false,"articles":[{"value":"post:knowledge-article:2784","type":"post","subtype":"knowledge-article","id":"2784"},{"value":"post:knowledge-article:2783","type":"post","subtype":"knowledge-article","id":"2783"},{"value":"post:knowledge-article:2785","type":"post","subtype":"knowledge-article","id":"2785"},{"value":"post:knowledge-article:2782","type":"post","subtype":"knowledge-article","id":"2782"},{"value":"post:knowledge-article:2786","type":"post","subtype":"knowledge-article","id":"2786"}]},{"_type":"media_text","title":"La M\u00e9thode Netti","body":"En utilisant la m\u00e9thode Netti, vous pourrez \u00e9valuer les besoins de l\u2019utilisateur et r\u00e9pondre au mieux \u00e0 ses attentes concernant les fauteuils ou les accessoires sp\u00e9cifiques.\r\n\r\nNotre Service Client pourra vous aider dans votre projet et d\u00e9terminer s\u2019il est possible d\u2019y r\u00e9pondre avec notre gamme de produits. Si tel n\u2019est pas le cas, nous ferons une estimation adapt\u00e9e afin de r\u00e9pondre \u00e0 votre demande sp\u00e9cifique.","image":"1704","image_link":{"value":"","url":"","anchor":"","blank":"0"},"link":{"value":"","url":"\/the-netti-method\/","anchor":"Read more about the Netti Method","blank":"0"},"circle":false,"direction":"flex-row"}],"app_templates_modules_product_items_product":[],"_links":{"self":[{"href":"https:\/\/www.my-netti.com\/fr\/wp-json\/wp\/v2\/pages\/11786","targetHints":{"allow":["GET"]}}],"collection":[{"href":"https:\/\/www.my-netti.com\/fr\/wp-json\/wp\/v2\/pages"}],"about":[{"href":"https:\/\/www.my-netti.com\/fr\/wp-json\/wp\/v2\/types\/page"}],"author":[{"embeddable":true,"href":"https:\/\/www.my-netti.com\/fr\/wp-json\/wp\/v2\/users\/4"}],"replies":[{"embeddable":true,"href":"https:\/\/www.my-netti.com\/fr\/wp-json\/wp\/v2\/comments?post=11786"}],"version-history":[{"count":8,"href":"https:\/\/www.my-netti.com\/fr\/wp-json\/wp\/v2\/pages\/11786\/revisions"}],"predecessor-version":[{"id":73315,"href":"https:\/\/www.my-netti.com\/fr\/wp-json\/wp\/v2\/pages\/11786\/revisions\/73315"}],"wp:attachment":[{"href":"https:\/\/www.my-netti.com\/fr\/wp-json\/wp\/v2\/media?parent=11786"}],"curies":[{"name":"wp","href":"https:\/\/api.w.org\/{rel}","templated":true}]}}