{"id":11780,"date":"2020-02-06T09:37:18","date_gmt":"2020-02-06T08:37:18","guid":{"rendered":"https:\/\/www.my-netti.com\/netti-campus-seminars\/"},"modified":"2020-06-23T09:40:31","modified_gmt":"2020-06-23T07:40:31","slug":"seminaires-du-campus-netti","status":"publish","type":"page","link":"https:\/\/www.my-netti.com\/fr\/seminaires-du-campus-netti\/","title":{"rendered":"S\u00e9minaires du Campus Netti"},"content":{"rendered":"","protected":false},"excerpt":{"rendered":"","protected":false},"author":4,"featured_media":0,"parent":0,"menu_order":9,"comment_status":"closed","ping_status":"closed","template":"views\/template-modules.blade.php","meta":{"_seopress_robots_primary_cat":"","_seopress_titles_title":"","_seopress_titles_desc":"","_seopress_robots_index":"","_relevanssi_hide_post":"","_relevanssi_hide_content":"","_relevanssi_pin_for_all":"","_relevanssi_pin_keywords":"","_relevanssi_unpin_keywords":"","_relevanssi_related_keywords":"","_relevanssi_related_include_ids":"","_relevanssi_related_exclude_ids":"","_relevanssi_related_no_append":"","_relevanssi_related_not_related":"","_relevanssi_related_posts":"","_relevanssi_noindex_reason":"","footnotes":""},"class_list":["post-11780","page","type-page","status-publish","hentry"],"app_templates_compare_top_banner_title":"","app_templates_compare_top_banner_body":"","app_templates_compare_top_banner_image":"","app_templates_compare_top_banner_color":"white","app_templates_compare_top_banner_overlay":true,"app_templates_compare_top_banner_hide":false,"app_templates_cookie_policy_top_banner_title":"","app_templates_cookie_policy_top_banner_body":"","app_templates_cookie_policy_top_banner_image":"","app_templates_cookie_policy_top_banner_color":"white","app_templates_cookie_policy_top_banner_overlay":true,"app_templates_cookie_policy_top_banner_hide":false,"app_templates_home_page_home_banner_slides":[],"app_templates_home_page_home_banner_html":"","app_templates_home_page_link_boxes_boxes":[],"app_templates_home_page_link_boxes_cta_box_show_cta":true,"app_templates_home_page_link_boxes_cta_box_title":"","app_templates_home_page_link_boxes_cta_box_body":"","app_templates_home_page_link_boxes_cta_box_icon":"","app_templates_home_page_link_boxes_cta_box_link":{"value":"","url":"","anchor":"","blank":0},"app_templates_home_page_link_boxes_cta_box_html":"","app_templates_home_page_media_text_box_image":"","app_templates_home_page_media_text_box_full_width":false,"app_templates_home_page_media_text_box_pretitle":"","app_templates_home_page_media_text_box_title":"","app_templates_home_page_media_text_box_body":"","app_templates_home_page_media_text_box_link":{"value":"","url":"","anchor":"","blank":0},"app_templates_home_page_media_text_box_hide":false,"app_templates_home_page_article_slider_title":"Articles connexes","app_templates_home_page_article_slider_show_latest":false,"app_templates_home_page_article_slider_articles":[],"app_templates_home_page_product_slider_title":"Produits apparent\u00e9s","app_templates_home_page_product_slider_product_kind":"wheelchairs","app_templates_home_page_product_slider_wheelchairs":[],"app_templates_home_page_product_slider_spare_parts":[],"app_templates_home_page_product_slider_all":[],"app_templates_home_page_product_slider_hide_info":false,"app_templates_modules_top_banner_title":"  ","app_templates_modules_top_banner_body":"","app_templates_modules_top_banner_image":"4335","app_templates_modules_top_banner_color":"white","app_templates_modules_top_banner_overlay":false,"app_templates_modules_top_banner_hide":false,"app_templates_modules_modules_modules":[{"_type":"content","title":"Nous partageons nos connaissances et notre expertise","content":"Nous vous proposons un vaste choix de formations sur les fauteuils, l\u2019assise et le positionnement ainsi que sur la M\u00e9thode Netti, gr\u00e2ce \u00e0 des\u00a0 formations in-situ sur demande ou des s\u00e9minaires auxquels vous pouvez vous inscrire.","text_align":"text-center","columns":1},{"_type":"media_text","title":"Voici une liste des diff\u00e9rents th\u00e8mes possibles ","body":"<ul>\r\n \t<li>Comment optimiser l\u2019assise et le positionnement en fauteuil<\/li>\r\n \t<li>Comment appr\u00e9hender certaines pathologies ou situations sp\u00e9cifiques, notamment l\u2019accompagnement des personnes \u00e2g\u00e9es ou la gestion de la spasticit\u00e9<\/li>\r\n \t<li>Les produits Netti et leurs diff\u00e9rentes configurations en fonction des utilisateurs<\/li>\r\n \t<li>Formation pour techniciens<\/li>\r\n \t<li>Formation pour th\u00e9rapeutes et travailleurs sociaux<\/li>\r\n<\/ul>","image":"1704","image_link":{"value":"","url":"","anchor":"","blank":"0"},"link":{"value":"","url":"\/fr\/responsable-secteur\/","anchor":"N\u2019h\u00e9sitez pas \u00e0 nous contacter pour nous faire part de vos demandes sp\u00e9cifiques","blank":"0"},"circle":false,"direction":"flex-row"}],"app_templates_modules_product_items_product":[],"_links":{"self":[{"href":"https:\/\/www.my-netti.com\/fr\/wp-json\/wp\/v2\/pages\/11780","targetHints":{"allow":["GET"]}}],"collection":[{"href":"https:\/\/www.my-netti.com\/fr\/wp-json\/wp\/v2\/pages"}],"about":[{"href":"https:\/\/www.my-netti.com\/fr\/wp-json\/wp\/v2\/types\/page"}],"author":[{"embeddable":true,"href":"https:\/\/www.my-netti.com\/fr\/wp-json\/wp\/v2\/users\/4"}],"replies":[{"embeddable":true,"href":"https:\/\/www.my-netti.com\/fr\/wp-json\/wp\/v2\/comments?post=11780"}],"version-history":[{"count":8,"href":"https:\/\/www.my-netti.com\/fr\/wp-json\/wp\/v2\/pages\/11780\/revisions"}],"predecessor-version":[{"id":54951,"href":"https:\/\/www.my-netti.com\/fr\/wp-json\/wp\/v2\/pages\/11780\/revisions\/54951"}],"wp:attachment":[{"href":"https:\/\/www.my-netti.com\/fr\/wp-json\/wp\/v2\/media?parent=11780"}],"curies":[{"name":"wp","href":"https:\/\/api.w.org\/{rel}","templated":true}]}}