{"id":11776,"date":"2020-01-30T19:17:30","date_gmt":"2020-01-30T18:17:30","guid":{"rendered":"https:\/\/www.my-netti.com\/about-netti-campus\/"},"modified":"2020-06-07T18:10:41","modified_gmt":"2020-06-07T16:10:41","slug":"sur-netti-campus","status":"publish","type":"page","link":"https:\/\/www.my-netti.com\/fr\/sur-netti-campus\/","title":{"rendered":"Netti Campus"},"content":{"rendered":"","protected":false},"excerpt":{"rendered":"","protected":false},"author":4,"featured_media":0,"parent":0,"menu_order":8,"comment_status":"closed","ping_status":"closed","template":"views\/template-modules.blade.php","meta":{"_seopress_robots_primary_cat":"","_seopress_titles_title":"","_seopress_titles_desc":"We offer a wide range of seminars focusing on knowledge about optimum seating solutions and other topics around the wheelchair. The seminars can be inhouse seminars on demand or you can attend one of the open seminars we offer throughout the year.","_seopress_robots_index":"","_relevanssi_hide_post":"","_relevanssi_hide_content":"","_relevanssi_pin_for_all":"","_relevanssi_pin_keywords":"","_relevanssi_unpin_keywords":"","_relevanssi_related_keywords":"","_relevanssi_related_include_ids":"","_relevanssi_related_exclude_ids":"","_relevanssi_related_no_append":"","_relevanssi_related_not_related":"","_relevanssi_related_posts":"","_relevanssi_noindex_reason":"","footnotes":""},"class_list":["post-11776","page","type-page","status-publish","hentry"],"app_templates_compare_top_banner_title":"","app_templates_compare_top_banner_body":"","app_templates_compare_top_banner_image":"","app_templates_compare_top_banner_color":"white","app_templates_compare_top_banner_overlay":true,"app_templates_compare_top_banner_hide":false,"app_templates_cookie_policy_top_banner_title":"","app_templates_cookie_policy_top_banner_body":"","app_templates_cookie_policy_top_banner_image":"","app_templates_cookie_policy_top_banner_color":"white","app_templates_cookie_policy_top_banner_overlay":true,"app_templates_cookie_policy_top_banner_hide":false,"app_templates_home_page_home_banner_slides":[],"app_templates_home_page_home_banner_html":"","app_templates_home_page_link_boxes_boxes":[],"app_templates_home_page_link_boxes_cta_box_show_cta":true,"app_templates_home_page_link_boxes_cta_box_title":"","app_templates_home_page_link_boxes_cta_box_body":"","app_templates_home_page_link_boxes_cta_box_icon":"","app_templates_home_page_link_boxes_cta_box_link":{"value":"","url":"","anchor":"","blank":0},"app_templates_home_page_link_boxes_cta_box_html":"","app_templates_home_page_media_text_box_image":"","app_templates_home_page_media_text_box_full_width":false,"app_templates_home_page_media_text_box_pretitle":"","app_templates_home_page_media_text_box_title":"","app_templates_home_page_media_text_box_body":"","app_templates_home_page_media_text_box_link":{"value":"","url":"","anchor":"","blank":0},"app_templates_home_page_media_text_box_hide":false,"app_templates_home_page_article_slider_title":"Articles connexes","app_templates_home_page_article_slider_show_latest":false,"app_templates_home_page_article_slider_articles":[],"app_templates_home_page_product_slider_title":"Produits apparent\u00e9s","app_templates_home_page_product_slider_product_kind":"wheelchairs","app_templates_home_page_product_slider_wheelchairs":[],"app_templates_home_page_product_slider_spare_parts":[],"app_templates_home_page_product_slider_all":[],"app_templates_home_page_product_slider_hide_info":false,"app_templates_modules_top_banner_title":"  ","app_templates_modules_top_banner_body":"","app_templates_modules_top_banner_image":"2397","app_templates_modules_top_banner_color":"white","app_templates_modules_top_banner_overlay":false,"app_templates_modules_top_banner_hide":false,"app_templates_modules_modules_modules":[{"_type":"content","title":"Nous partageons nos connaissances et notre expertise","content":"Nous nous basons sur la recherche et les recommandations de l\u2019Organisation Mondiale de la Sant\u00e9 (OMS) et adoptons les meilleures pratiques pour cr\u00e9er les solutions optimales.\r\n\r\nNous vous invitons \u00e0 partager ces connaissances durant nos s\u00e9minaires de formation.","text_align":"text-center","columns":1},{"_type":"media_text","title":"La M\u00e9thode Netti","body":"Parce que nous sommes tous uniques, nous aborderons tous les facteurs qui peuvent influencer les postures des utilisateurs et les techniques de gestion du risque qui aident \u00e0 d\u00e9terminer les meilleures solutions d\u2019assise et de positionnement.\r\n\r\nLa m\u00e9thode Netti qui int\u00e8gre une prise en charge globale de la situation de l\u2019utilisateur vous sera pr\u00e9sent\u00e9e en d\u00e9tail lors de nos formations.","image":"1704","image_link":{"value":"","url":"","anchor":"","blank":"0"},"link":{"value":"","url":"","anchor":"","blank":"0"},"circle":false,"direction":"flex-row"},{"_type":"media_text","title":"Solution d'assise optimale","body":"Notre mission est de proposer \u00e0 chaque distributeur la meilleure solution qui assure la satisfaction de ses clients, limite les co\u00fbts li\u00e9s \u00e0 l\u2019usure et garantisse une utilisation intuitive, simple et confortable du fauteuil.","image":"1711","image_link":{"value":"","url":"","anchor":"","blank":"0"},"link":{"value":"","url":"","anchor":"","blank":"0"},"circle":false,"direction":"flex-row"},{"_type":"media_text","title":"Am\u00e9liorer la qualit\u00e9 de vie","body":"Notre objectif est d\u2019am\u00e9liorer la qualit\u00e9 de vie de l\u2019utilisateur et favoriser l\u2019ind\u00e9pendance, la s\u00e9curit\u00e9 et l\u2019int\u00e9raction sociale autant que possible.\r\n\r\nLe fauteuil ad\u00e9quat et \u00e9quip\u00e9 avec les bons accessoires donne la possibilit\u00e9 \u00e0 l\u2019utilisateur de se tenir droit, dans une bonne position d'assise et sur une longue dur\u00e9e.\r\n\r\nL\u2019utilisateur peut ainsi participer davantage aux activit\u00e9s du quotidien gr\u00e2ce \u00e0 une am\u00e9lioration des fonctions telles que la digestion, la capacit\u00e9 \u00e0 manger, boire et communiquer davantage.","image":"1849","image_link":{"value":"","url":"","anchor":"","blank":"0"},"link":{"value":"","url":"","anchor":"","blank":"0"},"circle":false,"direction":"flex-row"},{"_type":"media_text","title":"","body":"","image":"","image_link":{"value":"","url":"","anchor":"","blank":"0"},"link":{"value":"","url":"\/fr\/netti-campus-seminars\/","anchor":"Nos s\u00e9minaires","blank":"0"},"circle":false,"direction":"flex-row"}],"app_templates_modules_product_items_product":[],"_links":{"self":[{"href":"https:\/\/www.my-netti.com\/fr\/wp-json\/wp\/v2\/pages\/11776","targetHints":{"allow":["GET"]}}],"collection":[{"href":"https:\/\/www.my-netti.com\/fr\/wp-json\/wp\/v2\/pages"}],"about":[{"href":"https:\/\/www.my-netti.com\/fr\/wp-json\/wp\/v2\/types\/page"}],"author":[{"embeddable":true,"href":"https:\/\/www.my-netti.com\/fr\/wp-json\/wp\/v2\/users\/4"}],"replies":[{"embeddable":true,"href":"https:\/\/www.my-netti.com\/fr\/wp-json\/wp\/v2\/comments?post=11776"}],"version-history":[{"count":12,"href":"https:\/\/www.my-netti.com\/fr\/wp-json\/wp\/v2\/pages\/11776\/revisions"}],"predecessor-version":[{"id":44771,"href":"https:\/\/www.my-netti.com\/fr\/wp-json\/wp\/v2\/pages\/11776\/revisions\/44771"}],"wp:attachment":[{"href":"https:\/\/www.my-netti.com\/fr\/wp-json\/wp\/v2\/media?parent=11776"}],"curies":[{"name":"wp","href":"https:\/\/api.w.org\/{rel}","templated":true}]}}