{"id":35271,"date":"2020-02-07T10:42:28","date_gmt":"2020-02-07T09:42:28","guid":{"rendered":"https:\/\/www.my-netti.com\/how-to-take-measurement-for-your-wheelchair\/"},"modified":"2020-04-17T13:21:17","modified_gmt":"2020-04-17T11:21:17","slug":"so-wird-fuer-den-rollstuhl-mass-genommen","status":"publish","type":"page","link":"https:\/\/www.my-netti.com\/de\/so-wird-fuer-den-rollstuhl-mass-genommen\/","title":{"rendered":"So wird f\u00fcr den Rollstuhl Ma\u00df genommen"},"content":{"rendered":"","protected":false},"excerpt":{"rendered":"","protected":false},"author":4,"featured_media":0,"parent":0,"menu_order":6,"comment_status":"closed","ping_status":"closed","template":"views\/template-modules.blade.php","meta":{"_seopress_robots_primary_cat":"","_seopress_titles_title":"","_seopress_titles_desc":"","_seopress_robots_index":"","_relevanssi_hide_post":"","_relevanssi_hide_content":"","_relevanssi_pin_for_all":"","_relevanssi_pin_keywords":"","_relevanssi_unpin_keywords":"","_relevanssi_related_keywords":"","_relevanssi_related_include_ids":"","_relevanssi_related_exclude_ids":"","_relevanssi_related_no_append":"","_relevanssi_related_not_related":"","_relevanssi_related_posts":"","_relevanssi_noindex_reason":"","footnotes":""},"class_list":["post-35271","page","type-page","status-publish","hentry"],"app_templates_compare_top_banner_title":"","app_templates_compare_top_banner_body":"","app_templates_compare_top_banner_image":"","app_templates_compare_top_banner_color":"white","app_templates_compare_top_banner_overlay":true,"app_templates_compare_top_banner_hide":false,"app_templates_cookie_policy_top_banner_title":"","app_templates_cookie_policy_top_banner_body":"","app_templates_cookie_policy_top_banner_image":"","app_templates_cookie_policy_top_banner_color":"white","app_templates_cookie_policy_top_banner_overlay":true,"app_templates_cookie_policy_top_banner_hide":false,"app_templates_home_page_home_banner_slides":[],"app_templates_home_page_home_banner_html":"","app_templates_home_page_link_boxes_boxes":[],"app_templates_home_page_link_boxes_cta_box_show_cta":true,"app_templates_home_page_link_boxes_cta_box_title":"","app_templates_home_page_link_boxes_cta_box_body":"","app_templates_home_page_link_boxes_cta_box_icon":"","app_templates_home_page_link_boxes_cta_box_link":{"value":"","url":"","anchor":"","blank":0},"app_templates_home_page_link_boxes_cta_box_html":"","app_templates_home_page_media_text_box_image":"","app_templates_home_page_media_text_box_full_width":false,"app_templates_home_page_media_text_box_pretitle":"","app_templates_home_page_media_text_box_title":"","app_templates_home_page_media_text_box_body":"","app_templates_home_page_media_text_box_link":{"value":"","url":"","anchor":"","blank":0},"app_templates_home_page_media_text_box_hide":false,"app_templates_home_page_article_slider_title":"\u00c4hnliche Artikel","app_templates_home_page_article_slider_show_latest":false,"app_templates_home_page_article_slider_articles":[],"app_templates_home_page_product_slider_title":"\u00c4hnliche Produkte","app_templates_home_page_product_slider_product_kind":"wheelchairs","app_templates_home_page_product_slider_wheelchairs":[],"app_templates_home_page_product_slider_spare_parts":[],"app_templates_home_page_product_slider_all":[],"app_templates_home_page_product_slider_hide_info":false,"app_templates_modules_top_banner_title":"   ","app_templates_modules_top_banner_body":"","app_templates_modules_top_banner_image":"3359","app_templates_modules_top_banner_color":"white","app_templates_modules_top_banner_overlay":false,"app_templates_modules_top_banner_hide":false,"app_templates_modules_modules_modules":[{"_type":"content","title":"So wird f\u00fcr den Rollstuhl Ma\u00df genommen ","content":"Ein korrekt angepasster Rollstuhl ist wichtig, um dem Benutzer so weit wie m\u00f6glich die Teilnahme an den Aktivit\u00e4ten des Alltags zu erm\u00f6glichen. Ein Rollstuhl ist ein Fortbewegungsmittel, das in erster Linie die verloren gegangene Gehfunktion kompensieren soll. Der Benutzer eines Komfort-Rollstuhls sitzt t\u00e4glich im Durchschnitt 8-10 Stunden im Rollstuhl. Aus diesem Grund ist es wichtig, dass der Rollstuhl neben guten Fahreigenschaften auch hohen Sitzkomfort bietet und den Wechsel zwischen Aktivit\u00e4t und Ruhe erm\u00f6glicht. Im folgenden Abschnitt erfahren Sie, wie Sie den richtigen Rollstuhl finden.","text_align":"text-center","columns":1},{"_type":"media_text","title":"H\u00fcftbreite\/ Sitzbreite","body":"<strong>A:<\/strong> Richtig Ma\u00df zu nehmen ist wichtig, um f\u00fcr Stabilit\u00e4t von Becken und H\u00fcften zu sorgen. Der Rollstuhl muss so schmal wie m\u00f6glich sein, damit eine gute Sitz- und Fahrposition erreicht wird. Die Sitzbreite wird in gerader Linie \u00fcber den breitesten Teil der H\u00fcfte in sitzender Position gemessen - 2-3 cm hinzuz\u00e4hlen. Wichtig: Nicht vergessen, dass die angegebene Sitzbreite bei den Rollst\u00fchlen Netti II und III den Abstand zwischen Kleiderschutz und Sitzplatte mit einschlie\u00dft. Dies entspricht den 2-3 cm, die man sonst hinzuz\u00e4hlen m\u00fcsste.","image":"3286","image_link":{"value":"","url":"","anchor":"","blank":"0"},"link":{"value":"","url":"","anchor":"","blank":"0"},"circle":false,"direction":"flex-row"},{"_type":"media_text","title":"Oberschenkell\u00e4nge\/ Sitztiefe","body":"<strong>B:<\/strong> Bei korrekter Messung wird eine optimale Druckverteilung erzielt und gleichzeitig wird verhindert, dass der Benutzer aus dem Stuhl gleitet.\r\nDie Oberschenkell\u00e4nge wird vom hinteren Punkt des Ges\u00e4\u00dfes bis zur Kniekehle gemessen. Dann werden ca. 3 cm oder 2 Fingerbreiten abgezogen, damit die Wade keinen Kontakt mit dem Sitzkissen hat. Soll der Stuhl mit Fu\u00dfantrieb (Trippeln) benutzt werden, werden nochmals ein paar Zentimeter abgezogen. Bei unterschiedlichen Beinl\u00e4ngen wird am k\u00fcrzeren Bein gemessen. Hat der Benutzer eine kontrakte Kniesituation, ist darauf zu achten, dass die Wade nicht das Sitzkissen oder die darunter liegende Rahmenkonstruktion ber\u00fchrt.","image":"3281","image_link":{"value":"","url":"","anchor":"","blank":"0"},"link":{"value":"","url":"","anchor":"","blank":"0"},"circle":false,"direction":"flex-row"},{"_type":"media_text","title":"Messung der Sitztiefe f\u00fcr schwergewichtige Personen","body":"<strong>X: <\/strong>Bei der Bema\u00dfung der Sitztiefe bei schwergewichtigen Personen muss beachtet werden, dass der Ges\u00e4\u00dfbereich meist etwas nach hinten \u00fcber die Linie zum Schulterblatt heraussteht. Siehe Bereich auf der Zeichnung = X.\u00a0Um dem Nutzer des Rollstuhles eine seiner K\u00f6rperform angemessene R\u00fcckenunterst\u00fctzung geben zu k\u00f6nnen, wird der Rollstuhl-R\u00fccken um das Ma\u00df X nach vorne positioniert.\r\n\r\nUm dem gesamten Ges\u00e4\u00dfbereich eine gen\u00fcgend gro\u00dfe Auflagefl\u00e4che bieten zu k\u00f6nnen, muss der Rollstuhl eine um den Bereich X l\u00e4ngere Sitzfl\u00e4che aufweisen, um diesen Platzbedarf zu ber\u00fccksichtigen.\r\n\r\n<strong>B:\u00a0<\/strong>Messen Sie zuerst den Bereich X und im Anschlu\u00df messen Sie den Bereich B. Der Bereich B beinhaltet die Sitztiefe ab ca. 2 cm von der Kniekehle bis zum hinteren Bereich des Ges\u00e4\u00dfes.\r\n\r\nTeilen Sie uns bitte sowohl Ma\u00df B und X mit. Durch Ber\u00fccksichtigung beider Ma\u00dfe wird dem Ges\u00e4\u00df eine vollfl\u00e4chige Unterst\u00fctzung gegeben und eine korrekte Unterst\u00fctzung im Lendenwirbelbereich des Nutzers gesetzt.","image":"3264","image_link":{"value":"","url":"","anchor":"","blank":"0"},"link":{"value":"","url":"","anchor":"","blank":"0"},"circle":false,"direction":"flex-row"},{"_type":"media_text","title":"H\u00f6he der Armlehne","body":"<strong>C:<\/strong> Beim l\u00e4ngeren Sitzen wird die R\u00fcckenmuskulatur belastet, und man versp\u00fcrt den Wunsch nach Entlastung. Die richtige H\u00f6he der Armlehne erlaubt eine gute Sitzposition und eine Ver\u00e4nderung der Sitzposition. Die H\u00f6he wird von der Ellbogenunterseite bis zur Sitzunterlage gemessen. Achten Sie darauf, dass die Schulter entspannt ist.","image":"3296","image_link":{"value":"","url":"","anchor":"","blank":"0"},"link":{"value":"","url":"","anchor":"","blank":"0"},"circle":false,"direction":"flex-row"},{"_type":"media_text","title":"Beinl\u00e4nge\/ Sitzh\u00f6he","body":"<strong>D:<\/strong> Bei korrekter Messung wird das Becken stabilisiert, der Druck gleichm\u00e4\u00dfig verteilt und der Abstand zwischen Fu\u00dfst\u00fctzen und Unterlage richtig eingestellt.\r\nDie Beinl\u00e4nge wird von der Kniekehle senkrecht nach unten bis unter die Ferse gemessen. Wichtig: Bei der Messung muss das Schuhwerk, das der Benutzer t\u00e4glich tr\u00e4gt, mit gemessen werden. Die Sitzh\u00f6he h\u00e4ngt davon ab, ob der Benutzer mit den Beinen den Rollstuhl bewegen oder die Fu\u00dfst\u00fctzen benutzen will.","image":"3306","image_link":{"value":"","url":"","anchor":"","blank":"0"},"link":{"value":"","url":"","anchor":"","blank":"0"},"circle":false,"direction":"flex-row"},{"_type":"media_text","title":"Sitzh\u00f6he \u00dcberlegungen","body":"Wenn der Benutzer den Stuhl mit den F\u00fc\u00dfen antreiben m\u00f6chte, muss die Sitzh\u00f6he des Rollstuhls 2-3 cm niedriger sein, als die gemessene Beinl\u00e4nge. Will der Benutzer die Fu\u00dfst\u00fctzen benutzen, kann die Sitzh\u00f6he des Rollstuhls 4-5 cm h\u00f6her als die gemessene Beinl\u00e4nge sein, damit die Fu\u00dfst\u00fctzen nicht auf dem Boden schleifen. Der freie Raum unter den Fu\u00dfplatten mu\u00df im Innenbereich 20-30 mm betragen und im Au\u00dfenbereich 40-50 mm.","image":"3311","image_link":{"value":"","url":"","anchor":"","blank":"0"},"link":{"value":"","url":"","anchor":"","blank":"0"},"circle":false,"direction":"flex-row"},{"_type":"media_text","title":"R\u00fcckenh\u00f6he","body":"<strong>E:<\/strong> Die R\u00fcckenh\u00f6he wird sitzend vom Sitz bis unter das Schulterblatt gemessen. Alle Netti Rollst\u00fchle sind mit mehreren R\u00fcckenkissentypen in unterschiedlichen R\u00fcckenh\u00f6hen lieferbar. Alle Netti Rollst\u00fchle besitzen eine Klettr\u00fcckenlehne, um die R\u00fcckenkissen stufenlos in der H\u00f6he verstellen zu k\u00f6nnen.\r\n\r\nSoll der Benutzer den Rollstuhl mit den Armen bewegen, darf das R\u00fcckenkissen keinesfalls die Bewegung der Arme und der Schulter beeintr\u00e4chtigen. Die richtige R\u00fcckenh\u00f6he sorgt zudem f\u00fcr hohen Komfort und Entlastung des R\u00fcckens. Die Netti R\u00fcckenkissen lassen genug Platz f\u00fcr Armbewegungen.","image":"3317","image_link":{"value":"","url":"","anchor":"","blank":"0"},"link":{"value":"","url":"","anchor":"","blank":"0"},"circle":false,"direction":"flex-row"},{"_type":"media_text","title":"Rumpfbreite","body":"<strong>F:<\/strong> F\u00fcr die Ermittlung der Rumpfbreite wird horizontal auf der H\u00f6he der mittleren seitlichen Rippenb\u00f6gen am Brustkorb gemessen. Das\u00a0Ma\u00df wird f\u00fcr die Abst\u00e4nde zwischen den Anlagefl\u00e4chen bei Thorax-Pelotten- Versorgung oder Versorgungen mit R\u00fcckenkissen mit integrierter Rumpff\u00fchrung z.B.\u00a0Netti Smart, Stabil, Superstabil, Kyphotic, ben\u00f6tigt. Eine optimale seitliche Rumpff\u00fchrung \/Abst\u00fctzung ist dabei immer das Ziel.\r\n\r\nVermeiden Sie eine zu enge Rumpff\u00fchrung, diese kann Druckstellen (Dekubiti) verursachen. Ein zu gro\u00dfer seitlicher Abstand von mehr als 3 cm pro Seite kann mit einem R\u00fcckenkeil-Kissen (vertikal zwischen R\u00fcckenkissen und Klettr\u00fccken des Rollstuhles) ausgeglichen werden.","image":"3322","image_link":{"value":"","url":"","anchor":"","blank":"0"},"link":{"value":"","url":"","anchor":"","blank":"0"},"circle":false,"direction":"flex-row"}],"app_templates_modules_product_items_product":[],"_links":{"self":[{"href":"https:\/\/www.my-netti.com\/de\/wp-json\/wp\/v2\/pages\/35271","targetHints":{"allow":["GET"]}}],"collection":[{"href":"https:\/\/www.my-netti.com\/de\/wp-json\/wp\/v2\/pages"}],"about":[{"href":"https:\/\/www.my-netti.com\/de\/wp-json\/wp\/v2\/types\/page"}],"author":[{"embeddable":true,"href":"https:\/\/www.my-netti.com\/de\/wp-json\/wp\/v2\/users\/4"}],"replies":[{"embeddable":true,"href":"https:\/\/www.my-netti.com\/de\/wp-json\/wp\/v2\/comments?post=35271"}],"version-history":[{"count":2,"href":"https:\/\/www.my-netti.com\/de\/wp-json\/wp\/v2\/pages\/35271\/revisions"}],"predecessor-version":[{"id":35280,"href":"https:\/\/www.my-netti.com\/de\/wp-json\/wp\/v2\/pages\/35271\/revisions\/35280"}],"wp:attachment":[{"href":"https:\/\/www.my-netti.com\/de\/wp-json\/wp\/v2\/media?parent=35271"}],"curies":[{"name":"wp","href":"https:\/\/api.w.org\/{rel}","templated":true}]}}