{"id":35268,"date":"2020-01-17T08:31:43","date_gmt":"2020-01-17T07:31:43","guid":{"rendered":"https:\/\/www.my-netti.com\/the-netti-method\/"},"modified":"2020-07-15T12:47:26","modified_gmt":"2020-07-15T10:47:26","slug":"the-netti-method","status":"publish","type":"page","link":"https:\/\/www.my-netti.com\/de\/the-netti-method\/","title":{"rendered":"The Netti Method"},"content":{"rendered":"","protected":false},"excerpt":{"rendered":"","protected":false},"author":2,"featured_media":0,"parent":0,"menu_order":5,"comment_status":"closed","ping_status":"closed","template":"views\/template-modules.blade.php","meta":{"_seopress_robots_primary_cat":"","_seopress_titles_title":"","_seopress_titles_desc":"","_seopress_robots_index":"","_relevanssi_hide_post":"","_relevanssi_hide_content":"","_relevanssi_pin_for_all":"","_relevanssi_pin_keywords":"","_relevanssi_unpin_keywords":"","_relevanssi_related_keywords":"","_relevanssi_related_include_ids":"","_relevanssi_related_exclude_ids":"","_relevanssi_related_no_append":"","_relevanssi_related_not_related":"","_relevanssi_related_posts":"","_relevanssi_noindex_reason":"","footnotes":""},"class_list":["post-35268","page","type-page","status-publish","hentry"],"app_templates_compare_top_banner_title":"","app_templates_compare_top_banner_body":"","app_templates_compare_top_banner_image":"","app_templates_compare_top_banner_color":"white","app_templates_compare_top_banner_overlay":true,"app_templates_compare_top_banner_hide":false,"app_templates_cookie_policy_top_banner_title":"","app_templates_cookie_policy_top_banner_body":"","app_templates_cookie_policy_top_banner_image":"","app_templates_cookie_policy_top_banner_color":"white","app_templates_cookie_policy_top_banner_overlay":true,"app_templates_cookie_policy_top_banner_hide":false,"app_templates_home_page_home_banner_slides":[],"app_templates_home_page_home_banner_html":"","app_templates_home_page_link_boxes_boxes":[],"app_templates_home_page_link_boxes_cta_box_show_cta":true,"app_templates_home_page_link_boxes_cta_box_title":"","app_templates_home_page_link_boxes_cta_box_body":"","app_templates_home_page_link_boxes_cta_box_icon":"","app_templates_home_page_link_boxes_cta_box_link":{"value":"","url":"","anchor":"","blank":0},"app_templates_home_page_link_boxes_cta_box_html":"","app_templates_home_page_media_text_box_image":"","app_templates_home_page_media_text_box_full_width":false,"app_templates_home_page_media_text_box_pretitle":"","app_templates_home_page_media_text_box_title":"","app_templates_home_page_media_text_box_body":"","app_templates_home_page_media_text_box_link":{"value":"","url":"","anchor":"","blank":0},"app_templates_home_page_media_text_box_hide":false,"app_templates_home_page_article_slider_title":"\u00c4hnliche Artikel","app_templates_home_page_article_slider_show_latest":false,"app_templates_home_page_article_slider_articles":[],"app_templates_home_page_product_slider_title":"\u00c4hnliche Produkte","app_templates_home_page_product_slider_product_kind":"wheelchairs","app_templates_home_page_product_slider_wheelchairs":[],"app_templates_home_page_product_slider_spare_parts":[],"app_templates_home_page_product_slider_all":[],"app_templates_home_page_product_slider_hide_info":false,"app_templates_modules_top_banner_title":" ","app_templates_modules_top_banner_body":"","app_templates_modules_top_banner_image":"31777","app_templates_modules_top_banner_color":"white","app_templates_modules_top_banner_overlay":false,"app_templates_modules_top_banner_hide":false,"app_templates_modules_modules_modules":[{"_type":"content","title":"The Netti Method","content":"Die Netti Methode beschreibt, wie wir bei Netti denken und handeln, wenn wir eine Sitzl\u00f6sung f\u00fcr den Rollstuhlfahrer schaffen. Die Idee hinter der Netti Methode ist, dass man nur durch Wissen und mit den richtigen Werkzeugen eine L\u00f6sung schaffen kann, die es dem Benutzer erm\u00f6glicht, aktiv zu sein und am sozialen Leben teilzunehmen - um letztendlich Lebensfreude zu erm\u00f6glichen.\r\n\r\nMit der Netti Methode kombinieren Sie das Wissen von Netti Campus mit dem L\u00f6sungkonzept Netti 5 Seating Steps. Auf diese Weise verf\u00fcgen Sie \u00fcber die grundlegenden Kenntnisse und Werkzeuge, um die optimale Sitzl\u00f6sung zu schaffen.","text_align":"text-center","columns":1},{"_type":"image","image":"43584"},{"_type":"media_text","title":"Netti Campus","body":"Im Netti Campus geben wir unser Wissen in Form von Seminaren, Webinaren und Online-Ressourcen weiter. Wir haben unser Wissen in den folgenden Hauptbereichen unterteilt:\r\n<ul>\r\n \t<li>Die Rahmenbedigungen<\/li>\r\n \t<li>Der Rollstuhl Nutzer<\/li>\r\n \t<li>Die Sitzpositionierung<\/li>\r\n \t<li>Die Produkte<\/li>\r\n<\/ul>\r\n&nbsp;","image":"44387","image_link":{"value":"","url":"","anchor":"","blank":"0"},"link":{"value":"","url":"\/de\/netti-campus\/","anchor":"Lesen Sie mehr \u00fcber Netti Campus","blank":"0"},"circle":false,"direction":"flex-row"},{"_type":"media_text","title":"Die Netti 5 Seating Steps","body":"Die Schritte zur Schaffung einer optimalen Sitzl\u00f6sung sind:\r\n<ol>\r\n \t<li>Erwartungen und Herausforderungen abkl\u00e4ren<\/li>\r\n \t<li>Die Situation vom Nutzer beobachten und beurteilen<\/li>\r\n \t<li>Die Sitzstrategie festlegen inkl. SMART Ziele<\/li>\r\n \t<li>Die Sitzl\u00f6sung konfigurieren<\/li>\r\n \t<li>Bewerten<\/li>\r\n<\/ol>","image":"43617","image_link":{"value":"","url":"","anchor":"","blank":"0"},"link":{"value":"","url":"\/app\/uploads\/2020\/04\/5-Seating-steps-guide-DE.pdf","anchor":"Hier finden Sie den Netti 5 Seating Steps Versorgungskonzeptbogen","blank":"0"},"circle":false,"direction":"flex-row"}],"app_templates_modules_product_items_product":[],"_links":{"self":[{"href":"https:\/\/www.my-netti.com\/de\/wp-json\/wp\/v2\/pages\/35268","targetHints":{"allow":["GET"]}}],"collection":[{"href":"https:\/\/www.my-netti.com\/de\/wp-json\/wp\/v2\/pages"}],"about":[{"href":"https:\/\/www.my-netti.com\/de\/wp-json\/wp\/v2\/types\/page"}],"author":[{"embeddable":true,"href":"https:\/\/www.my-netti.com\/de\/wp-json\/wp\/v2\/users\/2"}],"replies":[{"embeddable":true,"href":"https:\/\/www.my-netti.com\/de\/wp-json\/wp\/v2\/comments?post=35268"}],"version-history":[{"count":21,"href":"https:\/\/www.my-netti.com\/de\/wp-json\/wp\/v2\/pages\/35268\/revisions"}],"predecessor-version":[{"id":56093,"href":"https:\/\/www.my-netti.com\/de\/wp-json\/wp\/v2\/pages\/35268\/revisions\/56093"}],"wp:attachment":[{"href":"https:\/\/www.my-netti.com\/de\/wp-json\/wp\/v2\/media?parent=35268"}],"curies":[{"name":"wp","href":"https:\/\/api.w.org\/{rel}","templated":true}]}}