{"id":35179,"date":"2020-01-17T08:31:25","date_gmt":"2020-01-17T07:31:25","guid":{"rendered":"https:\/\/www.my-netti.com\/dynamic-seating\/"},"modified":"2022-10-12T11:00:14","modified_gmt":"2022-10-12T09:00:14","slug":"netti-dynamic-system","status":"publish","type":"page","link":"https:\/\/www.my-netti.com\/de\/netti-dynamic-system\/","title":{"rendered":"Netti Dynamic System"},"content":{"rendered":"","protected":false},"excerpt":{"rendered":"","protected":false},"author":2,"featured_media":0,"parent":0,"menu_order":3,"comment_status":"closed","ping_status":"closed","template":"views\/template-modules.blade.php","meta":{"_seopress_robots_primary_cat":"","_seopress_titles_title":"","_seopress_titles_desc":"","_seopress_robots_index":"","_relevanssi_hide_post":"","_relevanssi_hide_content":"","_relevanssi_pin_for_all":"","_relevanssi_pin_keywords":"","_relevanssi_unpin_keywords":"","_relevanssi_related_keywords":"","_relevanssi_related_include_ids":"","_relevanssi_related_exclude_ids":"","_relevanssi_related_no_append":"","_relevanssi_related_not_related":"","_relevanssi_related_posts":"","_relevanssi_noindex_reason":"","footnotes":""},"class_list":["post-35179","page","type-page","status-publish","hentry"],"app_templates_compare_top_banner_title":"","app_templates_compare_top_banner_body":"","app_templates_compare_top_banner_image":"","app_templates_compare_top_banner_color":"white","app_templates_compare_top_banner_overlay":true,"app_templates_compare_top_banner_hide":false,"app_templates_cookie_policy_top_banner_title":"","app_templates_cookie_policy_top_banner_body":"","app_templates_cookie_policy_top_banner_image":"","app_templates_cookie_policy_top_banner_color":"white","app_templates_cookie_policy_top_banner_overlay":true,"app_templates_cookie_policy_top_banner_hide":false,"app_templates_home_page_home_banner_slides":[],"app_templates_home_page_home_banner_html":"","app_templates_home_page_link_boxes_boxes":[],"app_templates_home_page_link_boxes_cta_box_show_cta":true,"app_templates_home_page_link_boxes_cta_box_title":"","app_templates_home_page_link_boxes_cta_box_body":"","app_templates_home_page_link_boxes_cta_box_icon":"","app_templates_home_page_link_boxes_cta_box_link":{"value":"","url":"","anchor":"","blank":0},"app_templates_home_page_link_boxes_cta_box_html":"","app_templates_home_page_media_text_box_image":"","app_templates_home_page_media_text_box_full_width":false,"app_templates_home_page_media_text_box_pretitle":"","app_templates_home_page_media_text_box_title":"","app_templates_home_page_media_text_box_body":"","app_templates_home_page_media_text_box_link":{"value":"","url":"","anchor":"","blank":0},"app_templates_home_page_media_text_box_hide":false,"app_templates_home_page_article_slider_title":"\u00c4hnliche Artikel","app_templates_home_page_article_slider_show_latest":false,"app_templates_home_page_article_slider_articles":[],"app_templates_home_page_product_slider_title":"\u00c4hnliche Produkte","app_templates_home_page_product_slider_product_kind":"wheelchairs","app_templates_home_page_product_slider_wheelchairs":[],"app_templates_home_page_product_slider_spare_parts":[],"app_templates_home_page_product_slider_all":[],"app_templates_home_page_product_slider_hide_info":false,"app_templates_modules_top_banner_title":" ","app_templates_modules_top_banner_body":"","app_templates_modules_top_banner_image":"2365","app_templates_modules_top_banner_color":"white","app_templates_modules_top_banner_overlay":false,"app_templates_modules_top_banner_hide":false,"app_templates_modules_modules_modules":[{"_type":"content","title":"Was ist dynamisches Sitzen?","content":"Eine dynamische Sitzl\u00f6sung passt sich den Ausfahrbewegungen des Benutzers an und l\u00e4sst den Rollstuhl in Synergie mit den Bewegungen arbeiten. Mit dem Netti Dynamic System k\u00f6nnen Sie eine gute Sitzposition f\u00fcr den Benutzer den ganzen Tag \u00fcber beibehalten - und damit die optimale Druckverteilung sicherstellen, da der Benutzer nach einem Krampf in die urspr\u00fcngliche Position zur\u00fcckkehrt. Die unterst\u00fctzenden Eigenschaften w\u00e4hrend der Spasmen sorgen f\u00fcr eine hohe Benutzerakzeptanz und verl\u00e4ngern die Lebensdauer des Rollstuhls.\r\n\r\nDas Netti Dynamic System ist modular aufgebaut und kann ein kompletter dynamischer Rollstuhl oder ein traditioneller Rollstuhl mit einer oder mehreren dynamischen Komponenten sein.","text_align":"text-center","columns":1},{"_type":"product_slider","title":"Komplette dynamische Rollst\u00fchle","product_kind":"wheelchairs","wheelchairs":[{"value":"post:wheelchair:370","type":"post","subtype":"wheelchair","id":"370"},{"value":"post:wheelchair:380","type":"post","subtype":"wheelchair","id":"380"},{"value":"post:wheelchair:381","type":"post","subtype":"wheelchair","id":"381"},{"value":"post:wheelchair:383","type":"post","subtype":"wheelchair","id":"383"}],"spare_parts":[],"all":[],"hide_info":false},{"_type":"media_text","title":"Warum eine dynamische L\u00f6sung w\u00e4hlen","body":"<ul>\r\n \t<li>Bewegung zulassen<\/li>\r\n \t<li>Kr\u00e4fte verteilen<\/li>\r\n \t<li>Verl\u00e4ngerung der Gesamtzeit im Rollstuhl pro Tag<\/li>\r\n \t<li>Erh\u00f6hte Haltungskontrolle<\/li>\r\n \t<li>Spastizit\u00e4t minimieren<\/li>\r\n \t<li>Erh\u00f6hte ADL f\u00fcr den Benutzer<\/li>\r\n \t<li>L\u00e4ngere Lebensdauer des Rollstuhls<\/li>\r\n<\/ul>","image":"2332","image_link":{"value":"","url":"","anchor":"","blank":"0"},"link":{"value":"","url":"\/de\/kc-de\/die-ziele-des-dynamischen-sitzens\/","anchor":"Die Ziele des dynamischen Sitzens","blank":"0"},"circle":false,"direction":"flex-row"},{"_type":"media_text","title":"Wann w\u00e4hlen Sie einen kompletten dynamischen Rollstuhl?","body":"Ein kompletter dynamischer Rollstuhl sollte bedacht werden, wenn die Symptome des Benutzers zu einem totalen Streckspasmus oder zu unwillk\u00fcrlichen Bewegungen der H\u00fcfte\/R\u00fccken und eventuell der Beine und des Kopfes f\u00fchren.","image":"12502","image_link":{"value":"","url":"","anchor":"","blank":"0"},"link":{"value":"","url":"","anchor":"","blank":"0"},"circle":false,"direction":"flex-row-reverse"},{"_type":"media_text","title":"Wann w\u00e4hlt man dynamische Komponenten in Kombination mit einem traditionellen Rollstuhl?","body":"Wenn die Symptome des Benutzers unfreiwillige Bewegungen von nur einem oder zwei der drei unten beschriebenen Bereiche sind.\r\n<ul>\r\n \t<li>Kopf - dynamische Kopfst\u00fctze<\/li>\r\n \t<li>R\u00fccken - dynamischer R\u00fccken<\/li>\r\n \t<li>F\u00fc\u00dfe\/Beine - dynamische Beinst\u00fctze<\/li>\r\n<\/ul>","image":"12494","image_link":{"value":"","url":"","anchor":"","blank":"0"},"link":{"value":"","url":"","anchor":"","blank":"0"},"circle":false,"direction":"flex-row"},{"_type":"image","image":"1257"},{"_type":"media_text","title":"Die Benutzervorteile des dynamischen Sitzens ","body":"Wir bei Netti sind stets bestrebt, das allgemeine Wohlbefinden und die F\u00e4higkeit des Benutzers zur Teilnahme an den Aktivit\u00e4ten des t\u00e4glichen Lebens zu verbessern. Die Sitzvorteile dynamischer L\u00f6sungen sind unter anderem:\r\n<ul>\r\n \t<li>L\u00e4nger im Rollstuhl sitzen k\u00f6nnen<\/li>\r\n \t<li>Hautschutz durch Minimierung von Rutschgefahr und Scherung<\/li>\r\n \t<li>Optimale K\u00f6rperhaltung, die bessere Ess-, Trink- und Atemfunktionen erm\u00f6glicht<\/li>\r\n \t<li>Weniger Schmerzen<\/li>\r\n<\/ul>","image":"1849","image_link":{"value":"","url":"","anchor":"","blank":"0"},"link":{"value":"","url":"\/de\/kc-de\/die-vorteile-des-netti-dynamic-systems\/","anchor":"Die Vorteile des dynamischen Sitzens","blank":"0"},"circle":false,"direction":"flex-row-reverse"},{"_type":"media_text","title":"Benutzergruppen","body":"Zu den Personen, die von dynamischen L\u00f6sungen profitieren k\u00f6nnen, geh\u00f6ren z.B. Nutzer mit folgender Krankheit oder Syndrom:\r\n<ul>\r\n \t<li>Dyskinetische CP<\/li>\r\n \t<li>Dystonie<\/li>\r\n \t<li>Chorea Huntington<\/li>\r\n \t<li>Parkinson<\/li>\r\n \t<li>Demenz<\/li>\r\n \t<li>Sch\u00e4delhirntrauma<\/li>\r\n \t<li>Quersnittsl\u00e4hmung<\/li>\r\n<\/ul>","image":"1841","image_link":{"value":"","url":"","anchor":"","blank":"0"},"link":{"value":"","url":"","anchor":"","blank":"0"},"circle":false,"direction":"flex-row"},{"_type":"media_text","title":"Dokumentierte Auswirkungen","body":"Allgemeine Schlussfolgerung aus der 2019 durchgef\u00fchrten Literaturrecherche: Der dynamische Rollstuhl senkt die Beschwerden und Schmerzen, verbessert die Sitztoleranz und die Lebensqualit\u00e4t des dynamischen Rollstuhlnutzers.","image":"1856","image_link":{"value":"","url":"","anchor":"","blank":"0"},"link":{"value":"","url":"\/de\/kc-de\/dokumentierter-effekt\/","anchor":"Dokumentierter Effekt","blank":"0"},"circle":false,"direction":"flex-row-reverse"},{"_type":"article_slider","title":"Dynamische Komponenten","show_latest":false,"articles":[{"value":"post:knowledge-article:232","type":"post","subtype":"knowledge-article","id":"232"},{"value":"post:knowledge-article:2262","type":"post","subtype":"knowledge-article","id":"2262"},{"value":"post:knowledge-article:2268","type":"post","subtype":"knowledge-article","id":"2268"},{"value":"post:knowledge-article:2218","type":"post","subtype":"knowledge-article","id":"2218"}]}],"app_templates_modules_product_items_product":[],"_links":{"self":[{"href":"https:\/\/www.my-netti.com\/de\/wp-json\/wp\/v2\/pages\/35179","targetHints":{"allow":["GET"]}}],"collection":[{"href":"https:\/\/www.my-netti.com\/de\/wp-json\/wp\/v2\/pages"}],"about":[{"href":"https:\/\/www.my-netti.com\/de\/wp-json\/wp\/v2\/types\/page"}],"author":[{"embeddable":true,"href":"https:\/\/www.my-netti.com\/de\/wp-json\/wp\/v2\/users\/2"}],"replies":[{"embeddable":true,"href":"https:\/\/www.my-netti.com\/de\/wp-json\/wp\/v2\/comments?post=35179"}],"version-history":[{"count":9,"href":"https:\/\/www.my-netti.com\/de\/wp-json\/wp\/v2\/pages\/35179\/revisions"}],"predecessor-version":[{"id":87576,"href":"https:\/\/www.my-netti.com\/de\/wp-json\/wp\/v2\/pages\/35179\/revisions\/87576"}],"wp:attachment":[{"href":"https:\/\/www.my-netti.com\/de\/wp-json\/wp\/v2\/media?parent=35179"}],"curies":[{"name":"wp","href":"https:\/\/api.w.org\/{rel}","templated":true}]}}