{"id":35170,"date":"2020-02-03T14:04:36","date_gmt":"2020-02-03T13:04:36","guid":{"rendered":"https:\/\/www.my-netti.com\/netti-customized\/"},"modified":"2025-10-08T13:44:55","modified_gmt":"2025-10-08T11:44:55","slug":"netti-customized","status":"publish","type":"page","link":"https:\/\/www.my-netti.com\/de\/netti-customized\/","title":{"rendered":"Netti Customized"},"content":{"rendered":"","protected":false},"excerpt":{"rendered":"","protected":false},"author":4,"featured_media":0,"parent":0,"menu_order":4,"comment_status":"closed","ping_status":"closed","template":"views\/template-modules.blade.php","meta":{"_seopress_robots_primary_cat":"","_seopress_titles_title":"","_seopress_titles_desc":"","_seopress_robots_index":"","_relevanssi_hide_post":"","_relevanssi_hide_content":"","_relevanssi_pin_for_all":"","_relevanssi_pin_keywords":"","_relevanssi_unpin_keywords":"","_relevanssi_related_keywords":"","_relevanssi_related_include_ids":"","_relevanssi_related_exclude_ids":"","_relevanssi_related_no_append":"","_relevanssi_related_not_related":"","_relevanssi_related_posts":"","_relevanssi_noindex_reason":"","footnotes":""},"class_list":["post-35170","page","type-page","status-publish","hentry"],"app_templates_compare_top_banner_title":"","app_templates_compare_top_banner_body":"","app_templates_compare_top_banner_image":"","app_templates_compare_top_banner_color":"white","app_templates_compare_top_banner_overlay":true,"app_templates_compare_top_banner_hide":false,"app_templates_cookie_policy_top_banner_title":"","app_templates_cookie_policy_top_banner_body":"","app_templates_cookie_policy_top_banner_image":"","app_templates_cookie_policy_top_banner_color":"white","app_templates_cookie_policy_top_banner_overlay":true,"app_templates_cookie_policy_top_banner_hide":false,"app_templates_home_page_home_banner_slides":[],"app_templates_home_page_home_banner_html":"","app_templates_home_page_link_boxes_boxes":[],"app_templates_home_page_link_boxes_cta_box_show_cta":true,"app_templates_home_page_link_boxes_cta_box_title":"","app_templates_home_page_link_boxes_cta_box_body":"","app_templates_home_page_link_boxes_cta_box_icon":"","app_templates_home_page_link_boxes_cta_box_link":{"value":"","url":"","anchor":"","blank":0},"app_templates_home_page_link_boxes_cta_box_html":"","app_templates_home_page_media_text_box_image":"","app_templates_home_page_media_text_box_full_width":false,"app_templates_home_page_media_text_box_pretitle":"","app_templates_home_page_media_text_box_title":"","app_templates_home_page_media_text_box_body":"","app_templates_home_page_media_text_box_link":{"value":"","url":"","anchor":"","blank":0},"app_templates_home_page_media_text_box_hide":false,"app_templates_home_page_article_slider_title":"\u00c4hnliche Artikel","app_templates_home_page_article_slider_show_latest":false,"app_templates_home_page_article_slider_articles":[],"app_templates_home_page_product_slider_title":"\u00c4hnliche Produkte","app_templates_home_page_product_slider_product_kind":"wheelchairs","app_templates_home_page_product_slider_wheelchairs":[],"app_templates_home_page_product_slider_spare_parts":[],"app_templates_home_page_product_slider_all":[],"app_templates_home_page_product_slider_hide_info":false,"app_templates_modules_top_banner_title":" ","app_templates_modules_top_banner_body":"","app_templates_modules_top_banner_image":"2403","app_templates_modules_top_banner_color":"white","app_templates_modules_top_banner_overlay":true,"app_templates_modules_top_banner_hide":false,"app_templates_modules_modules_modules":[{"_type":"content","title":"Individuelle L\u00f6sungen - weil wir alle einzigartig sind","content":"'To inspire joy of life' bedeutet, den Stuhl an den Benutzer anzupassen - und nicht umgekehrt. Wir bei Netti glauben, dass alles m\u00f6glich ist - wenn Sie also einen Nutzer mit Herausforderungen haben, die mit unserem Standardsortiment nicht zu bew\u00e4ltigen sind, k\u00f6nnen Sie sich gerne an uns wenden.\r\n\r\nUnser Team aus erfahrenen Technikern, Vertriebsmitarbeitern und dem Kundendienst wird in enger Zusammenarbeit mit unserer Sonderbauabteilung den Stuhl oder das Zubeh\u00f6r nach Bedarf anpassen.\r\n\r\nNachfolgend finden Sie einige unserer bisherigen L\u00f6sungen. Bei Fragen wenden Sie sich gerne an uns.","text_align":"text-center","columns":1},{"_type":"media_text","title":"Netti 450T - 450 kg Belastung und elektrische Verstellungen ","body":"Unser Netti 450T ist eine hervorragende L\u00f6sung, wenn eine hohe Belastung oder eine gr\u00f6\u00dfere Sitzbreite erforderlich ist.\r\n<ul>\r\n \t<li>Max 450 kg - Sitzbreite bis zu 1000 mm<\/li>\r\n \t<li>Elektrisch verstellbare Sitzkantelung, R\u00fcckenlehne und Beinst\u00fctzen<\/li>\r\n \t<li>Optimaler Komfort und Druckverteilung<\/li>\r\n<\/ul>","image":"115342","image_link":{"value":"","url":"\/de\/wheelchair\/netti-450-t\/","anchor":"Netti 450T ","blank":"0"},"link":{"value":"","url":"\/app\/uploads\/2024\/09\/Netti-450T-edit.pdf","anchor":"450T Anfrage- und Optionsbogen","blank":"0"},"circle":false,"direction":"flex-row"},{"_type":"media_text","title":"Netti III EL mit 180\u00b0 R\u00fcckenverstellung","body":"<ul>\r\n \t<li>180\u00b0 R\u00fcckenverstellung f\u00fcr Nutzer mit einem besonderen Anforderungen an die Positionierung oder Entlastung<\/li>\r\n \t<li>Netti III EL Grundstuhl mit vielen Optionen f\u00fcr Komfort und gute Sitzl\u00f6sungen<\/li>\r\n \t<li>Sitzbreiten bis zu 600 mm<\/li>\r\n<\/ul>","image":"70947","image_link":{"value":"","url":"","anchor":"","blank":"0"},"link":{"value":"","url":"\/de\/wheelchair\/netti-iii-el\/","anchor":"Mehr erfahren","blank":"0"},"circle":false,"direction":"flex-row"},{"_type":"article_slider","title":"Netti Customized Zubeh\u00f6r","show_latest":false,"articles":[{"value":"post:knowledge-article:35298","type":"post","subtype":"knowledge-article","id":"35298"},{"value":"post:knowledge-article:35295","type":"post","subtype":"knowledge-article","id":"35295"},{"value":"post:knowledge-article:35301","type":"post","subtype":"knowledge-article","id":"35301"},{"value":"post:knowledge-article:35304","type":"post","subtype":"knowledge-article","id":"35304"},{"value":"post:knowledge-article:35290","type":"post","subtype":"knowledge-article","id":"35290"},{"value":"post:knowledge-article:74180","type":"post","subtype":"knowledge-article","id":"74180"}]},{"_type":"product_slider","title":"Netti Customized Rollst\u00fchle","product_kind":"wheelchairs","wheelchairs":[{"value":"post:wheelchair:12091","type":"post","subtype":"wheelchair","id":"12091"},{"value":"post:wheelchair:12089","type":"post","subtype":"wheelchair","id":"12089"},{"value":"post:wheelchair:38077","type":"post","subtype":"wheelchair","id":"38077"},{"value":"post:wheelchair:94872","type":"post","subtype":"wheelchair","id":"94872"}],"spare_parts":[],"all":[],"hide_info":false}],"app_templates_modules_product_items_product":[],"_links":{"self":[{"href":"https:\/\/www.my-netti.com\/de\/wp-json\/wp\/v2\/pages\/35170","targetHints":{"allow":["GET"]}}],"collection":[{"href":"https:\/\/www.my-netti.com\/de\/wp-json\/wp\/v2\/pages"}],"about":[{"href":"https:\/\/www.my-netti.com\/de\/wp-json\/wp\/v2\/types\/page"}],"author":[{"embeddable":true,"href":"https:\/\/www.my-netti.com\/de\/wp-json\/wp\/v2\/users\/4"}],"replies":[{"embeddable":true,"href":"https:\/\/www.my-netti.com\/de\/wp-json\/wp\/v2\/comments?post=35170"}],"version-history":[{"count":13,"href":"https:\/\/www.my-netti.com\/de\/wp-json\/wp\/v2\/pages\/35170\/revisions"}],"predecessor-version":[{"id":115515,"href":"https:\/\/www.my-netti.com\/de\/wp-json\/wp\/v2\/pages\/35170\/revisions\/115515"}],"wp:attachment":[{"href":"https:\/\/www.my-netti.com\/de\/wp-json\/wp\/v2\/media?parent=35170"}],"curies":[{"name":"wp","href":"https:\/\/api.w.org\/{rel}","templated":true}]}}