{"id":34661,"date":"2020-01-07T14:46:07","date_gmt":"2020-02-07T12:19:24","guid":{"rendered":"https:\/\/www.my-netti.com\/netti-5-seating-steps-guide\/"},"modified":"2020-10-23T10:19:14","modified_gmt":"2020-10-23T08:19:14","slug":"netti-5-seating-steps-konzeptbogen","status":"publish","type":"page","link":"https:\/\/www.my-netti.com\/de\/netti-5-seating-steps-konzeptbogen\/","title":{"rendered":"Netti 5 Seating Steps Konzeptbogen"},"content":{"rendered":"","protected":false},"excerpt":{"rendered":"","protected":false},"author":4,"featured_media":101,"parent":0,"menu_order":7,"comment_status":"closed","ping_status":"closed","template":"views\/template-modules.blade.php","meta":{"_seopress_robots_primary_cat":"","_seopress_titles_title":"","_seopress_titles_desc":"","_seopress_robots_index":"","_relevanssi_hide_post":"","_relevanssi_hide_content":"","_relevanssi_pin_for_all":"","_relevanssi_pin_keywords":"","_relevanssi_unpin_keywords":"","_relevanssi_related_keywords":"","_relevanssi_related_include_ids":"","_relevanssi_related_exclude_ids":"","_relevanssi_related_no_append":"","_relevanssi_related_not_related":"","_relevanssi_related_posts":"","_relevanssi_noindex_reason":"","footnotes":""},"class_list":["post-34661","page","type-page","status-publish","has-post-thumbnail","hentry"],"app_templates_compare_top_banner_title":"","app_templates_compare_top_banner_body":"","app_templates_compare_top_banner_image":"","app_templates_compare_top_banner_color":"white","app_templates_compare_top_banner_overlay":true,"app_templates_compare_top_banner_hide":false,"app_templates_cookie_policy_top_banner_title":"","app_templates_cookie_policy_top_banner_body":"","app_templates_cookie_policy_top_banner_image":"","app_templates_cookie_policy_top_banner_color":"white","app_templates_cookie_policy_top_banner_overlay":true,"app_templates_cookie_policy_top_banner_hide":false,"app_templates_home_page_home_banner_slides":[],"app_templates_home_page_home_banner_html":"","app_templates_home_page_link_boxes_boxes":[],"app_templates_home_page_link_boxes_cta_box_show_cta":true,"app_templates_home_page_link_boxes_cta_box_title":"","app_templates_home_page_link_boxes_cta_box_body":"","app_templates_home_page_link_boxes_cta_box_icon":"","app_templates_home_page_link_boxes_cta_box_link":{"value":"","url":"","anchor":"","blank":0},"app_templates_home_page_link_boxes_cta_box_html":"","app_templates_home_page_media_text_box_image":"","app_templates_home_page_media_text_box_full_width":false,"app_templates_home_page_media_text_box_pretitle":"","app_templates_home_page_media_text_box_title":"","app_templates_home_page_media_text_box_body":"","app_templates_home_page_media_text_box_link":{"value":"","url":"","anchor":"","blank":0},"app_templates_home_page_media_text_box_hide":false,"app_templates_home_page_article_slider_title":"\u00c4hnliche Artikel","app_templates_home_page_article_slider_show_latest":false,"app_templates_home_page_article_slider_articles":[],"app_templates_home_page_product_slider_title":"\u00c4hnliche Produkte","app_templates_home_page_product_slider_product_kind":"wheelchairs","app_templates_home_page_product_slider_wheelchairs":[],"app_templates_home_page_product_slider_spare_parts":[],"app_templates_home_page_product_slider_all":[],"app_templates_home_page_product_slider_hide_info":false,"app_templates_modules_top_banner_title":" ","app_templates_modules_top_banner_body":"","app_templates_modules_top_banner_image":"31798","app_templates_modules_top_banner_color":"white","app_templates_modules_top_banner_overlay":false,"app_templates_modules_top_banner_hide":false,"app_templates_modules_modules_modules":[{"_type":"media_text","title":"Netti 5 Seating Steps Konzeptbogen","body":"Um das Wissen vom Netti Campus in die Praxis umzusetzen, haben wir die Netti 5 Seating Steps entwickelt. Dieser Versorgungskonzeptbogen f\u00fchrt Sie durch den Prozess und erh\u00f6ht die Qualit\u00e4t der Sitzl\u00f6sung. Downloaden Sie gerne das Formular, um es in Ihrer t\u00e4glichen Arbeit zu verwenden.","image":"43617","image_link":{"value":"","url":"\/app\/uploads\/2020\/04\/5-Seating-steps-guide-DE.pdf","anchor":"","blank":"0"},"link":{"value":"","url":"\/app\/uploads\/2021\/05\/5-Seating-steps-guide-DE.pdf","anchor":"Netti 5 Seating Steps Konzeptbogen","blank":"0"},"circle":false,"direction":"flex-row"},{"_type":"content","title":"","content":"<h4>DIE SCHRITTE ZUR SCHAFFUNG EINER OPTIMALEN SITZL\u00d6SUNG SIND<\/h4>\r\n<ol>\r\n \t<li>Erwartungen und Herausforderungen abkl\u00e4ren<\/li>\r\n \t<li>Die Situation vom Nutzer beobachten und beurteilen<\/li>\r\n \t<li>Die Sitzstrategie festlegen inkl. SMART Ziele<\/li>\r\n \t<li>Die Sitzl\u00f6sung konfigurieren<\/li>\r\n \t<li>Bewerten<\/li>\r\n<\/ol>","text_align":"text-left","columns":1}],"app_templates_modules_product_items_product":[],"_links":{"self":[{"href":"https:\/\/www.my-netti.com\/de\/wp-json\/wp\/v2\/pages\/34661","targetHints":{"allow":["GET"]}}],"collection":[{"href":"https:\/\/www.my-netti.com\/de\/wp-json\/wp\/v2\/pages"}],"about":[{"href":"https:\/\/www.my-netti.com\/de\/wp-json\/wp\/v2\/types\/page"}],"author":[{"embeddable":true,"href":"https:\/\/www.my-netti.com\/de\/wp-json\/wp\/v2\/users\/4"}],"replies":[{"embeddable":true,"href":"https:\/\/www.my-netti.com\/de\/wp-json\/wp\/v2\/comments?post=34661"}],"version-history":[{"count":9,"href":"https:\/\/www.my-netti.com\/de\/wp-json\/wp\/v2\/pages\/34661\/revisions"}],"predecessor-version":[{"id":61317,"href":"https:\/\/www.my-netti.com\/de\/wp-json\/wp\/v2\/pages\/34661\/revisions\/61317"}],"wp:featuredmedia":[{"embeddable":true,"href":"https:\/\/www.my-netti.com\/de\/wp-json\/wp\/v2\/media\/101"}],"wp:attachment":[{"href":"https:\/\/www.my-netti.com\/de\/wp-json\/wp\/v2\/media?parent=34661"}],"curies":[{"name":"wp","href":"https:\/\/api.w.org\/{rel}","templated":true}]}}