{"id":34631,"date":"2020-02-18T08:33:03","date_gmt":"2020-02-18T07:33:03","guid":{"rendered":"https:\/\/www.my-netti.com\/cooperation-partners\/"},"modified":"2025-09-30T12:48:37","modified_gmt":"2025-09-30T10:48:37","slug":"partnerbetriebe","status":"publish","type":"page","link":"https:\/\/www.my-netti.com\/de\/partnerbetriebe\/","title":{"rendered":"Partnerbetriebe"},"content":{"rendered":"","protected":false},"excerpt":{"rendered":"","protected":false},"author":4,"featured_media":0,"parent":0,"menu_order":20,"comment_status":"closed","ping_status":"closed","template":"views\/template-modules.blade.php","meta":{"_seopress_robots_primary_cat":"","_seopress_titles_title":"","_seopress_titles_desc":"","_seopress_robots_index":"","_relevanssi_hide_post":"","_relevanssi_hide_content":"","_relevanssi_pin_for_all":"","_relevanssi_pin_keywords":"","_relevanssi_unpin_keywords":"","_relevanssi_related_keywords":"","_relevanssi_related_include_ids":"","_relevanssi_related_exclude_ids":"","_relevanssi_related_no_append":"","_relevanssi_related_not_related":"","_relevanssi_related_posts":"","_relevanssi_noindex_reason":"","footnotes":""},"class_list":["post-34631","page","type-page","status-publish","hentry"],"app_templates_compare_top_banner_title":"","app_templates_compare_top_banner_body":"","app_templates_compare_top_banner_image":"","app_templates_compare_top_banner_color":"white","app_templates_compare_top_banner_overlay":true,"app_templates_compare_top_banner_hide":false,"app_templates_cookie_policy_top_banner_title":"","app_templates_cookie_policy_top_banner_body":"","app_templates_cookie_policy_top_banner_image":"","app_templates_cookie_policy_top_banner_color":"white","app_templates_cookie_policy_top_banner_overlay":true,"app_templates_cookie_policy_top_banner_hide":false,"app_templates_home_page_home_banner_slides":[],"app_templates_home_page_home_banner_html":"","app_templates_home_page_link_boxes_boxes":[],"app_templates_home_page_link_boxes_cta_box_show_cta":true,"app_templates_home_page_link_boxes_cta_box_title":"","app_templates_home_page_link_boxes_cta_box_body":"","app_templates_home_page_link_boxes_cta_box_icon":"","app_templates_home_page_link_boxes_cta_box_link":{"value":"","url":"","anchor":"","blank":0},"app_templates_home_page_link_boxes_cta_box_html":"","app_templates_home_page_media_text_box_image":"","app_templates_home_page_media_text_box_full_width":false,"app_templates_home_page_media_text_box_pretitle":"","app_templates_home_page_media_text_box_title":"","app_templates_home_page_media_text_box_body":"","app_templates_home_page_media_text_box_link":{"value":"","url":"","anchor":"","blank":0},"app_templates_home_page_media_text_box_hide":false,"app_templates_home_page_article_slider_title":"\u00c4hnliche Artikel","app_templates_home_page_article_slider_show_latest":false,"app_templates_home_page_article_slider_articles":[],"app_templates_home_page_product_slider_title":"\u00c4hnliche Produkte","app_templates_home_page_product_slider_product_kind":"wheelchairs","app_templates_home_page_product_slider_wheelchairs":[],"app_templates_home_page_product_slider_spare_parts":[],"app_templates_home_page_product_slider_all":[],"app_templates_home_page_product_slider_hide_info":false,"app_templates_modules_top_banner_title":"","app_templates_modules_top_banner_body":"","app_templates_modules_top_banner_image":"5040","app_templates_modules_top_banner_color":"white","app_templates_modules_top_banner_overlay":false,"app_templates_modules_top_banner_hide":false,"app_templates_modules_modules_modules":[{"_type":"content","title":" Produkte von Drittanbietern","content":"<p id=\"tw-target-text\" class=\"tw-data-text tw-text-large tw-ta\" dir=\"ltr\" data-placeholder=\"Overs\u00e6ttelse\"><span lang=\"de\">Wir freuen uns \u00fcber eine enge Zusammenarbeit mit folgenden Lieferanten:<\/span><\/p>","text_align":"text-center","columns":1},{"_type":"content","title":"","content":"<a href=\"http:\/\/www.bodypoint.com\"><img class=\"alignnone size-full wp-image-4988\" src=\"\/app\/uploads\/2020\/02\/Bodypoint-logo.png\" alt=\"\" width=\"300\" height=\"300\" \/><\/a>\r\n\r\n<a href=\"http:\/\/www.bodypoint.com\">Bodypoint<\/a>\r\n\r\n<a href=\"http:\/\/www.decon.se\"><img class=\"alignnone size-full wp-image-4996\" src=\"\/app\/uploads\/2020\/02\/Decon-logo.png\" alt=\"\" width=\"300\" height=\"300\" \/><\/a>\r\n\r\n<a href=\"https:\/\/decon.se\/\">Decon<\/a>\r\n\r\n<a href=\"http:\/\/www.pviramps.com\"><img class=\"alignnone size-full wp-image-5428\" src=\"\/app\/uploads\/2020\/02\/PVI-logo-round.png\" alt=\"\" width=\"300\" height=\"300\" \/><\/a>\r\n\r\n<a href=\"https:\/\/www.pviramps.com\/\">PVI<\/a>\r\n\r\n<img class=\"alignnone size-full wp-image-5413\" src=\"\/app\/uploads\/2020\/02\/grey-Round-small-300x300.png\" alt=\"\" width=\"300\" height=\"300\" \/>\r\n\r\n&nbsp;","text_align":"text-center","columns":2},{"_type":"content","title":"Partnerbetriebe","content":"Wir freuen uns \u00fcber eine enge Zusammenarbeit mit folgenden Lieferanten, die L\u00f6sungen f\u00fcr unsere Rollst\u00fchle anbieten. Bitte kontaktieren Sie sie direkt f\u00fcr weitere Informationen.","text_align":"text-center","columns":1},{"_type":"content","title":"","content":"<a href=\"https:\/\/www.rehatechnik-heymer.de\/\" target=\"_blank\" rel=\"noopener\"><img class=\"alignnone size-full wp-image-5451\" src=\"\/app\/uploads\/2020\/02\/Heymer.png\" alt=\"\" width=\"300\" height=\"300\" \/><\/a>\r\n\r\n<a href=\"https:\/\/www.rehatechnik-heymer.de\/\" target=\"_blank\" rel=\"noopener\">Rehatechnik Heymer<\/a>\r\n\r\n<a href=\"https:\/\/www.alber.de\/de\/hilfe-service\/downloads\/\" target=\"_blank\" rel=\"noopener\"> <img class=\"alignnone size-medium wp-image-5457\" src=\"\/app\/uploads\/2020\/02\/Alber.png\" alt=\"\" width=\"300\" height=\"300\" \/><\/a>\r\n\r\n<a href=\"https:\/\/www.alber.de\/de\/hilfe-service\/downloads\/\" target=\"_blank\" rel=\"noopener\">Alber GmbH<\/a>\r\n\r\n<a href=\"https:\/\/www.amf-bruns-mobility.com\/\" target=\"_blank\" rel=\"noopener\"> <img class=\"alignnone size-medium wp-image-5463\" src=\"\/app\/uploads\/2020\/02\/AMF-Bruns.png\" alt=\"\" width=\"300\" height=\"300\" \/><\/a>\r\n\r\n<a href=\"https:\/\/www.amf-bruns-behindertenfahrzeuge.de\/\" target=\"_blank\" rel=\"noopener\">AMF Bruns<\/a>\r\n\r\n<a href=\"https:\/\/www.aat-online.de\/gb\/\" target=\"_blank\" rel=\"noopener\"><img class=\"alignnone size-medium wp-image-5469\" src=\"\/app\/uploads\/2020\/02\/AAT.png\" alt=\"\" width=\"300\" height=\"300\" \/><\/a>\r\n\r\n<a href=\"https:\/\/www.aat-online.de\/de\/\" target=\"_blank\" rel=\"noopener\">AAT<\/a>","text_align":"text-center","columns":2}],"app_templates_modules_product_items_product":[],"_links":{"self":[{"href":"https:\/\/www.my-netti.com\/de\/wp-json\/wp\/v2\/pages\/34631","targetHints":{"allow":["GET"]}}],"collection":[{"href":"https:\/\/www.my-netti.com\/de\/wp-json\/wp\/v2\/pages"}],"about":[{"href":"https:\/\/www.my-netti.com\/de\/wp-json\/wp\/v2\/types\/page"}],"author":[{"embeddable":true,"href":"https:\/\/www.my-netti.com\/de\/wp-json\/wp\/v2\/users\/4"}],"replies":[{"embeddable":true,"href":"https:\/\/www.my-netti.com\/de\/wp-json\/wp\/v2\/comments?post=34631"}],"version-history":[{"count":4,"href":"https:\/\/www.my-netti.com\/de\/wp-json\/wp\/v2\/pages\/34631\/revisions"}],"predecessor-version":[{"id":115202,"href":"https:\/\/www.my-netti.com\/de\/wp-json\/wp\/v2\/pages\/34631\/revisions\/115202"}],"wp:attachment":[{"href":"https:\/\/www.my-netti.com\/de\/wp-json\/wp\/v2\/media?parent=34631"}],"curies":[{"name":"wp","href":"https:\/\/api.w.org\/{rel}","templated":true}]}}