{"id":34514,"date":"2020-02-06T09:37:18","date_gmt":"2020-02-06T08:37:18","guid":{"rendered":"https:\/\/www.my-netti.com\/netti-campus-seminars\/"},"modified":"2020-04-20T09:18:34","modified_gmt":"2020-04-20T07:18:34","slug":"netti-campus-seminare","status":"publish","type":"page","link":"https:\/\/www.my-netti.com\/de\/netti-campus-seminare\/","title":{"rendered":"Netti Campus Seminare"},"content":{"rendered":"","protected":false},"excerpt":{"rendered":"","protected":false},"author":4,"featured_media":0,"parent":0,"menu_order":9,"comment_status":"closed","ping_status":"closed","template":"views\/template-modules.blade.php","meta":{"_seopress_robots_primary_cat":"","_seopress_titles_title":"","_seopress_titles_desc":"","_seopress_robots_index":"","_relevanssi_hide_post":"","_relevanssi_hide_content":"","_relevanssi_pin_for_all":"","_relevanssi_pin_keywords":"","_relevanssi_unpin_keywords":"","_relevanssi_related_keywords":"","_relevanssi_related_include_ids":"","_relevanssi_related_exclude_ids":"","_relevanssi_related_no_append":"","_relevanssi_related_not_related":"","_relevanssi_related_posts":"","_relevanssi_noindex_reason":"","footnotes":""},"class_list":["post-34514","page","type-page","status-publish","hentry"],"app_templates_compare_top_banner_title":"","app_templates_compare_top_banner_body":"","app_templates_compare_top_banner_image":"","app_templates_compare_top_banner_color":"white","app_templates_compare_top_banner_overlay":true,"app_templates_compare_top_banner_hide":false,"app_templates_cookie_policy_top_banner_title":"","app_templates_cookie_policy_top_banner_body":"","app_templates_cookie_policy_top_banner_image":"","app_templates_cookie_policy_top_banner_color":"white","app_templates_cookie_policy_top_banner_overlay":true,"app_templates_cookie_policy_top_banner_hide":false,"app_templates_home_page_home_banner_slides":[],"app_templates_home_page_home_banner_html":"","app_templates_home_page_link_boxes_boxes":[],"app_templates_home_page_link_boxes_cta_box_show_cta":true,"app_templates_home_page_link_boxes_cta_box_title":"","app_templates_home_page_link_boxes_cta_box_body":"","app_templates_home_page_link_boxes_cta_box_icon":"","app_templates_home_page_link_boxes_cta_box_link":{"value":"","url":"","anchor":"","blank":0},"app_templates_home_page_link_boxes_cta_box_html":"","app_templates_home_page_media_text_box_image":"","app_templates_home_page_media_text_box_full_width":false,"app_templates_home_page_media_text_box_pretitle":"","app_templates_home_page_media_text_box_title":"","app_templates_home_page_media_text_box_body":"","app_templates_home_page_media_text_box_link":{"value":"","url":"","anchor":"","blank":0},"app_templates_home_page_media_text_box_hide":false,"app_templates_home_page_article_slider_title":"\u00c4hnliche Artikel","app_templates_home_page_article_slider_show_latest":false,"app_templates_home_page_article_slider_articles":[],"app_templates_home_page_product_slider_title":"\u00c4hnliche Produkte","app_templates_home_page_product_slider_product_kind":"wheelchairs","app_templates_home_page_product_slider_wheelchairs":[],"app_templates_home_page_product_slider_spare_parts":[],"app_templates_home_page_product_slider_all":[],"app_templates_home_page_product_slider_hide_info":false,"app_templates_modules_top_banner_title":"  ","app_templates_modules_top_banner_body":"","app_templates_modules_top_banner_image":"4335","app_templates_modules_top_banner_color":"white","app_templates_modules_top_banner_overlay":false,"app_templates_modules_top_banner_hide":false,"app_templates_modules_modules_modules":[{"_type":"content","title":"Auf dem Netti Campus teilen wir unser Wissen","content":"Wir bieten eine breite Palette von Seminaren an, die sich auf das Wissen \u00fcber optimale Sitzl\u00f6sungen und andere Themen rund um den Rollstuhl konzentrieren. Die Seminare k\u00f6nnen auf Wunsch als Inhouse-Seminare durchgef\u00fchrt werden, oder Sie k\u00f6nnen an einem der offenen Seminare teilnehmen, die wir das ganze Jahr \u00fcber anbieten.\r\n\r\nWir f\u00fchren Seminare mit verschiedenen Themen durch und k\u00f6nnen das Seminar auf die spezifischen Bed\u00fcrfnisse und W\u00fcnsche Ihres Teams abstimmen.","text_align":"text-center","columns":1},{"_type":"media_text","title":"Wir bieten folgende Seminare an","body":"<ul>\r\n \t<li><a href=\"https:\/\/www.my-netti.com\/de\/kc-de\/besser-sitzen-im-rollstuhl\/\">Besser Sitzen im Rollstuhl<\/a><\/li>\r\n \t<li><a href=\"https:\/\/www.my-netti.com\/de\/kc-de\/netti-seating-expert\/\">Netti Seating Experte<\/a><\/li>\r\n \t<li><a href=\"https:\/\/www.my-netti.com\/de\/kc-de\/seminars-2\/\">Fachberater f\u00fcr spezifische Krankheitsbilder<\/a><\/li>\r\n \t<li><a href=\"https:\/\/www.my-netti.com\/de\/kc-de\/netti-produktspezialist-individualversorgung\/\">Netti - Produktspezialist Individualversorgung<\/a><\/li>\r\n \t<li><a href=\"https:\/\/www.my-netti.com\/de\/kc-de\/schraube-locker\/\">\"Schraube locker\"<\/a><\/li>\r\n \t<li><a href=\"https:\/\/www.my-netti.com\/de\/kc-de\/versorgungen-ueberzeugend-argumentieren\/\">Versorgungen \u00fcberzeugend argumentieren<\/a><\/li>\r\n \t<li><a href=\"https:\/\/www.my-netti.com\/de\/kc-de\/netti-produktspezialist-individualversorgung\/\">Profil eines Rollstuhl-Spezialisten<\/a><\/li>\r\n<\/ul>","image":"1704","image_link":{"value":"","url":"","anchor":"","blank":"0"},"link":{"value":"","url":"\/de\/verkaufsteam\/","anchor":"Kontaktieren Sie uns gerne f\u00fcr einen Dialog \u00fcber Ihre spezifische Anforderungen. ","blank":"0"},"circle":false,"direction":"flex-row"}],"app_templates_modules_product_items_product":[],"_links":{"self":[{"href":"https:\/\/www.my-netti.com\/de\/wp-json\/wp\/v2\/pages\/34514","targetHints":{"allow":["GET"]}}],"collection":[{"href":"https:\/\/www.my-netti.com\/de\/wp-json\/wp\/v2\/pages"}],"about":[{"href":"https:\/\/www.my-netti.com\/de\/wp-json\/wp\/v2\/types\/page"}],"author":[{"embeddable":true,"href":"https:\/\/www.my-netti.com\/de\/wp-json\/wp\/v2\/users\/4"}],"replies":[{"embeddable":true,"href":"https:\/\/www.my-netti.com\/de\/wp-json\/wp\/v2\/comments?post=34514"}],"version-history":[{"count":5,"href":"https:\/\/www.my-netti.com\/de\/wp-json\/wp\/v2\/pages\/34514\/revisions"}],"predecessor-version":[{"id":35494,"href":"https:\/\/www.my-netti.com\/de\/wp-json\/wp\/v2\/pages\/34514\/revisions\/35494"}],"wp:attachment":[{"href":"https:\/\/www.my-netti.com\/de\/wp-json\/wp\/v2\/media?parent=34514"}],"curies":[{"name":"wp","href":"https:\/\/api.w.org\/{rel}","templated":true}]}}