{"id":34489,"date":"2020-01-30T19:17:30","date_gmt":"2020-01-30T18:17:30","guid":{"rendered":"https:\/\/www.my-netti.com\/about-netti-campus\/"},"modified":"2020-07-15T12:49:53","modified_gmt":"2020-07-15T10:49:53","slug":"netti-campus","status":"publish","type":"page","link":"https:\/\/www.my-netti.com\/de\/netti-campus\/","title":{"rendered":"Netti Campus"},"content":{"rendered":"","protected":false},"excerpt":{"rendered":"","protected":false},"author":4,"featured_media":0,"parent":0,"menu_order":8,"comment_status":"closed","ping_status":"closed","template":"views\/template-modules.blade.php","meta":{"_seopress_robots_primary_cat":"","_seopress_titles_title":"","_seopress_titles_desc":"We offer a wide range of seminars focusing on knowledge about optimum seating solutions and other topics around the wheelchair. The seminars can be inhouse seminars on demand or you can attend one of the open seminars we offer throughout the year.","_seopress_robots_index":"","_relevanssi_hide_post":"","_relevanssi_hide_content":"","_relevanssi_pin_for_all":"","_relevanssi_pin_keywords":"","_relevanssi_unpin_keywords":"","_relevanssi_related_keywords":"","_relevanssi_related_include_ids":"","_relevanssi_related_exclude_ids":"","_relevanssi_related_no_append":"","_relevanssi_related_not_related":"","_relevanssi_related_posts":"","_relevanssi_noindex_reason":"","footnotes":""},"class_list":["post-34489","page","type-page","status-publish","hentry"],"app_templates_compare_top_banner_title":"","app_templates_compare_top_banner_body":"","app_templates_compare_top_banner_image":"","app_templates_compare_top_banner_color":"white","app_templates_compare_top_banner_overlay":true,"app_templates_compare_top_banner_hide":false,"app_templates_cookie_policy_top_banner_title":"","app_templates_cookie_policy_top_banner_body":"","app_templates_cookie_policy_top_banner_image":"","app_templates_cookie_policy_top_banner_color":"white","app_templates_cookie_policy_top_banner_overlay":true,"app_templates_cookie_policy_top_banner_hide":false,"app_templates_home_page_home_banner_slides":[],"app_templates_home_page_home_banner_html":"","app_templates_home_page_link_boxes_boxes":[],"app_templates_home_page_link_boxes_cta_box_show_cta":true,"app_templates_home_page_link_boxes_cta_box_title":"","app_templates_home_page_link_boxes_cta_box_body":"","app_templates_home_page_link_boxes_cta_box_icon":"","app_templates_home_page_link_boxes_cta_box_link":{"value":"","url":"","anchor":"","blank":0},"app_templates_home_page_link_boxes_cta_box_html":"","app_templates_home_page_media_text_box_image":"","app_templates_home_page_media_text_box_full_width":false,"app_templates_home_page_media_text_box_pretitle":"","app_templates_home_page_media_text_box_title":"","app_templates_home_page_media_text_box_body":"","app_templates_home_page_media_text_box_link":{"value":"","url":"","anchor":"","blank":0},"app_templates_home_page_media_text_box_hide":false,"app_templates_home_page_article_slider_title":"\u00c4hnliche Artikel","app_templates_home_page_article_slider_show_latest":false,"app_templates_home_page_article_slider_articles":[],"app_templates_home_page_product_slider_title":"\u00c4hnliche Produkte","app_templates_home_page_product_slider_product_kind":"wheelchairs","app_templates_home_page_product_slider_wheelchairs":[],"app_templates_home_page_product_slider_spare_parts":[],"app_templates_home_page_product_slider_all":[],"app_templates_home_page_product_slider_hide_info":false,"app_templates_modules_top_banner_title":"  ","app_templates_modules_top_banner_body":"","app_templates_modules_top_banner_image":"2397","app_templates_modules_top_banner_color":"white","app_templates_modules_top_banner_overlay":false,"app_templates_modules_top_banner_hide":false,"app_templates_modules_modules_modules":[{"_type":"content","title":"Auf dem Netti Campus teilen wir unser Wissen","content":"Netti nutzt Best-Practice sowie die Forschung und Empfehlungen der Weltgesundheitsorganisation (WHO), um die bestm\u00f6glichen L\u00f6sungen zu schaffen. Im Netti Campus geben wir unser Wissen in Form von Seminaren, Webinaren und Artikeln weiter. Wir haben unser Wissen in den folgenden Hauptbereichen aufgeteilt:","text_align":"text-center","columns":1},{"_type":"content","title":"","content":"<ul>\r\n \t<li><strong>Die Rahmenbedingungen: <\/strong>Verstehen Sie das System von Wiedereinsatz, Fallpauschale und Ausschreibungs sowie die Gesetze und Vorschriften in Ihrem Gebiet.<\/li>\r\n \t<li><strong>Der Rollstuhl Nutzer: <\/strong>Lernen Sie, wie Sie das Krankheitsbild, die Symptome und die M\u00f6glichkeiten des Nutzers beurteilen.<\/li>\r\n \t<li><strong>Die Sitzpositionierung:\u00a0<\/strong>Verstehen Sie die Biomechanik und wie man die optimale Sitzposition schafft.<\/li>\r\n \t<li><strong>Die Produkte:\u00a0<\/strong>Lernen Sie die Produkte und die Funktionen kennen und erfahren Sie, wie man diese so konfiguriert, dass die optimale Sitzl\u00f6sung entsteht.\r\n<a href=\"https:\/\/www.my-netti.com\/de\/netti-campus-seminare\/\"><img class=\"alignnone wp-image-44549\" src=\"\/app\/uploads\/2020\/06\/Netti-campus-DE-600x95.jpg\" alt=\"\" width=\"865\" height=\"137\" \/><\/a><\/li>\r\n<\/ul>","text_align":"text-left","columns":1},{"_type":"content","title":"Warum empfehlen wir die Netti Methode?","content":"Alle Menschen sind einzigartig. Deshalb braucht man fundierte Kenntnisse aller Faktoren, die die Sitzsituation eines jeden Benutzers beeinflussen, und gleichzeitig Kenntnisse der richtigen Beurteilungstechniken, um eine optimale Sitzl\u00f6sung zu erreichen.\r\n\r\nUm Ihnen dabei zu helfen, haben wir die Netti Methode entwickelt, die das Fundament unserer Arbeit bildet.","text_align":"text-left","columns":1},{"_type":"media_text","title":"Die beste Sitzl\u00f6sung","body":"Wenn wir mit der besten Sitzl\u00f6sung Erfolg haben, werden Sie als H\u00e4ndler Produkte an zufriedene Kunden liefern. Wahrscheinlich k\u00f6nnen Sie die Kosten f\u00fcr die Abnutzung des Stuhls reduzieren und eine sicherere, einfachere und intuitivere Nutzung des Stuhls gew\u00e4hrleisten.","image":"1711","image_link":{"value":"","url":"","anchor":"","blank":"0"},"link":{"value":"","url":"","anchor":"","blank":"0"},"circle":false,"direction":"flex-row"},{"_type":"media_text","title":"Lebensqualit\u00e4t erh\u00f6hen","body":"Das Ziel der Schaffung einer perfekten Sitzl\u00f6sung ist die Verbesserung der Lebensqualit\u00e4t des Benutzers, da wir uns auf Unabh\u00e4ngigkeit, Sicherheit, Mobilit\u00e4t und soziale Interaktion konzentrieren. Der richtige Stuhl mit dem richtigen Zubeh\u00f6r kann es dem Benutzer erm\u00f6glichen, \u00fcber einen l\u00e4ngeren Zeitraum aufrecht zu sitzen. Dies kann es dem Benutzer erm\u00f6glichen, am t\u00e4glichen Leben teilzuhaben und bedeutet z.B., dass der Benutzer verbesserte Vitalfunktionen wie Verdauung, Ess- und Trinkf\u00e4higkeit erf\u00e4hrt und besser kommunizieren kann.","image":"1849","image_link":{"value":"","url":"","anchor":"","blank":"0"},"link":{"value":"","url":"","anchor":"","blank":"0"},"circle":false,"direction":"flex-row"},{"_type":"media_text","title":"","body":"","image":"","image_link":{"value":"","url":"","anchor":"","blank":"0"},"link":{"value":"","url":"\/de\/the-netti-method\/","anchor":"Erfahren Sie mehr \u00fcber Die Netti Methode","blank":"0"},"circle":false,"direction":"flex-row"}],"app_templates_modules_product_items_product":[],"_links":{"self":[{"href":"https:\/\/www.my-netti.com\/de\/wp-json\/wp\/v2\/pages\/34489","targetHints":{"allow":["GET"]}}],"collection":[{"href":"https:\/\/www.my-netti.com\/de\/wp-json\/wp\/v2\/pages"}],"about":[{"href":"https:\/\/www.my-netti.com\/de\/wp-json\/wp\/v2\/types\/page"}],"author":[{"embeddable":true,"href":"https:\/\/www.my-netti.com\/de\/wp-json\/wp\/v2\/users\/4"}],"replies":[{"embeddable":true,"href":"https:\/\/www.my-netti.com\/de\/wp-json\/wp\/v2\/comments?post=34489"}],"version-history":[{"count":14,"href":"https:\/\/www.my-netti.com\/de\/wp-json\/wp\/v2\/pages\/34489\/revisions"}],"predecessor-version":[{"id":56099,"href":"https:\/\/www.my-netti.com\/de\/wp-json\/wp\/v2\/pages\/34489\/revisions\/56099"}],"wp:attachment":[{"href":"https:\/\/www.my-netti.com\/de\/wp-json\/wp\/v2\/media?parent=34489"}],"curies":[{"name":"wp","href":"https:\/\/api.w.org\/{rel}","templated":true}]}}