{"id":34359,"date":"2020-02-03T14:06:16","date_gmt":"2020-02-03T13:06:16","guid":{"rendered":"https:\/\/www.my-netti.com\/order-forms\/"},"modified":"2026-04-08T13:33:33","modified_gmt":"2026-04-08T11:33:33","slug":"bestellblaetter","status":"publish","type":"page","link":"https:\/\/www.my-netti.com\/de\/bestellblaetter\/","title":{"rendered":"Bestellbl\u00e4tter"},"content":{"rendered":"","protected":false},"excerpt":{"rendered":"","protected":false},"author":4,"featured_media":101,"parent":0,"menu_order":10,"comment_status":"closed","ping_status":"closed","template":"views\/template-modules.blade.php","meta":{"_seopress_robots_primary_cat":"","_seopress_titles_title":"","_seopress_titles_desc":"","_seopress_robots_index":"","_relevanssi_hide_post":"","_relevanssi_hide_content":"","_relevanssi_pin_for_all":"on","_relevanssi_pin_keywords":"","_relevanssi_unpin_keywords":"","_relevanssi_related_keywords":"","_relevanssi_related_include_ids":"","_relevanssi_related_exclude_ids":"","_relevanssi_related_no_append":"","_relevanssi_related_not_related":"","_relevanssi_related_posts":"","_relevanssi_noindex_reason":"","footnotes":""},"class_list":["post-34359","page","type-page","status-publish","has-post-thumbnail","hentry"],"app_templates_compare_top_banner_title":"","app_templates_compare_top_banner_body":"","app_templates_compare_top_banner_image":"","app_templates_compare_top_banner_color":"white","app_templates_compare_top_banner_overlay":true,"app_templates_compare_top_banner_hide":false,"app_templates_cookie_policy_top_banner_title":"","app_templates_cookie_policy_top_banner_body":"","app_templates_cookie_policy_top_banner_image":"","app_templates_cookie_policy_top_banner_color":"white","app_templates_cookie_policy_top_banner_overlay":true,"app_templates_cookie_policy_top_banner_hide":false,"app_templates_home_page_home_banner_slides":[],"app_templates_home_page_home_banner_html":"","app_templates_home_page_link_boxes_boxes":[],"app_templates_home_page_link_boxes_cta_box_show_cta":true,"app_templates_home_page_link_boxes_cta_box_title":"","app_templates_home_page_link_boxes_cta_box_body":"","app_templates_home_page_link_boxes_cta_box_icon":"","app_templates_home_page_link_boxes_cta_box_link":{"value":"","url":"","anchor":"","blank":0},"app_templates_home_page_link_boxes_cta_box_html":"","app_templates_home_page_media_text_box_image":"","app_templates_home_page_media_text_box_full_width":false,"app_templates_home_page_media_text_box_pretitle":"","app_templates_home_page_media_text_box_title":"","app_templates_home_page_media_text_box_body":"","app_templates_home_page_media_text_box_link":{"value":"","url":"","anchor":"","blank":0},"app_templates_home_page_media_text_box_hide":false,"app_templates_home_page_article_slider_title":"\u00c4hnliche Artikel","app_templates_home_page_article_slider_show_latest":false,"app_templates_home_page_article_slider_articles":[],"app_templates_home_page_product_slider_title":"\u00c4hnliche Produkte","app_templates_home_page_product_slider_product_kind":"wheelchairs","app_templates_home_page_product_slider_wheelchairs":[],"app_templates_home_page_product_slider_spare_parts":[],"app_templates_home_page_product_slider_all":[],"app_templates_home_page_product_slider_hide_info":false,"app_templates_modules_top_banner_title":" Bestellbl\u00e4tter","app_templates_modules_top_banner_body":"Alle M\u00f6glichkeiten \u2013 auf einen Blick","app_templates_modules_top_banner_image":"2855","app_templates_modules_top_banner_color":"white","app_templates_modules_top_banner_overlay":false,"app_templates_modules_top_banner_hide":false,"app_templates_modules_modules_modules":[{"_type":"media_text","title":"Netti V Family","body":"<ul>\r\n \t<li><a href=\"https:\/\/kisss-by-meyra.de\/orderforms\/netti\/1250_DE_DE_PREIS_EUR.pdf\">Netti V<\/a><\/li>\r\n \t<li><a href=\"https:\/\/kisss-by-meyra.de\/orderforms\/netti\/1251_DE_DE_PREIS_EUR.pdf\">Netti V Base<\/a><\/li>\r\n \t<li><a href=\"https:\/\/kisss-by-meyra.de\/orderforms\/netti\/1252_DE_DE_PREIS_EUR.pdf\">Netti V EL<\/a><\/li>\r\n<\/ul>","image":"101646","image_link":{"value":"","url":"","anchor":"","blank":"0"},"link":{"value":"","url":"","anchor":"","blank":"0"},"circle":true,"direction":"flex-row"},{"_type":"media_text","title":"Netti Adaptpro Family","body":"<ul>\r\n \t<li><a href=\"https:\/\/www.my-netti.com\/app\/uploads\/2025\/05\/1259_DE_DE_PREIS_EUR.pdf\">Netti AdaptPro<\/a><\/li>\r\n \t<li><a href=\"https:\/\/www.my-netti.com\/app\/uploads\/2025\/05\/1260_DE_DE_PREIS_EUR.pdf\">Netti Dynamic AdaptPro<\/a><\/li>\r\n<\/ul>","image":"117532","image_link":{"value":"","url":"","anchor":"","blank":"0"},"link":{"value":"","url":"","anchor":"","blank":"0"},"circle":true,"direction":"flex-row-reverse"},{"_type":"media_text","title":"Netti III Family","body":"<ul>\r\n \t<li><a href=\"https:\/\/kisss-by-meyra.de\/orderforms\/netti\/1285_DE_DE_PREIS_EUR.pdf\">Netti III<\/a><\/li>\r\n \t<li><a href=\"https:\/\/kisss-by-meyra.de\/orderforms\/netti\/1291_DE_DE_PREIS_EUR.pdf\">Netti III EL<\/a><\/li>\r\n \t<li><a href=\"https:\/\/kisss-by-meyra.de\/orderforms\/netti\/1290_DE_DE_PREIS_EUR.pdf\">Netti III HD<\/a><\/li>\r\n \t<li><a href=\"https:\/\/kisss-by-meyra.de\/orderforms\/netti\/1295_DE_DE_PREIS_EUR.pdf\">Netti III XHD 500-600 mm<\/a><\/li>\r\n \t<li><a href=\"https:\/\/kisss-by-meyra.de\/orderforms\/netti\/1296_DE_DE_PREIS_EUR.pdf\">Netti III XHD 650-750 mm<\/a><\/li>\r\n<\/ul>","image":"4763","image_link":{"value":"","url":"","anchor":"","blank":"0"},"link":{"value":"","url":"","anchor":"","blank":"0"},"circle":true,"direction":"flex-row"},{"_type":"media_text","title":"Netti 4U Family","body":"<ul>\r\n \t<li><a href=\"https:\/\/kisss-by-meyra.de\/orderforms\/netti\/1210_DE_DE_PREIS_EUR.pdf\">Netti 4U CE<\/a><\/li>\r\n \t<li><a href=\"https:\/\/kisss-by-meyra.de\/orderforms\/netti\/1210_DE_DE_PREIS_EUR_BK.pdf\">Netti 4U CE Schnellbestellblatt<\/a><\/li>\r\n \t<li><a href=\"https:\/\/kisss-by-meyra.de\/orderforms\/netti\/1215_DE_DE_PREIS_EUR.pdf\">Netti 4U CE Plus<\/a><\/li>\r\n \t<li><a href=\"https:\/\/kisss-by-meyra.de\/orderforms\/netti\/1215_DE_DE_PREIS_EUR_BK.pdf\">Netti 4U CE Plus Schnellbestellblatt<\/a><\/li>\r\n \t<li><a href=\"https:\/\/kisss-by-meyra.de\/orderforms\/netti\/1225_DE_DE_PREIS_EUR.pdf\">Netti 4U CED<\/a><\/li>\r\n \t<li><a href=\"https:\/\/kisss-by-meyra.de\/orderforms\/netti\/1236_DE_DE_PREIS_EUR.pdf\">Netti 4U CED XL<\/a><\/li>\r\n \t<li><a href=\"https:\/\/kisss-by-meyra.de\/orderforms\/netti\/1220_DE_DE_PREIS_EUR.pdf\">Netti 4U Base<\/a><\/li>\r\n<\/ul>","image":"4793","image_link":{"value":"","url":"","anchor":"","blank":"0"},"link":{"value":"","url":"","anchor":"","blank":"0"},"circle":true,"direction":"flex-row-reverse"},{"_type":"media_text","title":"Netti Dynamic Family","body":"<ul>\r\n \t<li><a href=\"https:\/\/kisss-by-meyra.de\/orderforms\/netti\/1266_DE_DE_PREIS_EUR.pdf\">Netti Dynamic Base<\/a><\/li>\r\n \t<li><a href=\"https:\/\/kisss-by-meyra.de\/orderforms\/netti\/1265_DE_DE_PREIS_EUR.pdf\">Netti Dynamic CED<\/a><\/li>\r\n \t<li><a href=\"https:\/\/kisss-by-meyra.de\/orderforms\/netti\/1267_DE_DE_PREIS_EUR.pdf\">Netti Dynamic III HD<\/a><\/li>\r\n \t<li><a href=\"https:\/\/www.my-netti.com\/app\/uploads\/2025\/05\/1260_DE_DE_PREIS_EUR.pdf\">Netti Dynamic AdaptPro<\/a><\/li>\r\n<\/ul>","image":"4870","image_link":{"value":"","url":"","anchor":"","blank":"0"},"link":{"value":"","url":"","anchor":"","blank":"0"},"circle":true,"direction":"flex-row-reverse"},{"_type":"media_text","title":"Ride Sitz- und R\u00fcckensystem ","body":"<ul>\r\n \t<li><a href=\"https:\/\/kisss-by-meyra.de\/orderforms\/kissen\/7000_DE_DE_PREIS_EUR.pdf\">Ride Kissensystem<\/a><\/li>\r\n<\/ul>","image":"4814","image_link":{"value":"","url":"","anchor":"","blank":"0"},"link":{"value":"","url":"","anchor":"","blank":"0"},"circle":false,"direction":"flex-row"},{"_type":"media_text","title":"Rampen","body":"<ul>\r\n \t<li><a href=\"\/app\/uploads\/2024\/09\/Ramper_edit.pdf\">Rampen<\/a><\/li>\r\n<\/ul>","image":"4826","image_link":{"value":"","url":"","anchor":"","blank":"0"},"link":{"value":"","url":"","anchor":"","blank":"0"},"circle":true,"direction":"flex-row-reverse"},{"_type":"media_text","title":"Netti Customized Anfrageb\u00f6gen","body":"<ul>\r\n \t<li><a href=\"\/app\/uploads\/2024\/09\/Netti-Bed.pdf\">Netti Bed<\/a><\/li>\r\n \t<li><a href=\"\/app\/uploads\/2024\/09\/Netti-450T.pdf\">Netti 450T<\/a><\/li>\r\n \t<li><a href=\"\/app\/uploads\/2024\/09\/Netti-450F.pdf\">Netti 450F<\/a><\/li>\r\n \t<li><a href=\"https:\/\/www.my-netti.com\/app\/uploads\/2024\/09\/Netti-Dynamic-iQ-11-24-2.pdf\">Netti Dynamic iQ<\/a><\/li>\r\n \t<li><a href=\"https:\/\/www.my-netti.com\/app\/uploads\/2024\/09\/Customized-Monopad.pdf\">Netti Customized Monopad Beinst\u00fctze<\/a><\/li>\r\n \t<li><a href=\"https:\/\/www.my-netti.com\/app\/uploads\/2024\/09\/Customized-Kissen_.pdf\">Netti Customized Kissen<\/a><\/li>\r\n \t<li><a href=\"https:\/\/www.my-netti.com\/app\/uploads\/2024\/09\/Sonderbau-Universalgeratehalter.pdf\">Netti Customized Universalger\u00e4tehalter + Abdeckplatte<\/a><\/li>\r\n<\/ul>","image":"4820","image_link":{"value":"","url":"","anchor":"","blank":"0"},"link":{"value":"","url":"","anchor":"","blank":"0"},"circle":true,"direction":"flex-row"},{"_type":"media_text","title":"Zusatzantriebe","body":"<ul>\r\n \t<li><a href=\"\/app\/uploads\/2021\/05\/DECON-E-Drive-1.pdf\">Decon E-Drive<\/a><\/li>\r\n \t<li><a href=\"\/app\/uploads\/2021\/05\/7007_DECON-E-Move-D-PL-2022.pdf\">Decon E-Move<\/a><\/li>\r\n<\/ul>","image":"4832","image_link":{"value":"","url":"","anchor":"","blank":"0"},"link":{"value":"","url":"","anchor":"","blank":"0"},"circle":true,"direction":"flex-row-reverse"},{"_type":"media_text","title":"Katalog","body":"Hier finden Sie unseren aktuellen <a href=\"https:\/\/www.my-netti.com\/app\/uploads\/2024\/09\/netti-hauptkatalog-2025-08_de_web.pdf\">Katalog zum downloaden<\/a>.","image":"55818","image_link":{"value":"","url":"\/app\/uploads\/2024\/09\/netti-hauptkatalog-2025-08_de_web.pdf","anchor":"","blank":"0"},"link":{"value":"","url":"\/app\/uploads\/2024\/09\/netti-hauptkatalog-2025-08_de_web.pdf","anchor":"","blank":"0"},"circle":false,"direction":"flex-row"},{"_type":"content","title":"","content":"Wir glauben, dass fast alles m\u00f6glich ist. Sollten Sie Herausforderungen finden, welche nicht mit den M\u00f6glichkeiten auf dem Bestellblatt zu l\u00f6sen sind, dann kontaktieren Sie unseren Au\u00dfendienst oder den Kundenservice. Wir werden dann - in enger Kooperation mit unserer Sonderbau-Abteilung - die beste L\u00f6sung f\u00fcr Ihren Kunden konstruieren.","text_align":"text-center","columns":1},{"_type":"media_text","title":"Netti Precision Sitzkissen","body":"<div class=\"d-flex flex-column\"><a href=\"https:\/\/www.meyra.de\/fileadmin\/user_upload\/pdf\/downloads\/interaktiv\/netti\/Netti-Precision-DE-PL-2026.pdf\" target=\"_blank\" rel=\"noopener\">Netti Precision Sitzkissen<\/a><\/div>","image":"117723","image_link":{"value":"","url":"","anchor":"","blank":"0"},"link":{"value":"","url":"","anchor":"","blank":"0"},"circle":true,"direction":"flex-row"}],"app_templates_modules_product_items_product":[],"_links":{"self":[{"href":"https:\/\/www.my-netti.com\/de\/wp-json\/wp\/v2\/pages\/34359","targetHints":{"allow":["GET"]}}],"collection":[{"href":"https:\/\/www.my-netti.com\/de\/wp-json\/wp\/v2\/pages"}],"about":[{"href":"https:\/\/www.my-netti.com\/de\/wp-json\/wp\/v2\/types\/page"}],"author":[{"embeddable":true,"href":"https:\/\/www.my-netti.com\/de\/wp-json\/wp\/v2\/users\/4"}],"replies":[{"embeddable":true,"href":"https:\/\/www.my-netti.com\/de\/wp-json\/wp\/v2\/comments?post=34359"}],"version-history":[{"count":47,"href":"https:\/\/www.my-netti.com\/de\/wp-json\/wp\/v2\/pages\/34359\/revisions"}],"predecessor-version":[{"id":117771,"href":"https:\/\/www.my-netti.com\/de\/wp-json\/wp\/v2\/pages\/34359\/revisions\/117771"}],"wp:featuredmedia":[{"embeddable":true,"href":"https:\/\/www.my-netti.com\/de\/wp-json\/wp\/v2\/media\/101"}],"wp:attachment":[{"href":"https:\/\/www.my-netti.com\/de\/wp-json\/wp\/v2\/media?parent=34359"}],"curies":[{"name":"wp","href":"https:\/\/api.w.org\/{rel}","templated":true}]}}