{"id":34298,"date":"2020-01-17T08:30:39","date_gmt":"2020-01-17T07:30:39","guid":{"rendered":"https:\/\/www.my-netti.com\/our-demo-charis\/"},"modified":"2021-09-06T10:03:34","modified_gmt":"2021-09-06T08:03:34","slug":"unser-demo-pool","status":"publish","type":"page","link":"https:\/\/www.my-netti.com\/de\/unser-demo-pool\/","title":{"rendered":"Unser Demo Pool"},"content":{"rendered":"","protected":false},"excerpt":{"rendered":"","protected":false},"author":2,"featured_media":0,"parent":0,"menu_order":7,"comment_status":"closed","ping_status":"closed","template":"views\/template-modules.blade.php","meta":{"_seopress_robots_primary_cat":"","_seopress_titles_title":"Netti Comfort Wheelchairs %%sep%% Demochairs %%sep%% %%sitetitle%%","_seopress_titles_desc":"Try your Netti Comfort Wheelchair before ordering. Please contact your responsbile wheelchair dealer near you for further information and advice.","_seopress_robots_index":"","_relevanssi_hide_post":"","_relevanssi_hide_content":"","_relevanssi_pin_for_all":"","_relevanssi_pin_keywords":"","_relevanssi_unpin_keywords":"","_relevanssi_related_keywords":"","_relevanssi_related_include_ids":"","_relevanssi_related_exclude_ids":"","_relevanssi_related_no_append":"","_relevanssi_related_not_related":"","_relevanssi_related_posts":"","_relevanssi_noindex_reason":"","footnotes":""},"class_list":["post-34298","page","type-page","status-publish","hentry"],"app_templates_compare_top_banner_title":"","app_templates_compare_top_banner_body":"","app_templates_compare_top_banner_image":"","app_templates_compare_top_banner_color":"white","app_templates_compare_top_banner_overlay":true,"app_templates_compare_top_banner_hide":false,"app_templates_cookie_policy_top_banner_title":"","app_templates_cookie_policy_top_banner_body":"","app_templates_cookie_policy_top_banner_image":"","app_templates_cookie_policy_top_banner_color":"white","app_templates_cookie_policy_top_banner_overlay":true,"app_templates_cookie_policy_top_banner_hide":false,"app_templates_home_page_home_banner_slides":[],"app_templates_home_page_home_banner_html":"","app_templates_home_page_link_boxes_boxes":[],"app_templates_home_page_link_boxes_cta_box_show_cta":true,"app_templates_home_page_link_boxes_cta_box_title":"","app_templates_home_page_link_boxes_cta_box_body":"","app_templates_home_page_link_boxes_cta_box_icon":"","app_templates_home_page_link_boxes_cta_box_link":{"value":"","url":"","anchor":"","blank":0},"app_templates_home_page_link_boxes_cta_box_html":"","app_templates_home_page_media_text_box_image":"","app_templates_home_page_media_text_box_full_width":false,"app_templates_home_page_media_text_box_pretitle":"","app_templates_home_page_media_text_box_title":"","app_templates_home_page_media_text_box_body":"","app_templates_home_page_media_text_box_link":{"value":"","url":"","anchor":"","blank":0},"app_templates_home_page_media_text_box_hide":false,"app_templates_home_page_article_slider_title":"\u00c4hnliche Artikel","app_templates_home_page_article_slider_show_latest":false,"app_templates_home_page_article_slider_articles":[],"app_templates_home_page_product_slider_title":"\u00c4hnliche Produkte","app_templates_home_page_product_slider_product_kind":"wheelchairs","app_templates_home_page_product_slider_wheelchairs":[],"app_templates_home_page_product_slider_spare_parts":[],"app_templates_home_page_product_slider_all":[],"app_templates_home_page_product_slider_hide_info":false,"app_templates_modules_top_banner_title":" ","app_templates_modules_top_banner_body":"","app_templates_modules_top_banner_image":"1208","app_templates_modules_top_banner_color":"white","app_templates_modules_top_banner_overlay":false,"app_templates_modules_top_banner_hide":false,"app_templates_modules_modules_modules":[{"_type":"content","title":"Komplexe L\u00f6sungen ausprobieren","content":"Um die gr\u00f6\u00dftm\u00f6glichen Erfolg der Rollstuhl-Versorgung zu realisieren, bietet Netti einen umfangreichen und hochwertigen Demo-Pool.\r\n\r\nHiermit k\u00f6nnen Sie die verschiedenen Ideen ausprobieren und die optimale L\u00f6sung f\u00fcr den Nutzer vorab testen. Somit haben Sie Gewissheit, dass Sie Ihre Versorgungsziele erreichen.\r\n\r\nSofern notwendig, unterst\u00fctzt Sie unser Au\u00dfendienst gerne pers\u00f6nlich, um die beste L\u00f6sung f\u00fcr Ihren Nuzter zu finden.","text_align":"text-left","columns":1},{"_type":"media_text","title":"","body":"Der Demo-Pool ist grunds\u00e4tzlich 14-Tage kostenfrei, es werden lediglich die Kosten des R\u00fccktransport zwischen Netti und dem H\u00e4ndler geteilt.\r\n<ul>\r\n \t<li>Demos f\u00fcr komplexe Anforderungen<\/li>\r\n \t<li>Anfrage bitte \u00fcber den Netti Kundenservice<\/li>\r\n \t<li>Nach 15 Test-Tagen wird der Stuhl in eine Interimsversorgung umgewandelt und wird dann mit 39 \u20ac pro Tag berechnet.<\/li>\r\n<\/ul>","image":"15094","image_link":{"value":"","url":"","anchor":"","blank":"0"},"link":{"value":"","url":"mailto:info@My-Netti.com","anchor":"Kontaktieren Sie gerne unseren Kundenservice ","blank":"1"},"circle":false,"direction":"flex-row"}],"app_templates_modules_product_items_product":[],"_links":{"self":[{"href":"https:\/\/www.my-netti.com\/de\/wp-json\/wp\/v2\/pages\/34298","targetHints":{"allow":["GET"]}}],"collection":[{"href":"https:\/\/www.my-netti.com\/de\/wp-json\/wp\/v2\/pages"}],"about":[{"href":"https:\/\/www.my-netti.com\/de\/wp-json\/wp\/v2\/types\/page"}],"author":[{"embeddable":true,"href":"https:\/\/www.my-netti.com\/de\/wp-json\/wp\/v2\/users\/2"}],"replies":[{"embeddable":true,"href":"https:\/\/www.my-netti.com\/de\/wp-json\/wp\/v2\/comments?post=34298"}],"version-history":[{"count":4,"href":"https:\/\/www.my-netti.com\/de\/wp-json\/wp\/v2\/pages\/34298\/revisions"}],"predecessor-version":[{"id":73142,"href":"https:\/\/www.my-netti.com\/de\/wp-json\/wp\/v2\/pages\/34298\/revisions\/73142"}],"wp:attachment":[{"href":"https:\/\/www.my-netti.com\/de\/wp-json\/wp\/v2\/media?parent=34298"}],"curies":[{"name":"wp","href":"https:\/\/api.w.org\/{rel}","templated":true}]}}