{"id":34250,"date":"2020-01-17T08:31:00","date_gmt":"2020-01-17T07:31:00","guid":{"rendered":"https:\/\/www.my-netti.com\/fitting-experts\/"},"modified":"2026-03-18T11:59:39","modified_gmt":"2026-03-18T10:59:39","slug":"kundenservice","status":"publish","type":"page","link":"https:\/\/www.my-netti.com\/de\/kundenservice\/","title":{"rendered":"Kundenservice"},"content":{"rendered":"","protected":false},"excerpt":{"rendered":"","protected":false},"author":2,"featured_media":0,"parent":0,"menu_order":14,"comment_status":"closed","ping_status":"closed","template":"views\/template-modules.blade.php","meta":{"_seopress_robots_primary_cat":"","_seopress_titles_title":"","_seopress_titles_desc":"","_seopress_robots_index":"","_relevanssi_hide_post":"","_relevanssi_hide_content":"","_relevanssi_pin_for_all":"","_relevanssi_pin_keywords":"","_relevanssi_unpin_keywords":"","_relevanssi_related_keywords":"","_relevanssi_related_include_ids":"","_relevanssi_related_exclude_ids":"","_relevanssi_related_no_append":"","_relevanssi_related_not_related":"","_relevanssi_related_posts":"","_relevanssi_noindex_reason":"","footnotes":""},"class_list":["post-34250","page","type-page","status-publish","hentry"],"app_templates_compare_top_banner_title":"","app_templates_compare_top_banner_body":"","app_templates_compare_top_banner_image":"","app_templates_compare_top_banner_color":"white","app_templates_compare_top_banner_overlay":true,"app_templates_compare_top_banner_hide":false,"app_templates_cookie_policy_top_banner_title":"","app_templates_cookie_policy_top_banner_body":"","app_templates_cookie_policy_top_banner_image":"","app_templates_cookie_policy_top_banner_color":"white","app_templates_cookie_policy_top_banner_overlay":true,"app_templates_cookie_policy_top_banner_hide":false,"app_templates_home_page_home_banner_slides":[],"app_templates_home_page_home_banner_html":"","app_templates_home_page_link_boxes_boxes":[],"app_templates_home_page_link_boxes_cta_box_show_cta":true,"app_templates_home_page_link_boxes_cta_box_title":"","app_templates_home_page_link_boxes_cta_box_body":"","app_templates_home_page_link_boxes_cta_box_icon":"","app_templates_home_page_link_boxes_cta_box_link":{"value":"","url":"","anchor":"","blank":0},"app_templates_home_page_link_boxes_cta_box_html":"","app_templates_home_page_media_text_box_image":"","app_templates_home_page_media_text_box_full_width":false,"app_templates_home_page_media_text_box_pretitle":"","app_templates_home_page_media_text_box_title":"","app_templates_home_page_media_text_box_body":"","app_templates_home_page_media_text_box_link":{"value":"","url":"","anchor":"","blank":0},"app_templates_home_page_media_text_box_hide":false,"app_templates_home_page_article_slider_title":"\u00c4hnliche Artikel","app_templates_home_page_article_slider_show_latest":false,"app_templates_home_page_article_slider_articles":[],"app_templates_home_page_product_slider_title":"\u00c4hnliche Produkte","app_templates_home_page_product_slider_product_kind":"wheelchairs","app_templates_home_page_product_slider_wheelchairs":[],"app_templates_home_page_product_slider_spare_parts":[],"app_templates_home_page_product_slider_all":[],"app_templates_home_page_product_slider_hide_info":false,"app_templates_modules_top_banner_title":"  ","app_templates_modules_top_banner_body":"","app_templates_modules_top_banner_image":"2556","app_templates_modules_top_banner_color":"white","app_templates_modules_top_banner_overlay":false,"app_templates_modules_top_banner_hide":false,"app_templates_modules_modules_modules":[{"_type":"content","title":"Wir sind hier, um Ihnen zu helfen!","content":"In unserem erfahrenen Kundenservice finden Sie die Personen, welche hunderte Artikelnummern im Kopf gespeichert haben und wissen welche Produkt- und Zubeh\u00f6rkombinationen zusammenpassen. Hier finden Sie auch erfahrene Versorgungspezialisten, welche die richtigen L\u00f6sungen f\u00fcr die verschiedenen Nutzergruppen zusammenstellen k\u00f6nnen.\r\n\r\nWir haben das aufrichtige Bed\u00fcrfnis Ihnen bestm\u00f6glich zu helfen. Bitte z\u00f6gern Sie daher nicht uns zu kontaktieren \u2013 entweder per Telefon oder per E-Mail.\r\n\r\nBei Reklamation, M\u00e4ngel oder Herausforderungen mit Produkten wenden Sie sich gerne an uns. Gerne verwenden Sie hierf\u00fcr unser\u00a0<a href=\"https:\/\/www.my-netti.com\/app\/uploads\/2023\/03\/Reklamation-Registrierungsformular-2023.pdf\">Registrierungsformular f\u00fcr Reklamationen<\/a>.","text_align":"text-center","columns":1},{"_type":"content","title":"","content":"Beratungszeiten Montag bis Donnerstag von 8:00 \u2013 16:00 Uhr.\r\nBeratungszeiten Freitag von 8:00 \u2013 15:00 Uhr.\r\n(Mittagspause von 12:00 \u2013 12:30 Uhr)","text_align":"text-center","columns":1},{"_type":"content","title":"","content":"<h5>Aus Deutschland<\/h5>\r\nT: 0800 888 4560\r\nE: <a href=\"mailto:netti@meyragroup.com\">netti@meyragroup.com<\/a>\r\n\r\n&nbsp;\r\n<h5>Aus \u00d6sterreich \/ Der Schweiz<\/h5>\r\nT: +45 87 88 73 00\r\nE: <a href=\"mailto:netti@meyragroup.com\">netti@meyragroup.com<\/a>","text_align":"text-center","columns":2},{"_type":"content","title":"","content":"<img class=\"alignnone size-full wp-image-2618\" src=\"\/app\/uploads\/2020\/02\/Christina-Dylmer-1.png\" alt=\"\" width=\"300\" height=\"300\" \/>\r\n<h6>Christina Dylmer<\/h6>\r\n<a href=\"mailto:Cdylmer@meyragroup.com\">Cdylmer@meyragroup.com<\/a>\r\n\r\n&nbsp;\r\n\r\n&nbsp;\r\n\r\n<img class=\"alignnone size-full wp-image-2648\" src=\"\/app\/uploads\/2020\/02\/Nina-Ifversen-2.png\" alt=\"\" width=\"300\" height=\"300\" \/>\r\n<h6>Nina Ifversen<\/h6>\r\n<a href=\"mailto:Nifversen@meyragroup.com\">Nifversen@meyragroup.com<\/a>\r\n\r\n<img class=\"alignnone size-full wp-image-86894\" src=\"\/app\/uploads\/2022\/08\/Hanne-Rytter.png\" alt=\"\" width=\"300\" height=\"300\" \/>\r\n<h6>Hanne Rytter<\/h6>\r\n<a href=\"mailto:Hrytter@meyragroup.com\">Hrytter@meyragroup.com<\/a>\r\n\r\n&nbsp;\r\n\r\n&nbsp;\r\n\r\n<img class=\"alignnone size-full wp-image-115541\" src=\"\/app\/uploads\/2025\/10\/Jacob-Sondergaard.png\" alt=\"\" width=\"300\" height=\"300\" \/>\r\n\r\n<strong>Jacob S\u00f8ndergaard<\/strong>\r\n\r\n<a href=\"mailto:jsondergaard@meyragroup.com\">jsondergaard@meyragroup.com<\/a>","text_align":"text-center","columns":2},{"_type":"content","title":"","content":"<img class=\"alignnone size-full wp-image-2638\" src=\"\/app\/uploads\/2020\/02\/Mette-Bossow-2.png\" alt=\"\" width=\"300\" height=\"300\" \/>\r\n<h6>Mette Bossow<\/h6>\r\n<a href=\"mailto:Mbossow@meyragroup.com\">Mbossow@meyragroup.com<\/a>\r\n\r\n&nbsp;\r\n\r\n<img class=\"alignnone size-full wp-image-2613\" src=\"\/app\/uploads\/2020\/02\/Anette-Hagelskj\u00e6r.png\" alt=\"\" width=\"300\" height=\"300\" \/>\r\n<h6>Anette Hagelskj\u00e6r<\/h6>\r\n<a href=\"mailto:Ahagelskjar@meyragroup.com\">Ahagelskjar@meyragroup.com<\/a>","text_align":"text-center","columns":2},{"_type":"quote","quote":"In dialogue we create simple solutions \r\n\r\nand enable joy of life","source":"Netti by Alu Rehab"}],"app_templates_modules_product_items_product":[],"_links":{"self":[{"href":"https:\/\/www.my-netti.com\/de\/wp-json\/wp\/v2\/pages\/34250","targetHints":{"allow":["GET"]}}],"collection":[{"href":"https:\/\/www.my-netti.com\/de\/wp-json\/wp\/v2\/pages"}],"about":[{"href":"https:\/\/www.my-netti.com\/de\/wp-json\/wp\/v2\/types\/page"}],"author":[{"embeddable":true,"href":"https:\/\/www.my-netti.com\/de\/wp-json\/wp\/v2\/users\/2"}],"replies":[{"embeddable":true,"href":"https:\/\/www.my-netti.com\/de\/wp-json\/wp\/v2\/comments?post=34250"}],"version-history":[{"count":26,"href":"https:\/\/www.my-netti.com\/de\/wp-json\/wp\/v2\/pages\/34250\/revisions"}],"predecessor-version":[{"id":116778,"href":"https:\/\/www.my-netti.com\/de\/wp-json\/wp\/v2\/pages\/34250\/revisions\/116778"}],"wp:attachment":[{"href":"https:\/\/www.my-netti.com\/de\/wp-json\/wp\/v2\/media?parent=34250"}],"curies":[{"name":"wp","href":"https:\/\/api.w.org\/{rel}","templated":true}]}}