{"id":34243,"date":"2020-01-17T08:32:51","date_gmt":"2020-01-17T07:32:51","guid":{"rendered":"https:\/\/www.my-netti.com\/the-netti-group\/"},"modified":"2020-05-19T11:01:55","modified_gmt":"2020-05-19T09:01:55","slug":"die-netti-gruppe","status":"publish","type":"page","link":"https:\/\/www.my-netti.com\/de\/die-netti-gruppe\/","title":{"rendered":"Die Netti Gruppe"},"content":{"rendered":"","protected":false},"excerpt":{"rendered":"","protected":false},"author":2,"featured_media":0,"parent":0,"menu_order":12,"comment_status":"closed","ping_status":"closed","template":"views\/template-modules.blade.php","meta":{"_seopress_robots_primary_cat":"","_seopress_titles_title":"","_seopress_titles_desc":"","_seopress_robots_index":"","_relevanssi_hide_post":"","_relevanssi_hide_content":"","_relevanssi_pin_for_all":"","_relevanssi_pin_keywords":"","_relevanssi_unpin_keywords":"","_relevanssi_related_keywords":"","_relevanssi_related_include_ids":"","_relevanssi_related_exclude_ids":"","_relevanssi_related_no_append":"","_relevanssi_related_not_related":"","_relevanssi_related_posts":"","_relevanssi_noindex_reason":"","footnotes":""},"class_list":["post-34243","page","type-page","status-publish","hentry"],"app_templates_compare_top_banner_title":"","app_templates_compare_top_banner_body":"","app_templates_compare_top_banner_image":"","app_templates_compare_top_banner_color":"white","app_templates_compare_top_banner_overlay":true,"app_templates_compare_top_banner_hide":false,"app_templates_cookie_policy_top_banner_title":"","app_templates_cookie_policy_top_banner_body":"","app_templates_cookie_policy_top_banner_image":"","app_templates_cookie_policy_top_banner_color":"white","app_templates_cookie_policy_top_banner_overlay":true,"app_templates_cookie_policy_top_banner_hide":false,"app_templates_home_page_home_banner_slides":[],"app_templates_home_page_home_banner_html":"","app_templates_home_page_link_boxes_boxes":[],"app_templates_home_page_link_boxes_cta_box_show_cta":true,"app_templates_home_page_link_boxes_cta_box_title":"","app_templates_home_page_link_boxes_cta_box_body":"","app_templates_home_page_link_boxes_cta_box_icon":"","app_templates_home_page_link_boxes_cta_box_link":{"value":"","url":"","anchor":"","blank":0},"app_templates_home_page_link_boxes_cta_box_html":"","app_templates_home_page_media_text_box_image":"","app_templates_home_page_media_text_box_full_width":false,"app_templates_home_page_media_text_box_pretitle":"","app_templates_home_page_media_text_box_title":"","app_templates_home_page_media_text_box_body":"","app_templates_home_page_media_text_box_link":{"value":"","url":"","anchor":"","blank":0},"app_templates_home_page_media_text_box_hide":false,"app_templates_home_page_article_slider_title":"\u00c4hnliche Artikel","app_templates_home_page_article_slider_show_latest":false,"app_templates_home_page_article_slider_articles":[],"app_templates_home_page_product_slider_title":"\u00c4hnliche Produkte","app_templates_home_page_product_slider_product_kind":"wheelchairs","app_templates_home_page_product_slider_wheelchairs":[],"app_templates_home_page_product_slider_spare_parts":[],"app_templates_home_page_product_slider_all":[],"app_templates_home_page_product_slider_hide_info":false,"app_templates_modules_top_banner_title":" ","app_templates_modules_top_banner_body":"","app_templates_modules_top_banner_image":"4968","app_templates_modules_top_banner_color":"white","app_templates_modules_top_banner_overlay":false,"app_templates_modules_top_banner_hide":false,"app_templates_modules_modules_modules":[{"_type":"content","title":"Die Netti Gruppe","content":"Die Muttergesellschaft, Alu Rehab AS, befindet sich in Norwegen. Die Tochterunternehmen befinden sich in D\u00e4nemark und China.\u00a0Alu Rehab arbeitet mit eigenen Vertriebsteams in Deutschland, Frankreich, Schweden, \u00d6sterreich, Schweiz und D\u00e4nemark.\u00a0Zudem arbeiten wir mit Vertriebspartnern in \u00fcber 30 L\u00e4ndern zusammen.","text_align":"text-center","columns":1},{"_type":"media_text","title":"Muttergesellschaft in Norwegen","body":"In Norwegen ist die Produktentwicklung beheimatet und hier werden auch alle individuellen Sonderbauten gefertigt.\u00a0In enger Kooperation mit unseren firmeneigenen Therapeuten und Experten entwickelt unsere Forschung und Entwicklungsabteilung stets neue technische L\u00f6sungen, um Lebensfreude der Nutzer zu erhalten oder zu erh\u00f6hen.","image":"1813","image_link":{"value":"","url":"","anchor":"","blank":"0"},"link":{"value":"","url":"\/de\/contact-netti-in-norway\/","anchor":"Kontaktieren Sie uns","blank":"0"},"circle":true,"direction":"flex-row-reverse"},{"_type":"media_text","title":"Logistik-Center in D\u00e4nemark","body":"Von D\u00e4nemark werden alle Produkte f\u00fcr den europ\u00e4ischen Markt und S\u00fcd-Amerika versandt.\u00a0 Der Kundenservice f\u00fcr die meisten europ\u00e4ischen L\u00e4nder befindet sich ebenfalls dort.","image":"1826","image_link":{"value":"","url":"","anchor":"","blank":"0"},"link":{"value":"","url":"\/de\/verkaufsteam\/","anchor":"Kontaktieren Sie uns","blank":"0"},"circle":true,"direction":"flex-row-reverse"},{"_type":"media_text","title":"Produktion in China","body":"Vor fast 20 Jahren haben wir bereits unsere eigene Produktion in China aufgebaut. Von hier werden w\u00f6chentlich eine Vielzahl von Produkten zu unserem Logistikzentrum nach D\u00e4nemark geschickt.\u00a0In China setzen wir auch auf Kontinuit\u00e4t, was uns auch gelingt, da mittlerweile viele Mitarbeiter \u00fcber 15 Jahren im Unternehmen arbeiten. Nur durch die eigene Produktion k\u00f6nnen wir unserem hohen Qualit\u00e4tsanspruch gerecht werden, dies betrifft auch eines unserer wichtigsten Versprechen \u2013 Lieferf\u00e4higkeit.","image":"1820","image_link":{"value":"","url":"","anchor":"","blank":"0"},"link":{"value":"","url":"\/de\/contact-netti-in-china\/","anchor":"Kontaktieren Sie uns","blank":"0"},"circle":true,"direction":"flex-row-reverse"},{"_type":"video","video":"https:\/\/youtu.be\/5YnrROZZOIg"},{"_type":"image","image":"1257"}],"app_templates_modules_product_items_product":[],"_links":{"self":[{"href":"https:\/\/www.my-netti.com\/de\/wp-json\/wp\/v2\/pages\/34243","targetHints":{"allow":["GET"]}}],"collection":[{"href":"https:\/\/www.my-netti.com\/de\/wp-json\/wp\/v2\/pages"}],"about":[{"href":"https:\/\/www.my-netti.com\/de\/wp-json\/wp\/v2\/types\/page"}],"author":[{"embeddable":true,"href":"https:\/\/www.my-netti.com\/de\/wp-json\/wp\/v2\/users\/2"}],"replies":[{"embeddable":true,"href":"https:\/\/www.my-netti.com\/de\/wp-json\/wp\/v2\/comments?post=34243"}],"version-history":[{"count":7,"href":"https:\/\/www.my-netti.com\/de\/wp-json\/wp\/v2\/pages\/34243\/revisions"}],"predecessor-version":[{"id":41947,"href":"https:\/\/www.my-netti.com\/de\/wp-json\/wp\/v2\/pages\/34243\/revisions\/41947"}],"wp:attachment":[{"href":"https:\/\/www.my-netti.com\/de\/wp-json\/wp\/v2\/media?parent=34243"}],"curies":[{"name":"wp","href":"https:\/\/api.w.org\/{rel}","templated":true}]}}