{"id":34215,"date":"2020-01-17T08:32:35","date_gmt":"2020-01-17T07:32:35","guid":{"rendered":"https:\/\/www.my-netti.com\/30-years-of-joy\/"},"modified":"2024-03-12T19:04:06","modified_gmt":"2024-03-12T18:04:06","slug":"mehr-als-30-jahre-freude","status":"publish","type":"page","link":"https:\/\/www.my-netti.com\/de\/mehr-als-30-jahre-freude\/","title":{"rendered":"Mehr als 30 Jahre Freude"},"content":{"rendered":"","protected":false},"excerpt":{"rendered":"","protected":false},"author":2,"featured_media":0,"parent":0,"menu_order":11,"comment_status":"closed","ping_status":"closed","template":"views\/template-modules.blade.php","meta":{"_seopress_robots_primary_cat":"","_seopress_titles_title":"","_seopress_titles_desc":"","_seopress_robots_index":"","_relevanssi_hide_post":"","_relevanssi_hide_content":"","_relevanssi_pin_for_all":"","_relevanssi_pin_keywords":"","_relevanssi_unpin_keywords":"","_relevanssi_related_keywords":"","_relevanssi_related_include_ids":"","_relevanssi_related_exclude_ids":"","_relevanssi_related_no_append":"","_relevanssi_related_not_related":"","_relevanssi_related_posts":"","_relevanssi_noindex_reason":"","footnotes":""},"class_list":["post-34215","page","type-page","status-publish","hentry"],"app_templates_compare_top_banner_title":"","app_templates_compare_top_banner_body":"","app_templates_compare_top_banner_image":"","app_templates_compare_top_banner_color":"white","app_templates_compare_top_banner_overlay":true,"app_templates_compare_top_banner_hide":false,"app_templates_cookie_policy_top_banner_title":"","app_templates_cookie_policy_top_banner_body":"","app_templates_cookie_policy_top_banner_image":"","app_templates_cookie_policy_top_banner_color":"white","app_templates_cookie_policy_top_banner_overlay":true,"app_templates_cookie_policy_top_banner_hide":false,"app_templates_home_page_home_banner_slides":[],"app_templates_home_page_home_banner_html":"","app_templates_home_page_link_boxes_boxes":[],"app_templates_home_page_link_boxes_cta_box_show_cta":true,"app_templates_home_page_link_boxes_cta_box_title":"","app_templates_home_page_link_boxes_cta_box_body":"","app_templates_home_page_link_boxes_cta_box_icon":"","app_templates_home_page_link_boxes_cta_box_link":{"value":"","url":"","anchor":"","blank":0},"app_templates_home_page_link_boxes_cta_box_html":"","app_templates_home_page_media_text_box_image":"","app_templates_home_page_media_text_box_full_width":false,"app_templates_home_page_media_text_box_pretitle":"","app_templates_home_page_media_text_box_title":"","app_templates_home_page_media_text_box_body":"","app_templates_home_page_media_text_box_link":{"value":"","url":"","anchor":"","blank":0},"app_templates_home_page_media_text_box_hide":false,"app_templates_home_page_article_slider_title":"\u00c4hnliche Artikel","app_templates_home_page_article_slider_show_latest":false,"app_templates_home_page_article_slider_articles":[],"app_templates_home_page_product_slider_title":"\u00c4hnliche Produkte","app_templates_home_page_product_slider_product_kind":"wheelchairs","app_templates_home_page_product_slider_wheelchairs":[],"app_templates_home_page_product_slider_spare_parts":[],"app_templates_home_page_product_slider_all":[],"app_templates_home_page_product_slider_hide_info":false,"app_templates_modules_top_banner_title":" ","app_templates_modules_top_banner_body":"","app_templates_modules_top_banner_image":"1874","app_templates_modules_top_banner_color":"white","app_templates_modules_top_banner_overlay":false,"app_templates_modules_top_banner_hide":false,"app_templates_modules_modules_modules":[{"_type":"content","title":"Es war einmal in Norwegen...","content":"Die Geschichte der Nettis beginnt in den sp\u00e4ten 1980er Jahren, wo norwegische Freunde zum Ergebnis kamen: \u201eDas kann man verbessern.\u201c Hintergrund dieses Satzes war, dass ein Freund an einen Rollstuhl gebunden war und man sah, wie er und seine Familie t\u00e4glich mit den Herausforderungen zu k\u00e4mpfen hatten. Sie begannen eine komplett neue Rollstuhlvariante mit ausgekl\u00fcgelten Einstellungsm\u00f6glichkeiten zu entwickeln. Das Ergebnis dieser Innovation mit all den entlastenden technischen Raffinessen war, dass ihrem Freund wieder mehr Lebensfreude geschenkt wurde. Hiermit wurde die Grundlage f\u00fcr Alu Rehab geschaffen, um auch anderen Rollstuhlnutzern den gleichen Komfort zu bieten. Netti by Alu Rehab wurde 1989 gegr\u00fcndet.","text_align":"text-center","columns":1},{"_type":"image","image":"1257"},{"_type":"content","title":"","content":"Seit diesem Zeitpunkt wurde stets der Fokus darauf gelegt, die Lebensfreude von Rollstuhlnutzern zu steigern.\u00a0Alle Produkte wurde designed, um die Mobilit\u00e4t zu verbessern und die maximale Kontrolle \u00fcber einen selbstbestimmten Lebensalltag zu erhalten.\u00a0Eine richtig und gute angepasste Rollstuhlversorgung erm\u00f6glicht beispielsweise Essen, Trinken, Atmen und eine bessere Kommunikation. Zudem wird die Unabh\u00e4ngigkeit des Nutzers gesteigert. Umso l\u00e4nger man im Rollstuhl sitzen kann, umso mehr Zeit kann der Nutzer mit Familie und Freunde verbringen. Dies schafft Entlastung und macht das Leben gro\u00dfartig.\r\n\r\nNetti offeriert h\u00f6chste Qualit\u00e4t f\u00fcr langes Sitzen im Rollstuhl und ist einer der wenigen Anbieter im Bereich des Dynamischen Sitzens auf wissenschaftlicher Basis und im dem Bereich der Rollst\u00fchle f\u00fcr Nutzer mit komplexen Bewegungsmustern und Anforderungen.","text_align":"text-center","columns":1},{"_type":"features","features":[{"_type":"_","icon":"1981","title":"1989","body":"Der erste Netti war 'geboren'"},{"_type":"_","icon":"2056","title":"Norwegen","body":"Unser Zuhause"},{"_type":"_","icon":"2125","title":"30+","body":"L\u00e4nder"}]},{"_type":"content","title":"Gro\u00dfe Vielfalt an L\u00f6sungen","content":"Netti bietet eine Vielzahl an L\u00f6sungen, um den individuellen Anforderungen des Nutzers gerecht zu werden.\u00a0Die Netti Methode (The Netti Method) ist eine von uns entwickelte Struktur, um die richtige Sitzen- &amp; Positionierungsl\u00f6sung zu schaffen. Der Rollstuhl wird dadurch an den Nutzer angepasst und nicht umgekehrt.","text_align":"text-center","columns":1},{"_type":"image","image":"39024"},{"_type":"quote","quote":"In dialogue we create simple solutions \r\n\r\nand enable joy of life","source":"Netti by Alu Rehab"}],"app_templates_modules_product_items_product":[],"_links":{"self":[{"href":"https:\/\/www.my-netti.com\/de\/wp-json\/wp\/v2\/pages\/34215","targetHints":{"allow":["GET"]}}],"collection":[{"href":"https:\/\/www.my-netti.com\/de\/wp-json\/wp\/v2\/pages"}],"about":[{"href":"https:\/\/www.my-netti.com\/de\/wp-json\/wp\/v2\/types\/page"}],"author":[{"embeddable":true,"href":"https:\/\/www.my-netti.com\/de\/wp-json\/wp\/v2\/users\/2"}],"replies":[{"embeddable":true,"href":"https:\/\/www.my-netti.com\/de\/wp-json\/wp\/v2\/comments?post=34215"}],"version-history":[{"count":7,"href":"https:\/\/www.my-netti.com\/de\/wp-json\/wp\/v2\/pages\/34215\/revisions"}],"predecessor-version":[{"id":106010,"href":"https:\/\/www.my-netti.com\/de\/wp-json\/wp\/v2\/pages\/34215\/revisions\/106010"}],"wp:attachment":[{"href":"https:\/\/www.my-netti.com\/de\/wp-json\/wp\/v2\/media?parent=34215"}],"curies":[{"name":"wp","href":"https:\/\/api.w.org\/{rel}","templated":true}]}}