{"id":34078,"date":"2020-01-17T08:32:19","date_gmt":"2020-01-17T07:32:19","guid":{"rendered":"https:\/\/www.my-netti.com\/our-vision\/"},"modified":"2020-04-16T07:42:21","modified_gmt":"2020-04-16T05:42:21","slug":"unsere-vision","status":"publish","type":"page","link":"https:\/\/www.my-netti.com\/de\/unsere-vision\/","title":{"rendered":"Unsere Vision"},"content":{"rendered":"","protected":false},"excerpt":{"rendered":"","protected":false},"author":2,"featured_media":0,"parent":0,"menu_order":10,"comment_status":"closed","ping_status":"closed","template":"views\/template-modules.blade.php","meta":{"_seopress_robots_primary_cat":"","_seopress_titles_title":"","_seopress_titles_desc":"","_seopress_robots_index":"","_relevanssi_hide_post":"","_relevanssi_hide_content":"","_relevanssi_pin_for_all":"","_relevanssi_pin_keywords":"","_relevanssi_unpin_keywords":"","_relevanssi_related_keywords":"","_relevanssi_related_include_ids":"","_relevanssi_related_exclude_ids":"","_relevanssi_related_no_append":"","_relevanssi_related_not_related":"","_relevanssi_related_posts":"","_relevanssi_noindex_reason":"","footnotes":""},"class_list":["post-34078","page","type-page","status-publish","hentry"],"app_templates_compare_top_banner_title":"","app_templates_compare_top_banner_body":"","app_templates_compare_top_banner_image":"","app_templates_compare_top_banner_color":"white","app_templates_compare_top_banner_overlay":true,"app_templates_compare_top_banner_hide":false,"app_templates_cookie_policy_top_banner_title":"","app_templates_cookie_policy_top_banner_body":"","app_templates_cookie_policy_top_banner_image":"","app_templates_cookie_policy_top_banner_color":"white","app_templates_cookie_policy_top_banner_overlay":true,"app_templates_cookie_policy_top_banner_hide":false,"app_templates_home_page_home_banner_slides":[],"app_templates_home_page_home_banner_html":"","app_templates_home_page_link_boxes_boxes":[],"app_templates_home_page_link_boxes_cta_box_show_cta":true,"app_templates_home_page_link_boxes_cta_box_title":"","app_templates_home_page_link_boxes_cta_box_body":"","app_templates_home_page_link_boxes_cta_box_icon":"","app_templates_home_page_link_boxes_cta_box_link":{"value":"","url":"","anchor":"","blank":0},"app_templates_home_page_link_boxes_cta_box_html":"","app_templates_home_page_media_text_box_image":"","app_templates_home_page_media_text_box_full_width":false,"app_templates_home_page_media_text_box_pretitle":"","app_templates_home_page_media_text_box_title":"","app_templates_home_page_media_text_box_body":"","app_templates_home_page_media_text_box_link":{"value":"","url":"","anchor":"","blank":0},"app_templates_home_page_media_text_box_hide":false,"app_templates_home_page_article_slider_title":"\u00c4hnliche Artikel","app_templates_home_page_article_slider_show_latest":false,"app_templates_home_page_article_slider_articles":[],"app_templates_home_page_product_slider_title":"\u00c4hnliche Produkte","app_templates_home_page_product_slider_product_kind":"wheelchairs","app_templates_home_page_product_slider_wheelchairs":[],"app_templates_home_page_product_slider_spare_parts":[],"app_templates_home_page_product_slider_all":[],"app_templates_home_page_product_slider_hide_info":false,"app_templates_modules_top_banner_title":" ","app_templates_modules_top_banner_body":"","app_templates_modules_top_banner_image":"1968","app_templates_modules_top_banner_color":"white","app_templates_modules_top_banner_overlay":false,"app_templates_modules_top_banner_hide":false,"app_templates_modules_modules_modules":[{"_type":"content","title":"Unsere Vision","content":"Ende der 80er Jahre wurde Netti an der atemberaubenden Westk\u00fcste Norwegens gegr\u00fcndet. Von Anfang an stand der Dialog mit den Kunden im Fokus, um einfache L\u00f6sungen zu schaffen, welche Lebensfreude erm\u00f6glichen. Als Spezialist f\u00fcr Sitzen \u2013 und Positionierung bietet Netti anwendungsgerechte L\u00f6sungen f\u00fcr langes Sitzen im Rollstuhl an. Netti ist einer der wenigen Anbieter im Bereich des Dynamischen Sitzens. Dies erm\u00f6glicht auch Rollstuhl-Versorgungen f\u00fcr Nutzer mit komplexen Bewegungsmustern. Unser Fokus liegt darauf \u00a0\u201eLebensfreude zu erm\u00f6glichen\u201c und alle Produkte sind so konzipiert, dass sie die Mobilit\u00e4t des Benutzers erhalten oder verbessern, sowie die Teilnahme an den Aktivit\u00e4ten des t\u00e4glichen Lebens erleichtern.","text_align":"text-center","columns":1},{"_type":"features","features":[{"_type":"_","icon":"1730","title":" Erhaltung der gesellschaftlichen Teilhabe","body":""},{"_type":"_","icon":"1719","title":"Verbesserung der Vitalfunktionen","body":""},{"_type":"_","icon":"1753","title":"Reduzierung von Schmerzen ","body":""}]},{"_type":"content","title":"Die DNA von Netti","content":"F\u00fcr den Rollstuhl-Nutzer er\u00f6ffnen kleine technische Details bereits eine komplett andere Welt. Unsere Therapeuten und Produktzpezialisten konzentrieren sich auf die Biomechanik, um eine L\u00f6sung zu finden, damit sich der Benutzer wohl f\u00fchlt. Die L\u00f6sung sollte es ihm auch erm\u00f6glichen, aktiv zu sein, Kontakte zu kn\u00fcpfen - und Lebensfreude erm\u00f6glichen.\r\n\r\nNetti Produkte erm\u00f6glichen den Nutzern mehr Komfort und zudem auch eine gesellschaftliche Teilhabe. Positive Produkt Auswirkungen sind z.B. eine Reduzierung des Muskeltonus, eine stabile Sitzposition, verbesserte Kommunikation, um ein selbstbestimmtes Leben zu f\u00fchren und die t\u00e4glichen Aktivit\u00e4ten zu meistern. Netti Produkte stehen einfach f\u00fcr Nutzerkomfort, Stabilit\u00e4t, Entlastung und Variation.","text_align":"text-center","columns":1},{"_type":"image","image":"959"},{"_type":"media_text","title":"Joy of life","body":"Der sehnliche Wunsch jedem Rollstuhlnutzer maximale Lebensfreude zu schenken, ist tief in der Netti-DNA verwurzelt. Das treibt uns an und dies vermittelt jede\/r Mitarbeiter\/in. Es beginnt oft mit dem Wunsch, die ganz besonderen Herausforderungen zu l\u00f6sen. Wir versuchen stets den Abstand zwischen \u201em\u00f6glich und unm\u00f6glich\u201c zu minimieren.","image":"1769","image_link":{"value":"","url":"","anchor":"","blank":"0"},"link":{"value":"","url":"","anchor":"","blank":"0"},"circle":false,"direction":"flex-row"},{"_type":"media_text","title":"Produkte","body":"Die Produktentwicklung basiert auf der Expertise von unseren eigenen Therapeuten und Spezialisten, damit die L\u00f6sungen zu den Anforderungen passen, aber das auch eine Erstattung\/Kosten\u00fcbernahme im Sinne des Nutzers erfolgt. Diese Balance zu schaffen ist stets im Vordergrund.","image":"1781","image_link":{"value":"","url":"","anchor":"","blank":"0"},"link":{"value":"","url":"","anchor":"","blank":"0"},"circle":false,"direction":"flex-row"},{"_type":"media_text","title":"Wissen und Kompetenz","body":"Unsere Mitarbeiter\/innen haben Expertenwissen, auch durch jahrelange Praxiserfahrung und die entsprechenden Ausbildungen. Darauf basierend haben wir auch die Netti Method\/Netti Methode entwickelt, welche die Grundlage f\u00fcr die beste Sitzen &amp; Positionierungsl\u00f6sung f\u00fcr den Rollstuhlnutzer darstellt. Wir arbeiten strukturiert, um stets ein gleich hohes Versorgungslevel zu erhalten.","image":"1776","image_link":{"value":"","url":"","anchor":"","blank":"0"},"link":{"value":"","url":"","anchor":"","blank":"0"},"circle":false,"direction":"flex-row"},{"_type":"media_text","title":"Qualit\u00e4t","body":"Die Produktentwicklung und die Produktion liegt in unserer eigenen Hand. Dies sichert uns den h\u00f6chsten Qualit\u00e4tsstandard. H\u00f6chste Qualit\u00e4tstandards setzen wir nicht nur in unsere Produkte, sondern auch in jeden Service den wir anbieten. M\u00f6glich ist dies, da wir eine hohe Mitarbeiterzufriedenheit und somit eine hohe Kontinuit\u00e4t in der Belegschaft nachweisen k\u00f6nnen. Hiermit steigern wir unseren Erfahrungsschatz und erm\u00f6glichen damit h\u00f6chste Standards.","image":"1786","image_link":{"value":"","url":"","anchor":"","blank":"0"},"link":{"value":"","url":"","anchor":"","blank":"0"},"circle":false,"direction":"flex-row"},{"_type":"media_text","title":"Nachhaltigkeit","body":"Lebensfreude zu schaffen bedeutet auch die Nachhaltigkeit in Blick zu haben. Die Lebensdauer eines Produkts steht stets im Fokus unserer Arbeit. Zudem sollen die Produkte ggf. auch f\u00fcr mehrere Nutzer das gleiche Gef\u00fchl der Lebensfreude \u00fcber einen l\u00e4ngeren Zeitraum realisiert haben.","image":"1791","image_link":{"value":"","url":"","anchor":"","blank":"0"},"link":{"value":"","url":"","anchor":"","blank":"0"},"circle":false,"direction":"flex-row"},{"_type":"media_text_box","image":"1328","full_width":false,"pretitle":"","title":"We salute individuality","body":"F\u00fcr Netti gibt es keinen \u201eStandard\u201c, denn Menschen sind unterschiedlich. Wir sind stolz darauf, dass wir eine Vielzahl an Variationsl\u00f6sungen im Bereich von Sitzen und Positionierung anbieten. Wir haben ein variantenreiches Rollstuhl-Sortiment und zudem das gr\u00f6\u00dfte Zubeh\u00f6rprogramm im Markt. Unser Motto lautet: \u201eWir passen den Rollstuhl an den Nutzer an und nicht umgekehrt.\u201c\r\nDadurch schaffen wir immer bedarfsgerechte L\u00f6sungen. \r\n","link":{"value":"","url":"","anchor":"","blank":"0"},"hide":false},{"_type":"image","image":"1257"}],"app_templates_modules_product_items_product":[],"_links":{"self":[{"href":"https:\/\/www.my-netti.com\/de\/wp-json\/wp\/v2\/pages\/34078","targetHints":{"allow":["GET"]}}],"collection":[{"href":"https:\/\/www.my-netti.com\/de\/wp-json\/wp\/v2\/pages"}],"about":[{"href":"https:\/\/www.my-netti.com\/de\/wp-json\/wp\/v2\/types\/page"}],"author":[{"embeddable":true,"href":"https:\/\/www.my-netti.com\/de\/wp-json\/wp\/v2\/users\/2"}],"replies":[{"embeddable":true,"href":"https:\/\/www.my-netti.com\/de\/wp-json\/wp\/v2\/comments?post=34078"}],"version-history":[{"count":4,"href":"https:\/\/www.my-netti.com\/de\/wp-json\/wp\/v2\/pages\/34078\/revisions"}],"predecessor-version":[{"id":34214,"href":"https:\/\/www.my-netti.com\/de\/wp-json\/wp\/v2\/pages\/34078\/revisions\/34214"}],"wp:attachment":[{"href":"https:\/\/www.my-netti.com\/de\/wp-json\/wp\/v2\/media?parent=34078"}],"curies":[{"name":"wp","href":"https:\/\/api.w.org\/{rel}","templated":true}]}}