{"id":30685,"date":"2020-01-06T12:45:51","date_gmt":"2020-01-06T11:45:51","guid":{"rendered":"https:\/\/www.my-netti.com\/terms-conditions\/"},"modified":"2020-04-17T08:06:56","modified_gmt":"2020-04-17T06:06:56","slug":"agb","status":"publish","type":"page","link":"https:\/\/www.my-netti.com\/de\/agb\/","title":{"rendered":"AGB"},"content":{"rendered":"","protected":false},"excerpt":{"rendered":"","protected":false},"author":2,"featured_media":0,"parent":0,"menu_order":19,"comment_status":"closed","ping_status":"closed","template":"views\/template-modules.blade.php","meta":{"_seopress_robots_primary_cat":"","_seopress_titles_title":"","_seopress_titles_desc":"Please follow the link to read Netti by Alu Rehabs Terms and Conditions.","_seopress_robots_index":"","_relevanssi_hide_post":"","_relevanssi_hide_content":"","_relevanssi_pin_for_all":"","_relevanssi_pin_keywords":"","_relevanssi_unpin_keywords":"","_relevanssi_related_keywords":"","_relevanssi_related_include_ids":"","_relevanssi_related_exclude_ids":"","_relevanssi_related_no_append":"","_relevanssi_related_not_related":"","_relevanssi_related_posts":"","_relevanssi_noindex_reason":"","footnotes":""},"class_list":["post-30685","page","type-page","status-publish","hentry"],"app_templates_compare_top_banner_title":"","app_templates_compare_top_banner_body":"","app_templates_compare_top_banner_image":"","app_templates_compare_top_banner_color":"white","app_templates_compare_top_banner_overlay":true,"app_templates_compare_top_banner_hide":false,"app_templates_cookie_policy_top_banner_title":"","app_templates_cookie_policy_top_banner_body":"","app_templates_cookie_policy_top_banner_image":"","app_templates_cookie_policy_top_banner_color":"white","app_templates_cookie_policy_top_banner_overlay":true,"app_templates_cookie_policy_top_banner_hide":false,"app_templates_home_page_home_banner_slides":[],"app_templates_home_page_home_banner_html":"","app_templates_home_page_link_boxes_boxes":[],"app_templates_home_page_link_boxes_cta_box_show_cta":true,"app_templates_home_page_link_boxes_cta_box_title":"","app_templates_home_page_link_boxes_cta_box_body":"","app_templates_home_page_link_boxes_cta_box_icon":"","app_templates_home_page_link_boxes_cta_box_link":{"value":"","url":"","anchor":"","blank":0},"app_templates_home_page_link_boxes_cta_box_html":"","app_templates_home_page_media_text_box_image":"","app_templates_home_page_media_text_box_full_width":false,"app_templates_home_page_media_text_box_pretitle":"","app_templates_home_page_media_text_box_title":"","app_templates_home_page_media_text_box_body":"","app_templates_home_page_media_text_box_link":{"value":"","url":"","anchor":"","blank":0},"app_templates_home_page_media_text_box_hide":false,"app_templates_home_page_article_slider_title":"\u00c4hnliche Artikel","app_templates_home_page_article_slider_show_latest":false,"app_templates_home_page_article_slider_articles":[],"app_templates_home_page_product_slider_title":"\u00c4hnliche Produkte","app_templates_home_page_product_slider_product_kind":"wheelchairs","app_templates_home_page_product_slider_wheelchairs":[],"app_templates_home_page_product_slider_spare_parts":[],"app_templates_home_page_product_slider_all":[],"app_templates_home_page_product_slider_hide_info":false,"app_templates_modules_top_banner_title":" ","app_templates_modules_top_banner_body":"","app_templates_modules_top_banner_image":"1801","app_templates_modules_top_banner_color":"white","app_templates_modules_top_banner_overlay":false,"app_templates_modules_top_banner_hide":false,"app_templates_modules_modules_modules":[{"_type":"media_text","title":"","body":"","image":"","image_link":{"value":"","url":"","anchor":"","blank":"0"},"link":{"value":"","url":"\/app\/uploads\/2020\/04\/AGB_October2018.pdf","anchor":"Downloaden Sie unsere AGB als PDF","blank":"0"},"circle":true,"direction":"flex-row"},{"_type":"content","title":"Allgemeine Gesch\u00e4ftsbedigungen ","content":"(Stand 2018-10)\r\n\r\n<strong style=\"font-size: 1rem;\">1 Allgemeine G\u00fcltigkeit<\/strong>\r\n\r\n(1) F\u00fcr die Abwicklung von allen k\u00fcnftigen Angeboten, Auftr\u00e4gen, Verk\u00e4ufen, Lieferungen und sonstigen Leistungen gegen\u00fcber unseren Kunden gelten ausschlie\u00dflich deutsches Recht (unter Ausschluss des UN-Kaufrechts CISG) sowie nachfolgende Bedingungen.\r\n\r\n(2) Abweichende Vereinbarungen haben nur dann G\u00fcltigkeit, wenn Sie von Alu Rehab ApS schriftlich best\u00e4tigt wurden. Die Gesch\u00e4ftsbedingungen des Kunden werden nur durch schriftliche Best\u00e4tigung einbezogen und finden dann nur insoweit Anwendung, als sie nicht von den Allgemeinen Gesch\u00e4ftsbedingungen der Alu Rehab ApS abweichen.\r\n\r\n&nbsp;\r\n\r\n<strong>2 Angebot und Vertragsabschluss<\/strong>\r\n\r\n(1) Angebote der Alu Rehab ApS sind stets freibleibend, soweit Sie nicht ausdr\u00fccklich als verbindlich gekennzeichnet sind. Auftr\u00e4ge bed\u00fcrfen der schriftlichen Best\u00e4tigung durch Alu Rehab ApS. Die Preise best\u00e4tigter Auftr\u00e4ge oder verbindlicher Angebote von Alu Rehab ApS sind fix; Alu Rehab ApS beh\u00e4lt sich jedoch vor, bei Preissteigerungen, die von Alu Rehab ApS nicht zu vertreten sind (z.B. Steuererh\u00f6hungen, Lohnerh\u00f6hungen, Preis\u00e4nderungen seitens der Lieferanten), den Preis entsprechend anzupassen. Kostenvoranschl\u00e4ge f\u00fcr Sonderanfertigungen und Reparaturarbeiten sind stets unverbindlich. Technische \u00c4nderungen sind vorbehalten. Bei Sonderw\u00fcnschen (z.B. Expresssendungen, Eilgut usw.) gehen die hierdurch bedingten Mehrkosten zu Lasten des Kunden.\r\n\r\n(2) Bestellungen von Sonderbauten und Sonderartikeln m\u00fcssen in schriftlicher Form, d.h. unterschrieben, erfolgen. Der Kunde ist verpflichtet, die Auftragsbest\u00e4tigung auf Vollst\u00e4ndigkeit und Richtigkeit zu \u00fcberpr\u00fcfen und erkennbare Fehler unverz\u00fcglich zu r\u00fcgen. Bei Sonderbauten kann Alu Rehab ApS eine Vorauszahlung bis zu 50 % des Nettowertes der Ware verlangen. Sonderbauten und Sonderartikel sind nicht r\u00fccknahme- und nicht stornof\u00e4hig. Die \u00dcbersendung der Auftragsbest\u00e4tigung durch Alu Rehab ApS macht die Bestellung des Kunden (z.B. Sondergr\u00f6\u00dfen, Sonderanbauten, spezielle und nicht lagerrelevanten Artikel) verbindlich.\r\n\r\n&nbsp;\r\n\r\n<strong>3 Retouren<\/strong>\r\n\r\n(1) Alu Rehab ApS ist nicht verpflichtet, R\u00fccksendungen ohne berechtigten Reklamationsgrund anzunehmen. Alu Rehab ApS steht in diesen F\u00e4llen das Recht zu, die R\u00fccknahme zu verweigern und die Ware unfrei an den Absender zur\u00fcckzusenden. Insofern ist es erforderlich, vor einer beabsichtigten Retour ohne Reklamationsgrund Alu Rehab ApS von der beabsichtigten Retour zu informieren. Alu Rehab ApS pr\u00fcft, ob sie die Ware auch ohne Reklamationsgrund zur\u00fccknimmt. Retouren werden \u00fcblicherweise nur akzeptiert, wenn noch keine drei Wochen seit Lieferdatum verstrichen sind, die Ware noch originalverpackt und neuwertig ist. Die Verpackung muss mit dem Retourschein sowie einer von Alu Rehab ApS zuvor vergebenen Retournummer versehen sein und sich in einem wiederverkaufsf\u00e4higen Zustand befinden. Die R\u00fccksendung erfolgt auf Gefahr und Kosten des Kunden. F\u00fcr die R\u00fccknahme wird eine Wiedereinlagerungsgeb\u00fchr in H\u00f6he von 50 % des Nettowarenwertes erhoben. F\u00fcr entstandene Sch\u00e4den und Verschmutzung der Ware ist der Kunde, sofern sich Alu Rehab ApS zur R\u00fccknahme entscheidet, ersatzpflichtig. Bei Verschmutzungen wird eine Desinfektionspauschale in H\u00f6he von Euro 75,- erhoben.\r\n\r\n(2) Im Falle der Retour mangelhafter Ware (siehe hierzu Nr. 8) sowie sonstiger gesetzlich berechtigter R\u00fccksendungen ist der Kunde verpflichtet, den g\u00fcnstigsten Versandweg zu w\u00e4hlen und dies mit Alu Rehab ApS zuvor abzustimmen. Ohne vorherige Zustimmung von Alu Rehab ApS ist diese ansonsten berechtigt, dem Kunden den Differenzbetrag in Rechnung zu stellen bzw. diesen von der m\u00f6glichen Gutschrift abzuziehen.\r\n\r\n(3) Im Falle der Retour sind jedenfalls folgende Angaben zu machen: Artikelnummer, Artikelbezeichnung, Lieferschein- sowie Rechnungsnummer und Retourschein und Retournummer von Alu Rehab ApS.\r\n\r\n(4) Bei Nichterf\u00fcllung der in den Abs\u00e4tzen 1 und 2 bezeichneten Voraussetzungen und bei fehlenden Angaben i.S. des Absatzes 3 ist Alu Rehab ApS berechtigt, die R\u00fccknahme zu verweigern. S\u00e4mtliche daraus entstehenden Zusatzkosten (z. B. Versand- und Verpackungskosten) gehen zu Lasten des Kunden.\r\n\r\n&nbsp;\r\n\r\n<strong style=\"font-size: 1rem;\">4 Vorf\u00fchrware\/Servicepauschale Au\u00dfendienst<\/strong>\r\n\r\n(1) Vorf\u00fchrware aus unserem geschlossen Pool wird dem Kunden auf Wunsch zugesandt, sofern die Ware im Pool vorr\u00e4tig ist. F\u00fcr Ablauf und Konditionen einer Vorf\u00fchrung siehe <a href=\"https:\/\/www.my-netti.com\/de\/unser-demo-pool\/\">www.my-netti.de<\/a>.\r\n\r\nBei R\u00fcckgabe von Vorf\u00fchrware wird eine Desinfektionspauschale von 75,- Euro an Alu Rehab ApS f\u00e4llig. Vorf\u00fchrware wird in speziellen Transportboxen zur Verf\u00fcgung gestellt. Der Kunde verpflichtet sich, bei R\u00fcckgabe die Ware warengerecht (in der Transportbox) zu verpacken. Der Kunde verpflichtet sich au\u00dferdem, die Abholung ausschlie\u00dflich durch Alu Rehab ApS zu organisieren. Die R\u00fccksendung der Vorf\u00fchrware erfolgt auf Gefahr und Kosten des Kunden. Entstandene Sch\u00e4den durch unsachgem\u00e4\u00dfe Verpackung der Ware, Besch\u00e4digungen der Transportbox oder Mehrkosten durch unvereinbarten Versandweg werden dem Kunden in Rechnung gestellt. In diesen F\u00e4llen wird eine Bearbeitungspauschale von mindestens 75,- Euro in Rechnung gestellt. Nicht zur\u00fcckgeschickte Transportboxen werden dem Kunden mit 500,- Euro in Rechnung gestellt. Unfreie Ware wird durch Alu Rehab ApS nicht zur\u00fcckgenommen.\r\n\r\n(2) Sofern ein Kunde die pers\u00f6nliche Mithilfe bei Anpassungen und Serviceeins\u00e4tzen durch den Au\u00dfendienst von Alu Rehab ApS in Anspruch nimmt, f\u00e4llt eine Servicepauschale in H\u00f6he von 309,- Euro an. Diese Pauschale f\u00e4llt auch an, sofern ein bereits zugesagter gemeinsamer Termin nicht mindestens 24 Stunden vorher storniert wird.\r\n\r\n&nbsp;\r\n\r\n<strong>5 Lieferfristen und -termine<\/strong>\r\n\r\nDie von Alu Rehab ApS angegebenen Lieferfristen und -termine sind unverbindlich. Ihre verh\u00e4ltnism\u00e4\u00dfig geringf\u00fcgige \u00dcberschreitung berechtigt den K\u00e4ufer nicht zum R\u00fccktritt vom Vertrag. F\u00fcr Schadensersatz-anspr\u00fcche gilt Nr. 8a. Teillieferungen sind zul\u00e4ssig.\r\n\r\n&nbsp;\r\n\r\n<strong>6 <\/strong><strong>Versand\/Gefahr\u00fcbergang (DDU \u2013 geliefert unverzollt)<\/strong>\r\n\r\n(1) Alu Rehab ApS liefert DDU (geliefert unverzollt), so dass die nicht zur Einfuhr freigemachte Ware am benannten Bestimmungsort auf dem ankommenden Bef\u00f6rderungsmittel unentladen angeliefert wird. Der Verk\u00e4ufer hat alle Kosten und Gefahren bis dorthin zu tragen. Hiervon ausgenommen sind s\u00e4mtliche Z\u00f6lle, Steuern und andere hiermit in Zusammenhang stehende einfuhrrechtliche Abgaben in das Bestimmungsland. Diese Kosten sind vom K\u00e4ufer zu tragen, ebenso wie alle Kosten und Gefahren, die durch sein Unterlassen, die Ware rechtzeitig zu Einfuhr frei zu machen.\r\n\r\n(2) Alu Rehab ApS gew\u00e4hrt ab einem Warenbestellwert von 100,- Euro (netto) eine frachtfreie Versendung. Bei Versendung mit den Logistikpartnern von Alu Rehab ApS unter 100,- Euro wird eine Bearbeitungspauschale von 15,- Euro erhoben. Ma\u00dfgeblich hierf\u00fcr ist die jeweils g\u00fcltige Preisliste von Alu Rehab ApS.\r\n\r\n&nbsp;\r\n\r\n<strong>7 Transportschaden<\/strong>\r\n\r\nDie Ware ist unverz\u00fcglich nach Eingang auf evtl. Transportsch\u00e4den zu pr\u00fcfen. Bei der Feststellung von offensichtlichen Sch\u00e4den, Unvollst\u00e4ndigkeit des Inhalts oder fehlenden Waren, ist am Frachtbrief\/Auslieferungsschein ein entsprechender Vermerk zu machen unter Angabe von Art und Umfang des Schadens sowie der festgestellten M\u00e4ngel. Dem Bef\u00f6rderer ist anschlie\u00dfend eine schriftliche R\u00fcge zu erkl\u00e4ren. Bei nicht offensichtlichen Sch\u00e4den hat der Kunde dem Bef\u00f6rderer innerhalb folgender Fristen nach Wareneingang eine schriftliche R\u00fcge zu erkl\u00e4ren: Bei der Bef\u00f6rderung mit:\r\n\r\nSchiff:\u00a0\u00a0\u00a0\u00a0\u00a0\u00a0\u00a0\u00a0\u00a0\u00a0\u00a0\u00a0\u00a0\u00a0\u00a0\u00a0\u00a0\u00a0\u00a0\u00a0\u00a0\u00a0\u00a0\u00a0\u00a0\u00a0\u00a0\u00a0\u00a0\u00a0\u00a0\u00a0\u00a0\u00a0 \u00a03 Tage\r\nLkw, Bahn, F\u00e4hre:\u00a0 \u00a0 \u00a0 \u00a0 \u00a0 \u00a0 \u00a0 \u00a0 \u00a07 Tage\r\nPost:\u00a0\u00a0\u00a0\u00a0\u00a0\u00a0\u00a0\u00a0\u00a0\u00a0\u00a0\u00a0\u00a0\u00a0\u00a0\u00a0\u00a0\u00a0\u00a0\u00a0\u00a0\u00a0\u00a0\u00a0\u00a0\u00a0\u00a0\u00a0\u00a0\u00a0\u00a0\u00a0\u00a0\u00a0\u00a0\u00a0 \u00a0Unverz\u00fcglich bei Wareneingang\/-entgegennahme\r\n\r\n&nbsp;\r\n\r\n<strong>8 Gew\u00e4hrleistung und M\u00e4ngelr\u00fcgen<\/strong><strong>\r\n<\/strong>\r\n\r\n(1) Die Gew\u00e4hrleistungsfrist betr\u00e4gt ein Jahr ab Lieferung.\r\n\r\n(2) Die gelieferten Gegenst\u00e4nde sind unverz\u00fcglich nach Ablieferung an den Kunden oder an den von ihm bestimmten Dritten sorgf\u00e4ltig zu untersuchen. Sie gelten als genehmigt, wenn Alu Rehab ApS nicht binnen sieben Werktagen ab Ablieferung oder, bei verdeckten M\u00e4ngeln, ab Entdeckung eine M\u00e4ngelr\u00fcge schriftlich oder per Telefax mit einer entsprechenden Beschreibung der Beanstandung zugegangen ist. Auf Verlangen der Alu Rehab ApS ist der beanstandete Liefergegenstand frachtfrei zur\u00fcckzusenden. Bei berechtigter M\u00e4ngelr\u00fcge verg\u00fctet Alu Rehab ApS die Kosten des g\u00fcnstigsten Versandweges; dies gilt nicht, soweit die Kosten sich erh\u00f6hen, weil der Liefergegenstand sich an einem anderen Ort als dem Ort des bestimmungsgem\u00e4\u00dfen Gebrauchs befindet.\r\n\r\n(3) Bei Sachm\u00e4ngeln der gelieferten Gegenst\u00e4nde ist Alu Rehab ApS nach seiner innerhalb angemessener Frist zu treffenden Wahl zun\u00e4chst zur Nachbesserung oder Ersatzlieferung verpflichtet und berechtigt. Im Falle des Fehlschlagens, d. h. der Unm\u00f6glichkeit, Unzumutbarkeit, Verweigerung oder unangemessenen Verz\u00f6gerung der Nachbesserung oder Ersatzlieferung, kann der K\u00e4ufer vom Vertrag zur\u00fccktreten oder den Kaufpreis mindern. Nachbesserung und Nachlieferung gelten erst nach dem erfolglosen dritten Versuch als fehlgeschlagen.\r\n\r\n(4) Beruht ein Mangel auf dem Verschulden der Alu Rehab ApS, kann der K\u00e4ufer unter den in Nr. 8a bestimmten Voraussetzungen Schadensersatz verlangen.\r\n\r\n(5) Die Gew\u00e4hrleistung entf\u00e4llt, wenn der K\u00e4ufer ohne Zustimmung von Alu Rehab ApS den Liefergegenstand \u00e4ndert oder durch Dritte \u00e4ndern l\u00e4sst und die M\u00e4ngelbeseitigung hierdurch unm\u00f6glich macht oder unzumutbar erschwert. In jedem Fall hat der K\u00e4ufer die durch die \u00c4nderung entstehenden Mehrkosten der M\u00e4ngelbeseitigung zu tragen.\r\n\r\n(6) Eine im Einzelfall mit dem Kunden vereinbarte Lieferung gebrauchter Gegenst\u00e4nde erfolgt unter Ausschluss jeglicher Gew\u00e4hrleistung.\r\n\r\n&nbsp;\r\n\r\n<strong>8a Haftungsbegrenzung<\/strong>\r\n\r\n(1) Die Haftung von Alu Rehab ApS auf Schadensersatz, gleich aus welchem Rechtsgrunde, insbesondere aus Unm\u00f6glichkeit, Verzug, mangelhafter oder falscher Lieferung, Vertragsverletzung, Verletzung von Pflichten bei Vertragsverhandlungen und unerlaubter Handlung ist nach Ma\u00dfgabe der folgenden S\u00e4tze eingeschr\u00e4nkt: Alu Rehab ApS haftet nicht\r\n\r\n-\u00a0 im Falle einfacher Fahrl\u00e4ssigkeit seiner Organe, gesetzlichen Vertreter, Angestellten oder sonstigen Erf\u00fcllungsgehilfen;\r\n\r\n-\u00a0 im Falle grober Fahrl\u00e4ssigkeit seiner nichtleitenden Angestellten oder sonstigen Erf\u00fcllungsgehilfen,\r\n\r\n-\u00a0 soweit es sich nicht um eine Verletzung vertragswesentlicher sog. Kardinalpflichten handelt, ohne deren Erf\u00fcllung also die Erreichung des Vertragszweckes gef\u00e4hrdet w\u00e4re.\r\n\r\n(2) Soweit Alu Rehab ApS nach Absatz 1 dem Grunde nach auf Schadensersatz haftet, ist diese Haftung auf Sch\u00e4den begrenzt, die Alu Rehab ApS bei Vertragsschluss als m\u00f6gliche Folge einer Vertragsverletzung vorausgesehen hat oder unter Ber\u00fccksichtigung der Umst\u00e4nde, die ihr bekannt waren oder die sie h\u00e4tte kennen m\u00fcssen, bei Anwendung verkehrs\u00fcblicher Sorgfalt h\u00e4tte voraussehen m\u00fcssen. Mittelbare Sch\u00e4den und Folgesch\u00e4den, die Folge von M\u00e4ngeln des Liefergegenstands sind, sind au\u00dferdem nur ersatzf\u00e4hig, soweit solche Sch\u00e4den bei bestimmungsgem\u00e4\u00dfer Verwendung des Liefergegenstands typischerweise zu erwarten sind.\r\n\r\n(3) Die Einschr\u00e4nkungen der Abs\u00e4tze 1 und 2 gelten nicht f\u00fcr die Haftung von Alu Rehab ApS wegen vors\u00e4tzlichen Verhaltens, f\u00fcr garantierte Beschaffenheitsmerkmale, wegen Verletzung des Lebens, des K\u00f6rpers oder der Gesundheit oder nach dem Produkthaftungsgesetz oder wenn die Haftung sonst gesetzlich zwingend ist.\r\n\r\n&nbsp;\r\n\r\n<strong>10 Eigentumsvorbehalt<\/strong>\r\n\r\n(1) Die gelieferte Ware bleibt, auch wenn dies bei Vertragsschluss nicht ausdr\u00fccklich erkl\u00e4rt wird, bis zur vollst\u00e4ndigen Bezahlung s\u00e4mtlicher Forderungen aus der Gesch\u00e4ftsverbindung zwischen Alu Rehab ApS und dem Kunden Eigentum von Alu Rehab ApS (Vorbehaltsware).\r\n\r\n(2) Der Kunde ist berechtigt, die Vorbehaltsware zu ver\u00e4u\u00dfern oder anderweitig dar\u00fcber zu verf\u00fcgen, sofern dies in seinem Betrieb zu den normalen Gesch\u00e4ften geh\u00f6rt und zu \u00fcblichen Bedingungen erfolgt. Eine Verpf\u00e4ndung, Sicherungs\u00fcbereignung oder Sicherungsabtretung ist ihm nicht gestattet. Der Kunde ist verpflichtet, die Rechte von Alu Rehab ApS als Vorbehaltseigent\u00fcmer beim Weiterverkauf von Vorbehaltsware auf Kredit zu erhalten. Die dem Kunden aus der Weiterver\u00e4u\u00dferung oder sonstiger Verf\u00fcgung \u00fcber die Vorbehaltsware entstehende Forderung tritt der Kunde schon jetzt an Alu Rehab ApS ab; Alu Rehab ApS nimmt die Abtretung schon jetzt an. Der Kunde bleibt zur Einziehung der Forderung berechtigt.\r\n\r\n(3) Bei Pf\u00e4ndungen oder sonstigen Eingriffen Dritter hat der Kunde Alu Rehab ApS unverz\u00fcglich zu benachrichtigen. Ihm ist untersagt, mit seinen Abnehmern Abreden zu treffen, die die Rechte von Alu Rehab ApS beeintr\u00e4chtigen k\u00f6nnten. Der Kunde ist verpflichtet, die gelieferte Vorbehaltsware auf seine Kosten gegen Feuer, Einbruch, Diebstahl und Wassersch\u00e4den versichern zu lassen.\r\n\r\n(4) Alu Rehab ApS ist berechtigt, die Befugnis zur Weiterver\u00e4u\u00dferung der Vorbehaltsware und zur Einziehung der abgetretenen Forderungen zu widerrufen, wenn der Kunde in Zahlungsr\u00fcckstand ger\u00e4t oder Umst\u00e4nde bekannt werden, die seine Kreditw\u00fcrdigkeit mindern. Auf Verlangen von Alu Rehab ApS ist der Kunde verpflichtet, s\u00e4mtliche zur Einziehung erforderlichen Angaben \u00fcber die abgetretenen Forderungen einschlie\u00dflich der zur Durchsetzung erforderlichen Unterlagen zur Verf\u00fcgung zu stellen und seinen Schuldnern die Abtretung anzuzeigen.\r\n\r\n(5) Bei Zahlungsr\u00fcckstand oder anderem vertragswidrigen Verhalten des Kunden ist Alu Rehab ApS auch ohne vorherige Fristsetzung berechtigt, von dem Vertrag zur\u00fcckzutreten und die Vorbehaltsware zur\u00fcckzunehmen; der Kunde ist zur Herausgabe verpflichtet. Zwecks R\u00fccknahme der Ware gestattet der Kunde Alu Rehab ApS unwiderruflich, seine Gesch\u00e4fts- und Lagerr\u00e4ume ungehindert zu betreten und die Vorbehaltsware mitzunehmen.\r\n\r\n(6) Eine etwaige Be- und Verarbeitung der Vorbehaltsware nimmt der Kunde f\u00fcr Alu Rehab ApS vor, ohne dass f\u00fcr Alu Rehab ApS daraus Verpflichtungen entstehen. Alu Rehab ApS ist Hersteller der neu hergestellten Ware i.S. des \u00a7 950 BGB. Bei Verarbeitung, Verbindung, Vermischung oder Vermengung der Vorbehaltsware mit anderen, nicht Alu Rehab ApS geh\u00f6renden Waren steht Alu Rehab ApS der dabei entstehende Miteigentumsanteil an der neuen Sache im Verh\u00e4ltnis des Rechnungswertes der Vorbehaltsware zu den \u00fcbrigen Waren zu. Erwirbt der Kunde Alleineigentum an der neuen Sache, r\u00e4umt er Alu Rehab ApS das Miteigentum ein und verwahrt die Sache unentgeltlich f\u00fcr Alu Rehab ApS. Wird die Vorbehaltsware zusammen mit Vorbehaltswaren anderer Lieferanten weiterver\u00e4u\u00dfert, und zwar gleich, ob ohne oder nach Verarbeitung, Verbindung, Vermischung oder Vermengung, so gilt die oben vereinbarte Vorausabtretung nur in H\u00f6he des Rechnungswertes der Vorbehaltsware, die zusammen mit den anderen Vorbehaltswaren weiterver\u00e4u\u00dfert wird.\r\n\r\n(7) Zur Sicherung der Forderungen der Alu Rehab ApS gegen den Kunden tritt der Kunde auch solche Forderungen an Alu Rehab ApS ab, die ihm durch die Verbindung des Liefergegenstandes mit einem Grundst\u00fcck gegen einen Dritten erwachsen; Alu Rehab ApS nimmt diese Abtretung schon jetzt an.\r\n\r\n(8) Alu Rehab ApS verpflichtet sich, die ihr nach den vorstehenden Bestimmungen zu stehenden Sicherheiten auf Verlangen des Kunden insoweit freizugeben, als der realisierbare Wert der Sicherheiten die zu sichernden Forderungen um mehr als 20% \u00fcbersteigt\r\n\r\n&nbsp;\r\n\r\n<strong>11 Zahlungsbedingungen<\/strong>\r\n\r\nFalls in der Vertragserkl\u00e4rung von Alu Rehab ApS nicht anders lautende Zahlungsbedingungen festgelegt sind, hat die Zahlung innerhalb von 30 Tagen ab Rechnungsdatum in bar rein netto unter Ausschluss der Aufrechnung und der Zur\u00fcckbehaltung zu erfolgen. Wird die 30- t\u00e4gige Zahlungsfrist \u00fcberschritten, ist Alu Rehab ApS berechtigt, Verzugszinsen zu berechnen. Der Zinssatz betr\u00e4gt 8 %-Punkte \u00fcber dem jeweiligen Basiszinssatz (\u00a7 247 BGB). Die Nichteinhaltung der Zahlungsfrist berechtigt Alu Rehab ApS au\u00dferdem, noch ausstehende Lieferungen nur gegen Vorauszahlung oder Sicherheitsleistung auszuf\u00fchren, sowie nach angemessener Nachfristsetzung vom Vertrag zur\u00fcckzutreten, unbeschadet des Rechts auf R\u00fccknahme der unter Eigentumsvorbehalt gelieferten Ware auf Kosten des Kunden. Bei Neukunden gilt generell Vorkasse als vereinbart. Alu Rehab ApS beh\u00e4lt sich vor, nach Pr\u00fcfung, auch bei l\u00e4ngerfristigen Gesch\u00e4ftsbeziehungen, Vorkasse als einzige Zahlungsform zu akzeptieren.\r\n\r\n<strong>\u00a0<\/strong>\r\n\r\n<strong>12 Salvatorische Klausel<\/strong>\r\n\r\nSollte eine Bestimmung in diesen Gesch\u00e4ftsbedingungen unwirksam sein oder werden, so wird hiervon die Wirksamkeit aller sonstigen Bestimmungen und Vereinbarungen zwischen Alu Rehab ApS und dem Kunden nicht ber\u00fchrt. Sollten Teile der Bestimmungen unwirksam sein, so gilt dasjenige als vereinbart, was die Parteien nach dem Verst\u00e4ndnis der \u00fcbrigen, wirksamen Klauseln vereinbart h\u00e4tten, wenn sie die Unwirksamkeit des jeweiligen Teils gekannt h\u00e4tten.\r\n\r\n<strong style=\"font-size: 1rem;\">12 Erf\u00fcllungsort &amp; Gerichtsstand<\/strong>\r\n\r\nErf\u00fcllungsort und Gerichtsstand ist Skanderborg\/D\u00e4nemark.\r\n\r\n&nbsp;","text_align":"text-left","columns":1}],"app_templates_modules_product_items_product":[],"_links":{"self":[{"href":"https:\/\/www.my-netti.com\/de\/wp-json\/wp\/v2\/pages\/30685","targetHints":{"allow":["GET"]}}],"collection":[{"href":"https:\/\/www.my-netti.com\/de\/wp-json\/wp\/v2\/pages"}],"about":[{"href":"https:\/\/www.my-netti.com\/de\/wp-json\/wp\/v2\/types\/page"}],"author":[{"embeddable":true,"href":"https:\/\/www.my-netti.com\/de\/wp-json\/wp\/v2\/users\/2"}],"replies":[{"embeddable":true,"href":"https:\/\/www.my-netti.com\/de\/wp-json\/wp\/v2\/comments?post=30685"}],"version-history":[{"count":5,"href":"https:\/\/www.my-netti.com\/de\/wp-json\/wp\/v2\/pages\/30685\/revisions"}],"predecessor-version":[{"id":34928,"href":"https:\/\/www.my-netti.com\/de\/wp-json\/wp\/v2\/pages\/30685\/revisions\/34928"}],"wp:attachment":[{"href":"https:\/\/www.my-netti.com\/de\/wp-json\/wp\/v2\/media?parent=30685"}],"curies":[{"name":"wp","href":"https:\/\/api.w.org\/{rel}","templated":true}]}}