{"id":29722,"date":"2020-01-06T10:05:51","date_gmt":"2020-01-06T09:05:51","guid":{"rendered":"https:\/\/www.my-netti.com\/home\/"},"modified":"2026-01-05T09:32:13","modified_gmt":"2026-01-05T08:32:13","slug":"home","status":"publish","type":"page","link":"https:\/\/www.my-netti.com\/de\/","title":{"rendered":"Home"},"content":{"rendered":"","protected":false},"excerpt":{"rendered":"","protected":false},"author":2,"featured_media":0,"parent":0,"menu_order":0,"comment_status":"closed","ping_status":"closed","template":"views\/template-home-page.blade.php","meta":{"_seopress_robots_primary_cat":"","_seopress_titles_title":"","_seopress_titles_desc":"Als Spezialist f\u00fcr Sitzen \u2013 und Positionierung bietet Netti anwendungsgerechte L\u00f6sungen f\u00fcr langes Sitzen im Rollstuhl an. Netti ist einer der wenigen Anbieter im Bereich des Dynamischen Sitzens. Dies erm\u00f6glicht auch Rollstuhl-Versorgungen f\u00fcr Nutzer mit komplexen Bewegungsmustern. Unser Fokus liegt darauf  \u201eLebensfreude zu erm\u00f6glichen\u201c und alle Produkte sind so konzipiert, dass sie die Mobilit\u00e4t des Benutzers erhalten oder verbessern, sowie die Teilnahme an den Aktivit\u00e4ten des t\u00e4glichen Lebens erleichtern.","_seopress_robots_index":"","_relevanssi_hide_post":"","_relevanssi_hide_content":"","_relevanssi_pin_for_all":"","_relevanssi_pin_keywords":"","_relevanssi_unpin_keywords":"","_relevanssi_related_keywords":"","_relevanssi_related_include_ids":"","_relevanssi_related_exclude_ids":"","_relevanssi_related_no_append":"","_relevanssi_related_not_related":"","_relevanssi_related_posts":"","_relevanssi_noindex_reason":"","footnotes":""},"class_list":["post-29722","page","type-page","status-publish","hentry"],"app_templates_compare_top_banner_title":"","app_templates_compare_top_banner_body":"","app_templates_compare_top_banner_image":"","app_templates_compare_top_banner_color":"white","app_templates_compare_top_banner_overlay":true,"app_templates_compare_top_banner_hide":false,"app_templates_cookie_policy_top_banner_title":"","app_templates_cookie_policy_top_banner_body":"","app_templates_cookie_policy_top_banner_image":"","app_templates_cookie_policy_top_banner_color":"white","app_templates_cookie_policy_top_banner_overlay":true,"app_templates_cookie_policy_top_banner_hide":false,"app_templates_home_page_home_banner_slides":[{"_type":"_","body":"<h2>Netti V Base<\/h2>\r\n<h2>Sitzschalenuntergestell\r\n- mit einzigartiger Sitzh\u00f6henflexibilit\u00e4t<\/h2>\r\n&nbsp;\r\n\r\n&nbsp;\r\n\r\n&nbsp;","logo":"","video":"","image":"112404","color":"darkest","overlay":false,"link":{"value":"","url":"\/de\/wheelchair\/netti-v-base\/","anchor":"Netti V Base","blank":"0"}},{"_type":"_","body":"<h2>Netti V Base<\/h2>\r\n<h2>Sitzschalenuntergestell\r\n- mit einzigartiger Sitzh\u00f6henflexibilit\u00e4t<\/h2>\r\n&nbsp;\r\n\r\n&nbsp;\r\n\r\n&nbsp;","logo":"","video":"","image":"112404","color":"darkest","overlay":false,"link":{"value":"","url":"\/de\/wheelchair\/netti-v-base\/","anchor":"Netti V Base","blank":"0"}},{"_type":"_","body":"<h2>Netti V - f\u00fcr die perfekte Passform gemacht<\/h2>","logo":"","video":"","image":"101646","color":"white","overlay":false,"link":{"value":"","url":"\/de\/netti-family\/netti-v-family-de\/","anchor":"Netti V Family","blank":"0"}},{"_type":"_","body":"<h2>Netti V - einzigartige Sitzh\u00f6henflexibilit\u00e4t<\/h2>","logo":"102982","video":"","image":"101654","color":"white","overlay":false,"link":{"value":"","url":"\/de\/kc-de\/netti-v-sensationelle-sitzhoeheneinstellung\/","anchor":"NEUHEIT: Netti V + Netti V Base","blank":"0"}},{"_type":"_","body":"<h4>20% weniger Druck<\/h4>\r\n<h4>Optimiertes Mikroklima<\/h4>\r\n<h4>Geringeres Risiko des Rutschens<\/h4>\r\n<h4>Minimierte Scherkr\u00e4fte<\/h4>","logo":"81226","video":"","image":"109670","color":"white","overlay":false,"link":{"value":"","url":"\/de\/kc-de\/netti-adaptpro-family-der-neue-standard-fuer-gesundes-sitzen\/","anchor":"Lernen Sie die Netti AdaptPro Family kennen","blank":"0"}},{"_type":"_","body":"<h2>Netti V Base<\/h2>\r\n<h2>Sitzschalenuntergestell\r\n- mit einzigartiger Sitzh\u00f6henflexibilit\u00e4t<\/h2>\r\n&nbsp;\r\n\r\n&nbsp;\r\n\r\n&nbsp;","logo":"","video":"","image":"112404","color":"darkest","overlay":false,"link":{"value":"","url":"\/de\/wheelchair\/netti-v-base\/","anchor":"Netti V Base","blank":"0"}},{"_type":"_","body":"<h2>Netti V<\/h2>\r\n<h4>Flexibel wenn sich die Bed\u00fcrfnisse \u00e4ndern sollten<\/h4>","logo":"","video":"","image":"102237","color":"white","overlay":false,"link":{"value":"","url":"\/de\/kc-de\/netti-v-ist-flexibel-auch-wenn-sich-die-beduerfnisse-aendern-sollten\/","anchor":"Lange Nutzungsdauer","blank":"0"}},{"_type":"_","body":"<h2>Netti Precision\r\n- next generation skin protection<\/h2>","logo":"","video":"","image":"113994","color":"darkest","overlay":false,"link":{"value":"","url":"\/de\/kc-de\/netti-precision\/","anchor":"Netti Precision Sitzkissen","blank":"0"}}],"app_templates_home_page_home_banner_html":"","app_templates_home_page_link_boxes_boxes":[{"value":"post:knowledge-article:107856","type":"post","subtype":"knowledge-article","id":"107856"},{"value":"post:knowledge-article:113032","type":"post","subtype":"knowledge-article","id":"113032"},{"value":"post:knowledge-article:107847","type":"post","subtype":"knowledge-article","id":"107847"},{"value":"post:knowledge-article:107862","type":"post","subtype":"knowledge-article","id":"107862"},{"value":"post:knowledge-article:107821","type":"post","subtype":"knowledge-article","id":"107821"},{"value":"post:knowledge-article:109149","type":"post","subtype":"knowledge-article","id":"109149"}],"app_templates_home_page_link_boxes_cta_box_show_cta":true,"app_templates_home_page_link_boxes_cta_box_title":"\u201eTo inspire joy of life\u201c bedeutet, den Stuhl an den Benutzer anzupassen \u2013 und nicht umgekehrt.","app_templates_home_page_link_boxes_cta_box_body":"","app_templates_home_page_link_boxes_cta_box_icon":"95270","app_templates_home_page_link_boxes_cta_box_link":{"value":"","url":"\/de\/netti-customized\/","anchor":"Hier sehen Sie einige unserer Sonderbau L\u00f6sungen ","blank":"0"},"app_templates_home_page_link_boxes_cta_box_html":"","app_templates_home_page_media_text_box_image":"98","app_templates_home_page_media_text_box_full_width":true,"app_templates_home_page_media_text_box_pretitle":"\u00dcber Netti","app_templates_home_page_media_text_box_title":"Enable joy of life - das ist unser Ziel","app_templates_home_page_media_text_box_body":"Ende der 80er Jahre wurde Netti an der atemberaubenden Westk\u00fcste Norwegens gegr\u00fcndet. Von Anfang an stand der Dialog mit den Kunden im Fokus, um einfache L\u00f6sungen zu schaffen, welche Lebensfreude erm\u00f6glichen. Als Spezialist f\u00fcr Sitzen \u2013 und Positionierung bietet Netti anwendungsgerechte L\u00f6sungen f\u00fcr langes Sitzden im Rollstuhl. \r\nNetti ist einer der wenigen Anbieter im Bereich des Dynamischen Sitzens. Dies erm\u00f6glicht auch Rollstuhlversorgungen f\u00fcr Nutzer mit komplexen Bewegungsmustern. Unser Fokus liegt darauf \u201eLebensfreude zu erm\u00f6glichen\u201c und alle Produkte sind so konzipiert, dass sie die Mobilit\u00e4t des Benutzers erhalten oder verbesser, sowie die Teilnahme an den Aktivit\u00e4ten des t\u00e4glichen Lebens erleichtern.\r\n","app_templates_home_page_media_text_box_link":{"value":"","url":"\/de\/mehr-als-30-jahre-freude\/","anchor":"Weiterlesen","blank":"0"},"app_templates_home_page_media_text_box_hide":false,"app_templates_home_page_article_slider_title":"Neuheiten ","app_templates_home_page_article_slider_show_latest":false,"app_templates_home_page_article_slider_articles":[],"app_templates_home_page_product_slider_title":"Related Products","app_templates_home_page_product_slider_product_kind":"wheelchairs","app_templates_home_page_product_slider_wheelchairs":[],"app_templates_home_page_product_slider_spare_parts":[],"app_templates_home_page_product_slider_all":[],"app_templates_home_page_product_slider_hide_info":false,"app_templates_modules_top_banner_title":"","app_templates_modules_top_banner_body":"","app_templates_modules_top_banner_image":"","app_templates_modules_top_banner_color":"white","app_templates_modules_top_banner_overlay":true,"app_templates_modules_top_banner_hide":false,"app_templates_modules_modules_modules":[],"app_templates_modules_product_items_product":[],"_links":{"self":[{"href":"https:\/\/www.my-netti.com\/de\/wp-json\/wp\/v2\/pages\/29722","targetHints":{"allow":["GET"]}}],"collection":[{"href":"https:\/\/www.my-netti.com\/de\/wp-json\/wp\/v2\/pages"}],"about":[{"href":"https:\/\/www.my-netti.com\/de\/wp-json\/wp\/v2\/types\/page"}],"author":[{"embeddable":true,"href":"https:\/\/www.my-netti.com\/de\/wp-json\/wp\/v2\/users\/2"}],"replies":[{"embeddable":true,"href":"https:\/\/www.my-netti.com\/de\/wp-json\/wp\/v2\/comments?post=29722"}],"version-history":[{"count":213,"href":"https:\/\/www.my-netti.com\/de\/wp-json\/wp\/v2\/pages\/29722\/revisions"}],"predecessor-version":[{"id":116121,"href":"https:\/\/www.my-netti.com\/de\/wp-json\/wp\/v2\/pages\/29722\/revisions\/116121"}],"wp:attachment":[{"href":"https:\/\/www.my-netti.com\/de\/wp-json\/wp\/v2\/media?parent=29722"}],"curies":[{"name":"wp","href":"https:\/\/api.w.org\/{rel}","templated":true}]}}