{"id":1082,"date":"2020-01-17T08:35:03","date_gmt":"2020-01-17T07:35:03","guid":{"rendered":"https:\/\/www.my-netti.com\/?page_id=1082"},"modified":"2025-09-02T12:03:12","modified_gmt":"2025-09-02T10:03:12","slug":"qualitaetssystem","status":"publish","type":"page","link":"https:\/\/www.my-netti.com\/de\/qualitaetssystem\/","title":{"rendered":"Qualit\u00e4tssystem"},"content":{"rendered":"","protected":false},"excerpt":{"rendered":"","protected":false},"author":2,"featured_media":0,"parent":0,"menu_order":13,"comment_status":"closed","ping_status":"closed","template":"views\/template-modules.blade.php","meta":{"_seopress_robots_primary_cat":"","_seopress_titles_title":"Quality System - Netti by Alu Rehab","_seopress_titles_desc":"We at Netti are committed to high standards of quality of our products as well as in all our services. We are certified according to ISO 9001 as well as ISO 13845 for medical devices.","_seopress_robots_index":"","_relevanssi_hide_post":"","_relevanssi_hide_content":"","_relevanssi_pin_for_all":"","_relevanssi_pin_keywords":"","_relevanssi_unpin_keywords":"","_relevanssi_related_keywords":"","_relevanssi_related_include_ids":"","_relevanssi_related_exclude_ids":"","_relevanssi_related_no_append":"","_relevanssi_related_not_related":"","_relevanssi_related_posts":"","_relevanssi_noindex_reason":"","footnotes":""},"class_list":["post-1082","page","type-page","status-publish","hentry"],"app_templates_compare_top_banner_title":"","app_templates_compare_top_banner_body":"","app_templates_compare_top_banner_image":"","app_templates_compare_top_banner_color":"white","app_templates_compare_top_banner_overlay":true,"app_templates_compare_top_banner_hide":false,"app_templates_cookie_policy_top_banner_title":"","app_templates_cookie_policy_top_banner_body":"","app_templates_cookie_policy_top_banner_image":"","app_templates_cookie_policy_top_banner_color":"white","app_templates_cookie_policy_top_banner_overlay":true,"app_templates_cookie_policy_top_banner_hide":false,"app_templates_home_page_home_banner_slides":[],"app_templates_home_page_home_banner_html":"","app_templates_home_page_link_boxes_boxes":[],"app_templates_home_page_link_boxes_cta_box_show_cta":true,"app_templates_home_page_link_boxes_cta_box_title":"","app_templates_home_page_link_boxes_cta_box_body":"","app_templates_home_page_link_boxes_cta_box_icon":"","app_templates_home_page_link_boxes_cta_box_link":{"value":"","url":"","anchor":"","blank":0},"app_templates_home_page_link_boxes_cta_box_html":"","app_templates_home_page_media_text_box_image":"","app_templates_home_page_media_text_box_full_width":false,"app_templates_home_page_media_text_box_pretitle":"","app_templates_home_page_media_text_box_title":"","app_templates_home_page_media_text_box_body":"","app_templates_home_page_media_text_box_link":{"value":"","url":"","anchor":"","blank":0},"app_templates_home_page_media_text_box_hide":false,"app_templates_home_page_article_slider_title":"\u00c4hnliche Artikel","app_templates_home_page_article_slider_show_latest":false,"app_templates_home_page_article_slider_articles":[],"app_templates_home_page_product_slider_title":"\u00c4hnliche Produkte","app_templates_home_page_product_slider_product_kind":"wheelchairs","app_templates_home_page_product_slider_wheelchairs":[],"app_templates_home_page_product_slider_spare_parts":[],"app_templates_home_page_product_slider_all":[],"app_templates_home_page_product_slider_hide_info":false,"app_templates_modules_top_banner_title":" ","app_templates_modules_top_banner_body":"","app_templates_modules_top_banner_image":"2834","app_templates_modules_top_banner_color":"white","app_templates_modules_top_banner_overlay":false,"app_templates_modules_top_banner_hide":false,"app_templates_modules_modules_modules":[{"_type":"content","title":"Hohe Qualit\u00e4t ist Teil unserer DNA","content":"Unsere Schl\u00fcsselw\u00f6rter sind Qualit\u00e4t und Service. Alle Bereiche von Netti handeln stets nach den Prinzipien, die hinter diesen Schl\u00fcsselw\u00f6rtern stehen - von der Produktion \u00fcber unsere Berater bis hin zu den Mitarbeitern in Kundenservice, Buchhaltung und Lager. Aus diesem Grund ist unsere Lieferzuverl\u00e4ssigkeit auf h\u00f6chstem Niveau.","text_align":"text-center","columns":1},{"_type":"image","image":"959"},{"_type":"media_text","title":"ISO-zertifiziert","body":"Wir haben uns zu hohen Qualit\u00e4tsstandards bei unseren Produkten sowie bei allen unseren Dienstleistungen verpflichtet und die Alu Rehab Gruppe ist nach ISO 13485 f\u00fcr Medizinprodukte zertifiziert. Die Zertifizierung wird j\u00e4hrlich durchgef\u00fchrt.","image":"","image_link":{"value":"","url":"\/app\/uploads\/2023\/01\/ISO13485.pdf","anchor":"","blank":"0"},"link":{"value":"","url":"\/app\/uploads\/2023\/01\/ISO13485.pdf","anchor":"Downloaden Sie das ISO-Zertifikat als PDF","blank":"0"},"circle":false,"direction":"flex-row-reverse"},{"_type":"media_text","title":"Konform mit MDR ","body":"Die Europ\u00e4ische Verordnung \u00fcber Medizinprodukte, MDR, erh\u00f6ht die Sicherheit und R\u00fcckverfolgbarkeit von Medizinprodukten auf dem gesamten Markt. Alu Rehab hat das Qualit\u00e4tssicherungssystem f\u00fcr die Produktion von Medizinprodukten nach ISO 13485 und das j\u00e4hrliche Audit durch die T\u00dcV S\u00fcd Product Service GmbH eingef\u00fchrt.","image":"4941","image_link":{"value":"","url":"","anchor":"","blank":"0"},"link":{"value":"","url":"","anchor":"","blank":"0"},"circle":false,"direction":"flex-row"},{"_type":"content","title":"","content":"Klicken Sie <a href=\"https:\/\/www.my-netti.com\/de\/zertifikate\/\">hier<\/a>, um alle Konfirmit\u00e4tserkl\u00e4rungen und Zertifikate unserer St\u00fchle zu finden. Weitere Downloads wie z.B die Bedienungsanleitung finden Sie unter dem jeweiligen Rollstuhl.","text_align":"text-left","columns":1},{"_type":"media_text","title":"Standardisierung und Pr\u00fcfung von Rollst\u00fchlen","body":"In Europa m\u00fcssen alle Rollst\u00fchle die in der Rollstuhlnorm EN 12183 und EN 12184 definierten Qualit\u00e4tsanforderungen erf\u00fcllen. Wir bleiben bei dieser entscheidenden Arbeit auf dem neuesten Stand der Entwicklung und tragen dazu bei, die Sicherheit der Benutzer aller Rollst\u00fchle zu erh\u00f6hen - und stellen auch sicher, dass die Netti-Rollst\u00fchle dem neuesten Stand der Technik und der Qualit\u00e4t entsprechen.","image":"1904","image_link":{"value":"","url":"","anchor":"","blank":"0"},"link":{"value":"","url":"","anchor":"","blank":"0"},"circle":false,"direction":"flex-row-reverse"},{"_type":"video","video":"https:\/\/youtu.be\/EDOp0y5xuAQ"},{"_type":"media_text","title":"Garantie","body":"Wir stehen hinter der Netti-Qualit\u00e4t und bewerten die Produkttests auf 5-6 Jahre normalen Gebrauchs. Daher gew\u00e4hren wir 5 Jahre Garantie auf alle Rollstuhlrahmen. Auf alle anderen Netti Komponenten gew\u00e4hren wir 2 Jahre Garantie, ausgenommen Batterien. Im Falle einer Produktreklamation werden wir unser Bestes tun, um Ihnen auf reibungslose Weise zu helfen, damit der Prozess so nahtlos wie m\u00f6glich verl\u00e4uft. Alle Nichtkonformit\u00e4ten werden registriert, um sicherzustellen, dass notwendige Produkt- oder Serviceverbesserungen so schnell wie m\u00f6glich durchgef\u00fchrt werden.","image":"999","image_link":{"value":"","url":"","anchor":"","blank":"0"},"link":{"value":"","url":"","anchor":"","blank":"0"},"circle":false,"direction":"flex-row"},{"_type":"media_text","title":"Konformit\u00e4tserkl\u00e4rung - chemische Stoffe","body":"Alle unsere Rollst\u00fchle mit Zubeh\u00f6r erf\u00fcllen alle Anforderungen der europ\u00e4ischen RoHS 2.0-Richtlinie 2011\/65EU und der Richtlinie f\u00fcr europ\u00e4ische Delegierte (EU)2015\/863 - gef\u00e4hrliche Stoffe in elektrischen und elektronischen Teilen. Dar\u00fcber hinaus erf\u00fcllen unsere Produkte vollst\u00e4ndig die entsprechenden Anforderungen der Verordnung (EG) 1907\/2006 der Europ\u00e4ischen Union zur Registrierung, Bewertung, Zulassung und Beschr\u00e4nkung chemischer Stoffe (REACH).","image":"61282","image_link":{"value":"","url":"","anchor":"","blank":"0"},"link":{"value":"","url":"\/app\/uploads\/2024\/09\/DoC-RoHS-REACH-and-Azo-substances-Netti-2025-08-signed-v5.pdf","anchor":"Sehen Sie unsere Komformit\u00e4tserkl\u00e4rung hier","blank":"0"},"circle":false,"direction":"flex-row-reverse"},{"_type":"media_text_box","image":"1208","full_width":false,"pretitle":"","title":"St\u00e4ndiges Streben nach besseren L\u00f6sungen","body":"Wenn Sie Fragen haben oder Beratung zu unseren Produkten ben\u00f6tigen, sind wir f\u00fcr Sie da. Unsere erfahrene Mitarbeiter mit fundierten Kenntnissen \u00fcber unsere Produkte sowie \u00fcber die Herausforderungen der Anwender sind immer f\u00fcr Sie da. Wenn Sie eine gute Idee haben oder eine spezifische L\u00f6sung w\u00fcnschen, k\u00f6nnen Sie sich auch gerne an unser Produktentwicklungsteam wenden. Unser Team aus Therapeuten, Produktspezialisten und Ingenieuren arbeitet st\u00e4ndig an neuen L\u00f6sungen und Produktverbesserungen. ","link":{"value":"","url":"mailto:Productdevelopment@My-Netti.com","anchor":"Senden Sie eine E-Mail an die Produktentwicklung","blank":"0"},"hide":false},{"_type":"article_slider","title":"Related articles","show_latest":false,"articles":[]}],"app_templates_modules_product_items_product":[],"_links":{"self":[{"href":"https:\/\/www.my-netti.com\/de\/wp-json\/wp\/v2\/pages\/1082","targetHints":{"allow":["GET"]}}],"collection":[{"href":"https:\/\/www.my-netti.com\/de\/wp-json\/wp\/v2\/pages"}],"about":[{"href":"https:\/\/www.my-netti.com\/de\/wp-json\/wp\/v2\/types\/page"}],"author":[{"embeddable":true,"href":"https:\/\/www.my-netti.com\/de\/wp-json\/wp\/v2\/users\/2"}],"replies":[{"embeddable":true,"href":"https:\/\/www.my-netti.com\/de\/wp-json\/wp\/v2\/comments?post=1082"}],"version-history":[{"count":48,"href":"https:\/\/www.my-netti.com\/de\/wp-json\/wp\/v2\/pages\/1082\/revisions"}],"predecessor-version":[{"id":115051,"href":"https:\/\/www.my-netti.com\/de\/wp-json\/wp\/v2\/pages\/1082\/revisions\/115051"}],"wp:attachment":[{"href":"https:\/\/www.my-netti.com\/de\/wp-json\/wp\/v2\/media?parent=1082"}],"curies":[{"name":"wp","href":"https:\/\/api.w.org\/{rel}","templated":true}]}}