{"id":107841,"date":"2021-09-03T11:09:01","date_gmt":"2021-09-03T09:09:01","guid":{"rendered":"https:\/\/www.my-netti.com\/how-to-adjust-the-seat-height-of-your-netti-wheelchair\/"},"modified":"2024-11-05T10:05:34","modified_gmt":"2024-11-05T09:05:34","slug":"so-stellen-sie-die-sitzhoehe-ihres-netti-rollstuhls-ein","status":"publish","type":"page","link":"https:\/\/www.my-netti.com\/de\/so-stellen-sie-die-sitzhoehe-ihres-netti-rollstuhls-ein\/","title":{"rendered":"So stellen Sie die Sitzh\u00f6he Ihres Netti Rollstuhls ein"},"content":{"rendered":"","protected":false},"excerpt":{"rendered":"","protected":false},"author":4,"featured_media":0,"parent":0,"menu_order":6,"comment_status":"closed","ping_status":"closed","template":"views\/template-modules.blade.php","meta":{"_seopress_robots_primary_cat":"","_seopress_titles_title":"","_seopress_titles_desc":"","_seopress_robots_index":"","_relevanssi_hide_post":"","_relevanssi_hide_content":"","_relevanssi_pin_for_all":"","_relevanssi_pin_keywords":"","_relevanssi_unpin_keywords":"","_relevanssi_related_keywords":"","_relevanssi_related_include_ids":"","_relevanssi_related_exclude_ids":"","_relevanssi_related_no_append":"","_relevanssi_related_not_related":"","_relevanssi_related_posts":"","_relevanssi_noindex_reason":"","footnotes":""},"class_list":["post-107841","page","type-page","status-publish","hentry"],"app_templates_compare_top_banner_title":"","app_templates_compare_top_banner_body":"","app_templates_compare_top_banner_image":"","app_templates_compare_top_banner_color":"white","app_templates_compare_top_banner_overlay":true,"app_templates_compare_top_banner_hide":false,"app_templates_cookie_policy_top_banner_title":"","app_templates_cookie_policy_top_banner_body":"","app_templates_cookie_policy_top_banner_image":"","app_templates_cookie_policy_top_banner_color":"white","app_templates_cookie_policy_top_banner_overlay":true,"app_templates_cookie_policy_top_banner_hide":false,"app_templates_home_page_home_banner_slides":[],"app_templates_home_page_home_banner_html":"","app_templates_home_page_link_boxes_boxes":[],"app_templates_home_page_link_boxes_cta_box_show_cta":true,"app_templates_home_page_link_boxes_cta_box_title":"","app_templates_home_page_link_boxes_cta_box_body":"","app_templates_home_page_link_boxes_cta_box_icon":"","app_templates_home_page_link_boxes_cta_box_link":{"value":"","url":"","anchor":"","blank":0},"app_templates_home_page_link_boxes_cta_box_html":"","app_templates_home_page_media_text_box_image":"","app_templates_home_page_media_text_box_full_width":false,"app_templates_home_page_media_text_box_pretitle":"","app_templates_home_page_media_text_box_title":"","app_templates_home_page_media_text_box_body":"","app_templates_home_page_media_text_box_link":{"value":"","url":"","anchor":"","blank":0},"app_templates_home_page_media_text_box_hide":false,"app_templates_home_page_article_slider_title":"\u00c4hnliche Artikel","app_templates_home_page_article_slider_show_latest":false,"app_templates_home_page_article_slider_articles":[],"app_templates_home_page_product_slider_title":"\u00c4hnliche Produkte","app_templates_home_page_product_slider_product_kind":"wheelchairs","app_templates_home_page_product_slider_wheelchairs":[],"app_templates_home_page_product_slider_spare_parts":[],"app_templates_home_page_product_slider_all":[],"app_templates_home_page_product_slider_hide_info":false,"app_templates_modules_top_banner_title":"   ","app_templates_modules_top_banner_body":"","app_templates_modules_top_banner_image":"2834","app_templates_modules_top_banner_color":"white","app_templates_modules_top_banner_overlay":false,"app_templates_modules_top_banner_hide":false,"app_templates_modules_modules_modules":[{"_type":"content","title":"So stellen Sie die Sitzh\u00f6he Ihres Netti Rollstuhls ein","content":"Ein richtig bemessener und korrekt angepasster Rollstuhl ist wichtig, um dem Benutzer die Teilnahme an den Aktivit\u00e4ten des t\u00e4glichen Lebens so gut wie m\u00f6glich zu erm\u00f6glichen. Hier zeigen wir Ihnen die verschiedenen Sitzh\u00f6hen, die Sie mit unserer Netti 4U und Netti III Familie erreichen k\u00f6nnen.\r\nBitte kontaktieren Sie uns, wenn Sie Fragen haben.","text_align":"text-center","columns":1},{"_type":"content","title":"Netti III Family ","content":"Bitte beachten Sie, dass nicht alle Radgr\u00f6\u00dfen f\u00fcr alle Modelle der Netti III Familie zugelassen sind.\r\nBei einer \u00c4nderung der Sitzh\u00f6he k\u00f6nnen auch andere Kippsicherungen erforderlich sein.\r\n\r\nIm Zweifelsfall pr\u00fcfen Sie bitte die Bestellbl\u00e4tter oder wenden Sie sich an den Customer Service\r\nAlle relevanten Artikelnummern finden Sie hier:\r\n\r\n<a href=\"https:\/\/www.my-netti.com\/de\/spare-part-category\/antriebsraeder-de\/\">Antriebsr\u00e4der<\/a>\r\n\r\n<a href=\"https:\/\/www.my-netti.com\/de\/spare-part-category\/lenkraeder-de\/\">Lenkr\u00e4der<\/a>\r\n\r\n<a href=\"https:\/\/www.my-netti.com\/de\/spare-part-category\/kippsicherungen-de\/\">Kippsicherungen<\/a>","text_align":"text-center","columns":1},{"_type":"image","image":"73023"},{"_type":"content","title":"Netti 4U Family ","content":"Bitte beachten Sie, dass nicht alle Radgr\u00f6\u00dfen f\u00fcr alle Modelle der Netti 4U Familie zugelassen sind.\r\nBei einer \u00c4nderung der Sitzh\u00f6he k\u00f6nnen auch andere Kippsicherungen erforderlich sein.\r\n\r\nIm Zweifelsfall pr\u00fcfen Sie bitte die Bestellbl\u00e4tter oder wenden Sie sich an den Customer Service\r\nAlle relevanten Artikelnummern finden Sie hier:\r\n\r\n<a href=\"https:\/\/www.my-netti.com\/de\/spare-part-category\/antriebsraeder-de\/\">Antriebsr\u00e4der<\/a>\r\n\r\n<a href=\"https:\/\/www.my-netti.com\/de\/spare-part-category\/lenkraeder-de\/\">Lenkr\u00e4der<\/a>\r\n\r\n<a href=\"https:\/\/www.my-netti.com\/de\/spare-part-category\/kippsicherungen-de\/\">Kippsicherungen<\/a>","text_align":"text-center","columns":1},{"_type":"image","image":"73033"},{"_type":"content","title":"Netti V Family ","content":"<p style=\"text-align: center;\">Netti V bietet eine einzigartige Sitzh\u00f6henflexibilit\u00e4t, die es erm\u00f6glicht, die Sitzh\u00f6he ohne Austausch von Teilen zu ver\u00e4ndern.\r\nSie k\u00f6nnen die meisten gew\u00fcnschten Sitzh\u00f6hen mit 24'' + 7'' R\u00e4dern erreichen. Wenn Sie andere Gr\u00f6ssen ben\u00f6tigen, k\u00f6nnen Sie alle relevanten Artikelnummern hier finden:<\/p>\r\n<p style=\"text-align: center;\"><a href=\"https:\/\/www.my-netti.com\/de\/spare-part\/lenkraeder-fuer-netti-iii-v-family\/\">Lenkr\u00e4der<\/a><\/p>\r\n<p style=\"text-align: center;\"><a href=\"https:\/\/www.my-netti.com\/de\/spare-part-category\/antriebsraeder-de\/\">Antriebsr\u00e4der<\/a><\/p>\r\n<img class=\"alignnone size-full wp-image-109134 aligncenter\" src=\"\/app\/uploads\/2024\/09\/Sitzhohentabelle.png\" alt=\"\" width=\"442\" height=\"240\" \/>","text_align":"text-center","columns":1},{"_type":"videos","videos":[{"_type":"_","title":"Einstellung der Sitzh\u00f6he","video":"https:\/\/youtu.be\/BI1Nc0-oU1M?si=bXmgbMsdljbenmlz"},{"_type":"_","title":"Radposition \u00e4ndern","video":"https:\/\/youtu.be\/mNVZ_8porpw?si=ToehzKdj1KakBbGy"}]},{"_type":"content","title":"So nehmen Sie die richtigen Messungen vor","content":"Ein Rollstuhl ist ein Fortbewegungsmittel, das in erster Linie dazu dient, den Verlust der Gehfunktion zu kompensieren. Der Benutzer eines Komfortrollstuhls sitzt t\u00e4glich im Durchschnitt 8-10 Stunden im Rollstuhl. Aus diesem Grund ist es wichtig, dass der Rollstuhl gute Fahreigenschaften und maximalen Sitzkomfort bietet. Sowie die M\u00f6glichkeit, zwischen Aktivit\u00e4t und Ruhe zu wechseln.\r\n\r\nBitte sehen Sie sich unseren <a href=\"https:\/\/www.my-netti.com\/de\/so-wird-fuer-den-rollstuhl-mass-genommen\/\">Leitfaden<\/a> an, wenn Sie die richtige Gr\u00f6\u00dfe f\u00fcr Ihren Netti-Rollstuhl ausmessen m\u00f6chten.","text_align":"text-center","columns":1}],"app_templates_modules_product_items_product":[],"_links":{"self":[{"href":"https:\/\/www.my-netti.com\/de\/wp-json\/wp\/v2\/pages\/107841","targetHints":{"allow":["GET"]}}],"collection":[{"href":"https:\/\/www.my-netti.com\/de\/wp-json\/wp\/v2\/pages"}],"about":[{"href":"https:\/\/www.my-netti.com\/de\/wp-json\/wp\/v2\/types\/page"}],"author":[{"embeddable":true,"href":"https:\/\/www.my-netti.com\/de\/wp-json\/wp\/v2\/users\/4"}],"replies":[{"embeddable":true,"href":"https:\/\/www.my-netti.com\/de\/wp-json\/wp\/v2\/comments?post=107841"}],"version-history":[{"count":8,"href":"https:\/\/www.my-netti.com\/de\/wp-json\/wp\/v2\/pages\/107841\/revisions"}],"predecessor-version":[{"id":109790,"href":"https:\/\/www.my-netti.com\/de\/wp-json\/wp\/v2\/pages\/107841\/revisions\/109790"}],"wp:attachment":[{"href":"https:\/\/www.my-netti.com\/de\/wp-json\/wp\/v2\/media?parent=107841"}],"curies":[{"name":"wp","href":"https:\/\/api.w.org\/{rel}","templated":true}]}}