{"id":44492,"date":"2020-05-29T15:32:24","date_gmt":"2020-05-29T13:32:24","guid":{"rendered":"https:\/\/www.my-netti.com\/what-is-netti-5-seating-steps\/"},"modified":"2020-10-22T11:28:40","modified_gmt":"2020-10-22T09:28:40","slug":"hvad-er-netti-5-seating-steps","status":"publish","type":"page","link":"https:\/\/www.my-netti.com\/da\/hvad-er-netti-5-seating-steps\/","title":{"rendered":"Hvad er Netti 5 Seating Steps?"},"content":{"rendered":"","protected":false},"excerpt":{"rendered":"","protected":false},"author":4,"featured_media":0,"parent":0,"menu_order":5,"comment_status":"closed","ping_status":"closed","template":"views\/template-modules.blade.php","meta":{"_seopress_robots_primary_cat":"","_seopress_titles_title":"","_seopress_titles_desc":"","_seopress_robots_index":"","_relevanssi_hide_post":"","_relevanssi_hide_content":"","_relevanssi_pin_for_all":"","_relevanssi_pin_keywords":"","_relevanssi_unpin_keywords":"","_relevanssi_related_keywords":"","_relevanssi_related_include_ids":"","_relevanssi_related_exclude_ids":"","_relevanssi_related_no_append":"","_relevanssi_related_not_related":"","_relevanssi_related_posts":"","_relevanssi_noindex_reason":"","footnotes":""},"class_list":["post-44492","page","type-page","status-publish","hentry"],"app_templates_compare_top_banner_title":"","app_templates_compare_top_banner_body":"","app_templates_compare_top_banner_image":"","app_templates_compare_top_banner_color":"white","app_templates_compare_top_banner_overlay":true,"app_templates_compare_top_banner_hide":false,"app_templates_cookie_policy_top_banner_title":"","app_templates_cookie_policy_top_banner_body":"","app_templates_cookie_policy_top_banner_image":"","app_templates_cookie_policy_top_banner_color":"white","app_templates_cookie_policy_top_banner_overlay":true,"app_templates_cookie_policy_top_banner_hide":false,"app_templates_home_page_home_banner_slides":[],"app_templates_home_page_home_banner_html":"","app_templates_home_page_link_boxes_boxes":[],"app_templates_home_page_link_boxes_cta_box_show_cta":true,"app_templates_home_page_link_boxes_cta_box_title":"","app_templates_home_page_link_boxes_cta_box_body":"","app_templates_home_page_link_boxes_cta_box_icon":"","app_templates_home_page_link_boxes_cta_box_link":{"value":"","url":"","anchor":"","blank":0},"app_templates_home_page_link_boxes_cta_box_html":"","app_templates_home_page_media_text_box_image":"","app_templates_home_page_media_text_box_full_width":false,"app_templates_home_page_media_text_box_pretitle":"","app_templates_home_page_media_text_box_title":"","app_templates_home_page_media_text_box_body":"","app_templates_home_page_media_text_box_link":{"value":"","url":"","anchor":"","blank":0},"app_templates_home_page_media_text_box_hide":false,"app_templates_home_page_article_slider_title":"Relaterede artikeler","app_templates_home_page_article_slider_show_latest":false,"app_templates_home_page_article_slider_articles":[],"app_templates_home_page_product_slider_title":"Relaterede produkter","app_templates_home_page_product_slider_product_kind":"wheelchairs","app_templates_home_page_product_slider_wheelchairs":[],"app_templates_home_page_product_slider_spare_parts":[],"app_templates_home_page_product_slider_all":[],"app_templates_home_page_product_slider_hide_info":false,"app_templates_modules_top_banner_title":" ","app_templates_modules_top_banner_body":"","app_templates_modules_top_banner_image":"31777","app_templates_modules_top_banner_color":"darkest","app_templates_modules_top_banner_overlay":false,"app_templates_modules_top_banner_hide":false,"app_templates_modules_modules_modules":[{"_type":"content","title":"Hvad er  Netti 5 Seating Steps?","content":"Netti 5 Seating Steps er et v\u00e6rkt\u00f8j, der hj\u00e6lper dig med at skabe en optimal siddel\u00f8sning. Det vil hj\u00e6lpe dig med at omdanne viden fra Netti Campus til praksis.","text_align":"text-center","columns":1},{"_type":"media_text","title":"Netti 5 Seating Steps","body":"De 5 trin p\u00e5 vej mod at skabe den optimale siddestilling er:\r\n<ol>\r\n \t<li>Afklar forventninger og udfordringer<\/li>\r\n \t<li>Observ\u00e9r og vurd\u00e9r brugerens situation<\/li>\r\n \t<li>\r\n<p id=\"tw-target-text\" class=\"tw-data-text tw-text-large XcVN5d tw-ta\" dir=\"ltr\" data-placeholder=\"Overs\u00e6ttelse\"><span lang=\"da\">Definer siddestrategi og s\u00e6t SMART-m\u00e5l<\/span><\/p>\r\n<\/li>\r\n \t<li>Konfigurer siddel\u00f8sning<\/li>\r\n \t<li>Evaluer<\/li>\r\n<\/ol>","image":"43613","image_link":{"value":"","url":"","anchor":"","blank":"0"},"link":{"value":"","url":"\/app\/uploads\/2021\/05\/5-Seating-steps-guide_editable2.pdf","anchor":"Download Netti 5 Seating Steps guide","blank":"0"},"circle":false,"direction":"flex-row"},{"_type":"media_text","title":"Afklar forventninger og udfordringer","body":"Beskriv brugeren og plejepersonalets forventning og udfordring i forhold til:\r\n<ul>\r\n \t<li>Hvile<\/li>\r\n \t<li>Finmotorik<\/li>\r\n \t<li>Grovmotorik<\/li>\r\n \t<li>Hudbeskyttelse<\/li>\r\n<\/ul>","image":"43629","image_link":{"value":"","url":"","anchor":"","blank":"0"},"link":{"value":"","url":"","anchor":"","blank":"0"},"circle":false,"direction":"flex-row"},{"_type":"media_text","title":"Observ\u00e9r og vurd\u00e9r brugerens situation","body":"<ul>\r\n \t<li>Beskriv den aktuelle siddel\u00f8sning og siddeposition<\/li>\r\n \t<li>Beskriv kvaliteten af de fin- og grovmotoriske f\u00e6rdigheder<\/li>\r\n \t<li>Tag brugerens m\u00e5l<\/li>\r\n \t<li>Beskriv hudens kvalitet og omgivelserne<\/li>\r\n \t<li>Bed\u00f8m mobilitet og stabilitet<\/li>\r\n<\/ul>","image":"43660","image_link":{"value":"","url":"","anchor":"","blank":"0"},"link":{"value":"","url":"","anchor":"","blank":"0"},"circle":false,"direction":"flex-row"},{"_type":"media_text","title":"Definer siddestrategi og s\u00e6t SMART-m\u00e5l","body":"<p id=\"tw-target-text\" class=\"tw-data-text tw-text-large XcVN5d tw-ta\" dir=\"ltr\" data-placeholder=\"Overs\u00e6ttelse\"><span lang=\"da\">Beskriv brugerens posturale krav til<\/span><\/p>\r\n\r\n<ul>\r\n \t<li>Hvile<\/li>\r\n \t<li>Finmotorik<\/li>\r\n \t<li>Grovmotoriske f\u00e6rdigheder<\/li>\r\n \t<li>Hudbeskyttelse<\/li>\r\n<\/ul>\r\nS\u00e6t m\u00e5l som er:\r\n<ul>\r\n \t<li><strong>S<\/strong>pecific<\/li>\r\n \t<li><strong>M<\/strong>easurable<\/li>\r\n \t<li><strong>A<\/strong>ccepted<\/li>\r\n \t<li><strong>R<\/strong>ealistic<\/li>\r\n \t<li><strong>T<\/strong>ime bound<\/li>\r\n<\/ul>","image":"43653","image_link":{"value":"","url":"","anchor":"","blank":"0"},"link":{"value":"","url":"","anchor":"","blank":"0"},"circle":false,"direction":"flex-row"},{"_type":"media_text","title":"Konfigurer siddel\u00f8sning","body":"<ul>\r\n \t<li>Hvordan opn\u00e5s m\u00e5lene?<\/li>\r\n \t<li>Hvilken k\u00f8restol skal der v\u00e6lges?<\/li>\r\n \t<li>Hvilket tilbeh\u00f8r skal der bruges?<\/li>\r\n<\/ul>","image":"43646","image_link":{"value":"","url":"","anchor":"","blank":"0"},"link":{"value":"","url":"","anchor":"","blank":"0"},"circle":false,"direction":"flex-row"},{"_type":"media_text","title":"Evaluer","body":"<ul>\r\n \t<li>Er forventningerne og m\u00e5lene n\u00e5et? Se p\u00e5 trin 1 og 3.<\/li>\r\n \t<li>Yderligere plan<\/li>\r\n<\/ul>","image":"43639","image_link":{"value":"","url":"","anchor":"","blank":"0"},"link":{"value":"","url":"","anchor":"","blank":"0"},"circle":false,"direction":"flex-row"}],"app_templates_modules_product_items_product":[],"_links":{"self":[{"href":"https:\/\/www.my-netti.com\/da\/wp-json\/wp\/v2\/pages\/44492","targetHints":{"allow":["GET"]}}],"collection":[{"href":"https:\/\/www.my-netti.com\/da\/wp-json\/wp\/v2\/pages"}],"about":[{"href":"https:\/\/www.my-netti.com\/da\/wp-json\/wp\/v2\/types\/page"}],"author":[{"embeddable":true,"href":"https:\/\/www.my-netti.com\/da\/wp-json\/wp\/v2\/users\/4"}],"replies":[{"embeddable":true,"href":"https:\/\/www.my-netti.com\/da\/wp-json\/wp\/v2\/comments?post=44492"}],"version-history":[{"count":5,"href":"https:\/\/www.my-netti.com\/da\/wp-json\/wp\/v2\/pages\/44492\/revisions"}],"predecessor-version":[{"id":61253,"href":"https:\/\/www.my-netti.com\/da\/wp-json\/wp\/v2\/pages\/44492\/revisions\/61253"}],"wp:attachment":[{"href":"https:\/\/www.my-netti.com\/da\/wp-json\/wp\/v2\/media?parent=44492"}],"curies":[{"name":"wp","href":"https:\/\/api.w.org\/{rel}","templated":true}]}}