{"id":36459,"date":"2020-02-03T14:04:36","date_gmt":"2020-02-03T13:04:36","guid":{"rendered":"https:\/\/www.my-netti.com\/netti-customized\/"},"modified":"2021-09-13T12:37:26","modified_gmt":"2021-09-13T10:37:26","slug":"netti-customized","status":"publish","type":"page","link":"https:\/\/www.my-netti.com\/da\/netti-customized\/","title":{"rendered":"Netti Customized"},"content":{"rendered":"","protected":false},"excerpt":{"rendered":"","protected":false},"author":4,"featured_media":0,"parent":0,"menu_order":4,"comment_status":"closed","ping_status":"closed","template":"views\/template-modules.blade.php","meta":{"_seopress_robots_primary_cat":"","_seopress_titles_title":"","_seopress_titles_desc":"","_seopress_robots_index":"","_relevanssi_hide_post":"","_relevanssi_hide_content":"","_relevanssi_pin_for_all":"","_relevanssi_pin_keywords":"","_relevanssi_unpin_keywords":"","_relevanssi_related_keywords":"","_relevanssi_related_include_ids":"","_relevanssi_related_exclude_ids":"","_relevanssi_related_no_append":"","_relevanssi_related_not_related":"","_relevanssi_related_posts":"","_relevanssi_noindex_reason":"","footnotes":""},"class_list":["post-36459","page","type-page","status-publish","hentry"],"app_templates_compare_top_banner_title":"","app_templates_compare_top_banner_body":"","app_templates_compare_top_banner_image":"","app_templates_compare_top_banner_color":"white","app_templates_compare_top_banner_overlay":true,"app_templates_compare_top_banner_hide":false,"app_templates_cookie_policy_top_banner_title":"","app_templates_cookie_policy_top_banner_body":"","app_templates_cookie_policy_top_banner_image":"","app_templates_cookie_policy_top_banner_color":"white","app_templates_cookie_policy_top_banner_overlay":true,"app_templates_cookie_policy_top_banner_hide":false,"app_templates_home_page_home_banner_slides":[],"app_templates_home_page_home_banner_html":"","app_templates_home_page_link_boxes_boxes":[],"app_templates_home_page_link_boxes_cta_box_show_cta":true,"app_templates_home_page_link_boxes_cta_box_title":"","app_templates_home_page_link_boxes_cta_box_body":"","app_templates_home_page_link_boxes_cta_box_icon":"","app_templates_home_page_link_boxes_cta_box_link":{"value":"","url":"","anchor":"","blank":0},"app_templates_home_page_link_boxes_cta_box_html":"","app_templates_home_page_media_text_box_image":"","app_templates_home_page_media_text_box_full_width":false,"app_templates_home_page_media_text_box_pretitle":"","app_templates_home_page_media_text_box_title":"","app_templates_home_page_media_text_box_body":"","app_templates_home_page_media_text_box_link":{"value":"","url":"","anchor":"","blank":0},"app_templates_home_page_media_text_box_hide":false,"app_templates_home_page_article_slider_title":"Relaterede artikeler","app_templates_home_page_article_slider_show_latest":false,"app_templates_home_page_article_slider_articles":[],"app_templates_home_page_product_slider_title":"Relaterede produkter","app_templates_home_page_product_slider_product_kind":"wheelchairs","app_templates_home_page_product_slider_wheelchairs":[],"app_templates_home_page_product_slider_spare_parts":[],"app_templates_home_page_product_slider_all":[],"app_templates_home_page_product_slider_hide_info":false,"app_templates_modules_top_banner_title":" ","app_templates_modules_top_banner_body":"","app_templates_modules_top_banner_image":"2403","app_templates_modules_top_banner_color":"white","app_templates_modules_top_banner_overlay":true,"app_templates_modules_top_banner_hide":false,"app_templates_modules_modules_modules":[{"_type":"content","title":"Individuelle l\u00f8sninger  - fordi vi alle er unikke","content":"\u201dEnable joy of life\u201d betyder blandt andet at tilpasse k\u00f8restolen til brugeren \u2013 ikke omvendt. Hos Netti tror vi p\u00e5, at alt er muligt, s\u00e5 hvis du har en bruger med udfordringer, der ikke kan l\u00f8ses med standardudstyr, s\u00e5 tag venligst kontakt. Vores erfarne team af teknikere, s\u00e6lgere og kundeservicemedarbejder er i t\u00e6t dialog med afdelingen for tilpasning af specialprodukter og sammen skaber vi det tilbeh\u00f8r eller den k\u00f8restol, der passer brugerens behov.","text_align":"text-center","columns":1},{"_type":"product_slider","title":"Netti Customized k\u00f8restole","product_kind":"wheelchairs","wheelchairs":[{"value":"post:wheelchair:12091","type":"post","subtype":"wheelchair","id":"12091"},{"value":"post:wheelchair:12089","type":"post","subtype":"wheelchair","id":"12089"},{"value":"post:wheelchair:38247","type":"post","subtype":"wheelchair","id":"38247"}],"spare_parts":[],"all":[],"hide_info":false},{"_type":"article_slider","title":"Netti Customized tilbeh\u00f8r","show_latest":false,"articles":[{"value":"post:knowledge-article:2784","type":"post","subtype":"knowledge-article","id":"2784"},{"value":"post:knowledge-article:2783","type":"post","subtype":"knowledge-article","id":"2783"},{"value":"post:knowledge-article:2785","type":"post","subtype":"knowledge-article","id":"2785"},{"value":"post:knowledge-article:2782","type":"post","subtype":"knowledge-article","id":"2782"},{"value":"post:knowledge-article:2786","type":"post","subtype":"knowledge-article","id":"2786"}]},{"_type":"media_text","title":"The Netti Method","body":"Ved at anvende \u201cNetti Method\u201d, vil du v\u00e6re i stand til at vurdere brugerens individuelle behov for en komplet k\u00f8restol eller tilbeh\u00f8r. Vores konsulenter og eksperter i kundeservice kan hj\u00e6lpe dig med at vurdere behovet og evaluere, hvorvidt brugerens specielle behov kan l\u00f8ses med standardudstyret.\r\n\r\nEr det ikke tilf\u00e6ldet, kan \u201dNetti Customized\u201d helt sikkert hj\u00e6lpe.","image":"1704","image_link":{"value":"","url":"","anchor":"","blank":"0"},"link":{"value":"","url":"\/da\/the-netti-method\/","anchor":"L\u00e6s mere om \"the Netti Method\"","blank":"0"},"circle":false,"direction":"flex-row"}],"app_templates_modules_product_items_product":[],"_links":{"self":[{"href":"https:\/\/www.my-netti.com\/da\/wp-json\/wp\/v2\/pages\/36459","targetHints":{"allow":["GET"]}}],"collection":[{"href":"https:\/\/www.my-netti.com\/da\/wp-json\/wp\/v2\/pages"}],"about":[{"href":"https:\/\/www.my-netti.com\/da\/wp-json\/wp\/v2\/types\/page"}],"author":[{"embeddable":true,"href":"https:\/\/www.my-netti.com\/da\/wp-json\/wp\/v2\/users\/4"}],"replies":[{"embeddable":true,"href":"https:\/\/www.my-netti.com\/da\/wp-json\/wp\/v2\/comments?post=36459"}],"version-history":[{"count":6,"href":"https:\/\/www.my-netti.com\/da\/wp-json\/wp\/v2\/pages\/36459\/revisions"}],"predecessor-version":[{"id":73313,"href":"https:\/\/www.my-netti.com\/da\/wp-json\/wp\/v2\/pages\/36459\/revisions\/73313"}],"wp:attachment":[{"href":"https:\/\/www.my-netti.com\/da\/wp-json\/wp\/v2\/media?parent=36459"}],"curies":[{"name":"wp","href":"https:\/\/api.w.org\/{rel}","templated":true}]}}