{"id":36453,"date":"2020-02-06T09:37:18","date_gmt":"2020-02-06T08:37:18","guid":{"rendered":"https:\/\/www.my-netti.com\/netti-campus-seminars\/"},"modified":"2020-04-23T13:01:38","modified_gmt":"2020-04-23T11:01:38","slug":"netti-campus-seminarer","status":"publish","type":"page","link":"https:\/\/www.my-netti.com\/da\/netti-campus-seminarer\/","title":{"rendered":"Netti Campus seminarer"},"content":{"rendered":"","protected":false},"excerpt":{"rendered":"","protected":false},"author":4,"featured_media":0,"parent":0,"menu_order":9,"comment_status":"closed","ping_status":"closed","template":"views\/template-modules.blade.php","meta":{"_seopress_robots_primary_cat":"","_seopress_titles_title":"","_seopress_titles_desc":"","_seopress_robots_index":"","_relevanssi_hide_post":"","_relevanssi_hide_content":"","_relevanssi_pin_for_all":"","_relevanssi_pin_keywords":"","_relevanssi_unpin_keywords":"","_relevanssi_related_keywords":"","_relevanssi_related_include_ids":"","_relevanssi_related_exclude_ids":"","_relevanssi_related_no_append":"","_relevanssi_related_not_related":"","_relevanssi_related_posts":"","_relevanssi_noindex_reason":"","footnotes":""},"class_list":["post-36453","page","type-page","status-publish","hentry"],"app_templates_compare_top_banner_title":"","app_templates_compare_top_banner_body":"","app_templates_compare_top_banner_image":"","app_templates_compare_top_banner_color":"white","app_templates_compare_top_banner_overlay":true,"app_templates_compare_top_banner_hide":false,"app_templates_cookie_policy_top_banner_title":"","app_templates_cookie_policy_top_banner_body":"","app_templates_cookie_policy_top_banner_image":"","app_templates_cookie_policy_top_banner_color":"white","app_templates_cookie_policy_top_banner_overlay":true,"app_templates_cookie_policy_top_banner_hide":false,"app_templates_home_page_home_banner_slides":[],"app_templates_home_page_home_banner_html":"","app_templates_home_page_link_boxes_boxes":[],"app_templates_home_page_link_boxes_cta_box_show_cta":true,"app_templates_home_page_link_boxes_cta_box_title":"","app_templates_home_page_link_boxes_cta_box_body":"","app_templates_home_page_link_boxes_cta_box_icon":"","app_templates_home_page_link_boxes_cta_box_link":{"value":"","url":"","anchor":"","blank":0},"app_templates_home_page_link_boxes_cta_box_html":"","app_templates_home_page_media_text_box_image":"","app_templates_home_page_media_text_box_full_width":false,"app_templates_home_page_media_text_box_pretitle":"","app_templates_home_page_media_text_box_title":"","app_templates_home_page_media_text_box_body":"","app_templates_home_page_media_text_box_link":{"value":"","url":"","anchor":"","blank":0},"app_templates_home_page_media_text_box_hide":false,"app_templates_home_page_article_slider_title":"Relaterede artikeler","app_templates_home_page_article_slider_show_latest":false,"app_templates_home_page_article_slider_articles":[],"app_templates_home_page_product_slider_title":"Relaterede produkter","app_templates_home_page_product_slider_product_kind":"wheelchairs","app_templates_home_page_product_slider_wheelchairs":[],"app_templates_home_page_product_slider_spare_parts":[],"app_templates_home_page_product_slider_all":[],"app_templates_home_page_product_slider_hide_info":false,"app_templates_modules_top_banner_title":"  ","app_templates_modules_top_banner_body":"","app_templates_modules_top_banner_image":"4335","app_templates_modules_top_banner_color":"white","app_templates_modules_top_banner_overlay":false,"app_templates_modules_top_banner_hide":false,"app_templates_modules_modules_modules":[{"_type":"content","title":"P\u00e5 Netti Campus deler vi vores viden","content":"Vi tilbyder en stor vifte af seminarer fokuseret p\u00e5 viden om den optimale siddeposition og andre emner vedr\u00f8rende k\u00f8restole. Seminarer kan b\u00e5de v\u00e6re in-house p\u00e5 jeres lokation og p\u00e5 et \u00f8nsket tidspunkt eller I kan deltage p\u00e5 vores \u00e5bne seminarer, som tilbydes l\u00f8bende\r\n\r\nVi gennemf\u00f8rer seminarer med varierede emner og kan individuelt tilpasse seminaret til dit teams behov og \u00f8nsker.","text_align":"text-center","columns":1},{"_type":"media_text","title":"Indhold kan d\u00e6kke emner som","body":"<ul>\r\n \t<li>S\u00e5dan optimeres siddestillingen i en k\u00f8restol<\/li>\r\n \t<li>Viden om specifikke sygdomme eller udfordringer som f.eks. geriatriske eller spasticitet<\/li>\r\n \t<li>Netti produkttr\u00e6ning med konfigurations eksempler for forskellige brugergrupper<\/li>\r\n \t<li>Teknisk tr\u00e6ning for mekanisk personel<\/li>\r\n \t<li>Dybdeg\u00e5ende uddannelse for terapeuter og hj\u00e6lper<\/li>\r\n<\/ul>","image":"1704","image_link":{"value":"","url":"","anchor":"","blank":"0"},"link":{"value":"","url":"\/da\/kundeservice\/","anchor":"Kontakt os gerne for dialog om dine specifikke behov","blank":"0"},"circle":false,"direction":"flex-row"}],"app_templates_modules_product_items_product":[],"_links":{"self":[{"href":"https:\/\/www.my-netti.com\/da\/wp-json\/wp\/v2\/pages\/36453","targetHints":{"allow":["GET"]}}],"collection":[{"href":"https:\/\/www.my-netti.com\/da\/wp-json\/wp\/v2\/pages"}],"about":[{"href":"https:\/\/www.my-netti.com\/da\/wp-json\/wp\/v2\/types\/page"}],"author":[{"embeddable":true,"href":"https:\/\/www.my-netti.com\/da\/wp-json\/wp\/v2\/users\/4"}],"replies":[{"embeddable":true,"href":"https:\/\/www.my-netti.com\/da\/wp-json\/wp\/v2\/comments?post=36453"}],"version-history":[{"count":4,"href":"https:\/\/www.my-netti.com\/da\/wp-json\/wp\/v2\/pages\/36453\/revisions"}],"predecessor-version":[{"id":37247,"href":"https:\/\/www.my-netti.com\/da\/wp-json\/wp\/v2\/pages\/36453\/revisions\/37247"}],"wp:attachment":[{"href":"https:\/\/www.my-netti.com\/da\/wp-json\/wp\/v2\/media?parent=36453"}],"curies":[{"name":"wp","href":"https:\/\/api.w.org\/{rel}","templated":true}]}}